{"id":10,"date":"2007-07-30T12:48:23","date_gmt":"2007-07-30T17:48:23","guid":{"rendered":"http:\/\/www.yzabel.net\/mage\/lintrigue\/la-pierre-de-lange"},"modified":"2008-07-28T17:41:07","modified_gmt":"2008-07-28T15:41:07","slug":"la-pierre-de-lange","status":"publish","type":"page","link":"http:\/\/www.yzabel.net\/mage\/lintrigue\/la-pierre-de-lange","title":{"rendered":"La Pierre de l&#8217;Ange"},"content":{"rendered":"<em>Une lueur dans les t\u00e9n\u00e8bres\u2026 Puis plus rien.<\/em>\r\n\r\n<em>La zone commen\u00e7a \u00e0 s\u2019\u00e9claircir lentement, comme \u00e9clair\u00e9e par une aube timide. Les contours des objets alentours se dessinaient petit \u00e0 petit, laissant deviner leur forme \u00e0 la lumi\u00e8re naissante. Il s\u2019agissait d\u2019une clairi\u00e8re, calme et respirant la fra\u00eecheur. L\u2019ambiance bucolique de l\u2019endroit transparaissait \u00e0 travers chaque brin d\u2019herbe, chaque particule du tronc de l\u2019unique arbre de l\u2019endroit, chaque clapotis du vif torrent qui coulait pr\u00e8s de l\u00e0. Pr\u00e8s de l\u2019or\u00e9e de cette clairi\u00e8re, on devinait la pr\u00e9sence de\u2026<\/em>\r\n\r\n<em>Zzap.<\/em>\r\n\r\n<em>...d\u2019une lourde et majestueuse porte en ch\u00eane massif, lambriss\u00e9e et couverte de marqueteries. Cette porte aux ferrures massives s\u2019accordait parfaitement avec l\u2019atmosph\u00e8re pesante de la po\u00e8ce. D\u00e9cor\u00e9e avec go\u00fbt, celle-ci, par son riche tapis persan couvrant toute l\u2019\u00e9tendue du sol, ses meubles \u00e0 l\u2019apparence noble et v\u00e9tuste \u00e0 la fois, et sa grande chemin\u00e9e ornement\u00e9e faisait in\u00e9vitablement penser \u00e0 la s\u00e9r\u00e9nit\u00e9, \u00e0 l\u2019ordre, et \u00e0 la pond\u00e9ration. Pr\u00e8s de la chemin\u00e9e tr\u00f4nait\u2026<\/em>\r\n\r\n<em>Zzap.<\/em>\r\n\r\n<em>...une gigantesque statue de Pos\u00e9idon, le Dieu des Mers, repr\u00e9sent\u00e9 dans toute sa gloire. De chaque c\u00f4t\u00e9 de celle-ci, ajoutant encore plus \u00e0 l\u2019atmosph\u00e8re sacr\u00e9e du temple, br\u00fblaient dans de gr\tandes vasques d\u2019argent des huiles rares et parfum\u00e9es consacr\u00e9es au Dieu. Par-del\u00e0 les colonnes de l\u2019al\u00e9e principale, on pouvait voir\u2026<\/em>\r\n\r\n<em>Zzap.<\/em>\r\n\r\n<em>...Une fine poussi\u00e8re blanche couvrant la totalit\u00e9 du paysage immobile, jusqu\u2019\u00e0 l\u2019horizon. Au-dessus des cr\u00eates tortur\u00e9es, des crat\u00e8res plus ou moins \u00e9tendus, et de l\u2019atmosph\u00e8re fig\u00e9e de cette plan\u00e8te, une boule bleu scintillante \u00e9tait suspendue dans le ciel. Sa seule pr\u00e9sence suffisait \u00e0 apporter un peu de vie \u00e0 ce morne d\u00e9cor lunaire.<\/em>\r\n\r\n<em>Zzap.<\/em>\r\n\r\n<em>...Une lueur dans les t\u00e9n\u00e8bres, puis plus rien.<\/em>\r\n\r\n<em>Un simple bourdonnement r\u00e9sonne dans l\u2019obscurit\u00e9, qui, troubl\u00e9e au bout de quelques secondes par un \u00e9clat de lumi\u00e8re bref, r\u00e9v\u00e8le une allumette. A la lumi\u00e8re de celle-ci, appara\u00eet bri\u00e8vement un visage sec, longiligne, aux traits durs et inflexibles. Des yeux bleus, froids et galcials contemplent l\u2019objet en train de se consumer et refl\u00e8tent sa lumi\u00e8re. Puis les t\u00e9n\u00e8bres reviennent, telles un raz-de-mar\u00e9e inexorable<\/em>\r\n\r\n<em> Une voix sifflante, \u00e0 l\u2019accent mena\u00e7ant, se fait alors entendre : \u00ab Fantastique. Tout simplement fantastique. \u00bb<\/em>\r\n\r\n<em>Silence, suivi d\u2019une longue exhalaison. Une deuxi\u00e8me voix, plus suave, et riche d\u2019un acent rocailleux : \u00ab Je vous f\u00e9licite, vous pouvez \u00eatre fier de vous. Vous venez de prouver que vous aviez raison. \u00bb<\/em>\r\n\r\n<em>\u00ab Je vous avais dit que je r\u00e9ussirais. \u00bb Un simple commentaire laconique : \u00ab Et celle que je remplace ? \u00bb<\/em>\r\n\r\n<em>\u00ab Ne vous inqui\u00e9tez pas. \u00bb Un ton doux, presque effrayant. \u00ab Ce probl\u00e8me sera bient\u00f4t r\u00e9gl\u00e9. J\u2019ai moi-m\u00eame une question \u00e0 vous poser. \u00bb<\/em>\r\n\r\n<em>\u00ab Quelle est-elle ? \u00bb<\/em>\r\n\r\n<em>\u00ab Pourriez-vous accro\u00eetre sa puissance ? \u00bb<\/em>\r\n\r\n<em>\u00ab Comment ? Mais je croyais que c\u2019\u00e9tait termin\u00e9 ! \u00bb La voix tremble l\u00e9g\u00e8rement.<\/em>\r\n\r\n<em>Un ricanement froid et d\u00e9pourvu de joie r\u00e9sonne alors. Le bruit ressemble \u00e0 celui que feraient des billes tombant sur des plaques d\u2019acier.<\/em>\r\n\r\n<em> \u00ab <\/em><em>Termin\u00e9 ? Oh, non, mon ami, ce n\u2019est que le commencement\u2026 \u00bb<\/em>\r\n\r\n<em>Zzap\u2026<\/em>","protected":false},"excerpt":{"rendered":"<p>Une lueur dans les t\u00e9n\u00e8bres\u2026 Puis plus rien. La zone commen\u00e7a \u00e0 s\u2019\u00e9claircir lentement, comme \u00e9clair\u00e9e par une aube timide. Les contours des objets alentours se dessinaient petit \u00e0 petit, laissant deviner leur forme \u00e0 la lumi\u00e8re naissante. Il s\u2019agissait d\u2019une clairi\u00e8re, calme et respirant la fra\u00eecheur. L\u2019ambiance bucolique de l\u2019endroit transparaissait \u00e0 travers chaque [&hellip;]<\/p>\n","protected":false},"author":2,"featured_media":0,"parent":6,"menu_order":1,"comment_status":"closed","ping_status":"open","template":"","meta":{"footnotes":""},"class_list":["post-10","page","type-page","status-publish","hentry"],"_links":{"self":[{"href":"http:\/\/www.yzabel.net\/mage\/wp-json\/wp\/v2\/pages\/10","targetHints":{"allow":["GET"]}}],"collection":[{"href":"http:\/\/www.yzabel.net\/mage\/wp-json\/wp\/v2\/pages"}],"about":[{"href":"http:\/\/www.yzabel.net\/mage\/wp-json\/wp\/v2\/types\/page"}],"author":[{"embeddable":true,"href":"http:\/\/www.yzabel.net\/mage\/wp-json\/wp\/v2\/users\/2"}],"replies":[{"embeddable":true,"href":"http:\/\/www.yzabel.net\/mage\/wp-json\/wp\/v2\/comments?post=10"}],"version-history":[{"count":0,"href":"http:\/\/www.yzabel.net\/mage\/wp-json\/wp\/v2\/pages\/10\/revisions"}],"up":[{"embeddable":true,"href":"http:\/\/www.yzabel.net\/mage\/wp-json\/wp\/v2\/pages\/6"}],"wp:attachment":[{"href":"http:\/\/www.yzabel.net\/mage\/wp-json\/wp\/v2\/media?parent=10"}],"curies":[{"name":"wp","href":"https:\/\/api.w.org\/{rel}","templated":true}]}}