{"id":100,"date":"2007-10-06T13:20:56","date_gmt":"2007-10-06T18:20:56","guid":{"rendered":"http:\/\/www.yzabel.net\/mage\/principaux-personnages\/les-personnages-de-redux\/jakob"},"modified":"2009-04-19T08:13:55","modified_gmt":"2009-04-19T06:13:55","slug":"jakob-melvany","status":"publish","type":"page","link":"http:\/\/www.yzabel.net\/mage\/principaux-personnages\/les-personnages-de-redux\/jakob-melvany","title":{"rendered":"Jakob Melvany"},"content":{"rendered":"Le vierge, le vivace, le bel aujourd'hui\r\n\r\nVa-t-il nous d\u00e9chirer avec un coup d'aile ivre\r\n\r\nCe lac dur oubli\u00e9 que hante sous le givre\r\n\r\nLe transparent glacier des vols qui n'ont pas fui !\r\n\r\nUn cygne d'autrefois se souvient que c'est lui\r\n\r\nMagnifique mais qui sans espoir se d\u00e9livre\r\n\r\nPour n'avoir pas chant\u00e9 la r\u00e9gion o\u00f9 vivre\r\n\r\nQuand du st\u00e9rile hiver a resplendi l'ennui.\r\n\r\nTout son col secouera cette blanche agonie\r\n\r\nPar l'espace inflig\u00e9e \u00e0 l'oiseau qui le nie,\r\n\r\nMais non l'horreur du sol o\u00f9 le plumage est pris.\r\n\r\nFant\u00f4me qu\u00e0 ce lieu son pur \u00e9clat assigne,\r\n\r\nIl s'immobilise en songe froid de m\u00e9pris\r\n\r\nQue v\u00eat parmi l'exil inutile le Cygne.\r\n<p style=\"padding-left: 60px;\"><\/p>\r\n<p style=\"padding-left: 60px;\">St\u00e9phane MALLARME, <em>Po\u00e9sies <\/em><\/p>","protected":false},"excerpt":{"rendered":"<p>Le vierge, le vivace, le bel aujourd&#8217;hui Va-t-il nous d\u00e9chirer avec un coup d&#8217;aile ivre Ce lac dur oubli\u00e9 que hante sous le givre Le transparent glacier des vols qui n&#8217;ont pas fui ! Un cygne d&#8217;autrefois se souvient que c&#8217;est lui Magnifique mais qui sans espoir se d\u00e9livre Pour n&#8217;avoir pas chant\u00e9 la r\u00e9gion [&hellip;]<\/p>\n","protected":false},"author":3,"featured_media":0,"parent":21,"menu_order":17,"comment_status":"closed","ping_status":"open","template":"","meta":{"footnotes":""},"class_list":["post-100","page","type-page","status-publish","hentry"],"_links":{"self":[{"href":"http:\/\/www.yzabel.net\/mage\/wp-json\/wp\/v2\/pages\/100","targetHints":{"allow":["GET"]}}],"collection":[{"href":"http:\/\/www.yzabel.net\/mage\/wp-json\/wp\/v2\/pages"}],"about":[{"href":"http:\/\/www.yzabel.net\/mage\/wp-json\/wp\/v2\/types\/page"}],"author":[{"embeddable":true,"href":"http:\/\/www.yzabel.net\/mage\/wp-json\/wp\/v2\/users\/3"}],"replies":[{"embeddable":true,"href":"http:\/\/www.yzabel.net\/mage\/wp-json\/wp\/v2\/comments?post=100"}],"version-history":[{"count":1,"href":"http:\/\/www.yzabel.net\/mage\/wp-json\/wp\/v2\/pages\/100\/revisions"}],"predecessor-version":[{"id":313,"href":"http:\/\/www.yzabel.net\/mage\/wp-json\/wp\/v2\/pages\/100\/revisions\/313"}],"up":[{"embeddable":true,"href":"http:\/\/www.yzabel.net\/mage\/wp-json\/wp\/v2\/pages\/21"}],"wp:attachment":[{"href":"http:\/\/www.yzabel.net\/mage\/wp-json\/wp\/v2\/media?parent=100"}],"curies":[{"name":"wp","href":"https:\/\/api.w.org\/{rel}","templated":true}]}}