{"id":101,"date":"2007-10-06T13:21:35","date_gmt":"2007-10-06T18:21:35","guid":{"rendered":"http:\/\/www.yzabel.net\/mage\/principaux-personnages\/les-personnages-de-redux\/lhoplhop"},"modified":"2008-02-08T23:47:35","modified_gmt":"2008-02-08T22:47:35","slug":"lhoplhop","status":"publish","type":"page","link":"http:\/\/www.yzabel.net\/mage\/principaux-personnages\/les-personnages-de-redux\/lhoplhop","title":{"rendered":"Lhop-Lhop"},"content":{"rendered":"\r\n<p style=\"text-align: center\"><a href=\"http:\/\/www.yzabel.net\/mage\/?attachment_id=105\" rel=\"attachment wp-att-105\" title=\"lhop-lhop.bmp\"><\/a><\/p>\r\nLhop-Lhop est une sorte de monstre relevant \u00e0 la fois du domaine v\u00e9g\u00e9tal et de l'aspect animal.\r\n\r\nDu vivant de son mari, Helga avait toujours cru qu'il s'agissait d'une sorte d'\"ami maginaire\" de Jakob, et probablement de son avatar , apparaissant \u00e0 l'occasion dans ses oeuvres peintes.\r\n\r\nN\u00e9anmoins, les soup\u00e7ons ont commenc\u00e9 \u00e0 appara\u00eetre lorsque l'avatar de Irena, Andr\u00e9, se promenant \" de l'autre c\u00f4t\u00e9 du miroir\", est all\u00e9 dans le jardin \" parall\u00e8le\" accomplir un petit besoin, voire mettre un petit coup de pied, dans une statue moche : Lhop-Lhop, pas content, est sorti de derri\u00e8re un arbre... et Andr\u00e9 a d\u00e9tall\u00e9, sans demander son reste. Mais dans quel monde Andr\u00e9 et Lhop-Lhop \u00e9voluent-ils pour pouvoir se rencontrer ? Si Lhop-Lhop est bien l'avatar de Jakob, comment se fait-il qu'il existe encore ?\r\n\r\nL'ensemble du c\u00e9nacle de Mme Melvany a assist\u00e9 \u00e0 une deuxi\u00e8me rencontre, nettement plus spectaculaire. Apr\u00e8s le vol de la premi\u00e8re moiti\u00e9 de l'amulette d'Anubis, le groupe a d\u00e9cid\u00e9 de confier la seconde moiti\u00e9 \u00e0 Lhop-Lhop, en esp\u00e9rant que ce gardien serait suffisemment retors pour tromper Grygor. Apr\u00e8s avoir invoqu\u00e9 l'avatar par l'interm\u00e9diaire d'une statue qui semblait lui \u00eatre curieusement d\u00e9di\u00e9e, les amis se sont rendus compte que Lhop-Lhop \u00e9tait un monstre gigantesque de pr\u00e8s de quatre m\u00e8tres de haut, sentant tr\u00e8s fort l'humus et l'ammoniac, et communiquant par des hululements \u00e0 glacer le sang.  Le paysage qui se trouvait derri\u00e8re lui \u00e9tait tellement sinistre que le monde des Morts doit certainement y ressembler. Lhop-Lhop a accept\u00e9 de prendre cette pierre, mais la restituera-t-il ?\r\n\r\n<a href=\"http:\/\/www.yzabel.net\/mage\/principaux-personnages\/les-personnages-de-redux\/lhoplhop\/lhop-lhop-dit-bonjour-oeuvre-de-jakob\/\" rel=\"attachment wp-att-138\"><img decoding=\"async\" src=\"http:\/\/www.yzabel.net\/mage\/wp-content\/uploads\/2008\/02\/lhop-lhop.jpg\" \/><\/a>\r\n\r\nMax Ernst, <em>Lhop-Lhop<\/em>","protected":false},"excerpt":{"rendered":"<p>Lhop-Lhop est une sorte de monstre relevant \u00e0 la fois du domaine v\u00e9g\u00e9tal et de l&#8217;aspect animal. Du vivant de son mari, Helga avait toujours cru qu&#8217;il s&#8217;agissait d&#8217;une sorte d'&#8221;ami maginaire&#8221; de Jakob, et probablement de son avatar , apparaissant \u00e0 l&#8217;occasion dans ses oeuvres peintes. N\u00e9anmoins, les soup\u00e7ons ont commenc\u00e9 \u00e0 appara\u00eetre lorsque [&hellip;]<\/p>\n","protected":false},"author":3,"featured_media":0,"parent":21,"menu_order":18,"comment_status":"closed","ping_status":"open","template":"","meta":{"footnotes":""},"class_list":["post-101","page","type-page","status-publish","hentry"],"_links":{"self":[{"href":"http:\/\/www.yzabel.net\/mage\/wp-json\/wp\/v2\/pages\/101","targetHints":{"allow":["GET"]}}],"collection":[{"href":"http:\/\/www.yzabel.net\/mage\/wp-json\/wp\/v2\/pages"}],"about":[{"href":"http:\/\/www.yzabel.net\/mage\/wp-json\/wp\/v2\/types\/page"}],"author":[{"embeddable":true,"href":"http:\/\/www.yzabel.net\/mage\/wp-json\/wp\/v2\/users\/3"}],"replies":[{"embeddable":true,"href":"http:\/\/www.yzabel.net\/mage\/wp-json\/wp\/v2\/comments?post=101"}],"version-history":[{"count":0,"href":"http:\/\/www.yzabel.net\/mage\/wp-json\/wp\/v2\/pages\/101\/revisions"}],"up":[{"embeddable":true,"href":"http:\/\/www.yzabel.net\/mage\/wp-json\/wp\/v2\/pages\/21"}],"wp:attachment":[{"href":"http:\/\/www.yzabel.net\/mage\/wp-json\/wp\/v2\/media?parent=101"}],"curies":[{"name":"wp","href":"https:\/\/api.w.org\/{rel}","templated":true}]}}