{"id":103,"date":"2007-10-06T13:23:23","date_gmt":"2007-10-06T18:23:23","guid":{"rendered":"http:\/\/www.yzabel.net\/mage\/principaux-personnages\/les-personnages-de-redux\/soc_diogene"},"modified":"2009-03-14T12:56:06","modified_gmt":"2009-03-14T10:56:06","slug":"soc_diogene","status":"publish","type":"page","link":"http:\/\/www.yzabel.net\/mage\/principaux-personnages\/les-personnages-de-redux\/soc_diogene","title":{"rendered":"La Soci\u00e9t\u00e9 de Diog\u00e8ne"},"content":{"rendered":"La Soci\u00e9t\u00e9 de Diog\u00e8ne est une organisation occulte dont le but avou\u00e9 est de rassembler le plus d'informations sur d'autres cultes et cultes antiques et\/ou mill\u00e9naristes, qu'ils soient pr\u00e9sents ou pass\u00e9s, morts ou vivants. Peu importe l'origine de l'information ou de l'informateur. La seule chose qui compte \u00e0 leurs yeux est la v\u00e9racit\u00e9 ainsi que l'utilit\u00e9 du savoir qu'ils accumulent au fil des ann\u00e9es. Cela a fini par provoquer la division de cette organisation en deux groupes.\r\n<h2>Les factions<\/h2>\r\nLes premiers sont ceux qui pr\u00e9f\u00e8rent vivre de ces informations, et qui finissent par offrir leurs connaissances au plus offrant, devenant par l\u00e0-m\u00eame de v\u00e9ritables pr\u00e9dateurs de l'information. Ils gardent jalousement leurs secrets ainsi que leurs pr\u00e9rogatives, portant un regard plein de m\u00e9pris et d'appr\u00e9hension sur ceux qui parmi eux voudraient changer l'ordre \u00e9tabli.\r\n\r\nEt puis il y a un nombre grandissant de Soci\u00e9taires qui se sont rendus compte, et cela surtout apr\u00e8s la Premi\u00e8re Guerre Mondiale, que le monde des Dormeurs \u00e9tait en train de changer, et que de terribles \u00e9preuves risquaient de bient\u00f4t frapper l'humanit\u00e9 toute enti\u00e8re. L'une des porte-paroles de ce mouvement quasi-r\u00e9volutionnaire n'est nulle autre que Cassandra Dummy, le Mentor d'Irena Van den Haag. (La nouvelle de sa disparition, d'ailleurs, a provoqu\u00e9 nombre de rumeurs au sein de cette partie de la Soci\u00e9t\u00e9 certains allant jusqu'\u00e0 pr\u00e9tendre que des membres du Cercle Int\u00e9rieur avaient d\u00e9cid\u00e9 de \"s'occuper\" d'elle \u2014 et peut-\u00eatre par l\u00e0-m\u00eame \u00e9touffer ce mouvement avant qu'il ne prenne de l'ampleur...)\r\n<h2>Le Cercle Int\u00e9rieur<\/h2>\r\nPersonne ne sait qui sont les membres du Cercle Int\u00e9rieur, les myst\u00e9rieux et quasi-mythiques Gardiens de la Lanterne. Certains pensent qu'il s'agit de figures l\u00e9gendaires appartenant \u00e0 pr\u00e9sent \u00e0 un pass\u00e9 inaccessible pour les simples mortels. Benjamin Franklin, Danton, M\u00e9d\u00e9e... sont des noms qui reviennent souvent sur les l\u00e8vres d\u00e8s que l'on mentionne les Gardiens dans une conversation. D'autres Soci\u00e9taires pensent qu'il ne s'agit l\u00e0 que d'une mascarade, et que leurs dirigeants \u00e9voluent parmi eux \u00e0 visage d\u00e9couvert, sans que l'on puisse se douter de leur v\u00e9ritable identit\u00e9. Et le fait que ceux-ci emploient des titres plut\u00f4t que des noms pour se pr\u00e9senter ne fait qu'aller dans le sens de cette th\u00e9orie. Enfin, d'autres membres de la Soci\u00e9t\u00e9, plus enclins \u00e0 la parano\u00efa que leurs semblables, font circuler les rumeurs les plus folles aux sujets de Ma\u00eetres myst\u00e9rieux: Technocrates, vampires, N\u00e9phandis... Mais en v\u00e9rit\u00e9, tout le monde s'accorde \u00e0 dire qu'on ne sait quasiment rien sur eux. Parfois, un Soci\u00e9taire re\u00e7oit un pli cachet\u00e9 avec le symbole d'une lanterne stylis\u00e9e. C'est g\u00e9n\u00e9ralement le signe qu'il a attir\u00e9 l'attention des Gardiens, pour le meilleur ou pour le pire. Leurs conseils sont rares, mais toujours suivis scrupuleusement. Apr\u00e8s tout, qui voudrait provoquer l'ire d'Archimages?\r\n<h2>Les membres<\/h2>\r\nLa Soci\u00e9t\u00e9 de Diog\u00e8ne compte actuellement pr\u00e8s d'une cinquantaine de membres, \u00e9parpill\u00e9s \u00e0 travers toute l'Europe. Quelques Soci\u00e9taires habitent les Etats-Unis, mais il s'agit pour la plupart de personnes ayant d\u00e9cid\u00e9, pour des raisons plus ou moins diverses, de s'\u00e9loigner des affaires de la Soci\u00e9t\u00e9 sans pour autant couper tout lien avec celui-ci. Le plus c\u00e9l\u00e8bre d'entre eux n'est autre que Nikola Tesla lui-m\u00eame, bien que le Fils de l'Ether n'ait jamais \u00e9t\u00e9 en fin de compte qu'un membre honorifique de l'Ordre.\r\n\r\nLa quasi-totalit\u00e9 des Soci\u00e9taires sont des Traditionalistes, le reste \u00e9tant constitu\u00e9 d'un petit nombre de Mages non r\u00e9pertoriables, qu'ils soient Orphelins ou Ermites. Il n'y a que tr\u00e8s peu de mages de type \"technocratique\", et aucun Technomancien, m\u00eame si l'id\u00e9e de leur tendre un rameau d'olivier a \u00e9t\u00e9 avanc\u00e9e apr\u00e8s la Grande Guerre. La majeure partie des membres de la Soci\u00e9t\u00e9 sont des individus cultiv\u00e9s et ouverts d'esprit, en tous cas suffisamment pour r\u00e9aliser qu'il y a tout \u00e0 gagner \u00e0 faire fi des clivages politiques tant ordinaires que mystiques, et cela afin de partager la Connaissance.\r\n\r\nLa devise de la Soci\u00e9t\u00e9 est <em>LUX VERITATIS EST<\/em>, \u00e0 dire \u00e0 chaque membre lorsqu'on le rencontre. Certains Soci\u00e9taires aiment \u00e9galement porter le symbole de l'Ordre sur eux, g\u00e9n\u00e9ralement de fa\u00e7on assez subtile et recherch\u00e9e.\r\n<h2>Candidatures<\/h2>\r\nPour pouvoir faire partie de cette soci\u00e9t\u00e9 secr\u00e8te, un candidat potentiel doit \u00eatre pr\u00e9sent\u00e9 \u00e0 ses futurs pairs par deux parrains. Ensuite, celui-ci doit prouver dans l'ann\u00e9e suivant son intronisation qu'il est d\u00e9sireux et capable de promouvoir la cause de la connaissance, et cela d'une mani\u00e8re unique et magistrale. Bien entendu, seuls les meilleurs candidats sont retenus. Ceux qui \u00e9chouent voient leur m\u00e9moire partiellement effac\u00e9e, et ne gardent par la suite aucun souvenir de l'Ordre ni m\u00eame de ses membres.\r\n<h2>R\u00e9unions<\/h2>\r\nDeux fois dans l'ann\u00e9e, des \"s\u00e9minaires de travail\" sont cens\u00e9s rassembler tous les Soci\u00e9taires en un endroit donn\u00e9, g\u00e9n\u00e9ralement en juin et en d\u00e9cembre. Durant ces r\u00e9unions, qui peuvent durer jusqu'\u00e0 une semaine enti\u00e8re, les membres de la Soci\u00e9t\u00e9 comparent leurs d\u00e9couvertes ainsi que leurs r\u00e9flexions, et essaient de d\u00e9terminer leurs objectifs \u00e0 venir. Mais la plupart du temps, ceux-ci pr\u00e9f\u00e8rent se concentrer sur le savoir qu'ils peuvent obtenir lors de ces br\u00e8ves rencontres plut\u00f4t que sur une \u00e9ventuelle cons\u00e9quence concr\u00e8te li\u00e9e \u00e0 leurs recherches.\r\n\r\nIl est aussi consid\u00e9r\u00e9 comme allant de soi qu'un\u00a0 Soci\u00e9taire entre en contact r\u00e9guli\u00e8rement avec ses coll\u00e8gues, g\u00e9n\u00e9ralement par le biais d'une correspondance \u00e9pistolaire. Ainsi, il est tr\u00e8s facile pour l'Ordre en g\u00e9n\u00e9ral d'apprendre la nouvelle lorsqu'un \u00e9v\u00e9nement tragique vient frapper l'un de ses membres.","protected":false},"excerpt":{"rendered":"<p>La Soci\u00e9t\u00e9 de Diog\u00e8ne est une organisation occulte dont le but avou\u00e9 est de rassembler le plus d&#8217;informations sur d&#8217;autres cultes et cultes antiques et\/ou mill\u00e9naristes, qu&#8217;ils soient pr\u00e9sents ou pass\u00e9s, morts ou vivants. Peu importe l&#8217;origine de l&#8217;information ou de l&#8217;informateur. La seule chose qui compte \u00e0 leurs yeux est la v\u00e9racit\u00e9 ainsi que [&hellip;]<\/p>\n","protected":false},"author":3,"featured_media":0,"parent":21,"menu_order":24,"comment_status":"closed","ping_status":"open","template":"","meta":{"footnotes":""},"class_list":["post-103","page","type-page","status-publish","hentry"],"_links":{"self":[{"href":"http:\/\/www.yzabel.net\/mage\/wp-json\/wp\/v2\/pages\/103","targetHints":{"allow":["GET"]}}],"collection":[{"href":"http:\/\/www.yzabel.net\/mage\/wp-json\/wp\/v2\/pages"}],"about":[{"href":"http:\/\/www.yzabel.net\/mage\/wp-json\/wp\/v2\/types\/page"}],"author":[{"embeddable":true,"href":"http:\/\/www.yzabel.net\/mage\/wp-json\/wp\/v2\/users\/3"}],"replies":[{"embeddable":true,"href":"http:\/\/www.yzabel.net\/mage\/wp-json\/wp\/v2\/comments?post=103"}],"version-history":[{"count":3,"href":"http:\/\/www.yzabel.net\/mage\/wp-json\/wp\/v2\/pages\/103\/revisions"}],"predecessor-version":[{"id":304,"href":"http:\/\/www.yzabel.net\/mage\/wp-json\/wp\/v2\/pages\/103\/revisions\/304"}],"up":[{"embeddable":true,"href":"http:\/\/www.yzabel.net\/mage\/wp-json\/wp\/v2\/pages\/21"}],"wp:attachment":[{"href":"http:\/\/www.yzabel.net\/mage\/wp-json\/wp\/v2\/media?parent=103"}],"curies":[{"name":"wp","href":"https:\/\/api.w.org\/{rel}","templated":true}]}}