{"id":12,"date":"2007-07-30T12:48:51","date_gmt":"2007-07-30T17:48:51","guid":{"rendered":"http:\/\/www.yzabel.net\/mage\/le-betisier"},"modified":"2008-01-16T16:21:51","modified_gmt":"2008-01-16T15:21:51","slug":"le-betisier","status":"publish","type":"page","link":"http:\/\/www.yzabel.net\/mage\/le-betisier","title":{"rendered":"Le b\u00eatisier"},"content":{"rendered":"Une bonne partie de jeu de r\u00f4les sans une bonne dose de lourdium et de vannes bien involontaires, ce n'est pas vraiment la m\u00eame chose! Voici donc le b\u00eatisier, ou plut\u00f4t <em>les<\/em> b\u00eatisiers, tels qu'ils ont \u00e9t\u00e9 compil\u00e9s au cours de nos ann\u00e9es de s\u00e9ances r\u00f4listiques.\r\n<table align=\"center\" border=\"0\" height=\"22\" width=\"75%\">\r\n<tr>\r\n<td align=\"center\" width=\"50%\"><strong><u><a href=\"le-betisier\/le-betisier-pda\"><strong><u>La Pierre de l'Ange<\/u><\/strong><\/a><\/u><\/strong><\/td>\r\n<td align=\"center\" width=\"50%\"><strong><u><a href=\"le-betisier\/le-betisier-redux\"><strong><u>Redux<\/u><\/strong><\/a><\/u><\/strong><\/td>\r\n<\/tr>\r\n<tr>\r\n<td colspan=\"2\" align=\"center\" valign=\"top\"><u><a href=\"le-betisier\/les-plus-beaux-gadins\">Les plus beaux gadins<\/a><\/u><\/td>\r\n<\/tr>\r\n<\/table>","protected":false},"excerpt":{"rendered":"<p>Une bonne partie de jeu de r\u00f4les sans une bonne dose de lourdium et de vannes bien involontaires, ce n&#8217;est pas vraiment la m\u00eame chose! Voici donc le b\u00eatisier, ou plut\u00f4t les b\u00eatisiers, tels qu&#8217;ils ont \u00e9t\u00e9 compil\u00e9s au cours de nos ann\u00e9es de s\u00e9ances r\u00f4listiques. La Pierre de l&#8217;Ange Redux Les plus beaux gadins<\/p>\n","protected":false},"author":2,"featured_media":0,"parent":0,"menu_order":6,"comment_status":"closed","ping_status":"open","template":"","meta":{"footnotes":""},"class_list":["post-12","page","type-page","status-publish","hentry"],"_links":{"self":[{"href":"http:\/\/www.yzabel.net\/mage\/wp-json\/wp\/v2\/pages\/12","targetHints":{"allow":["GET"]}}],"collection":[{"href":"http:\/\/www.yzabel.net\/mage\/wp-json\/wp\/v2\/pages"}],"about":[{"href":"http:\/\/www.yzabel.net\/mage\/wp-json\/wp\/v2\/types\/page"}],"author":[{"embeddable":true,"href":"http:\/\/www.yzabel.net\/mage\/wp-json\/wp\/v2\/users\/2"}],"replies":[{"embeddable":true,"href":"http:\/\/www.yzabel.net\/mage\/wp-json\/wp\/v2\/comments?post=12"}],"version-history":[{"count":0,"href":"http:\/\/www.yzabel.net\/mage\/wp-json\/wp\/v2\/pages\/12\/revisions"}],"wp:attachment":[{"href":"http:\/\/www.yzabel.net\/mage\/wp-json\/wp\/v2\/media?parent=12"}],"curies":[{"name":"wp","href":"https:\/\/api.w.org\/{rel}","templated":true}]}}