{"id":121,"date":"2007-11-04T12:06:31","date_gmt":"2007-11-04T10:06:31","guid":{"rendered":"http:\/\/www.yzabel.net\/mage\/lintrigue\/redux\/axis-mundi"},"modified":"2008-10-28T09:41:38","modified_gmt":"2008-10-28T07:41:38","slug":"axis-mundi","status":"publish","type":"page","link":"http:\/\/www.yzabel.net\/mage\/lintrigue\/redux\/axis-mundi","title":{"rendered":"Axis Mundi"},"content":{"rendered":"<h4>R\u00e9veil<\/h4>\r\n<p align=\"justify\">Le train est arr\u00eat\u00e9 en gare de Targu jiu. Les PJ auraient dormi plus de 28 h d'affil\u00e9e. Sortent de leurs cabines, sont conduits par le soldat Iankov de Gdansk \u00e0 leur table de petit d\u00e9jeuner, puis \u00e0 un entretien avec Rykov.<\/p>\r\n<p align=\"justify\">\u00a0<\/p>\r\n\r\n<h4>Discussion avec Rykov et Felix Paniouchkine, qui semble avoir remplac\u00e9 Ivanoly.<\/h4>\r\n<p align=\"justify\">- Rykov affaibli par son empoisonnement.<\/p>\r\n<p align=\"justify\">- Situation tr\u00e8s d\u00e9licate dans laquelle se trouvent les occupants du convoi :<\/p>\r\n<p align=\"justify\">- Assassinat il y a deux mois par Fimbulvettr de Piotr Voykov, ambassadeur pl\u00e9nipotentiaire de l'Union sovi\u00e9tique, dans le cadre de n\u00e9gociations pour un trait\u00e9 de non agression Pologne URSS. \u00e8 Rykov est d\u00e9p\u00e9ch\u00e9 sur place afin de mener l\u2018enqu\u00eate.<\/p>\r\n<p align=\"justify\">- Discussion avec Jan sur les diff\u00e9rences entre Aube Blanche et Fimbulvettr<\/p>\r\n\r\n<blockquote>\r\n<blockquote>\r\n<p align=\"justify\">1) \u00ab Aube \u00bb indique un d\u00e9but et l'hiver de Fimbul annonce le Ragnar\u00f6k...<\/p>\r\n<\/blockquote>\r\n<\/blockquote>\r\n<blockquote>\r\n<blockquote>\r\n<p align=\"justify\">2) Diff\u00e9rences dans la direction du groupe : Le chef de l'Aube Blanche \u00e9tait Gerad Volkov, pr\u00e9sum\u00e9 encore vivant, accompagn\u00e9 de sa s\u0153ur Katya, d\u00e9c\u00e9d\u00e9e, et l'id\u00e9ologue du groupe : Isaac Menchek, d\u00e9c\u00e9d\u00e9.<\/p>\r\n<\/blockquote>\r\n<\/blockquote>\r\n<blockquote>\r\n<blockquote>\r\n<p align=\"justify\">3) Jan a \u00e9t\u00e9 impliqu\u00e9 dans l'attentat de la rue Simenov \u00e0 St-P\u00e9tersbourg, (d\u00e9p\u00f4t de munitions), qui avait provoqu\u00e9 la mort de centaines de personnes. Jan a quitt\u00e9 l'Aube blanche apr\u00e8s ce massacre.<\/p>\r\n<\/blockquote>\r\n<\/blockquote>\r\n<blockquote>\r\n<blockquote>\r\n<p align=\"justify\">4) Impossible pour l'instant de dire comment va se comporter Fimbulvetr.<\/p>\r\n<\/blockquote>\r\n<\/blockquote>\r\n<p align=\"justify\">- But du voyage actuel de Rykov : n\u00e9gociations avec la Turquie et son pr\u00e9sident Mustapha Kemal sur les ressources p\u00e9trolif\u00e8res. \u00ab Cadeau diplomatique \u00bb, l'\u00e9p\u00e9e de Suleiman le Magnifique (qui a assi\u00e9g\u00e9 Vienne au XVII\u00e8me s.), retrouv\u00e9e il y a cinq ans par une exp\u00e9dition arch\u00e9ologique command\u00e9e par les Profs. Berger et Spinneti dans un endroit encore inconnu. \u00c9p\u00e9e donn\u00e9e \u00e0 l'URSS par un certain Hoerwick Th\u00f6rsten contre le droit de consulter des ouvrages dans la Biblioth\u00e8que imp\u00e9riale russe.<\/p>\r\n<p align=\"justify\">- Situation politique actuelle en Roumanie : instabilit\u00e9. D\u00e9c\u00e8s il y a trois mois du roi Ferdinand Ier, son successeur Mihai Ier \u00e9tant mineur, constitution d'une R\u00e9gence \u00e0 trois t\u00eates. Depuis quelques jours, prise de pouvoir de l'un des Ministres du dernier Cabinet nomm\u00e9 par Ion Bratianu avant sa mort, Inculet, chef de la police secr\u00e8te et Ministre de l\u2018Int\u00e9rieur, qui s'autorisera certainement \u00e0 visiter le train, \u00e9tant donn\u00e9 l'entr\u00e9e peu orthodoxe du train sur le territoire roumain. (Irena sait par ailleurs que Inculet fait partie du Nouvel Ordre Mondial)<\/p>\r\n<p align=\"justify\">==&gt; n\u00e9cessit\u00e9 pour les PJ de partir vite.<\/p>\r\n<p align=\"justify\">- Rykov et Paniouchkine proposent \u00e0 Jan de continuer sa mission de protection en Turquie. Jan h\u00e9site puis accepte.<\/p>\r\n<p align=\"justify\">\u00a0<\/p>\r\n\r\n<h4>Arriv\u00e9e discr\u00e8te et peu suspecte de Nathana\u00ebl<\/h4>\r\n<p align=\"justify\">Arriv\u00e9e d'un jeune homme habill\u00e9 de v\u00eatements trop grands pour lui, assez suspect. Les Pj le reconnaissent comme le f\u00e9e et le font passer pour Bogdan, le commis qui devait les amener \u00e0 l'\u00e9tude notariale pour la succession de M. Melvany. Conversation interrompue par un va et vient constant dans le train.<\/p>\r\n<p align=\"justify\">Seule Helga reste dans la chambre occup\u00e9e par le secr\u00e9taire d\u2018Etat et examine l'\u00e9tat de sant\u00e9 de Rykov. Lui pose des questions sur son pass\u00e9 : effectivement d'extraction nobiliaire ( Comte) mais ne regrette pas d'avoir choisi le camp bolchevik, a perdu sa femme ( lien avec le chat ?? ).<\/p>\r\n<p align=\"justify\">Felix Paniouchkine prend Jan \u00e0 part et lui avoue son r\u00f4le de surveillance sur Rykov, plut\u00f4t trotskyste, alors que Staline prend progressivement le pouvoir.<\/p>\r\n<p align=\"justify\">On prend lanternes, tartines de p\u00e2t\u00e9, manteaux et on s'\u00e9clipse.<\/p>\r\n<p align=\"justify\">Cheminement p\u00e9nible dans la neige et dans la nuit, lanternes \u00e9teintes. Chute d'Irena, ayant eu une vision d'un g\u00e9ant de pierre soudainement chass\u00e9 par une \u00e9troite colonne de lumi\u00e8re qui laisse ensuite appara\u00eetre une montagne gigantesque. Helga la porte jusqu'\u00e0 l'arriv\u00e9e. Une meute de loups approche : Irena leur lance les tartines de p\u00e2t\u00e9 pr\u00e9vues pour leur souper.<\/p>\r\n<p align=\"justify\">Arriv\u00e9e par une arche plac\u00e9e au sein d\u2018un mur d\u2018apparence tr\u00e8s ordinaire. Nathana\u00ebl ferme soigneusement la porte derri\u00e8re nous. Une frise sculpt\u00e9e, repr\u00e9sentant des p\u00e9lerins, intrigue les PJ: cela ressemble au style de Georg Stanis. Nathana\u00ebl leur apprend qu'il est son fils. Son m\u00e9tier est barde et gu\u00e9risseur.<\/p>\r\n<p align=\"justify\">\u00a0<\/p>\r\n\r\n<h4>Demoiselle en d\u00e9tresse<\/h4>\r\n<p align=\"justify\">Nathana\u00ebl nous conduit \u00e0 l'\u00e9picerie o\u00f9 un de ses amis, Noah Carnatar, peut nous pr\u00eater un chariot pour monter dans la montagne. Mais \u00e0 l'arriv\u00e9e, constat des d\u00e9g\u00e2ts : marchandises \u00e9ventr\u00e9es, caisse projet\u00e9e sur le sol, couple sanglotant au milieu du d\u00e9sastre. L'\u00e9picier s'est fait attaquer par un gang mafieux local, les N\u00e9gustor qui s'int\u00e9ressait surtout \u00e0 leur fille, Luminita.<\/p>\r\n<p align=\"justify\">Nathana\u00ebl interroge le p\u00e8re. L'op\u00e9ration ne s'\u00e9tant d\u00e9roul\u00e9e que depuis peu, il est encore possible de retrouver rapidement la fillette.<\/p>\r\n<p align=\"justify\">\u00a0<\/p>\r\n<p align=\"justify\">\u00a0<\/p>\r\n<p align=\"justify\">\u00a0<\/p>\r\n<p align=\"justify\">\u00a0<\/p>\r\n<p align=\"justify\">\u00a0<\/p>","protected":false},"excerpt":{"rendered":"<p>R\u00e9veil Le train est arr\u00eat\u00e9 en gare de Targu jiu. Les PJ auraient dormi plus de 28 h d&#8217;affil\u00e9e. Sortent de leurs cabines, sont conduits par le soldat Iankov de Gdansk \u00e0 leur table de petit d\u00e9jeuner, puis \u00e0 un entretien avec Rykov. \u00a0 Discussion avec Rykov et Felix Paniouchkine, qui semble avoir remplac\u00e9 Ivanoly. [&hellip;]<\/p>\n","protected":false},"author":3,"featured_media":0,"parent":7,"menu_order":2,"comment_status":"closed","ping_status":"open","template":"","meta":{"footnotes":""},"class_list":["post-121","page","type-page","status-publish","hentry"],"_links":{"self":[{"href":"http:\/\/www.yzabel.net\/mage\/wp-json\/wp\/v2\/pages\/121","targetHints":{"allow":["GET"]}}],"collection":[{"href":"http:\/\/www.yzabel.net\/mage\/wp-json\/wp\/v2\/pages"}],"about":[{"href":"http:\/\/www.yzabel.net\/mage\/wp-json\/wp\/v2\/types\/page"}],"author":[{"embeddable":true,"href":"http:\/\/www.yzabel.net\/mage\/wp-json\/wp\/v2\/users\/3"}],"replies":[{"embeddable":true,"href":"http:\/\/www.yzabel.net\/mage\/wp-json\/wp\/v2\/comments?post=121"}],"version-history":[{"count":0,"href":"http:\/\/www.yzabel.net\/mage\/wp-json\/wp\/v2\/pages\/121\/revisions"}],"up":[{"embeddable":true,"href":"http:\/\/www.yzabel.net\/mage\/wp-json\/wp\/v2\/pages\/7"}],"wp:attachment":[{"href":"http:\/\/www.yzabel.net\/mage\/wp-json\/wp\/v2\/media?parent=121"}],"curies":[{"name":"wp","href":"https:\/\/api.w.org\/{rel}","templated":true}]}}