{"id":123,"date":"2007-11-08T12:18:45","date_gmt":"2007-11-08T10:18:45","guid":{"rendered":"http:\/\/www.yzabel.net\/mage\/le-betisier\/le-betisier-pda"},"modified":"2008-03-30T16:52:53","modified_gmt":"2008-03-30T15:52:53","slug":"le-betisier-pda","status":"publish","type":"page","link":"http:\/\/www.yzabel.net\/mage\/le-betisier\/le-betisier-pda","title":{"rendered":"Le B\u00eatisier &#8211; La Pierre de l&#8217;Ange"},"content":{"rendered":"<strong>Philippe:<\/strong> \"Quand il boit, ce sont ses v\u00eatements qui trinquent.\"\r\n\r\n<strong>Anna:<\/strong> \"Je pense que tu es d\u2019abord pass\u00e9 par l\u2019interphone\u2026\r\n<strong>Philippe:<\/strong> -- Ah non, je passe pas, je suis trop gros!\"\r\n\r\n<strong>Daniel:<\/strong> \"Pouvez-vous s\u2019il vous pla\u00eet t\u00e9l\u00e9phoner \u00e0 l\u2019adresse suivante?\"\r\n\r\n<strong>Anna:<\/strong> \"Est-ce que le ph\u00e9nom\u00e8ne est circoncis au centre-ville?\"\r\n\r\n<strong>Un Technomancien, mena\u00e7ant:<\/strong> \"Vous feriez mieux de venir avec nous. De toutes fa\u00e7ons, votre voiture est fichue maintenant.\r\n<strong>Anna:<\/strong> -- Non, mais c'est bon, y a le bus qui arrive, l\u00e0.\"\r\n\r\n<strong>Philippe:<\/strong> \"Je pr\u00e9f\u00e8re encore Bruce Willis. Lui, au moins, il a une t\u00eate humaine!\"\r\n\r\n<strong>MJ:<\/strong> \"Comment \u00e7a, l\u2019ascenseur monte?\r\n<strong>Anna:<\/strong> -- Ben oui, c\u2019est l\u2019Ascension...\"\r\n\r\n<strong>Anna:<\/strong> \"La merde qui nous est tomb\u00e9e dessus du ciel vendredi soir, je ne l\u2019ai toujours pas aval\u00e9e!\"\r\n\r\n<strong>Anna:<\/strong> \"J\u2019esp\u00e8re pour toi que tes v\u00eatements sont imperm\u00e9ables au feu...\"\r\n\r\n<strong>Philippe:<\/strong> \"J\u2019ai des yeux... euh... vert rubis!\"\r\n\r\n<strong>Daniel:<\/strong> \"Je d\u00e9place toute la Quintessence environnante dans un autre coin.\"\r\n\r\n<strong>Philippe:<\/strong> \"T\u2019as qu\u2019\u00e0 faire un jet d\u2019Entropie pour remettre la main sur ton Focus d\u2019Entropie!\"\r\n\r\n<strong>Philippe:<\/strong> \"J\u2019vois pas du tout o\u00f9 on va aller...\r\n<strong>Rapha\u00ebl:<\/strong> -- C\u2019est \u00e9vident, \u00e7a commence par un W...\r\n<strong>Philippe:<\/strong> -- Ben... J\u2019vois toujours pas...\r\n<strong>Rapha\u00ebl:<\/strong> -- Mais si ! Yucatan!\"\r\n\r\n<em>(Anna et Carter s'enferment dans la salle de bains pour tenter de faire \"discr\u00e8tement\" un effet de Correspondance:)<\/em>\r\n<strong>Daniel:<\/strong> -- Mais qu'est-ce que vous allez faire l\u00e0-dedans? C'est \u00e9troit, et vous serez \u00e0 deux...\r\n<strong>Carter:<\/strong> -- Tu sais, il y a certaines choses que je dois faire r\u00e9guli\u00e8rement si je ne veux pas perdre ma carte de membre des Extasi\u00e9s.\"\r\n\r\n<strong>MJ:<\/strong> \"Si jamais tu fais les conneries ad\u00e9quates, tu risques de mourir.\"\r\n\r\n<strong>Philippe:<\/strong> \"Et si jamais quelqu'un parvenait \u00e0 bloquer le Point de Correspondance?\r\n<strong>Anna:<\/strong> -- Il d\u00e9truirait sans doute l'univers.\r\n<strong>Philippe:<\/strong> -- Super, maintenant j'ai trouv\u00e9 un but dans ma vie de mage!\"\r\n\r\n<strong>Daniel:<\/strong> \"Son image se d\u00e9double en trois.\"\r\n\r\n<strong>Daniel:<\/strong> \"Ma\u00eetre Caeron, quelle est la nature du sol sur lequel nous marchons ?\r\n<strong>Anna:<\/strong> -- Ca, c\u2019est une remarque terre-\u00e0-terre...\"\r\n\r\n<em>(Rapha\u00ebl l'Onirologue a tendance \u00e0 se sentir mal lorsqu'il est pris dans une foule:)<\/em>\r\n<strong>Daniel:<\/strong> \"C'est du joli, et tu vas le laisser o\u00f9, ton sac en papier plein de vomi?\r\n<strong>Rapha\u00ebl:<\/strong> -- Devant la porte de l'ambassade des Adeptes du Virtuel, pourquoi?\"\r\n\r\n<strong>MJ:<\/strong> \"Tu tournes la t\u00eate autour de toi.\"\r\n\r\n<strong>Ez\u00e9chiel:<\/strong> \"Je suis plus vulgaire qu\u2019un sort de Boule de Feu.\"\r\n\r\n<strong>MJ: <\/strong>\"Tu tiens une \u00e9p\u00e9e en mercure liquide.\"\r\n\r\n<strong>MJ:<\/strong> \"Tu esquives juste de justesse.\"\r\n\r\n<strong>MJ:<\/strong> \"Aimeriez-vous une tasse de champagne?\"\r\n\r\n<strong>MJ:<\/strong> \"Ce n\u2019est pas de la musique, c\u2019est une subtile odeur de silence.\"\r\n\r\n<strong>Daniel:<\/strong> \"C\u2019est une lame fine, courb\u00e9e et droite.\"\r\n\r\n<strong>Gherard:<\/strong> \"Le coupable \u00e9tait mon sous-marin; il travaillait en sous-comptable...\"","protected":false},"excerpt":{"rendered":"<p>Philippe: &#8220;Quand il boit, ce sont ses v\u00eatements qui trinquent.&#8221; Anna: &#8220;Je pense que tu es d\u2019abord pass\u00e9 par l\u2019interphone\u2026 Philippe: &#8212; Ah non, je passe pas, je suis trop gros!&#8221; Daniel: &#8220;Pouvez-vous s\u2019il vous pla\u00eet t\u00e9l\u00e9phoner \u00e0 l\u2019adresse suivante?&#8221; Anna: &#8220;Est-ce que le ph\u00e9nom\u00e8ne est circoncis au centre-ville?&#8221; Un Technomancien, mena\u00e7ant: &#8220;Vous feriez mieux [&hellip;]<\/p>\n","protected":false},"author":2,"featured_media":0,"parent":12,"menu_order":0,"comment_status":"open","ping_status":"open","template":"","meta":{"footnotes":""},"class_list":["post-123","page","type-page","status-publish","hentry"],"_links":{"self":[{"href":"http:\/\/www.yzabel.net\/mage\/wp-json\/wp\/v2\/pages\/123","targetHints":{"allow":["GET"]}}],"collection":[{"href":"http:\/\/www.yzabel.net\/mage\/wp-json\/wp\/v2\/pages"}],"about":[{"href":"http:\/\/www.yzabel.net\/mage\/wp-json\/wp\/v2\/types\/page"}],"author":[{"embeddable":true,"href":"http:\/\/www.yzabel.net\/mage\/wp-json\/wp\/v2\/users\/2"}],"replies":[{"embeddable":true,"href":"http:\/\/www.yzabel.net\/mage\/wp-json\/wp\/v2\/comments?post=123"}],"version-history":[{"count":0,"href":"http:\/\/www.yzabel.net\/mage\/wp-json\/wp\/v2\/pages\/123\/revisions"}],"up":[{"embeddable":true,"href":"http:\/\/www.yzabel.net\/mage\/wp-json\/wp\/v2\/pages\/12"}],"wp:attachment":[{"href":"http:\/\/www.yzabel.net\/mage\/wp-json\/wp\/v2\/media?parent=123"}],"curies":[{"name":"wp","href":"https:\/\/api.w.org\/{rel}","templated":true}]}}