{"id":125,"date":"2007-12-02T12:44:17","date_gmt":"2007-12-02T10:44:17","guid":{"rendered":"http:\/\/www.yzabel.net\/mage\/lintrigue\/la-pierre-de-lange\/la-complainte-de-faust\/annexe-le-systeme-deva"},"modified":"2007-12-02T12:44:17","modified_gmt":"2007-12-02T10:44:17","slug":"annexe-le-systeme-deva","status":"publish","type":"page","link":"http:\/\/www.yzabel.net\/mage\/lintrigue\/la-pierre-de-lange\/la-complainte-de-faust\/annexe-le-systeme-deva","title":{"rendered":"Annexe: Le Syst\u00e8me DEVA"},"content":{"rendered":"L'appareil technomancien qui est au centre de l'intrigue de ce sc\u00e9nario est v\u00e9ritablement unique. Il s'agit d'une machine capable de changer rapidement et brutalement le Paradigme fixe d'une zone gr\u00e2ce \u00e0 l'usage de la M\u00e9tamagye\u00a0 sorte de Magye qui affecte non pas l'univers en lui- m\u00eame, mais les r\u00e8gles qui le r\u00e9gissent). Un tel projet est bien entendu un r\u00eave devenu r\u00e9alit\u00e9 pour le Symposium qui pourrait, gr\u00e2ce au Syst\u00e8me DEVA, imposer son Paradigme sans rencontrer la moindre r\u00e9sistance. A ce niveau de la chronique, on sait tr\u00e8s peu de choses sur la cr\u00e9ation du projet DEVA (en 1984), si ce n'est qu'il \u00e9tait li\u00e9 \u00e0 un autre projet technocratique, le Projet Zodiaque. Apr\u00e8s avoir pos\u00e9 les bases de recherches concernant le syst\u00e8me DEVA, Simon Kopaczek (qui s'appelait alors Simon Tiercwitz) s'aper\u00e7ut de 2 inconv\u00e9nients majeurs li\u00e9s \u00e0 cette machine : premi\u00e8rement, la M\u00e9tamagye exigeant des d\u00e9penses d'\u00e9nergie fantastiques, il faudrait trouver une source d'\u00e9nergie disposant d'un rendement sup\u00e9rieur \u00e0 tout ce dont la Technocratie pouvait disposer \u00e0 l'\u00e9poque. Ce qui explique pourquoi Guido Sardenia voudra utiliser le myst\u00e9rieux potentiel de Marie Hernard, tout en s'int\u00e9ressant aux ph\u00e9nom\u00e8nes entourant la Pierre de Phil\u00e9mon (tous deux ont en commun d'\u00eatre des catalyseurs d'\u00e9nergie magyque). Deuxi\u00e8mement, toute utilisation prolong\u00e9e du Syst\u00e8me DEVA a tendance \u00e0 g\u00e9n\u00e9rer une r\u00e9troaction des possesseurs de Paradigmes divergents de celui de la zone influenc\u00e9e, qui prend la forme d'\u00e9chos psychiques (hallucinations) plus ou moins visibles (Apparitions d'Hobgobelins, justifications des \u00e9motions conscientes et inconscientes, Eveils et Epiphanies pr\u00e9matur\u00e9s) et qui peut en accro\u00eetre la charge paradoxale \u00e0 vitesse g\u00e9om\u00e9trique. En gros, toute utilisation du Syst\u00e8me DEVA cr\u00e9e des trous dans le experienced Canevas. De gros trous.\r\n\r\nMalheureusement, les mises en garde de Kopaczek ne trouv\u00e8rent aucune oreille attentive chez ses amis comme chez ses sup\u00e9rieurs car le Syndicat (passablement corrompu par quelques Nephandi bien plac\u00e9s ) ayant des vues sur le pojet, influen\u00e7a les membres du Symposium Supr\u00eame d' It\u00e9ration X  (Convention de Guido Sardenia, Christine Hernard et Simon Kopaczek), afin que ceux-ci continuent leurs recherches. C'est \u00e9galement vers cette \u00e9poque que l'Homme Noir commen\u00e7a \u00e0 manipuler Sardenia pour le pousser \u00e0 l'obsession. Le Syst\u00e8me DEVA ne DOIT pas survivre \u00e0 ce sc\u00e9nario. Une telle machine est bien trop puissante laiss\u00e9e entre les mains de quiconque, et surtout pas celles des PJs !","protected":false},"excerpt":{"rendered":"<p>L&#8217;appareil technomancien qui est au centre de l&#8217;intrigue de ce sc\u00e9nario est v\u00e9ritablement unique. Il s&#8217;agit d&#8217;une machine capable de changer rapidement et brutalement le Paradigme fixe d&#8217;une zone gr\u00e2ce \u00e0 l&#8217;usage de la M\u00e9tamagye\u00a0 sorte de Magye qui affecte non pas l&#8217;univers en lui- m\u00eame, mais les r\u00e8gles qui le r\u00e9gissent). Un tel projet [&hellip;]<\/p>\n","protected":false},"author":2,"featured_media":0,"parent":13,"menu_order":0,"comment_status":"open","ping_status":"open","template":"","meta":{"footnotes":""},"class_list":["post-125","page","type-page","status-publish","hentry"],"_links":{"self":[{"href":"http:\/\/www.yzabel.net\/mage\/wp-json\/wp\/v2\/pages\/125","targetHints":{"allow":["GET"]}}],"collection":[{"href":"http:\/\/www.yzabel.net\/mage\/wp-json\/wp\/v2\/pages"}],"about":[{"href":"http:\/\/www.yzabel.net\/mage\/wp-json\/wp\/v2\/types\/page"}],"author":[{"embeddable":true,"href":"http:\/\/www.yzabel.net\/mage\/wp-json\/wp\/v2\/users\/2"}],"replies":[{"embeddable":true,"href":"http:\/\/www.yzabel.net\/mage\/wp-json\/wp\/v2\/comments?post=125"}],"version-history":[{"count":0,"href":"http:\/\/www.yzabel.net\/mage\/wp-json\/wp\/v2\/pages\/125\/revisions"}],"up":[{"embeddable":true,"href":"http:\/\/www.yzabel.net\/mage\/wp-json\/wp\/v2\/pages\/13"}],"wp:attachment":[{"href":"http:\/\/www.yzabel.net\/mage\/wp-json\/wp\/v2\/media?parent=125"}],"curies":[{"name":"wp","href":"https:\/\/api.w.org\/{rel}","templated":true}]}}