{"id":126,"date":"2007-12-02T12:46:15","date_gmt":"2007-12-02T10:46:15","guid":{"rendered":"http:\/\/www.yzabel.net\/mage\/lintrigue\/la-pierre-de-lange\/la-complainte-de-faust\/annexe-le-statut-des-adeptes-du-virtuel-en-france"},"modified":"2007-12-02T20:20:11","modified_gmt":"2007-12-02T18:20:11","slug":"annexe-le-statut-des-adeptes-du-virtuel-en-france","status":"publish","type":"page","link":"http:\/\/www.yzabel.net\/mage\/lintrigue\/la-pierre-de-lange\/la-complainte-de-faust\/annexe-le-statut-des-adeptes-du-virtuel-en-france","title":{"rendered":"Annexe: Le statut des Adeptes du Virtuel en France"},"content":{"rendered":"Comme nous le savons tous, les Adeptes du Virtuel (AV) \u00e9tant les plus jeunes si\u00e9geurs du Conseil des Neuf Traditions (et des transfuges, qui plus est!) ne jouissent pas vraiment d'une confiance totale vis-\u00e0-vis de leurs pairs -- et c'est un euph\u00e9misme. Cependant, la situation en France est diff\u00e9rente: ici, les AV sont consid\u00e9r\u00e9s comme des auxiliaires, certes un peu bizarres, mais z\u00e9l\u00e9s et efficaces. Pourquoi un tel changement d'attitude? Pour 3 raisons.\r\n\r\nPremi\u00e8rement, la Technocratie est incroyablement puissante en France, au point qu'on puisse  consid\u00e9rer ce pays comme \u00e9tant une place forte de la Structure. Si les Traditions veulent survivre dans un tel environnement, elles doivent rester soud\u00e9es co\u00fbte que co\u00fbte. De plus, les AV \u00e9tant encore de r\u00e9cents Technocrates, peuvent fournir de pr\u00e9cieuses informations sur l'ennemi, m\u00eame si quelques Mages fran\u00e7ais les consid\u00e8rent encore comme des taupes potentielles (sacr\u00e9s Herm\u00e9tistes!).\r\n\r\nDeuxi\u00e8mement, les Fils de l'Ether, l'autre Tradition \"technomancienne\", est tr\u00e8s fortement repr\u00e9sentative de la population magyque traditionelle fran\u00e7aise. Leur influence est consid\u00e9rable et, gr\u00e2ce au soutien de leurs \"estim\u00e9s coll\u00e8gues\", les AV jouissent d'une grande impunit\u00e9. \tTroisi\u00e8mement, avec la pr\u00e9sence de l' Hexagone ainsi que de nombreuses Citadelles technocratiques sur la Toile fran\u00e7aise (cf. <em>La France des T\u00e9n\u00e8bres<\/em>), les AV fran\u00e7ais ont \u00e9t\u00e9 oblig\u00e9s de changer leurs habitudes. Ils continuent d'arpenter la Toile Num\u00e9rique, mais ils le font avec prudence, et plus rarement. En fait, la plupart d'entre eux en sont venus \u00e0 pr\u00e9ferer le Monde R\u00e9el au Monde Virtuel. Ils passent physiquement l'Hexagone (sur Terre). C'est vers la fin de leur formation qu'ils vont sur la Toile pour la premi\u00e8re fois (et pour certains, parfois m\u00eame apr\u00e8s). Les AV pr\u00e9f\u00e8rent se rencontrer physiquement plut\u00f4t que virtuellement lors de \"teufs\", Coding parties, soir\u00e9es Cyber\u2026\r\n\r\nTous ces petits changements rendent l'AV moyen plus pr\u00e9sent, et donc plus abordable. Apr\u00e8s tout, on ne peut appr\u00e9cier que ce que l'on peut approcher, pas vrai ?","protected":false},"excerpt":{"rendered":"<p>Comme nous le savons tous, les Adeptes du Virtuel (AV) \u00e9tant les plus jeunes si\u00e9geurs du Conseil des Neuf Traditions (et des transfuges, qui plus est!) ne jouissent pas vraiment d&#8217;une confiance totale vis-\u00e0-vis de leurs pairs &#8212; et c&#8217;est un euph\u00e9misme. Cependant, la situation en France est diff\u00e9rente: ici, les AV sont consid\u00e9r\u00e9s comme [&hellip;]<\/p>\n","protected":false},"author":2,"featured_media":0,"parent":13,"menu_order":0,"comment_status":"open","ping_status":"open","template":"","meta":{"footnotes":""},"class_list":["post-126","page","type-page","status-publish","hentry"],"_links":{"self":[{"href":"http:\/\/www.yzabel.net\/mage\/wp-json\/wp\/v2\/pages\/126","targetHints":{"allow":["GET"]}}],"collection":[{"href":"http:\/\/www.yzabel.net\/mage\/wp-json\/wp\/v2\/pages"}],"about":[{"href":"http:\/\/www.yzabel.net\/mage\/wp-json\/wp\/v2\/types\/page"}],"author":[{"embeddable":true,"href":"http:\/\/www.yzabel.net\/mage\/wp-json\/wp\/v2\/users\/2"}],"replies":[{"embeddable":true,"href":"http:\/\/www.yzabel.net\/mage\/wp-json\/wp\/v2\/comments?post=126"}],"version-history":[{"count":0,"href":"http:\/\/www.yzabel.net\/mage\/wp-json\/wp\/v2\/pages\/126\/revisions"}],"up":[{"embeddable":true,"href":"http:\/\/www.yzabel.net\/mage\/wp-json\/wp\/v2\/pages\/13"}],"wp:attachment":[{"href":"http:\/\/www.yzabel.net\/mage\/wp-json\/wp\/v2\/media?parent=126"}],"curies":[{"name":"wp","href":"https:\/\/api.w.org\/{rel}","templated":true}]}}