{"id":132,"date":"2008-01-16T16:16:48","date_gmt":"2008-01-16T15:16:48","guid":{"rendered":"http:\/\/www.yzabel.net\/mage\/le-betisier\/les-plus-beaux-gadins"},"modified":"2010-05-19T22:12:45","modified_gmt":"2010-05-19T20:12:45","slug":"les-plus-beaux-gadins","status":"publish","type":"page","link":"http:\/\/www.yzabel.net\/mage\/le-betisier\/les-plus-beaux-gadins","title":{"rendered":"Les plus beaux gadins"},"content":{"rendered":"Une partie de Mage (et de JdR en g\u00e9n\u00e9ral) sans \u00e9checs critiques, c'est quand m\u00eame beaucoup moins dr\u00f4le, m\u00eame si on rit parfois un peu jaune sur le moment. Voici donc une petite liste des <em>botchs<\/em> les plus m\u00e9morables auxquels nous avons assist\u00e9...\r\n<p align=\"center\"><strong><span style=\"text-decoration: underline;\">La Pierre de l'Ange<\/span><\/strong><\/p>\r\n\r\n<strong>Quel pneu! <\/strong>\r\n\r\nNi Anna, ni Philippe n'oublieront ce moment m\u00e9morable. Lors d'une course-poursuite le long des quais du centre-ville, deux des pneus de leur v\u00e9hicule avaient \u00e9t\u00e9 crev\u00e9s par des technomanciens. Le conducteur et propri\u00e9taire dudit v\u00e9hicule, l'Extasi\u00e9 Yann Richeman, voulut alors r\u00e9cup\u00e9rer une seconde roue de secours dans le coffre d'une voiture prise au hasard au parking des Halles. Le sieur \u00e9tant un sp\u00e9cialiste de la Correspondance, il voulut bien entendu faire les choses par magye, et y ajouter une touche d'humour en \u00e9changeant le pneu contre une pi\u00e8ce de 1 franc symbolique...\r\n\r\n...Deux botchs et une tonne de Paradoxe plus tard, le coffre de sa Coccinelle contenait une pi\u00e8ce de 1 franc g\u00e9ante en caoutchouc, et un pneu inutilisable dont la jante \u00e9tait marqu\u00e9e <em>Libert\u00e9, Egalit\u00e9, Fraternit\u00e9<\/em>.\r\n\r\n<strong>Coup de foudre \u00e0 Manhattan\r\n<\/strong>\r\n\r\nAu cours du s\u00e9jour tr\u00e8s mouvement\u00e9 que firent les PJs \u00e0 New-York, Alexandra Janiczek voulut lancer un sort de Forces, puis d'Esprit. Elle les botcha tous les deux, et se retrouva flanqu\u00e9e d'un Paradox Flaw temporaire quelque peu d\u00e9rangeant: celui de faire syst\u00e9matiquement sauter tout syst\u00e8me \u00e9lectrique pr\u00e8s duquel elle passait. Non seulement l'Adepte du Virtuel du groupe prit soin de rester \u00e0 bonne distance de son amie durant un certain temps, ordinateur trinaire oblige, mais de plus, lorsque le groupe en danger chercha \u00e0 fuir en voiture, ils durent tous au final s'entra\u00eener \u00e0 la course \u00e0 pieds, puisque ladite voiture leur grilla litt\u00e9ralement sous les fesses.\r\n<p align=\"center\"><strong><span style=\"text-decoration: underline;\">ReDux<\/span><\/strong><\/p>\r\n\r\n<strong>Ta douleur <\/strong>\r\n\r\nJan, grand ninja devant l'\u00e9ternel, \u00e9tait en rep\u00e9rage de nuit dans les environs du parc du Riesenrad. Il s'avan\u00e7ait pr\u00e9cautionneusement dans la neige, \u00e0 d\u00e9couvert, \u00e0 proximit\u00e9 d'un talus constitu\u00e9 d'un bloc de pierre... L'angoisse \u00e9tait palpable parmi les autres membres, rest\u00e9s \u00e0 couvert dans le petit bois en bordure de la route. N'\u00e9coutant que son \u00e9lan et botchant son jet de furtivit\u00e9, Jan percuta un gros bloc de pierre et se fit suffisamment mal \u00e0 la rotule pour ne pas pouvoir retenir un g\u00e9missement de douleur qui alerta ses amies, persuad\u00e9es qu'il venait de subir une attaque. Il faillit d'ailleurs alerter aussi la Gargouille qui montait la garde non loin de l\u00e0 pour le compte des Tremere du coin.\r\n\r\n<strong> Sous les jupes des filles <\/strong>\r\n\r\nR\u00e9fugi\u00e9s dans la chapelle en ruine de l'\u00eele des Veuves, Jan et Irena attendaient le retour d'Helga, partie rencontrer l'esprit du Danube. Irena \u00e9tait tomb\u00e9e \u00e0 l'eau lors de la travers\u00e9e entre la rive gauche du fleuve et l'\u00eele. Pour ne pas tomber malade, elle avait \u00e9t\u00e9 oblig\u00e9e de se d\u00e9shabiller et de tenter d'essorer ses v\u00eatements, voire de les s\u00e9cher. N'\u00e9coutant que son grand coeur de chevalier servant, Jan tenta donc de lui venir en aide en cr\u00e9ant magiquement de la chaleur autour du tissu. Botchant son jet de Forces, notre grand ninja br\u00fbla la culotte d'une Irena mi-figue, mi-raisin.\r\n\r\n<strong>Paroles, paroles, paroles<\/strong>\r\n\r\nHelga devait pr\u00e9venir ses amis du Covenant de Csipel-szeget de sa venue prochaine et de ses soup\u00e7ons quant \u00e0 une Verbena, appel\u00e9e la Brujah. Elle d\u00e9cida de confier le message au bruit du vent, par peur que sa correspondance \u00e9crite fut surveill\u00e9e, et chargea les feuilles de transmettre le message de Vienne jusqu'\u00e0 Budapest. Ce message fut re\u00e7u par tous les Verbenas dans l'Europe enti\u00e8re -- y  compris par la Brujah en question --, suite \u00e0 un \u00e9chec critique de la sph\u00e8re d'Esprit.\r\n\r\n<strong>La goualante du pauvre J(e)an<\/strong>\r\n\r\nJan, v\u00e9ritable arme humaine, s'est un jour retrouv\u00e9 aux prises avec Radu, un adversaire plut\u00f4t m\u00e9diocre pour un Akashite de sa trempe.  N\u00e9anmoins, botchant son jet d'esquive, Jan re\u00e7ut un direct du droit dans la face, de la part d'un adversaire qui avait cinq points en force... et eut la m\u00e2choire f\u00eal\u00e9e pour la peine. A\u00efe.\r\n\r\n<strong>Ca plane pour moi<\/strong>\r\n\r\nJan, 'last but not least', affrontait les trois fr\u00e8res Negustor dans leur entrep\u00f4t. Le troisi\u00e8me cherchant \u00e0 fuir, Nathana\u00ebl a tent\u00e9 de l'en emp\u00eacher en faisant appara\u00eetre une plaque de verglas sous ses pieds. Le bonhomme a gliss\u00e9 dessus, mais est malgr\u00e9 tout parvenu \u00e0 retomber en partie dans la barque qu'il voulait atteindre. Jan l'a suivi en courant, a lui aussi gliss\u00e9 sur la plaque, et s'est gentiment r\u00e9tam\u00e9 contre le sol face la premi\u00e8re pour finalement y laisser ses incisives. Merci le Troll. :D\r\n\r\n<strong>Et elle mange avec cette bouche-l\u00e0?! <\/strong>\r\n\r\nPreuve que m\u00eame une linguiste confirm\u00e9e peut parfois (souvent?) \u00eatre un boulet tout aussi confirm\u00e9. S'attelant \u00e0 la traduction de la proph\u00e9tie en hyperbor\u00e9en entendue dans le mausol\u00e9e de Jakob Melvany, Irena (qui lance quand m\u00eame neuf d\u00e9s en Intelligence + Langues...) n'a rien trouv\u00e9 de mieux \u00e0 faire que de... renverser son encrier sur sa traduction fra\u00eechement achev\u00e9e (cinq 1 et aucun succ\u00e8s sur le jet). Helga et Jan l'ont entendue jurer en n\u00e9erlandais pendant cinq bonnes minutes tandis qu'elle s'employait \u00e0 nettoyer table, sol et tapis bien noircis, le tout r\u00e9percut\u00e9 en un charmant \u00e9cho par le conduit de chemin\u00e9e.\r\n\r\n<strong>Monsieur, je vous pisse \u00e0 la raie!<\/strong>\r\n\r\nComme quoi, parfois, il vaut mieux ne pas trop chercher \u00e0 savoir... Arnaud \u00e9tait taraud\u00e9 par l'obs\u00e9dante id\u00e9e de savoir enfin si Galford \u00e9tait une femelle ou un m\u00e2le. Profitant donc d'un moment o\u00f9 le \"chien-d\u00e9mon\" \u00e9tait occup\u00e9(e) \u00e0 marquer son territoire contre un gros tronc d'arbre, il a tent\u00e9 de jeter un coup d'oeil en douce. Mal lui en a pris, puisqu'il a gliss\u00e9 dans quelque d\u00e9jection, s'est lamentablement vautr\u00e9, et s'est retrouv\u00e9 en plein sous le jet d'urine, ce qui n'a d'ailleurs pas emp\u00each\u00e9 Galford de continuer. Ceci dit, au moins, maintenant, Arnaud conna\u00eet l'horrible v\u00e9rit\u00e9: Galford est bien une femelle.","protected":false},"excerpt":{"rendered":"<p>Une partie de Mage (et de JdR en g\u00e9n\u00e9ral) sans \u00e9checs critiques, c&#8217;est quand m\u00eame beaucoup moins dr\u00f4le, m\u00eame si on rit parfois un peu jaune sur le moment. Voici donc une petite liste des botchs les plus m\u00e9morables auxquels nous avons assist\u00e9&#8230; La Pierre de l&#8217;Ange Quel pneu! Ni Anna, ni Philippe n&#8217;oublieront ce [&hellip;]<\/p>\n","protected":false},"author":2,"featured_media":0,"parent":12,"menu_order":0,"comment_status":"open","ping_status":"open","template":"","meta":{"footnotes":""},"class_list":["post-132","page","type-page","status-publish","hentry"],"_links":{"self":[{"href":"http:\/\/www.yzabel.net\/mage\/wp-json\/wp\/v2\/pages\/132","targetHints":{"allow":["GET"]}}],"collection":[{"href":"http:\/\/www.yzabel.net\/mage\/wp-json\/wp\/v2\/pages"}],"about":[{"href":"http:\/\/www.yzabel.net\/mage\/wp-json\/wp\/v2\/types\/page"}],"author":[{"embeddable":true,"href":"http:\/\/www.yzabel.net\/mage\/wp-json\/wp\/v2\/users\/2"}],"replies":[{"embeddable":true,"href":"http:\/\/www.yzabel.net\/mage\/wp-json\/wp\/v2\/comments?post=132"}],"version-history":[{"count":3,"href":"http:\/\/www.yzabel.net\/mage\/wp-json\/wp\/v2\/pages\/132\/revisions"}],"predecessor-version":[{"id":253,"href":"http:\/\/www.yzabel.net\/mage\/wp-json\/wp\/v2\/pages\/132\/revisions\/253"}],"up":[{"embeddable":true,"href":"http:\/\/www.yzabel.net\/mage\/wp-json\/wp\/v2\/pages\/12"}],"wp:attachment":[{"href":"http:\/\/www.yzabel.net\/mage\/wp-json\/wp\/v2\/media?parent=132"}],"curies":[{"name":"wp","href":"https:\/\/api.w.org\/{rel}","templated":true}]}}