{"id":137,"date":"2008-04-06T10:21:07","date_gmt":"2008-04-06T09:21:07","guid":{"rendered":"http:\/\/www.yzabel.net\/mage\/actes-dheroisme"},"modified":"2008-05-23T15:01:22","modified_gmt":"2008-05-23T13:01:22","slug":"actes-dheroisme","status":"publish","type":"page","link":"http:\/\/www.yzabel.net\/mage\/actes-dheroisme","title":{"rendered":"Actes d&#8217;h\u00e9ro\u00efsme"},"content":{"rendered":"Contrairement \u00e0 ce que la page des plus beaux gadins pourrait laisser \u00e0 penser, nous ne passons pas non plus notre temps \u00e0 obtenir des \u00e9checs critiques notoires: de bien belles actions ont en effet elles aussi marqu\u00e9 notre Chronique. Voici donc un aper\u00e7u de ce dont nos personnages sont capables... en d\u00e9pit des botchs!\r\n<p align=\"center\"><u><strong>ReDux <\/strong><\/u><\/p>\r\n<strong>Flying cars\r\n<\/strong>\r\n\r\nLes PJs \u00e9taient une fois encore dans les ennuis jusqu'au cou: ils \u00e9taient en effet soup\u00e7onn\u00e9s d'avoir voulu attenter \u00e0 la vie du r\u00e9gent Mikl\u00f3s Horthy. Occup\u00e9s qu'ils \u00e9taient \u00e0 fuir Budapest dans l'espoir de sauter dans l'Orient-Express avant que celui-ci ne quitte la gare, ils n'avaient rien trouv\u00e9 de mieux \u00e0 faire que de voler une voiture de la police afin d'\u00e9viter d'\u00eatre captur\u00e9s. Arriv\u00e9s en vue de la gare, catastrophe: le train \u00e9tait sur le point de quitter le quai. Eut lieu alors un \u00e9v\u00e9nement fort peu co\u00efncidental, et n\u00e9anmoins magnifique. Tandis qu'Irena \u00e9crasait l'acc\u00e9l\u00e9rateur afin de forcer les portes de la gare, Helga demanda \u00e0 un esprit de l'air de les guider dans ce p\u00e9riple. Sous les yeux \u00e9bahis des deux policiers qui la coursaient, la voiture prit alors litt\u00e9ralement sont envol, et traversa les vitres de la grande porte. Ce qui \u00e9vita par ailleurs aux PJs de finir empal\u00e9s sur la partie inf\u00e9rieure, qui \u00e9tait, elle, en m\u00e9tal. Merci Helga!\r\n\r\n<strong>Surgi de l'ombre<\/strong>\r\n\r\nArriv\u00e9s \u00e0 Targujiu, les PJs ont d\u00e9cid\u00e9 d'aider un couple d'amis de Nathana\u00ebl, les Carnatar, et d'aller sauver leur petite fille qui venait d'\u00eatre enlev\u00e9e. Lorsqu'ils la retrouv\u00e8rent, l'enfant \u00e9tait retenue prisonni\u00e8re dans un chariot conduit par un homme \u00e9trange qui d\u00e9gageait une aura de corruption manifeste. Tandis que le groupe s'approchait le plus discr\u00e8tement possible de lui par la for\u00eat, l'homme entreprit de poss\u00e9der mentalement Helga pour la faire se retourner contre ses amis. Irena et Nathana\u00ebl auraient eux aussi tr\u00e8s bient\u00f4t subi le m\u00eame sort. C'est \u00e0 ce moment que Jan, qui avait mentalement effac\u00e9 sa pr\u00e9sence, et n'avait par cons\u00e9quent pas \u00e9t\u00e9 d\u00e9tect\u00e9 par l'ennemi, a subitement surgi des broussailles, tel une ombre \u00e0 la silhouette mena\u00e7ante. Il a par\u00e9 d'une main de ma\u00eetre la gaffe dont Helga mena\u00e7ait ses compagnons, l'a retourn\u00e9e contre sa propri\u00e9taire, et a utilis\u00e9 la force de ce coup afin de briser l'emprise psychique de leur adversaire \u00e0 tous, stup\u00e9fait et totalement pris au d\u00e9pourvu.\r\n\r\n<strong>Plong\u00e9e vers l'enfer<\/strong>\r\n\r\nA la fin du sc\u00e9nario \u00e0 Istanbul, Ziya est tomb\u00e9 \u00e0 l'eau depuis le bateau que poursuivait le groupe. Dans sa chute, il avait \u00e9t\u00e9 capable d'arracher \u00e0 leur ennemi Shamkiij, l'\u00e9p\u00e9e (et artefact magyque) qu'il avait d\u00e9rob\u00e9e; cependant, ne sachant pas nager, le Batini \u00e9tait condamn\u00e9 \u00e0 couler \u00e0 pic. N'\u00e9coutant que son courage et son instinct, Jan a laiss\u00e9 le contr\u00f4le de la vedette \u00e0 Emel et a plong\u00e9 \u00e0 l'eau pour secourir Ziya, bravant les eaux noires et les courants mortels. Non seulement il est parvenu \u00e0 le retrouver, lui et l'\u00e9p\u00e9e, \u00e0 quelque chose comme vingt-cinq m\u00e8tres de profondeur (dans la M\u00e9diterrann\u00e9e, de nuit et en d\u00e9cembre, ce n'est pas peu dire!), mais de plus, sa volont\u00e9 de survie lui a permis de remonter tout ce beau monde \u00e0 la surface, o\u00f9 Ziya a pu ensuite \u00eatre sauv\u00e9.\r\n\r\n<a title=\"new\" name=\"new\"><\/a><strong>Un coussin ou rien<\/strong>\r\n\r\nImaginez le PJs dans le carosse m\u00e9canique d'un Nocker, en train de foncer \u00e0 toute vitesse le long d'une voie umbrale. Imaginez-les cours\u00e9s par une horreur abyssale digne des plus beaux tentacules polypeux de la grande \u00e9poque cthulhienne, horreur dont ils ne se d\u00e9font \u00e0 grand peine que pour mieux se rendre compte qu'elle avait laiss\u00e9 une de ses larves coll\u00e9es sous le carosse. Imaginez la larve se mettant \u00e0 grandir, et lan\u00e7ant soudain un tentacule \u00e0 travers une des fen\u00eatres du v\u00e9hicule afin de se saisir d'Helga, qui bien \u00e9videmment ne porte aucune arme et est de plus d\u00e9j\u00e0 pas mal \u00e9puis\u00e9e magyquement parlant....\r\n\r\nEt maintenant, imaginez Helga attrappant le premier coussin qui passe sur la banquette, et effectuant un jet de d\u00e9s plus couillu que tous les moutons g\u00e9ants de Seraphim r\u00e9unis. Voil\u00e0 comment notre Reine de la Nuit nationale peut \u00e0 pr\u00e9sent s'enorgueillir d'avoir bloqu\u00e9 l'attaque du larve de Tsathoggua avec un... petit coussin.  Si \u00e7a ce n'est pas h\u00e9ro\u00efque...\r\n<p align=\"center\"><u><strong>La Pierre de l'Ange<\/strong><\/u><\/p>\r\n<strong>La caisse de la mort<\/strong>\r\n\r\nAu cours du voyage des PJs en Terre-Miroir, dans <em>Le Miroir des Mondes<\/em>, Daniel Dufour s'est retrouv\u00e9 interrog\u00e9 par l'\u00e9quivalent local des Technomanciens. Alors qu'ils le transf\u00e9raient dans leur voiture blind\u00e9e aux portes verrouill\u00e9es, les mains li\u00e9es par des menottes-taser du plus bel effet, un Maverick est parvenu \u00e0 briser la barri\u00e8re du D\u00f4me de Strasbourg et \u00e0 les attaquer. Le conducteur et son partenaire morts, Daniel a d\u00fb se d\u00e9brouiller pour s'\u00e9chapper tout seul. Par un pur effort de volont\u00e9 et un acharnement \u00e0 vivre total, il est parvenu \u00e0 s'extraire de la voiture \u00e0 demi d\u00e9chiquet\u00e9e, et \u00e0 se tra\u00eener jusqu'aux autres PJs qui \u00e9taient \u00e0 sa recherche.","protected":false},"excerpt":{"rendered":"<p>Contrairement \u00e0 ce que la page des plus beaux gadins pourrait laisser \u00e0 penser, nous ne passons pas non plus notre temps \u00e0 obtenir des \u00e9checs critiques notoires: de bien belles actions ont en effet elles aussi marqu\u00e9 notre Chronique. Voici donc un aper\u00e7u de ce dont nos personnages sont capables&#8230; en d\u00e9pit des botchs! [&hellip;]<\/p>\n","protected":false},"author":2,"featured_media":0,"parent":0,"menu_order":7,"comment_status":"open","ping_status":"open","template":"","meta":{"footnotes":""},"class_list":["post-137","page","type-page","status-publish","hentry"],"_links":{"self":[{"href":"http:\/\/www.yzabel.net\/mage\/wp-json\/wp\/v2\/pages\/137","targetHints":{"allow":["GET"]}}],"collection":[{"href":"http:\/\/www.yzabel.net\/mage\/wp-json\/wp\/v2\/pages"}],"about":[{"href":"http:\/\/www.yzabel.net\/mage\/wp-json\/wp\/v2\/types\/page"}],"author":[{"embeddable":true,"href":"http:\/\/www.yzabel.net\/mage\/wp-json\/wp\/v2\/users\/2"}],"replies":[{"embeddable":true,"href":"http:\/\/www.yzabel.net\/mage\/wp-json\/wp\/v2\/comments?post=137"}],"version-history":[{"count":0,"href":"http:\/\/www.yzabel.net\/mage\/wp-json\/wp\/v2\/pages\/137\/revisions"}],"wp:attachment":[{"href":"http:\/\/www.yzabel.net\/mage\/wp-json\/wp\/v2\/media?parent=137"}],"curies":[{"name":"wp","href":"https:\/\/api.w.org\/{rel}","templated":true}]}}