{"id":139,"date":"2008-02-09T09:09:50","date_gmt":"2008-02-09T08:09:50","guid":{"rendered":"http:\/\/www.yzabel.net\/mage\/bande-son"},"modified":"2008-02-17T21:16:58","modified_gmt":"2008-02-17T20:16:58","slug":"bande-son","status":"publish","type":"page","link":"http:\/\/www.yzabel.net\/mage\/bande-son","title":{"rendered":"Bande-son"},"content":{"rendered":"Nous jouons beaucoup en musique. En fait, pour tout vous avouer, notre MJ met un point d'honneur \u00e0 soigneusement s\u00e9lectionner les morceaux qui servent \u00e0 illustrer chaque partie, chaque sc\u00e8ne importante, chaque combat, et j'en passe. Par cons\u00e9quent, nous avons d\u00e9cid\u00e9 de partager ici la \"bande-son\" de ReDux et de la Pierre de l'Ange, du moins en ce qui concerne certaines musiques, car il serait impossible de tout mettre en ligne sans d\u00e9molir la bande passante du serveur.\r\n\r\nPassons. Voici donc dans l'ordre:\r\n<ul>\r\n\t<li>L'<em>opening theme<\/em> de <u>ReDux - Liminalit\u00e9<\/u>: SeeSaw - <em>Edge<\/em><\/li>\r\n\t<li>Le g\u00e9n\u00e9rique de fin de <u>ReDux - Liminalit\u00e9<\/u>: Scorpions - <em>Wind of Change<\/em><\/li>\r\n\t<li>Le g\u00e9n\u00e9rique de <u>ReDux - La Source du Dragon<\/u>: SAKURABA Motoi - <em>To The Light<\/em><\/li>\r\n\t<li>Le g\u00e9n\u00e9rique de <u>ReDux - Orpheus Ex Machina<\/u> : <em>Clover <\/em>(Rockman Zero Idea Remastered)<\/li>\r\n\t<li>4th Iteration, Axis Mundi: Buzy -  <em>Be Somewhere<\/em> (Rockman Stream Opening)<\/li>\r\n\t<li>Combat m\u00e9morable contre Lars Kriczek dans <u>La Source du Dragon<\/u>: Nightwish - <em>Wish I Had An Angel<\/em><\/li>\r\n\t<li>Irena Van den Haag - \"Living Paradox\": Angra - <em>Passing By<\/em><\/li>\r\n\t<li>Jan Peter - \"Redemption\": Gackt, <em>Redemption <\/em>(B.O. de <em>Dirge of Cerberus<\/em>)<\/li>\r\n\t<li>Th\u00e8me de Gerad Volkov: Choeurs de l'Arm\u00e9e Rouge - <em>Le Chant des Partisans<\/em><\/li>\r\n\t<li>Jakob Melvany - \"Search For Peace\": France Gall - <em>C\u00e9zanne Peint<\/em><\/li>\r\n\t<li>Th\u00e8me de la Fondation Errante: Asterisk - <em>Orange Range<\/em><\/li>\r\n<\/ul>","protected":false},"excerpt":{"rendered":"<p>Nous jouons beaucoup en musique. En fait, pour tout vous avouer, notre MJ met un point d&#8217;honneur \u00e0 soigneusement s\u00e9lectionner les morceaux qui servent \u00e0 illustrer chaque partie, chaque sc\u00e8ne importante, chaque combat, et j&#8217;en passe. Par cons\u00e9quent, nous avons d\u00e9cid\u00e9 de partager ici la &#8220;bande-son&#8221; de ReDux et de la Pierre de l&#8217;Ange, du [&hellip;]<\/p>\n","protected":false},"author":2,"featured_media":0,"parent":0,"menu_order":5,"comment_status":"open","ping_status":"open","template":"","meta":{"footnotes":""},"class_list":["post-139","page","type-page","status-publish","hentry"],"_links":{"self":[{"href":"http:\/\/www.yzabel.net\/mage\/wp-json\/wp\/v2\/pages\/139","targetHints":{"allow":["GET"]}}],"collection":[{"href":"http:\/\/www.yzabel.net\/mage\/wp-json\/wp\/v2\/pages"}],"about":[{"href":"http:\/\/www.yzabel.net\/mage\/wp-json\/wp\/v2\/types\/page"}],"author":[{"embeddable":true,"href":"http:\/\/www.yzabel.net\/mage\/wp-json\/wp\/v2\/users\/2"}],"replies":[{"embeddable":true,"href":"http:\/\/www.yzabel.net\/mage\/wp-json\/wp\/v2\/comments?post=139"}],"version-history":[{"count":0,"href":"http:\/\/www.yzabel.net\/mage\/wp-json\/wp\/v2\/pages\/139\/revisions"}],"wp:attachment":[{"href":"http:\/\/www.yzabel.net\/mage\/wp-json\/wp\/v2\/media?parent=139"}],"curies":[{"name":"wp","href":"https:\/\/api.w.org\/{rel}","templated":true}]}}