{"id":142,"date":"2008-10-06T15:31:09","date_gmt":"2008-10-06T13:31:09","guid":{"rendered":"http:\/\/www.yzabel.net\/mage"},"modified":"2009-01-17T21:57:51","modified_gmt":"2009-01-17T19:57:51","slug":"les-artefacts","status":"publish","type":"page","link":"http:\/\/www.yzabel.net\/mage\/lintrigue\/les-artefacts","title":{"rendered":"Les Artefacts"},"content":{"rendered":"En plus des [cref les-pierres Pierres du Zodiaque], quelques artefacts d'importance ont fait leur apparition dans les deux campagnes:\r\n<ul>\r\n\t<li><span style=\"text-decoration: underline;\"><strong>Le Miroir des Mondes:<\/strong><\/span> Un artefact d'une grande puissance permettant de passer d'une dimension \u00e0 une autre (Terre-Miroir &lt;\u2014&gt; Ga\u00efa primordiale), et peut-\u00eatre plus encore.<\/li>\r\n<\/ul>\r\n<ul>\r\n\t<li><span style=\"text-decoration: underline;\"><strong>Shamkiij:<\/strong><\/span> Un sabre \u00e0 la valeur inestimable ayant appartenu, selon la l\u00e9gende, \u00e0 Suleiman le Magnifique. D\u00e9couverte par le Professeur Gianfranco Spinetti, elle fut d\u00e9rob\u00e9e par Thoersten Hoervick, qui la donna \u00e0 l'Union Sovi\u00e9tique en \u00e9change d'un acc\u00e8s \u00e0 la biblioth\u00e8que imp\u00e9riale. Dans <span style=\"text-decoration: underline;\"><em>[cref orpheus-ex-machina Orpheus Ex Machina<\/em><\/span>], Aleksei Rykov la transporte \u00e0 bord de l'Orient-Express afin de l'offrir \u00e0 Mustapha Kemal dans des buts diplomatiques. Il est \u00e0 noter qu'en touchant la malle la contenant, dans le train, Irena a eu une vision de ce qui pourrait bien \u00eatre le Miroir des Mondes. Dans <span style=\"text-decoration: underline;\"><em>Triple Trouble<\/em><\/span>, c'est gr\u00e2ce \u00e0 l'alliance \u00e0 priori hautement improbable de [cref jan-peter Jan Peter] (l'Akashite), Ziya Abalan (le Batini) et Emel Iskan (l'agent du Nouvel Ordre Mondial) que les plans de Fimbulvetr pour mettre la main sur cet artefact sont finalement d\u00e9jou\u00e9s<\/li>\r\n<\/ul>\r\n<ul>\r\n\t<li><span style=\"text-decoration: underline;\"><strong>Nelcha\u00ebl et Abiga\u00ebl:<\/strong><\/span> Ces deux longues \u00e9p\u00e9es aux lames tr\u00e8s l\u00e9g\u00e8rement courbes peuvent \u00eatre consid\u00e9r\u00e9es comme jumelle, si ce n'est que l'une est blanche et l'autre noire. Nelcha\u00ebl a \u00e9t\u00e9 confi\u00e9e \u00e0 Daniel Dufour apr\u00e8s ses m\u00e9saventures avec la Pierre du Scorpion \u00e0 Doissetep. Abiga\u00ebl (qui poss\u00e8de \u00e9galement un autre nom...) est mani\u00e9e par le Lasombra (?) Damien Gizolfi \u00e0 New-York dans <span style=\"text-decoration: underline;\"><em>[cref genesis Genesis]<\/em><\/span>.<\/li>\r\n<\/ul>","protected":false},"excerpt":{"rendered":"<p>En plus des <a href=\"http:\/\/www.yzabel.net\/mage\/principaux-personnages\/les-personnages-de-lpda\/les-pierres\" title=\"Les Pierres\">Pierres du Zodiaque<\/a>, quelques artefacts d&#8217;importance ont fait leur apparition dans les deux campagnes: Le Miroir des Mondes: Un artefact d&#8217;une grande puissance permettant de passer d&#8217;une dimension \u00e0 une autre (Terre-Miroir &lt;\u2014&gt; Ga\u00efa primordiale), et peut-\u00eatre plus encore. Shamkiij: Un sabre \u00e0 la valeur inestimable ayant appartenu, selon la [&hellip;]<\/p>\n","protected":false},"author":2,"featured_media":0,"parent":6,"menu_order":3,"comment_status":"open","ping_status":"open","template":"","meta":{"footnotes":""},"class_list":["post-142","page","type-page","status-publish","hentry"],"_links":{"self":[{"href":"http:\/\/www.yzabel.net\/mage\/wp-json\/wp\/v2\/pages\/142","targetHints":{"allow":["GET"]}}],"collection":[{"href":"http:\/\/www.yzabel.net\/mage\/wp-json\/wp\/v2\/pages"}],"about":[{"href":"http:\/\/www.yzabel.net\/mage\/wp-json\/wp\/v2\/types\/page"}],"author":[{"embeddable":true,"href":"http:\/\/www.yzabel.net\/mage\/wp-json\/wp\/v2\/users\/2"}],"replies":[{"embeddable":true,"href":"http:\/\/www.yzabel.net\/mage\/wp-json\/wp\/v2\/comments?post=142"}],"version-history":[{"count":0,"href":"http:\/\/www.yzabel.net\/mage\/wp-json\/wp\/v2\/pages\/142\/revisions"}],"up":[{"embeddable":true,"href":"http:\/\/www.yzabel.net\/mage\/wp-json\/wp\/v2\/pages\/6"}],"wp:attachment":[{"href":"http:\/\/www.yzabel.net\/mage\/wp-json\/wp\/v2\/media?parent=142"}],"curies":[{"name":"wp","href":"https:\/\/api.w.org\/{rel}","templated":true}]}}