{"id":143,"date":"2009-01-12T15:03:17","date_gmt":"2009-01-12T13:03:17","guid":{"rendered":"http:\/\/www.yzabel.net\/mage"},"modified":"2009-01-12T15:03:17","modified_gmt":"2009-01-12T13:03:17","slug":"malik","status":"publish","type":"page","link":"http:\/\/www.yzabel.net\/mage\/principaux-personnages\/les-personnages-de-redux\/malik","title":{"rendered":"Malik"},"content":{"rendered":"Surnomm\u00e9 pendant longtemps \"l'Ottoman\" par les personnages, car ceux-ci ne connaissaient pas son identit\u00e9, Malik n'est nul autre que le myst\u00e9rieux mage au cimeterre qu'affronta Jan dans l'escalier du Palais Melvany, peu avant l'arriv\u00e9e d'Helga et d'Irena, au d\u00e9but de <em>Liminalit\u00e9<\/em>. Cet \u00e9trange personnage peu bavard au teint mat mais aux yeux tr\u00e8s clairs s'est tr\u00e8s vite r\u00e9v\u00e9l\u00e9 comme \u00e9tant un Maraudeur, et son but \u00e9tait des plus clairs: mettre la main sur l'Opale d'Anubis, qu'il n'a toutefois jamais pu toucher, cette derni\u00e8re semblant syst\u00e9matiquement le repousser.\r\n\r\nPar la suite, lors du voyage des personnages en Roumanie, Malik leur tendit un pi\u00e8ge sur la route. Il cherchait une fois encore \u00e0 s'emparer de l'Opale, peut-\u00eatre attir\u00e9 par l'aura d'Irena, porteuse \u00e0 ce moment d'un \u00e9clat de cristal laiss\u00e9 en elle lorsqu'elle utilisa accidentellement l'amulette. Cette m\u00e9saventure et l'errance du groupe dans les m\u00e9andres de l'esprit du Maraudeur r\u00e9v\u00e9l\u00e8rent qu'il n'\u00e9tait de fait pas Ottoman, mais tr\u00e8s certainement Berb\u00e8re, et qu'il avait un temps servi de guide \u00e0 Gianfranco Spinetti et \u00e0 son coll\u00e8gue lors de fouilles dans la r\u00e9gion de Tel El Amarna.\r\n\r\nMalik est \u00e9galement porteur d'un \u00e9clat de cristal, incrust\u00e9 sur sa poitrine, au centre d'un tatouage noir repr\u00e9sentant l'oeil d'Horus. Le seul mot que les personnages l'aient jamais entendu prononc\u00e9 \u00e9tait le cryptique \"Nekhmet\" adress\u00e9 \u00e0 Irena, lorsque cette derni\u00e8re brisa la relique d'une tablette grav\u00e9e de hi\u00e9roglyphes trouv\u00e9e dans le paysage mental de Malik, ce qui permit \u00e0 Helga et \u00e0 Jan de mettre fin \u00e0 l'illusion, l'une en le blessant gravement, l'autre en contrant sa magye. Nul n'a revu le Berb\u00e8re depuis ce temps-l\u00e0.","protected":false},"excerpt":{"rendered":"<p>Surnomm\u00e9 pendant longtemps &#8220;l&#8217;Ottoman&#8221; par les personnages, car ceux-ci ne connaissaient pas son identit\u00e9, Malik n&#8217;est nul autre que le myst\u00e9rieux mage au cimeterre qu&#8217;affronta Jan dans l&#8217;escalier du Palais Melvany, peu avant l&#8217;arriv\u00e9e d&#8217;Helga et d&#8217;Irena, au d\u00e9but de Liminalit\u00e9. Cet \u00e9trange personnage peu bavard au teint mat mais aux yeux tr\u00e8s clairs s&#8217;est [&hellip;]<\/p>\n","protected":false},"author":2,"featured_media":0,"parent":21,"menu_order":22,"comment_status":"open","ping_status":"open","template":"","meta":{"footnotes":""},"class_list":["post-143","page","type-page","status-publish","hentry"],"_links":{"self":[{"href":"http:\/\/www.yzabel.net\/mage\/wp-json\/wp\/v2\/pages\/143","targetHints":{"allow":["GET"]}}],"collection":[{"href":"http:\/\/www.yzabel.net\/mage\/wp-json\/wp\/v2\/pages"}],"about":[{"href":"http:\/\/www.yzabel.net\/mage\/wp-json\/wp\/v2\/types\/page"}],"author":[{"embeddable":true,"href":"http:\/\/www.yzabel.net\/mage\/wp-json\/wp\/v2\/users\/2"}],"replies":[{"embeddable":true,"href":"http:\/\/www.yzabel.net\/mage\/wp-json\/wp\/v2\/comments?post=143"}],"version-history":[{"count":0,"href":"http:\/\/www.yzabel.net\/mage\/wp-json\/wp\/v2\/pages\/143\/revisions"}],"up":[{"embeddable":true,"href":"http:\/\/www.yzabel.net\/mage\/wp-json\/wp\/v2\/pages\/21"}],"wp:attachment":[{"href":"http:\/\/www.yzabel.net\/mage\/wp-json\/wp\/v2\/media?parent=143"}],"curies":[{"name":"wp","href":"https:\/\/api.w.org\/{rel}","templated":true}]}}