{"id":159,"date":"2008-08-14T16:59:57","date_gmt":"2008-08-14T14:59:57","guid":{"rendered":"http:\/\/www.yzabel.net\/mage\/principaux-personnages\/les-personnages-de-redux\/aster"},"modified":"2009-02-01T22:01:27","modified_gmt":"2009-02-01T20:01:27","slug":"aster","status":"publish","type":"page","link":"http:\/\/www.yzabel.net\/mage\/principaux-personnages\/les-personnages-de-redux\/aster","title":{"rendered":"Aster"},"content":{"rendered":"<span style=\"text-decoration: underline;\"><strong>Fiche de personnage:<\/strong><\/span>\r\n\r\n<strong>Nom:<\/strong> Aster\r\n<strong>Nature:<\/strong> Ange-gardien\r\n<strong>Comportement: <\/strong>Solitaire\r\n<strong>Essence:<\/strong> Primordiale\r\n<strong>Tradition:<\/strong> Orphelin\r\n<strong>Concept:<\/strong> Mage r\u00e9incarn\u00e9\r\n<strong>Cabale:<\/strong> La Fondation Errante<strong>\r\n<\/strong>\r\n\r\n<strong>Physique:<\/strong> Force 3, Dext\u00e9rit\u00e9 3, Vigueur 5 (Inamovible)\r\n<strong>Social:<\/strong> Charisme 2, Manipulation 1, Apparence 3\r\n<strong>Mental:<\/strong> Perception 3, Intelligence 2, Astuce 4 (Level-headed)\r\n\r\n<strong>Talents: <\/strong>Athl\u00e9tisme 3, Bagarre 2, Conscience 3, Esquive 3, Intimidation 1, Vigilance 2\r\n<strong>Comp\u00e9tences: <\/strong>Artisanat 1, Furtivit\u00e9 2, Meditation 3, M\u00eal\u00e9e 2, Survie 1\r\n<strong>Connaissances:<\/strong> Cosmologie 1, Investigation 2, Langues 1 (Roumain, Allemand), M\u00e9decine 1\r\n<strong>Sph\u00e8res:<\/strong> Vie 3, Mati\u00e8re 1, Psych\u00e9 1, Prime 1, Esprit 1\r\n\r\n<strong>Historiques: <\/strong>Arcane 1, Avatar 3 (la Terre), Node 2 (Mont Parangu), Destin\u00e9e 2, R\u00eave 2\r\n\r\n<strong>Arete:<\/strong> 3\r\n<strong>Volont\u00e9:<\/strong> 8\r\n\r\n<strong>Atouts:<\/strong> Affinit\u00e9 avec les F\u00e9es (2)\r\n<strong>Handicaps:<\/strong> Inaptitude dans une Sph\u00e8re (5) (Forces)\r\n\r\n<strong>Foci:<\/strong>\"S\u00e8ve\" (=son sang) (Vie), terre (Mati\u00e8re), eau (Psych\u00e9), bois (Prime), runes (Esprit)\r\n\r\n<strong>Apparence:<\/strong> Aster est une grande femme \u00e9lanc\u00e9e, aux longs membres et \u00e0 la peau brune. Ses cheveux sont noirs, ses yeux vert \u00e9meraude, et elle pourrait passer de loin pour un \u00eatre humain tout \u00e0 fait normal. Une observation attentive et minutieuse r\u00e9v\u00e9lerait n\u00e9anmoins de subtiles diff\u00e9rences: sa chevelure, tombant en longues m\u00e8ches rappelant quelque peu de tr\u00e8s longues feuilles, prend parfois d'\u00e9tranges reflets vert sombre, et si ses bras et son visage font tr\u00e8s bien illusion, le reste de son corps est de fait recouvert d'une tr\u00e8s fine \u00e9corce qui n'a rien d'une peau humaine.\r\n\r\n<!--nextpage-->\r\n\r\n<span style=\"text-decoration: underline;\"><strong>Histoire: <\/strong><\/span>\r\n\r\nNul ne sait vraiment qui est Aster, ni d'o\u00f9 elle vient, \u00e0 commencer par l'int\u00e9ress\u00e9e. Serafim lui-m\u00eame, qui pourtant l'a recueillie et \"\u00e9lev\u00e9e\", n'en sait pas plus que ce qu'il a constat\u00e9. En ce qui devait \u00eatre 1920, l'Incarnae examinait la for\u00eat profonde qui recouvrait les flancs du Mont Parangu en Roumanie, cherchant \u00e0 d\u00e9terminer les d\u00e9g\u00e2ts exacts commis par un violent orage; c'est dans le tronc fendu d'un grand ch\u00eane abattu par la foudre qu'il d\u00e9couvrit alors la jeune dryade, si tant est que l'on puisse l'appeler ainsi, et choisit de la prendre sous son aile. Depuis cette \u00e9poque, et ce jusqu'\u00e0 tr\u00e8s r\u00e9cemment, elle assistait Georg et Serafim dans leur t\u00e2che de gardiens de la v\u00e9n\u00e9rable montagne, parcourant ses flancs afin de glaner dans leurs for\u00eats toute information pouvant se r\u00e9v\u00e9ler d'importance quant \u00e0 une \u00e9ventuelle menace.\r\n\r\nAster ne se rappelle que son nom, bien que parfois, des bribes de souvenirs plus anciens semblent lui revenir sous l'influence de certains stimuli, et qu'elle se retrouve aux prises avec des visions \u00e9tranges de voix et de visages dont on ne sait si elles sont l\u00e0 aussi des manifestations de sa vie r\u00e9c\u00e9dente. La fa\u00e7on dont elle refa\u00e7onne la R\u00e9alit\u00e9 autour d'elle rappelle \u00e9galement un certain nombre de rituels Verbena, ce qui tendrait peut-\u00eatre \u00e0 indiquer que jadis, elle appartenait \u00e0 cette Tradition, ou en \u00e9tait du moins tr\u00e8s proche. Est-elle l'\u00e2me d'une telle sorci\u00e8re, r\u00e9incarn\u00e9e dans un corps taill\u00e9 \u00e0 partir d'un arbre, auquel on aurait insuffl\u00e9 la vie? Et si oui, qui a con\u00e7u ce corps et proc\u00e9d\u00e9 \u00e0 un tel transfert? Serait-ce Aster elle-m\u00eame avant sa \"mort\"? Ce sont l\u00e0 des questions qui n'ont pas encore trouv\u00e9 r\u00e9ponse...\r\n\r\nIl est \u00e0 noter qu'Aster ne parle pas, pr\u00e9f\u00e9rant s'exprimer par gestes, regards, symboles trac\u00e9s sur le sol ou autres mouvements significatifs. Elle est dou\u00e9e de parole, mais il se trouve qu'elle n'aime pas le bruit, et ne voit tout simplement pas l'int\u00e9r\u00eat d'en produire elle-m\u00eame outre mesure. Elle est \u00e9galement tr\u00e8s mal \u00e0 l'aise dans les endroits peupl\u00e9s; les villes en particulier la troublent beaucoup et peuvent m\u00eame se r\u00e9v\u00e9ler dangereuses pour elle, du fait du paradigme moderne des Dormeurs qui rejetterait imm\u00e9diatement son existence.","protected":false},"excerpt":{"rendered":"<p>Fiche de personnage: Nom: Aster Nature: Ange-gardien Comportement: Solitaire Essence: Primordiale Tradition: Orphelin Concept: Mage r\u00e9incarn\u00e9 Cabale: La Fondation Errante Physique: Force 3, Dext\u00e9rit\u00e9 3, Vigueur 5 (Inamovible) Social: Charisme 2, Manipulation 1, Apparence 3 Mental: Perception 3, Intelligence 2, Astuce 4 (Level-headed) Talents: Athl\u00e9tisme 3, Bagarre 2, Conscience 3, Esquive 3, Intimidation 1, Vigilance [&hellip;]<\/p>\n","protected":false},"author":2,"featured_media":0,"parent":21,"menu_order":6,"comment_status":"open","ping_status":"open","template":"","meta":{"footnotes":""},"class_list":["post-159","page","type-page","status-publish","hentry"],"_links":{"self":[{"href":"http:\/\/www.yzabel.net\/mage\/wp-json\/wp\/v2\/pages\/159","targetHints":{"allow":["GET"]}}],"collection":[{"href":"http:\/\/www.yzabel.net\/mage\/wp-json\/wp\/v2\/pages"}],"about":[{"href":"http:\/\/www.yzabel.net\/mage\/wp-json\/wp\/v2\/types\/page"}],"author":[{"embeddable":true,"href":"http:\/\/www.yzabel.net\/mage\/wp-json\/wp\/v2\/users\/2"}],"replies":[{"embeddable":true,"href":"http:\/\/www.yzabel.net\/mage\/wp-json\/wp\/v2\/comments?post=159"}],"version-history":[{"count":0,"href":"http:\/\/www.yzabel.net\/mage\/wp-json\/wp\/v2\/pages\/159\/revisions"}],"up":[{"embeddable":true,"href":"http:\/\/www.yzabel.net\/mage\/wp-json\/wp\/v2\/pages\/21"}],"wp:attachment":[{"href":"http:\/\/www.yzabel.net\/mage\/wp-json\/wp\/v2\/media?parent=159"}],"curies":[{"name":"wp","href":"https:\/\/api.w.org\/{rel}","templated":true}]}}