{"id":16,"date":"2007-08-02T23:44:40","date_gmt":"2007-08-03T04:44:40","guid":{"rendered":"http:\/\/www.yzabel.net\/mage\/principaux-personnages\/les-personnages-joueurs\/jan-peter"},"modified":"2008-10-28T10:31:52","modified_gmt":"2008-10-28T08:31:52","slug":"jan-peter","status":"publish","type":"page","link":"http:\/\/www.yzabel.net\/mage\/principaux-personnages\/les-personnages-de-redux\/jan-peter","title":{"rendered":"Jan Peter"},"content":{"rendered":"<p align=\"justify\">Jan PETER (1900 - ... )<\/p>\r\n<p align=\"justify\">\u00a0<\/p>\r\n<p align=\"justify\">\"<em>Chaque \u00eatre a sa place dans le cycle de la vie... notre r\u00f4le est peut-\u00eatre parfois d'aider la roue du destin\u00a0\u00e0 tourner!\"<\/em><\/p>\r\n<p align=\"justify\">\u00a0<\/p>\r\n<p align=\"justify\">Ballott\u00e9 de la ferme de ses parents aux tranch\u00e9es de la Somme et de la guerre civile russe aux plateaux du Tibet, Jan Peter sait ce qu'est un destin agit\u00e9... C'est au toit du monde qu'il apprit\u00a0\u00e0 prendre en main sa destin\u00e9e.<\/p>\r\n<p align=\"justify\">Pour s\u00fbr, Jan Peter est un akashite atypique :\u00a0personne ne s'attend\u00a0\u00e0 trouver dans le corps d'un paysan allemand l'\u00e2me d'un sage oriental ; mais Jan lui m\u00eame est le premier \u00e0 en \u00eatre conscient et - sans doute seul en occident -\u00a0\u00e0 chercher sa voie entre sagesse orientale et app\u00e9tits occidentaux. Ainsi Jan a pu r\u00e9guli\u00e8rement vendre ses services et ses comp\u00e9tences pour financer ses voyages et sa survie.<\/p>\r\n<p align=\"justify\">Pourtant si son m\u00e9tier est celui d'un mercenaire, son \u00e2me, elle, n'est pas\u00a0\u00e0 vendre... cet homme est\u00a0\u00e0 la poursuite de quelque chose ... un destin ? ... un id\u00e9al ? ... lui-m\u00eame ne le sait peut-\u00eatre pas encore...<\/p>\r\n<p align=\"justify\">\u00a0<\/p>\r\n<p align=\"justify\">\u00a0<em>Au d\u00e9but du sc\u00e9nario Liminalit\u00e9...<\/em><\/p>\r\n<p align=\"justify\"><span lang=\"FR\">Homme au pass\u00e9 trouble empli de secrets, il voit ses services lou\u00e9s, pour une bonne somme d'argent, par un \"myst\u00e9rieux commanditaire\" qui lui demande de r\u00e9cup\u00e9rer un objet de grande valeur appel\u00e9 \"l'Opale d'Anubis\". Ses investigations le m\u00e8nent \u00e0 Vienne, et de l\u00e0 au Palais Melvany, o\u00f9 pourrait fort bien se trouver l'objet en question.<\/span><\/p>","protected":false},"excerpt":{"rendered":"<p>Jan PETER (1900 &#8211; &#8230; ) \u00a0 &#8220;Chaque \u00eatre a sa place dans le cycle de la vie&#8230; notre r\u00f4le est peut-\u00eatre parfois d&#8217;aider la roue du destin\u00a0\u00e0 tourner!&#8221; \u00a0 Ballott\u00e9 de la ferme de ses parents aux tranch\u00e9es de la Somme et de la guerre civile russe aux plateaux du Tibet, Jan Peter sait [&hellip;]<\/p>\n","protected":false},"author":2,"featured_media":0,"parent":21,"menu_order":1,"comment_status":"closed","ping_status":"open","template":"","meta":{"footnotes":""},"class_list":["post-16","page","type-page","status-publish","hentry"],"_links":{"self":[{"href":"http:\/\/www.yzabel.net\/mage\/wp-json\/wp\/v2\/pages\/16","targetHints":{"allow":["GET"]}}],"collection":[{"href":"http:\/\/www.yzabel.net\/mage\/wp-json\/wp\/v2\/pages"}],"about":[{"href":"http:\/\/www.yzabel.net\/mage\/wp-json\/wp\/v2\/types\/page"}],"author":[{"embeddable":true,"href":"http:\/\/www.yzabel.net\/mage\/wp-json\/wp\/v2\/users\/2"}],"replies":[{"embeddable":true,"href":"http:\/\/www.yzabel.net\/mage\/wp-json\/wp\/v2\/comments?post=16"}],"version-history":[{"count":0,"href":"http:\/\/www.yzabel.net\/mage\/wp-json\/wp\/v2\/pages\/16\/revisions"}],"up":[{"embeddable":true,"href":"http:\/\/www.yzabel.net\/mage\/wp-json\/wp\/v2\/pages\/21"}],"wp:attachment":[{"href":"http:\/\/www.yzabel.net\/mage\/wp-json\/wp\/v2\/media?parent=16"}],"curies":[{"name":"wp","href":"https:\/\/api.w.org\/{rel}","templated":true}]}}