{"id":17,"date":"2007-08-02T23:44:19","date_gmt":"2007-08-03T04:44:19","guid":{"rendered":"http:\/\/www.yzabel.net\/mage\/principaux-personnages\/\/marja-irena-angendijk-van-den-haag"},"modified":"2009-10-24T13:30:45","modified_gmt":"2009-10-24T11:30:45","slug":"irena-van-den-haag","status":"publish","type":"page","link":"http:\/\/www.yzabel.net\/mage\/principaux-personnages\/les-personnages-de-redux\/irena-van-den-haag","title":{"rendered":"Marja-Irena Angendijk Van den Haag"},"content":{"rendered":"<span style=\"text-decoration: underline;\"><strong>Fiche de personnage:<\/strong><\/span>\r\n\r\n<strong>Nom:<\/strong> Marja-Irena Angendijk Van den Haag\r\n<strong>Nature:<\/strong> Visionnaire\r\n<strong>Comportement: <\/strong>Avant-garde\r\n<strong>Essence: <\/strong>Questive\r\n<strong>Tradition:<\/strong> Ordre d'Herm\u00e8s \u2014 Maison Fortunae\r\n<strong>Concept:<\/strong> Brebis galeuse de biblioth\u00e8que\r\n<strong>Cabale:<\/strong> La Fondation Errante\r\n<strong>Mentor:<\/strong> Hugues de Laplace, bani Fortunae\r\n\r\n<strong>Physique:<\/strong> Force 1, Dext\u00e9rit\u00e9 3, Vigueur 2\r\n<strong>Social:<\/strong> Charisme 2, Manipulation 3, Apparence 3\r\n<strong>Mental:<\/strong> Perception 3, Intelligence 5 (Discerning Thinker), Astuce 3\r\n\r\n<strong>Talents: <\/strong>Athl\u00e9tisme 1, Esquive 2, Commandement 1, Conscience 3, Subterfuge 2, Vigilance 2\r\n<strong>Comp\u00e9tences: <\/strong>Artisanat 1, Conduite 2, Etiquette 3, Furtivit\u00e9 1\r\n<strong>Connaissances:<\/strong> Droit 1, Education 3, Enigmes 1, Investigation 2, Langues* 4 (Textes anciens), Occultisme 3\r\n(<em>Langues:<\/em> N\u00e9erlandais, Fran\u00e7ais, Allemand, Anglais, Latin, Grec ancien, Espagnol, Hyperbor\u00e9en)\r\n\r\n<strong>Sph\u00e8res:<\/strong> Entropie 2, Forces 1, Psych\u00e9 1, Prime 1, Temps 2\r\n\r\n<strong>Historiques: <\/strong>Avatar 3 (Andr\u00e9), Arcane 1, Biblioth\u00e8que 2, Fondation 3 (Soci\u00e9t\u00e9 de Diog\u00e8ne), R\u00eaves 1, R\u00e9putation 1, Ressources 3\r\n\r\n<strong>Arete:<\/strong> 3\r\n<strong>Volont\u00e9:<\/strong> 9\r\n\r\n<strong>Atouts:<\/strong> Don pour les langues (2)\r\n<strong>Handicaps:<\/strong> Albinisme (3)\r\n\r\n<strong>Foci:<\/strong> Num\u00e9rologie\/d\u00e9s\/osselets (Entropie), reflets (Forces), \u00e9charpe (Prime), as de pique (Psych\u00e9), montre \u00e0 gousset (Temps)\r\n\r\n<strong>Apparence:<\/strong> Une jeune femme d'environ vingt-cinq ans, de taille moyenne, \u00e0 la silhouette fr\u00eale et \u00e0 la peau d'une p\u00e2leur extr\u00eame. Elle porte ses cheveux blancs coup\u00e9s en carr\u00e9 tr\u00e8s court, \u00e0 la fa\u00e7on des <em>flappers<\/em> des Ann\u00e9es Folles, et derri\u00e8re ses \u00e9paisses lunettes \u00e0 verres fum\u00e9s, on peut apercevoir ses yeux d'un gris tr\u00e8s clair, qui paraissent presque rouges selon l'\u00e9clairage et l'angle de la lumi\u00e8re \u2014 Irena a d'ailleurs appris comment provoquer un tel effet, et nul besoin de magye pour cela. Durant la journ\u00e9e, son \u00e9tat l'oblige \u00e0 porter de longs v\u00eatements, des gants et un chapeau afin de prot\u00e9ger sa peau trop sensible, mais lorsque la nuit tombe, l'Herm\u00e9tiste ne d\u00e9daigne pas se v\u00eatir de tenues quelque peu plus r\u00e9v\u00e9latrices que ce que sa condition voudrait d'elle.\r\n\r\n<!--nextpage-->\r\n\r\n<span style=\"text-decoration: underline;\"><strong>Histoire: <\/strong><\/span>\r\n\r\nMarja-Irena Angendijk Van den Haag \u2013 plus couramment appel\u00e9e \u201cIrena\u201d par ses camarades encore et toujours incapables de prononcer son nom \u2013 naquit le 29 novembre 1902, dans une famille comtale de La Haye ayant acquis titre et fortune au cours du 17\u00e8me si\u00e8cle.\r\n\r\nAlexander Angendijk, p\u00e8re d'Irena, homme sobre et dign\u00e9 n\u00e9 en 1872, poss\u00e9dait de nombreux contacts et correspondances dans plusieurs grandes capitales europ\u00e9ennes, et, de par le point d'honneur qu'il mettait \u00e0 toujours achever ce qu'il entreprenait, perp\u00e9tua la fortune familiale acquise jadise gr\u00e2ce au n\u00e9goce, une fortune qu'il avait de tous temps compt\u00e9e transmettre \u00e0 son fils. Il \u00e9pousa Marja-Antonia, de cinq ans sa cadette, une femme de fort caract\u00e8re qui, ne pouvant \u00e0 l'\u00e9poque s'exprimer dans son milieu comme on le ferait bien des d\u00e9cennies plus tard, tourna toutes son \u00e9nergie vers la gestion d'une famille qu'elle aspirait voir atteindre la perfection. Tr\u00e8s \u00e0 cheval sur les conventions, Antonia veilla \u00e0 la stricte \u00e9ducation de ses enfants, ce qui n'alla pas sans poser un certain nombre de probl\u00e8mes par la suite.\r\n\r\nD'une certaine mani\u00e8re, le malheur sembla d\u00e8s le d\u00e9part frapper les Angendijk, car la naissance de la petite Irena au sein d'une telle assembl\u00e9e fit l'effet d'une \u00e9claboussure offerte aux regards emplis d'horreur d'une soci\u00e9t\u00e9 encore fort tourn\u00e9e vers les traditions et les bonnes mani\u00e8res: l'enfant \u00e9tait albinos, et par l\u00e0 m\u00eame vou\u00e9e \u00e0 ne jamais vraiment trouver sa place parmi les siens. Qui plus \u00e9tait, l'avenir allait prouver que ce nouveau-n\u00e9 en tous points d\u00e9rangeant serait en fait l'unique survivant de la descendance d'Alexander et Antonia. En 1896 \u00e9tait n\u00e9 Johannes, h\u00e9ritier tout d\u00e9sign\u00e9, qui par un coup du sort ne revint sain et sauf de la Grande Guerre que pour mieux se voir frapper de la grippe espagnole \u00e0 la fin de l'ann\u00e9e 1918, et en mourir en tout juste quelques jours. Quant \u00e0 leur soeur cadette, Marja-Elke, n\u00e9e en 1904, aim\u00e9e de tous et destin\u00e9e \u00e0 faire un magnifique mariage qui contribuerait encore \u00e0 \u00e9lever la famille, elle mourut \u00e0 son tour au d\u00e9but de l'\u00e9t\u00e9 1927, des suites d'une mauvaise blessure re\u00e7ue lors d'une chute de cheval. Ne resta qu'Irena, celle que l'on disait laide et inutile, pour perp\u00e9tuer les r\u00eaves du Comte et de son \u00e9pouse, et l\u00e0 encore, les choses ne pouvaient pas plus mal tourner pour leurs aspirations particuli\u00e8res.\r\n\r\nFillette solitaire, peut-\u00eatre plus par ostracisme que par go\u00fbt v\u00e9ritable, Irena se tourna tr\u00e8s t\u00f4t vers la lecture et les \u00e9tudes afin de tromper son ennui, d'autant plus que sa myopie plus que prononc\u00e9e et sa sensibilit\u00e9 \u00e0 la lumi\u00e8re ne favorisaient pas vraiment ni les activit\u00e9s en ext\u00e9rieur, ni les liens amicaux avec d'autres enfants de son \u00e2ge. Son intelligence exceptionnelle et son don pour les langues ne tardant pas \u00e0 se faire remarquer, Irena devint \u00e0 la fois un bagage encombrant et une sorte de \u201cpetit ph\u00e9nom\u00e8ne\u201d que l'on montrait de temps \u00e0 autre afin de se persuader qu'\u00e0 quelque chose malheur \u00e9tait bon, avant que les invit\u00e9s ne se sentent trop d\u00e9rang\u00e9s par son apparence hors du commun. Ses journ\u00e9es en soci\u00e9t\u00e9 se cantonnaient \u00e0 passer une belle robe, offrir les politesses d'usage et imm\u00e9diatement cesser de se faire trop voir; m\u00eame ses dons d'observation et d'apprentissage attiraient r\u00e9guli\u00e8rement l'opprobre, car apr\u00e8s tout, \u00e9tait-il seulement de bon ton qu'une jeune fille de bonne famille se cultiv\u00e2t autant? Ce fut au cours de ces ann\u00e9es qu'Irena apprit l'art de la dissimulation et de se glisser en cachette dans la biblioth\u00e8que, et d\u00e9veloppa un certain talent pour se lier ais\u00e9ment avec le personnel de maison, \u00e9changeant confidences et pieux mensonges avec les servantes.\r\n\r\nLes ann\u00e9es passant, Irena devint une adolescente courtoise et ob\u00e9issante, fort consciente du fait qu'\u00e0 cause de sa particularit\u00e9 physique, elle ne pourrait jamais beaucoup esp\u00e9rer \u00e0 l'\u00e2ge adulte, et devrait apprendre tr\u00e8s vite \u00e0 se contenter du peu d'attention positive qu'on daignait lui t\u00e9moigner. Ses parents ne s'\u00e9taient jamais attendu \u00e0 la voir \u00e9pouser un bon parti; les pr\u00e9tendants ne s'int\u00e9ressaient de plus qu'\u00e0 sa soeur, ou du moins \u00e0 ce qu'elle deviendrait quelques ann\u00e9es plus tard, car qui aurait voulu d'une albinos pour femme, de surcro\u00eet rat de biblioth\u00e8que? Cependant, Antonia faisait quand m\u00eame comprendre \u00e0 sa fille a\u00een\u00e9e que si d'aventure quelqu'un se pr\u00e9sentait, elle se devrait de l'accepter sans rechigner: ce serait l\u00e0 une chance extraordinaire pour elle.\r\n\r\nComme toutes les jeunes filles, Irena elle aussi souffrit des premiers \u00e9mois amoureux, bien que sachant qu'il ne servirait \u00e0 rien de les exprimer par crainte d'une rejet plus que certain. \u00c0 force de tristement contempler les jeunes gens de son \u00e2ge faire la cour \u00e0 une autre et s'\u00e9loigner sans un regard pour elle, elle aurait pu ne devenir rien d'autre qu'une plante bien trop t\u00f4t fan\u00e9e. N\u00e9anmoins, c'est \u00e0 cette p\u00e9riode qu'un personnage plus qu'excentrique fit irruption dans sa vie, pour ne plus jamais lui refuser sa compagnie salutaire: Andr\u00e9, qui devait lui sauver la vie.\r\n\r\n<span style=\"text-decoration: underline;\"><strong>L'Eveil: <\/strong><\/span>\r\n\r\nTout comme elle emporta Johannes, la grippe espagnole faillit triompher en 1919 d'Irena elle-m\u00eame. Oscillant pendant de longues semaines entre la vie et la mort, elle eut un jour la surprise de voir appara\u00eetre dans son miroir un jeune homme de son \u00e2ge, en tous point son oppos\u00e9, qu'elle ne prit tout d'abord que pour une illusion issue de la fi\u00e8vre et du d\u00e9lire. Cet \u201cami imaginaire\u201d, qui r\u00e9pondait au nom d'Andr\u00e9, devint toutefois son seul compagnon, et c'est sans m\u00eame s'en rendre compte que gr\u00e2ce \u00e0 sa pr\u00e9sence, l'adolescente fragile se raccrocha \u00e0 la vie comme jamais encore elle ne l'avait fait. R\u00e9guli\u00e8rement, Andr\u00e9 r\u00e9apparut dans le miroir, lui tenant compagnie durant son r\u00e9tablissement lorsqu'elle s'ennuyait ferme, mais ne disparut pas pour autant avec la maladie. Peu \u00e0 peu, au fil de leurs conversations, lui qui \u00e9tait ce qu'Irena avait toujours secr\u00e8tement r\u00eav\u00e9 d'\u00eatre aida la jeune fille \u00e0 s'affirmer et \u00e0 comprendre que diff\u00e9rente ou pas, elle seule avait le pouvoir de transformer sa vie et sa r\u00e9alit\u00e9 \u2013 ce qu'elle fit. C'est ainsi qu'\u00e0 l'\u00e2ge de tout juste dix-sept ans, Irena Angendijk se r\u00e9v\u00e9la \u00e0 elle-m\u00eame en tant que mage, guid\u00e9e par les conseils de celui qui n'\u00e9tait ni plus ni moins que son Avatar (aussi excentrique, dandy, buveur et flambeur soit-il).\r\n\r\nL'Eveil de la jeune fille ne fut pas non plus sans cons\u00e9quences sur sa vie familiale. De nouveaux horizons s'ouvraient soudain \u00e0 elle; elle avait enfin une chance d'\u00eatre d\u00e9finie, du moins \u00e0 ses propres yeux, par autre chose que juste \u201csocialement inepte\u201d et \u201cpromise \u00e0 une vie de solitude, retranch\u00e9e derri\u00e8re des livres dont elle ne pourrait de toutes fa\u00e7ons jamais parler avec personne d'autre\u201d. Sans forc\u00e9ment penser d\u00e8s le d\u00e9part qu'il existait toute une hi\u00e9rarchie de Mages, Irena ne mit pas longtemps \u00e0 se demander s'il se pouvait qu'elle ne f\u00fbt pas la seule; par cons\u00e9quent, une fois gu\u00e9rie, elle commen\u00e7a \u00e0 se montrer plus ouvertement en soci\u00e9t\u00e9, au grand dam de ses parents, dans l'espoir peut-\u00eatre de pouvoir lancer quelques app\u00e2ts et trouver un jour ou l'autre une autre personne qui serait comme elle (notamment en parlant de lectures occultes et autres textes moins connus). C'est de l\u00e0 que d\u00e9coula sa rencontre avec Hugues de La Place, le mentor l'ayant pouss\u00e9e \u00e0 rejoindre l'Ordre d'Herm\u00e8s, et plus tard Cassandra Dummy qui l'initia \u00e0 la Soci\u00e9t\u00e9 de Diog\u00e8ne\r\n\r\n<!--nextpage-->\r\n\r\n<span style=\"text-decoration: underline;\"><strong>A l'\u00e2ge adulte:<\/strong><\/span>\r\n\r\nL'Irena de 1925 n'a plus grand chose de commun avec la fillette timide de ses premi\u00e8res ann\u00e9es \u2014 \u00e0 moins que sa personnalit\u00e9 d'adulte ne soit en fait rien d'autre que son v\u00e9ritable moi, qui a manqu\u00e9 \u00eatre \u00e9touff\u00e9 pour toujours par trop de restrictions? Il semblerait qu'apr\u00e8s son Eveil, elle ait cherch\u00e9 \u00e0 rattrapper le temps perdu, d'o\u00f9 le d\u00e9veloppement de son c\u00f4t\u00e9 'flapper', se coupant les cheveux, portant des robes plus courtes, et n'h\u00e9sitant plus \u00e0 r\u00e9torquer quelque remarque au moindre commentaire sur son aspect, plut\u00f4t que de s'en sentir honteuse et d'aller se r\u00e9fugier dans sa chambre (on peut d'ailleurs noter qu'Irena poss\u00e8de un vocabulaire relativement \u00e9tendu en mati\u00e8re d'injures diverses et vari\u00e9es, un certain nombre d'entre elles ayant \u00e9t\u00e9 glan\u00e9es aupr\u00e8s d'Andr\u00e9). C'est justement entre ses 17 et se 25 ans que ses parents ont commenc\u00e9 \u00e0 \u00e9prouver plus qu'un vague malaise\/inqui\u00e9tude \u00e0 son sujet, se demandant si dans ces conditions plus encore qu'avant ils arriveraient \u00e0 la caser un jour, ou si au contraire cela pourrait les en d\u00e9barrasser plus t\u00f4t.\r\n\r\nDans l'absolu, Irena est une jeune femme dynamique \u00e0 l'attitude volontaire et positive, qui n'abandonne jamais face \u00e0 l'adversit\u00e9 et peut se r\u00e9v\u00e9ler d'une opini\u00e2tret\u00e9 impressionnante, en particulier lorsqu'elle travaille dans ses domaines favoris des langues et de l'occultisme. En revanche, il faut avouer qu'elle n'est pas toujours de bonne volont\u00e9 dans ses relations sociales, en particulier avec les hommes qui n'appr\u00e9cient pas n\u00e9cessairement de la voir envahir \"leur\" territoire.\r\n\r\n<span style=\"text-decoration: underline;\"><strong>Particularit\u00e9s notoires:<\/strong><\/span>\r\n\r\nIrena est un v\u00e9ritable g\u00e9nie des langues, aussi bien dans le cadre de leur pratique que dans celui de la linguistique en g\u00e9n\u00e9ral. Elle est de plus l'une des tr\u00e8s rares personnes en Europe en 1927 a avoir \u00e9tudi\u00e9 et \u00eatre capable de d\u00e9chiffrer l'Hyperbor\u00e9en; bien que n'ayant pas les m\u00eames dispositions \"spontan\u00e9es\" que Jakob Melvany \u00e0 ce sujet, elle est cependant une autodidacte notoire en ce qui concerne la pratique de cette langue, chose qui ne manque jamais d'\u00e9tonner.\r\n\r\nIl est \u00e9galement \u00e0 noter qu'elle est myope comme une taupe, et absolument incapable de faire quoi que ce soit sans ses lunettes.\r\n\r\n<span style=\"text-decoration: underline;\"><strong>Famille proche:<\/strong><\/span>\r\n\r\n<strong>P\u00e8re:<\/strong> Alexander, n\u00e9 en 1872.\r\n\r\nUn homme sobre et digne, qui tend \u00e0 toujours finir ce qu'il entreprend et poss\u00e8de nombre de contacts (correspondances, etc) dans plusieurs grandes capitales europ\u00e9ennes. Il perp\u00e9tue la fortune familiale, acquis","protected":false},"excerpt":{"rendered":"<p>Fiche de personnage: Nom: Marja-Irena Angendijk Van den Haag Nature: Visionnaire Comportement: Avant-garde Essence: Questive Tradition: Ordre d&#8217;Herm\u00e8s \u2014 Maison Fortunae Concept: Brebis galeuse de biblioth\u00e8que Cabale: La Fondation Errante Mentor: Hugues de Laplace, bani Fortunae Physique: Force 1, Dext\u00e9rit\u00e9 3, Vigueur 2 Social: Charisme 2, Manipulation 3, Apparence 3 Mental: Perception 3, Intelligence 5 [&hellip;]<\/p>\n","protected":false},"author":2,"featured_media":0,"parent":21,"menu_order":2,"comment_status":"open","ping_status":"open","template":"","meta":{"footnotes":""},"class_list":["post-17","page","type-page","status-publish","hentry"],"_links":{"self":[{"href":"http:\/\/www.yzabel.net\/mage\/wp-json\/wp\/v2\/pages\/17","targetHints":{"allow":["GET"]}}],"collection":[{"href":"http:\/\/www.yzabel.net\/mage\/wp-json\/wp\/v2\/pages"}],"about":[{"href":"http:\/\/www.yzabel.net\/mage\/wp-json\/wp\/v2\/types\/page"}],"author":[{"embeddable":true,"href":"http:\/\/www.yzabel.net\/mage\/wp-json\/wp\/v2\/users\/2"}],"replies":[{"embeddable":true,"href":"http:\/\/www.yzabel.net\/mage\/wp-json\/wp\/v2\/comments?post=17"}],"version-history":[{"count":4,"href":"http:\/\/www.yzabel.net\/mage\/wp-json\/wp\/v2\/pages\/17\/revisions"}],"predecessor-version":[{"id":196,"href":"http:\/\/www.yzabel.net\/mage\/wp-json\/wp\/v2\/pages\/17\/revisions\/196"}],"up":[{"embeddable":true,"href":"http:\/\/www.yzabel.net\/mage\/wp-json\/wp\/v2\/pages\/21"}],"wp:attachment":[{"href":"http:\/\/www.yzabel.net\/mage\/wp-json\/wp\/v2\/media?parent=17"}],"curies":[{"name":"wp","href":"https:\/\/api.w.org\/{rel}","templated":true}]}}