{"id":18,"date":"2007-08-02T23:44:28","date_gmt":"2007-08-03T04:44:28","guid":{"rendered":"http:\/\/www.yzabel.net\/mage\/principaux-personnages\/les-personnages-de-lpda"},"modified":"2010-05-22T23:13:51","modified_gmt":"2010-05-22T21:13:51","slug":"les-personnages-de-lpda","status":"publish","type":"page","link":"http:\/\/www.yzabel.net\/mage\/principaux-personnages\/les-personnages-de-lpda","title":{"rendered":"Les personnages de la Pierre de l&#8217;Ange"},"content":{"rendered":"Voici les diff\u00e9rents personnages qui, \u00e0 un moment ou \u00e0 un autre, ont travers\u00e9, peut-\u00eatre m\u00eame l'espace de quelques s\u00e9ances seulement, la campagne de <em>La Pierre de l'Ange<\/em>.\r\n\r\n<strong>Les personnages-joueurs, par ordre d'apparition :<\/strong>\r\n<ul>\r\n\t<li>Christophe Schmidt, Mage Adepte du Virtuel, disciple de Simon Kopacek.<\/li>\r\n\t<li>[cref ezechiel-darambau Duncan Idaho\/Ez\u00e9chiel Darambo], Mage Euthanatos.<\/li>\r\n\t<li>Rhiannon, Mage Verbena de Boston, petite amie de Carter.<\/li>\r\n\t<li>Carter Maxcellin\/Les Nessman, Mage Extasi\u00e9 de New York.<\/li>\r\n\t<li>[cref anna-delay Anna Delay], Mage Adepte du Virtuel, disciple de Vecteur Hugo.<\/li>\r\n\t<li>Philippe Nerval, Mage Orphelin.<\/li>\r\n\t<li>Daniel Dufour, Mage Herm\u00e9tiste, bani Bonisagus.<\/li>\r\n\t<li>[cref pdla-pj-raph Rapha\u00ebl B.], Mage Onirologue, de la vall\u00e9e de l'Or\u00e9noque, Br\u00e9sil, disciple d'Ernst Curtius.<\/li>\r\n\t<li>Vendemmian de Montfaucon de la Croix, Mage Euthanatos \u00e0 fourrure tigr\u00e9e.<\/li>\r\n\t<li>Alexandra Janicek, Mage Orpheline, de Berlin Est.<\/li>\r\n\t<li>Pierre Dirac, alias Gerhard, Mage Herm\u00e9tiste, bani Tytalus.<\/li>\r\n<\/ul>\r\n<strong>Les personnages non-joueurs:<\/strong>\r\n<ul>\r\n\t<li>[cref philemon Phil\u00e9mon]<\/li>\r\n\t<li>[cref lhomme-noir L'Homme Noir]<\/li>\r\n\t<li>[cref guido-sardenia Guido Sardenia], Technomancien It\u00e9rateur devenu Maraudeur.<\/li>\r\n\t<li>Simon Kopacek, Adepte du Virtuel, transfuge de la Technocratie.<\/li>\r\n\t<li>Christine Hernard, Technomancienne, It\u00e9ratrice.<\/li>\r\n\t<li>Marie Hernard, Mage-enfant, fille de Christine.<\/li>\r\n\t<li>Kyo, Maraudeur, alli\u00e9 de Guido Sardenia.<\/li>\r\n\t<li>Vittorio Gabbace, Revenant cybern\u00e9tis\u00e9.<\/li>\r\n\t<li>[cref porthos Porthos], Archimage Herm\u00e9tiste, ma\u00eetre de Doissetep, bani Tytalus.<\/li>\r\n\t<li>Caeron, Mage Herm\u00e9tiste, homme de main de Porthos, bani Janissaire.<\/li>\r\n\t<li>Umi-Boshi-sama, Archimage Onirologue.<\/li>\r\n\t<li>[cref les-pierres Les Pierres du Zodiaque], myst\u00e9rieux catalyseurs magiques.<\/li>\r\n\t<li>Siegfried, Mage, chef d'\u00e9quipe de la Warden.<\/li>\r\n\t<li>Horatio Hoos, Vampire Lasombra de New York.<\/li>\r\n\t<li>Damien Gizolfi, Vampire et Messager.<\/li>\r\n\t<li>Drakken, Spectre et Messager.<\/li>\r\n\t<li>Bartholf, Adolf et Alb\u00e9ric, Mages Herm\u00e9tistes, bani Bonisagi, Anciens de la Lune Chantante.<\/li>\r\n\t<li>[cref pepe-carapace P\u00e9p\u00e9 Carapace]<\/li>\r\n<\/ul>\r\n<strong>Les Avatars:<\/strong> (un po\u00e8me \u00e0 eux tout seuls)\r\n<ul>\r\n\t<li>Janus, \"ami imaginaire\" et Avatar de Philippe Nerval. Accidentellement mat\u00e9rialis\u00e9 pendant un temps sur la Gaia Primordiale par Anna, Hugo et Philippe.<\/li>\r\n\t<li>Audrinn, Avatar un peu fou d'Anna, existant dans la Toile Num\u00e9rique sous forme de donn\u00e9es.<\/li>\r\n\t<li>Le Khan, Avatar fusionnel de Vendemmian.<\/li>\r\n\t<li>L'Ombre, Avatar de Dirac.<\/li>\r\n<\/ul>","protected":false},"excerpt":{"rendered":"<p>Voici les diff\u00e9rents personnages qui, \u00e0 un moment ou \u00e0 un autre, ont travers\u00e9, peut-\u00eatre m\u00eame l&#8217;espace de quelques s\u00e9ances seulement, la campagne de La Pierre de l&#8217;Ange. Les personnages-joueurs, par ordre d&#8217;apparition : Christophe Schmidt, Mage Adepte du Virtuel, disciple de Simon Kopacek. <a href=\"http:\/\/www.yzabel.net\/mage\/principaux-personnages\/les-personnages-de-lpda\/ezechiel-darambau\" title=\"Ez\u00e9chiel Darambo\">Duncan Idaho\/Ez\u00e9chiel Darambo<\/a>, Mage Euthanatos. Rhiannon, Mage Verbena de [&hellip;]<\/p>\n","protected":false},"author":2,"featured_media":0,"parent":5,"menu_order":0,"comment_status":"open","ping_status":"open","template":"","meta":{"footnotes":""},"class_list":["post-18","page","type-page","status-publish","hentry"],"_links":{"self":[{"href":"http:\/\/www.yzabel.net\/mage\/wp-json\/wp\/v2\/pages\/18","targetHints":{"allow":["GET"]}}],"collection":[{"href":"http:\/\/www.yzabel.net\/mage\/wp-json\/wp\/v2\/pages"}],"about":[{"href":"http:\/\/www.yzabel.net\/mage\/wp-json\/wp\/v2\/types\/page"}],"author":[{"embeddable":true,"href":"http:\/\/www.yzabel.net\/mage\/wp-json\/wp\/v2\/users\/2"}],"replies":[{"embeddable":true,"href":"http:\/\/www.yzabel.net\/mage\/wp-json\/wp\/v2\/comments?post=18"}],"version-history":[{"count":3,"href":"http:\/\/www.yzabel.net\/mage\/wp-json\/wp\/v2\/pages\/18\/revisions"}],"predecessor-version":[{"id":311,"href":"http:\/\/www.yzabel.net\/mage\/wp-json\/wp\/v2\/pages\/18\/revisions\/311"}],"up":[{"embeddable":true,"href":"http:\/\/www.yzabel.net\/mage\/wp-json\/wp\/v2\/pages\/5"}],"wp:attachment":[{"href":"http:\/\/www.yzabel.net\/mage\/wp-json\/wp\/v2\/media?parent=18"}],"curies":[{"name":"wp","href":"https:\/\/api.w.org\/{rel}","templated":true}]}}