{"id":2,"date":"2007-07-28T15:33:09","date_gmt":"2007-07-28T20:33:09","guid":{"rendered":""},"modified":"2007-12-02T21:42:28","modified_gmt":"2007-12-02T19:42:28","slug":"a-propos","status":"publish","type":"page","link":"http:\/\/www.yzabel.net\/mage\/a-propos","title":{"rendered":"A propos"},"content":{"rendered":"<em>La Pierre de l'Ange<\/em> est une campagne pour <em>Mage: l'Ascension<\/em> commenc\u00e9e en 1997, et qui se poursuit aujourd'hui, au rythme de nos vies professionnelles et estudiantines qui, bien \u00e9videmment, ne nous laissent pas toujours le loisir de nous asseoir autour d'une table de jeu aussi souvent que nous le d\u00e9sirerions.\r\n\r\nLa campagne tourne en fait autour de deux s\u00e9ries de sc\u00e9narii:\r\n<ul>\r\n\t<li><em>La Pierre de l'Ange<\/em>, qui se d\u00e9roule \u00e0 notre \u00e9poque<\/li>\r\n\t<li><em>La Pierre de l'Ange -- ReDux<\/em>, son pr\u00e9liminaire (bien que mis en place en 2006 seulement), d\u00e9marrant en 1927 pour s'achever vers la fin de la Seconde Guerre Mondiale.<\/li>\r\n<\/ul>\r\nIl va sans dire que l'intrigue de <em>ReDux<\/em> rejoint celle de la campagne d'origine, en y apportant d\u00e9tails et r\u00e9v\u00e9lations que les personnages \"de l'avenir\" trouveront fort utiles dans leur qu\u00eate de v\u00e9rit\u00e9...","protected":false},"excerpt":{"rendered":"<p>La Pierre de l&#8217;Ange est une campagne pour Mage: l&#8217;Ascension commenc\u00e9e en 1997, et qui se poursuit aujourd&#8217;hui, au rythme de nos vies professionnelles et estudiantines qui, bien \u00e9videmment, ne nous laissent pas toujours le loisir de nous asseoir autour d&#8217;une table de jeu aussi souvent que nous le d\u00e9sirerions. La campagne tourne en fait [&hellip;]<\/p>\n","protected":false},"author":2,"featured_media":0,"parent":0,"menu_order":1,"comment_status":"closed","ping_status":"open","template":"","meta":{"footnotes":""},"class_list":["post-2","page","type-page","status-publish","hentry"],"_links":{"self":[{"href":"http:\/\/www.yzabel.net\/mage\/wp-json\/wp\/v2\/pages\/2","targetHints":{"allow":["GET"]}}],"collection":[{"href":"http:\/\/www.yzabel.net\/mage\/wp-json\/wp\/v2\/pages"}],"about":[{"href":"http:\/\/www.yzabel.net\/mage\/wp-json\/wp\/v2\/types\/page"}],"author":[{"embeddable":true,"href":"http:\/\/www.yzabel.net\/mage\/wp-json\/wp\/v2\/users\/2"}],"replies":[{"embeddable":true,"href":"http:\/\/www.yzabel.net\/mage\/wp-json\/wp\/v2\/comments?post=2"}],"version-history":[{"count":0,"href":"http:\/\/www.yzabel.net\/mage\/wp-json\/wp\/v2\/pages\/2\/revisions"}],"wp:attachment":[{"href":"http:\/\/www.yzabel.net\/mage\/wp-json\/wp\/v2\/media?parent=2"}],"curies":[{"name":"wp","href":"https:\/\/api.w.org\/{rel}","templated":true}]}}