{"id":21,"date":"2007-08-03T10:54:46","date_gmt":"2007-08-03T15:54:46","guid":{"rendered":"http:\/\/www.yzabel.net\/mage\/principaux-personnages\/les-personnages-de-redux"},"modified":"2010-08-03T09:49:57","modified_gmt":"2010-08-03T07:49:57","slug":"les-personnages-de-redux","status":"publish","type":"page","link":"http:\/\/www.yzabel.net\/mage\/principaux-personnages\/les-personnages-de-redux","title":{"rendered":"Les personnages de ReDux"},"content":{"rendered":"Il faut de tout pour faire un monde! Apr\u00e8s le corpus principal de la campagne, voici les protagonistes et antagonistes de <em>ReDux<\/em>.\r\n\r\n<strong>Personnages-joueurs: <\/strong>\r\n<ul>\r\n\t<li>[cref helga-melvany], Mage Verbena de Vienne.<\/li>\r\n\t<li>[cref jan-peter], Mage Akashite allemand.<\/li>\r\n\t<li>[cref irena-van-den-haag], Mage Herm\u00e9tiste, bani Fortunae, de La Haye en Hollande.<\/li>\r\n\t<li>[cref frere-piotr], familier martre de Helga, ex-Mage maudit par le Paradoxe.<\/li>\r\n\t<li>[cref nathanael-stanis], Mage Orphelin et fils de Troll.<\/li>\r\n\t<li>Ziya Abalan, diplomate d'Istanbul, et Mage Batini.<\/li>\r\n\t<li>[cref emel-iskan Emel Iskan], Technomancienne et agent de renseignements du Nouvel Ordre Mondial \u00e0 Ankara.<\/li>\r\n\t<li>Tatiana Ivanova Golovine, arch\u00e9ologue russe et Ing\u00e9nieur du Vide.<\/li>\r\n\t<li>Serafim, Inanimae affili\u00e9 \u00e0 l'\u00e9l\u00e9ment de l'air ainsi qu'aux temp\u00eates.<\/li>\r\n\t<li>[cref aster], sans doute Mage, mais non humaine, car \u00e0 pr\u00e9sent incarn\u00e9e dans un corps v\u00e9g\u00e9tal.<\/li>\r\n\t<li>Ada Mendel, agent du CPCI.<\/li>\r\n\t<li>Tim Auracher, journaliste freelance.<\/li>\r\n\t<li>[cref selene-galford Selene Galford], alias la Chienne Infr\u00e9quentable.<\/li>\r\n\t<li>Arnaud \"Maddox\", agent secret pour le compte de la France.<\/li>\r\n\t<li>Lucia Meiring, Eth\u00e9rite venue tout droit des Etats-Unis.<\/li>\r\n\t<li>[cref the-uncannies The Uncannies]: Amelia \"Valkyrie\" Matthews, Emmeline \"Widget\" Brown, Matt \"The Pummeler\" Springer et Sonny \"Gipsy\" Rousseau, d\u00e9tectives new-yorkais.<\/li>\r\n<\/ul>\r\n<strong>Personnages non-joueurs:<\/strong>\r\n<ul>\r\n\t<li>[cref damien-marquis-de-la-place], Vampire Tremere, de Vienne.<\/li>\r\n\t<li>[cref hector-malleaux], Goule de Damien.<\/li>\r\n\t<li>[cref grygor], Mage Herm\u00e9tiste (?)<\/li>\r\n\t<li>[cref fyodor-paniouchkine], Vampire Tremere, et Mateus, son Sire.<\/li>\r\n\t<li>[cref enneakephalos], monstre souterrain.<\/li>\r\n\t<li>[cref jakob-melvany], Mage Choriste, d\u00e9c\u00e9d\u00e9 (?)<\/li>\r\n\t<li>[cref lhoplhop], gardien du domaine des Melvany, et cr\u00e9ature f\u00e9erique ant\u00e9diluvienne.<\/li>\r\n\t<li>[cref alexei-rykov], diplomate et secr\u00e9taire d'Etat \u00e0 la d\u00e9fense de l'Union Sovi\u00e9tique.<\/li>\r\n\t<li>[cref pere-richard-knecht], doyen du chapitre de la cath\u00e9drale de Vienne, Mage Choriste.<\/li>\r\n\t<li>[cref malik], le Maraudeur surnomm\u00e9 \"l'Ottoman\"<\/li>\r\n\t<li>Fr\u00e8res Fahlen et Quantaestellae, Mages Choristes de la cath\u00e9drale, respectivement exorciste et secr\u00e9taire particulier.<\/li>\r\n\t<li>Georg Stanis, myst\u00e9rieux sculpteur des Carpathes, et gardien du Mont Parangu. Accessoirement Troll \u00e0 ses heures.<\/li>\r\n\t<li>Monsieur R., correspondant \u00e9pistolaire de Jakob, Mage (?).<\/li>\r\n\t<li>[cref soc_diogene La soci\u00e9t\u00e9 de Diog\u00e8ne], soci\u00e9t\u00e9 secr\u00e8te de sorciers Traditionalistes \u00e0 laquelle appartiennent Jakob et Irena.<\/li>\r\n\t<li>Fimbulvetr, groupuscule terroriste compos\u00e9 d'\u00e9l\u00e9ments Eveill\u00e9s.<\/li>\r\n\t<li>Thoersten Hoerwick, encore inconnu \u00e0 ce jour, li\u00e9 \u00e0 Jan.<\/li>\r\n\t<li>Angus \"Trickshot\" O'Donnell, alias \"The Shadow\".<\/li>\r\n<\/ul>\r\n<strong>Les Avatars:<\/strong> (eux aussi, ils sont forts)\r\n<ul>\r\n\t<li>Andr\u00e9, dandy vaguement alcoolo et joueur professionnel existant dans le Monde du Miroir, la P\u00e9nombre et\/ou le Monde des Morts (on ne sait pas encore). Appartient pour le meilleur et pour le pire \u00e0 Irena.<\/li>\r\n\t<li>L'Ourse, manifestation parmi tant d'autres de l'Avatar d'Helga.<\/li>\r\n<\/ul>","protected":false},"excerpt":{"rendered":"<p>Il faut de tout pour faire un monde! Apr\u00e8s le corpus principal de la campagne, voici les protagonistes et antagonistes de ReDux. Personnages-joueurs: <a href=\"http:\/\/www.yzabel.net\/mage\/principaux-personnages\/les-personnages-de-redux\/helga-melvany\" title=\"Helga Melvany\">Helga Melvany<\/a>, Mage Verbena de Vienne. <a href=\"http:\/\/www.yzabel.net\/mage\/principaux-personnages\/les-personnages-de-redux\/jan-peter\" title=\"Jan Peter\">Jan Peter<\/a>, Mage Akashite allemand. <a href=\"http:\/\/www.yzabel.net\/mage\/principaux-personnages\/les-personnages-de-redux\/irena-van-den-haag\" title=\"Marja-Irena Angendijk Van den Haag\">Marja-Irena Angendijk Van den Haag<\/a>, Mage Herm\u00e9tiste, bani Fortunae, de La Haye en Hollande. <a href=\"http:\/\/www.yzabel.net\/mage\/principaux-personnages\/les-personnages-de-redux\/frere-piotr\" title=\"Fr\u00e8re Piotr\">Fr\u00e8re Piotr<\/a>, familier martre de Helga, ex-Mage maudit par le [&hellip;]<\/p>\n","protected":false},"author":2,"featured_media":0,"parent":5,"menu_order":0,"comment_status":"open","ping_status":"open","template":"","meta":{"footnotes":""},"class_list":["post-21","page","type-page","status-publish","hentry"],"_links":{"self":[{"href":"http:\/\/www.yzabel.net\/mage\/wp-json\/wp\/v2\/pages\/21","targetHints":{"allow":["GET"]}}],"collection":[{"href":"http:\/\/www.yzabel.net\/mage\/wp-json\/wp\/v2\/pages"}],"about":[{"href":"http:\/\/www.yzabel.net\/mage\/wp-json\/wp\/v2\/types\/page"}],"author":[{"embeddable":true,"href":"http:\/\/www.yzabel.net\/mage\/wp-json\/wp\/v2\/users\/2"}],"replies":[{"embeddable":true,"href":"http:\/\/www.yzabel.net\/mage\/wp-json\/wp\/v2\/comments?post=21"}],"version-history":[{"count":11,"href":"http:\/\/www.yzabel.net\/mage\/wp-json\/wp\/v2\/pages\/21\/revisions"}],"predecessor-version":[{"id":195,"href":"http:\/\/www.yzabel.net\/mage\/wp-json\/wp\/v2\/pages\/21\/revisions\/195"}],"up":[{"embeddable":true,"href":"http:\/\/www.yzabel.net\/mage\/wp-json\/wp\/v2\/pages\/5"}],"wp:attachment":[{"href":"http:\/\/www.yzabel.net\/mage\/wp-json\/wp\/v2\/media?parent=21"}],"curies":[{"name":"wp","href":"https:\/\/api.w.org\/{rel}","templated":true}]}}