{"id":25,"date":"2007-08-04T00:57:46","date_gmt":"2007-08-04T05:57:46","guid":{"rendered":"http:\/\/www.yzabel.net\/mage\/principaux-personnages\/les-personnages-de-lpda\/philemon"},"modified":"2007-08-19T19:29:01","modified_gmt":"2007-08-20T00:29:01","slug":"philemon","status":"publish","type":"page","link":"http:\/\/www.yzabel.net\/mage\/principaux-personnages\/les-personnages-de-lpda\/philemon","title":{"rendered":"Phil\u00e9mon"},"content":{"rendered":"<em>distant - r\u00eaveur - pr\u00e9occup\u00e9<\/em>\r\n\r\nCet \u00e9trange personnage au costume blanc immacul\u00e9 provoque chez ses interlocuteurs des sentiments \u00a0m\u00eal\u00e9s de\u00a0respect et de crainte. Ses longs silences contemplatifs ne font rien pour att\u00e9nuer cela, bien au contraire. Avec son masque domino cachant en permanence son visage,\u00a0ainsi que\u00a0ses longs cheveux d'un noir d'\u00e9b\u00e8ne, l'homme donne \u00e0 ceux qui ont le privil\u00e8ge de le rencontrer une impression irr\u00e9elle, comme si les probl\u00e8mes engendr\u00e9s par la Guerre de l'Ascension n'\u00e9taient pour lui que chim\u00e8res et peccadilles. Phil\u00e9mon a, en effet, bien d'autres\u00a0soucis plus pressants en t\u00eate, et cela se sent \u00e0 chaque fois qu'il d\u00e9cide d'adresser la parole \u00e0 un \u00e9ventuel visiteur.\r\n\r\nIl vit litt\u00e9ralement en marge de la R\u00e9alit\u00e9, \u00e0 l'int\u00e9rieur d'une Poche Umbrale qui semble appara\u00eetre aux moments les plus surprenants. N\u00e9anmoins,\u00a0sa nature\u00a0quasi-onirique est\u00a0devenue rapidement incontestable pour beaucoup de ses visiteurs, au point que certains n'h\u00e9sitent pas \u00e0 dire de lui qu'il hante leurs r\u00eaves. Mais sont-ils vraiment appell\u00e9s l\u00e0 par leur h\u00f4te, ou bien ne sont-ils que les victimes tragiques d'un destin qu'il leur \u00e9chappe? Phil\u00e9mon l\u00e0 encore, demeure muet lorsqu'on vient \u00e0 lui poser cette question, pr\u00e9f\u00e8rant bien souvent lever les yeux vers la vo\u00fbte \u00e9toil\u00e9e de sa prison dimensionnelle, comme pour chercher une \u00e9ventuelle r\u00e9ponse au sein de leur\u00a0froid scintillement...\r\n\r\nEn d\u00e9pit de tout cela, cet \u00e9trange prisonnier va se r\u00e9v\u00e8ler \u00eatre un alli\u00e9 de poids pour les Mages de la Fondation Errante, m\u00eame si la majeure partie de leurs discussions avec lui se solderont essentiellement par une suite de demies-v\u00e9rit\u00e9s accompagn\u00e9e par de nombreux d'avertissements aussi\u00a0sinistres qu'incompr\u00e9hensibles.\r\n\r\nCar cet exil\u00e9 \u00e0 la fois\u00a0hors du temps et hors du commun reste avant tout obnubil\u00e9 par des questions dont le sens \u00e9chappe m\u00eame parfois aux Mages les plus chevronn\u00e9s. Mais comment pourrait-il en \u00eatre autrement pour quelqu'un qui semble consid\u00e9rer qu'une vie humaine est tout aussi br\u00e9ve que le battement d'aile d'un papillon?","protected":false},"excerpt":{"rendered":"<p>distant &#8211; r\u00eaveur &#8211; pr\u00e9occup\u00e9 Cet \u00e9trange personnage au costume blanc immacul\u00e9 provoque chez ses interlocuteurs des sentiments \u00a0m\u00eal\u00e9s de\u00a0respect et de crainte. Ses longs silences contemplatifs ne font rien pour att\u00e9nuer cela, bien au contraire. Avec son masque domino cachant en permanence son visage,\u00a0ainsi que\u00a0ses longs cheveux d&#8217;un noir d&#8217;\u00e9b\u00e8ne, l&#8217;homme donne \u00e0 ceux [&hellip;]<\/p>\n","protected":false},"author":2,"featured_media":0,"parent":18,"menu_order":23,"comment_status":"closed","ping_status":"open","template":"","meta":{"footnotes":""},"class_list":["post-25","page","type-page","status-publish","hentry"],"_links":{"self":[{"href":"http:\/\/www.yzabel.net\/mage\/wp-json\/wp\/v2\/pages\/25","targetHints":{"allow":["GET"]}}],"collection":[{"href":"http:\/\/www.yzabel.net\/mage\/wp-json\/wp\/v2\/pages"}],"about":[{"href":"http:\/\/www.yzabel.net\/mage\/wp-json\/wp\/v2\/types\/page"}],"author":[{"embeddable":true,"href":"http:\/\/www.yzabel.net\/mage\/wp-json\/wp\/v2\/users\/2"}],"replies":[{"embeddable":true,"href":"http:\/\/www.yzabel.net\/mage\/wp-json\/wp\/v2\/comments?post=25"}],"version-history":[{"count":0,"href":"http:\/\/www.yzabel.net\/mage\/wp-json\/wp\/v2\/pages\/25\/revisions"}],"up":[{"embeddable":true,"href":"http:\/\/www.yzabel.net\/mage\/wp-json\/wp\/v2\/pages\/18"}],"wp:attachment":[{"href":"http:\/\/www.yzabel.net\/mage\/wp-json\/wp\/v2\/media?parent=25"}],"curies":[{"name":"wp","href":"https:\/\/api.w.org\/{rel}","templated":true}]}}