{"id":26,"date":"2007-08-15T14:43:05","date_gmt":"2007-08-15T19:43:05","guid":{"rendered":"http:\/\/www.yzabel.net\/mage\/principaux-personnages\/les-personnages-de-lpda\/lhomme-noir"},"modified":"2007-08-20T08:13:09","modified_gmt":"2007-08-20T13:13:09","slug":"lhomme-noir","status":"publish","type":"page","link":"http:\/\/www.yzabel.net\/mage\/principaux-personnages\/les-personnages-de-lpda\/lhomme-noir","title":{"rendered":"L&#8217;Homme Noir"},"content":{"rendered":"<em>myst\u00e9rieux - sinistre - machiav\u00e9lique<\/em>\r\n\r\nFort peu de choses sont certaines en ce qui concerne la nature m\u00eame de l'apparition fant\u00f4matique qui semble se\u00a0dresser r\u00e9guli\u00e8rement face aux protagonistes de la Pierre de l'Ange. Ce monstrueux personnage, dont l'apparence spectrale fait plus penser \u00e0 un\u00a0d\u00e9mon qu'\u00e0 un sorcier\u00a0ne cesse de harceler\u00a0les membres de la Fondation Errante, leur rappellant ainsi\u00a0les terribles enjeux de leur propre mission.\r\n\r\nPr\u00e9f\u00e9rant les actions aux paroles, cette cr\u00e9ature que Phil\u00e9mon appelle \"l'Adversaire\" ne reste jamais tr\u00e8s longtemps au m\u00eame endroit et semble anim\u00e9e par la poursuite incessante d'une qu\u00eate aux objectifs insondables. N\u00e9anmoins, celui-ci ne semble gu\u00e8re appr\u00e9cier le fait d'\u00eatre partiellement tenu en \u00e9chec\u00a0par\u00a0les \u00e9missaires de son\u00a0\u00e9ternel rival,\u00a0qu'il consid\u00e8re comme des m\u00e9prisables vermisseaux.\r\n\r\nL'Homme Noir\u00a0n'attache apparemment aucune valeur aux vies qu'il malm\u00e8ne, et ne s'int\u00e9resse pas \u00e0 l'animosit\u00e9 que pourraient susciter ses m\u00e9thodes. Cela, bien entendu, ne fait que renforcer l'aura terrifiante et inhumaine qui l'accompagne en permanence. Jouant souvent la carte de la d\u00e9fiance arrogante, ce N\u00e9phandus poss\u00e8de une r\u00e9sistance hors du commun, ainsi qu'une\u00a0ma\u00eetrise quasi-instinctive des courants magyques dans lesquelles baigne la Tellurie.\r\n\r\nEn poussant Sardenia vers la folie, l'Homme Noir va provoquer une s\u00e9rie d'incidents particuli\u00e8rement spectaculaires et faire tourner la roue du Destin pour la seconde fois. \u00a0Les protagonistes de la Pierre de l'Ange seront-ils capables d'emp\u00eacher l'in\u00e9vitable et de vaincre\u00a0par l\u00e0-m\u00eame\u00a0ce myst\u00e9rieux \"Proph\u00e8te du N\u00e9ant\"?","protected":false},"excerpt":{"rendered":"<p>myst\u00e9rieux &#8211; sinistre &#8211; machiav\u00e9lique Fort peu de choses sont certaines en ce qui concerne la nature m\u00eame de l&#8217;apparition fant\u00f4matique qui semble se\u00a0dresser r\u00e9guli\u00e8rement face aux protagonistes de la Pierre de l&#8217;Ange. Ce monstrueux personnage, dont l&#8217;apparence spectrale fait plus penser \u00e0 un\u00a0d\u00e9mon qu&#8217;\u00e0 un sorcier\u00a0ne cesse de harceler\u00a0les membres de la Fondation Errante, [&hellip;]<\/p>\n","protected":false},"author":2,"featured_media":0,"parent":18,"menu_order":16,"comment_status":"closed","ping_status":"open","template":"","meta":{"footnotes":""},"class_list":["post-26","page","type-page","status-publish","hentry"],"_links":{"self":[{"href":"http:\/\/www.yzabel.net\/mage\/wp-json\/wp\/v2\/pages\/26","targetHints":{"allow":["GET"]}}],"collection":[{"href":"http:\/\/www.yzabel.net\/mage\/wp-json\/wp\/v2\/pages"}],"about":[{"href":"http:\/\/www.yzabel.net\/mage\/wp-json\/wp\/v2\/types\/page"}],"author":[{"embeddable":true,"href":"http:\/\/www.yzabel.net\/mage\/wp-json\/wp\/v2\/users\/2"}],"replies":[{"embeddable":true,"href":"http:\/\/www.yzabel.net\/mage\/wp-json\/wp\/v2\/comments?post=26"}],"version-history":[{"count":0,"href":"http:\/\/www.yzabel.net\/mage\/wp-json\/wp\/v2\/pages\/26\/revisions"}],"up":[{"embeddable":true,"href":"http:\/\/www.yzabel.net\/mage\/wp-json\/wp\/v2\/pages\/18"}],"wp:attachment":[{"href":"http:\/\/www.yzabel.net\/mage\/wp-json\/wp\/v2\/media?parent=26"}],"curies":[{"name":"wp","href":"https:\/\/api.w.org\/{rel}","templated":true}]}}