{"id":27,"date":"2007-08-15T14:43:30","date_gmt":"2007-08-15T19:43:30","guid":{"rendered":"http:\/\/www.yzabel.net\/mage\/principaux-personnages\/les-personnages-de-lpda\/guido-sardenia"},"modified":"2008-09-22T20:30:52","modified_gmt":"2008-09-22T18:30:52","slug":"guido-sardenia","status":"publish","type":"page","link":"http:\/\/www.yzabel.net\/mage\/principaux-personnages\/les-personnages-de-lpda\/guido-sardenia","title":{"rendered":"Guido Sardenia"},"content":{"rendered":"<em>solitaire - m\u00e9galomane - d\u00e9sesp\u00e9r\u00e9 <\/em>\r\n\r\n<img loading=\"lazy\" decoding=\"async\" src=\"http:\/\/www.yzabel.net\/mage\/wp-content\/uploads\/2008\/09\/guido_sardenia.jpg\" alt=\"Guido Sardenia\" width=\"200\" height=\"200\" align=\"left\" hspace=\"5\" \/>La premi\u00e8re chose frappante chez cet ancien Technomancien, c'est l'intrigant m\u00e9lange de charisme et de folie dont il semble faire preuve en permanence. Ses v\u00eatements de grand standing ainsi que son calme imperturbable pourraient bien s\u00fbr abuser un simple Dormeur, mais n'importe quel Eveill\u00e9 peut ais\u00e8ment percevoir le tumulte int\u00e9rieur qui r\u00e8gne\u00a0en lui depuis peu. Ses yeux d'un\u00a0bleu cobalt \u00e9tincellant trahissent d'ailleurs souvent\u00a0cet \u00e9tat d'esprit, tant et si bien qu'il pr\u00e9f\u00e8re \u00e0 pr\u00e9sent les dissimuler derri\u00e8re des lunettes noires.\r\n\r\nEl\u00e8ve mod\u00e8le \u00e0 l'esprit ac\u00e9r\u00e9 et intuitif, il semblait \u00eatre promis \u00e0 un grand avenir au sein de la Technocratie, et durant pr\u00e8s de dix ans, cela fut effectivement le cas. Du moins, jusqu'\u00e0 ce que lui et ses amis de toujours, Christine et Simon d\u00e9cident de fonder le \"Projet Zodiac\" en 1984...\r\n\r\nH\u00e9las, certaines choses ne devraient jamais \u00eatre \u00e9tudi\u00e9es, et l'autrefois brillant Technomancien sortira bris\u00e9 de la d\u00e9b\u00e2cle caus\u00e9e par ses recherches.\r\n\r\nSardenia,\u00a0devenu aigri et desesp\u00e9r\u00e9 apr\u00e8s quinze ann\u00e9es d'ostrascisme larv\u00e9,\u00a0pense avoir trop attendu, trop sacrifi\u00e9 de temps sur l'autel de la fidelit\u00e9\u00a0vis-\u00e0-vis de ses sup\u00e9rieurs, et la crainte de voir ses r\u00eaves dispara\u00eetre\u00a0\u00e0 jamais\u00a0grandit chaque jour davantage au plus profond de lui.\u00a0L'Hubris de ce\u00a0Maraudeur en devenir\u00a0est bien trop grand pour\u00a0qu'il puisse se\u00a0contenter d'un destin ordinaire, et ce n'est qu'une question de temps avant que son ambition ne le d\u00e9vore corps et \u00e2me...","protected":false},"excerpt":{"rendered":"<p>solitaire &#8211; m\u00e9galomane &#8211; d\u00e9sesp\u00e9r\u00e9 La premi\u00e8re chose frappante chez cet ancien Technomancien, c&#8217;est l&#8217;intrigant m\u00e9lange de charisme et de folie dont il semble faire preuve en permanence. Ses v\u00eatements de grand standing ainsi que son calme imperturbable pourraient bien s\u00fbr abuser un simple Dormeur, mais n&#8217;importe quel Eveill\u00e9 peut ais\u00e8ment percevoir le tumulte int\u00e9rieur [&hellip;]<\/p>\n","protected":false},"author":2,"featured_media":0,"parent":18,"menu_order":26,"comment_status":"open","ping_status":"open","template":"","meta":{"footnotes":""},"class_list":["post-27","page","type-page","status-publish","hentry"],"_links":{"self":[{"href":"http:\/\/www.yzabel.net\/mage\/wp-json\/wp\/v2\/pages\/27","targetHints":{"allow":["GET"]}}],"collection":[{"href":"http:\/\/www.yzabel.net\/mage\/wp-json\/wp\/v2\/pages"}],"about":[{"href":"http:\/\/www.yzabel.net\/mage\/wp-json\/wp\/v2\/types\/page"}],"author":[{"embeddable":true,"href":"http:\/\/www.yzabel.net\/mage\/wp-json\/wp\/v2\/users\/2"}],"replies":[{"embeddable":true,"href":"http:\/\/www.yzabel.net\/mage\/wp-json\/wp\/v2\/comments?post=27"}],"version-history":[{"count":0,"href":"http:\/\/www.yzabel.net\/mage\/wp-json\/wp\/v2\/pages\/27\/revisions"}],"up":[{"embeddable":true,"href":"http:\/\/www.yzabel.net\/mage\/wp-json\/wp\/v2\/pages\/18"}],"wp:attachment":[{"href":"http:\/\/www.yzabel.net\/mage\/wp-json\/wp\/v2\/media?parent=27"}],"curies":[{"name":"wp","href":"https:\/\/api.w.org\/{rel}","templated":true}]}}