{"id":281,"date":"2008-10-14T20:32:39","date_gmt":"2008-10-14T18:32:39","guid":{"rendered":"http:\/\/www.yzabel.net\/mage\/?page_id=281"},"modified":"2009-07-31T19:20:48","modified_gmt":"2009-07-31T17:20:48","slug":"realite-ailleurs","status":"publish","type":"page","link":"http:\/\/www.yzabel.net\/mage\/lintrigue\/realite-ailleurs","title":{"rendered":"Un pied dans la r\u00e9alit\u00e9, l&#8217;autre d\u00e9j\u00e0 ailleurs&#8230;"},"content":{"rendered":"<p style=\"text-align: justify;\"><span style=\"font-size: small;\"><span class=\"shutter\"><em>Cette page rend hommage aux personnages historiques\u00a0ayant r\u00e9ellement exist\u00e9\u00a0au cours du XIX\u00e8me si\u00e8cle\u00a0et dans la premi\u00e8re moiti\u00e9 du XX\u00e8me et qui ont servi d'inspiration \u00e0 certains personnages.<\/em> <em>Comme vous \u00eates des grandes personnes, on suppose que vous\u00a0consulterez un moteur de recherche pour voir de plus pr\u00e8s \u00e0 quoi ressemblent les oeuvres et les personnages\u00a0cit\u00e9s ici. <\/em><\/span><\/span><\/p>\r\n\r\n<h3><strong><span class=\"shutter\">- Paul C\u00e9zanne (1839 -1906), peintre impressionniste. <\/span><\/strong><\/h3>\r\n<p style=\"text-align: justify;\"><span class=\"shutter\">N\u00e9 \u00e0 Aix-en-Provence, il abandonne une carri\u00e8re juridique pour se vouer enti\u00e8rement \u00e0 la peinture, les\u00a0profits de son p\u00e8re, commer\u00e7ant et banquier,\u00a0lui donnant une marge substancielle de revenus. <\/span><\/p>\r\n<p style=\"text-align: justify;\"><span class=\"shutter\">Il travaille en autodidacte \u00e0 partir de 1863.\u00a0Ses oeuvres sont refus\u00e9es et d\u00e9cri\u00e9es dans les salons o\u00f9 il les pr\u00e9sente. Il prend alors ses distances avec le milieu de la peinture, et seuls Pissarro,\u00a0Renoir et Monet lui rendent visite r\u00e9guli\u00e8rement.\u00a0Il travaille en solitaire, en artisan, dans son atelier de Pontoise, puis d'Aix, et en plein-air. Son talent n'est pleinement reconnu qu'en 1893, lorsqu'une r\u00e9trospective\u00a0lui est consacr\u00e9e et\u00a0permet \u00e0 une\u00a0multitude de jeunes artistes\u00a0de se r\u00e9clamer de son courant artistique. <\/span><\/p>\r\n<p style=\"text-align: justify;\"><span class=\"shutter\">Son oeuvre\u00a0est embl\u00e9matique de l'\u00e9volution de la\u00a0peinture entre les courants romantiques\u00a0ou r\u00e9alistes\u00a0du XIX\u00e8me\u00a0et la peinture moderne du XX\u00e8me si\u00e8cle. Il se d\u00e9tache progressivement de la reproduction\u00a0vraisemblable\u00a0de la sc\u00e8ne \u00e0 faire voir pour\u00a0en faire une nouvelle\u00a0vision esth\u00e9tique, notemment par le traitement des couleurs et des\u00a0volumes g\u00e9om\u00e9triques. Ses natures mortes et ses nombreuses vues de la Montagne Sainte-Victoire illustrent\u00a0son cheminement\u00a0progressif dans la recherche des formes et des couleurs. <\/span><\/p>\r\n<p style=\"text-align: justify;\"><span class=\"shutter\"><em>Ses traits de caract\u00e8re et ses m\u00e9thodes de travail\u00a0ont \u00e9t\u00e9\u00a0largement emprunt\u00e9es pour donner une certaine \u00e9paisseur au personnage de Jakob Melvany. <\/em><\/span><\/p>\r\n\r\n<h3 style=\"text-align: justify;\"><strong>- Max Ernst (1891 - 1976), peintre et sculpteur,\u00a0membre des mouvements Dada et surr\u00e9aliste.<\/strong><\/h3>\r\n<p style=\"text-align: justify;\">L'oeuvre de Max Ernst se caract\u00e9rise dans les ann\u00e9es 1912-1930 par des\u00a0montages ainsi que des collages de photographies ou de formes a priori\u00a0sans\u00a0rapport les unes avec les autres. Ils d\u00e9noncent dans un premier temps l'\u00e9troitesse de vue petite-bourgeoise\u00a0qui semble alors r\u00e8gner \u00a0en Allemagne. Apr\u00e8s son arriv\u00e9e en France, en 1922,\u00a0o\u00f9 il fr\u00e9quente Andr\u00e9 Breton et Paul Eluard, ses tableaux et assemblages surr\u00e9alistes\u00a0deviennent progressivement des\u00a0images-\u00e9nigmes, symboles abstraits de\u00a0situations oniriques ou de sentiments difficiles \u00e0 d\u00e9chiffrer.<\/p>\r\n<p style=\"text-align: justify;\">Il d\u00e9couvre en 1925 la m\u00e9thode du\u00a0frottage de diff\u00e9rents supports sur\u00a0des \u00e9l\u00e9ments naturels ou synth\u00e9tiques. Les effets de mati\u00e8re alors obtenus font surgir dans son esprit de nouvelles compositions visuelles, \u00e0 la mani\u00e8re de la libre association d'id\u00e9es chez les surr\u00e9alistes. Son cycle de grattages <em>Histoire naturelle<\/em>, enti\u00e8rement n\u00e9 de son imagination,\u00a0est un pied-de-nez au positivisme scientifique en vogue \u00e0 cette \u00e9poque. La confrontation incessante entre la civilisation humaine\u00a0et l'exhub\u00e9rance\u00a0de la nature\u00a0transpara\u00eet dans la majorit\u00e9 de ses oeuvres.<\/p>\r\n<p style=\"text-align: justify;\">A partir de 1930, un \u00e9trange oiseau-coquillage-sauterelle appel\u00e9 Loplop,\u00a0\"fant\u00f4me priv\u00e9\" de Max Ernst selon ses d\u00e9clarations,\u00a0fait son entr\u00e9e dans un cycle de toiles qui lui est partiellement d\u00e9di\u00e9. Repr\u00e9sentant\u00a0silencieux du peintre, pr\u00e9sentateur de ses oeuvres, et narrateur du fil\u00a0directeur de\u00a0ses toiles, il joue \u00e9galement le r\u00f4le de t\u00e9moin d\u00e9sol\u00e9 des ruines et de l'envahissement par la v\u00e9g\u00e9tation de villes abandonn\u00e9es par l'homme. Comme un sinistre reflet de la r\u00e9alit\u00e9 qui l'environne...<\/p>\r\n<p style=\"text-align: justify;\">Le d\u00e9but\u00a0de la guerre en 1939 le contraint \u00e0 s'enfuir aux Etats-Unis, suite \u00e0 deux arrestations en France, alors qu'il testait une nouvelle m\u00e9thode en appliquant de la peinture sur\u00a0une toile par le biais d'une plaque de verre, ce qui lui permet d'obtenir des effets de mousse, de fourrure ou d'eau. Ses tableaux les plus repr\u00e9sentatifs\u00a0sont alors <em>l'Europe apr\u00e8s la pluie (1942) <\/em>et <em>l'oeil du silence <\/em>( 1943). Peu de temps apr\u00e8s la guerre, il\u00a0exp\u00e9rimente une m\u00e9thode de peinture par d\u00e9versement d'un\u00a0ou de\u00a0plusieurs jets\u00a0sur la toile, une technique proche du <em>dripping<\/em> de Jackson Pollock.<\/p>\r\n<p style=\"text-align: justify;\"><em>On vous racontera la suite de la vie de Max Ernst quand on aura avanc\u00e9 un peu plus dans la campagne. Son oeuvre et son cheminement artistique ont inspir\u00e9 Helga et le Conteur dans leur \u00e9vocation des oeuvres de Jakob Melvany. <\/em><\/p>\r\n\r\n<h3><strong>- Constantin Brancusi (1876 - 1957) sculpteur abstrait.<\/strong><\/h3>\r\nN\u00e9 dans le hameau de Hobita, pr\u00e8s de Targu Jiu en Roumanie, il se forme en Roumanie et aux Beaux-Arts de Paris. S'\u00e9loignant de plus\u00a0en plus de son ma\u00eetre Auguste Rodin, il recherche la puissance d'expression de ses oeuvres dans\u00a0des formes stylis\u00e9es et \u00e9pur\u00e9es.\r\n<p style=\"text-align: justify;\">Sa premi\u00e8re oeuvre d'importance est <em>Le Baiser <\/em>(1910)<em>, <\/em>plac\u00e9 sur la tombe d'une jeune femme russe qui s'\u00e9tait suicid\u00e9e par amour.<\/p>\r\n<p style=\"text-align: justify;\">Il r\u00e9alise ensuite une s\u00e9rie d'oeuvres intitul\u00e9es \"Oiseaux\", o\u00f9\u00a0il\u00a0affine progressivement\u00a0dans la forme allong\u00e9e et \u00e9tir\u00e9e de l'oiseau prenant son vol la qu\u00eate de la spiritualit\u00e9 et du bonheur.<\/p>\r\n<p style=\"text-align: justify;\">A la demande des femmes du comt\u00e9 de Gorg, il entreprend \u00e0 partir de 1935 un ensemble de\u00a0trois monuments repr\u00e9sentant les grandes \u00e9tapes de la vie : la T<em>able du silence<\/em>, la P<em>orte du baiser<\/em> et la C<em>olonne sans fin<\/em>. La <em>Table du silence <\/em>est une table basse et ronde en pierre, entour\u00e9e de douze tabourets taill\u00e9s dans la m\u00eame mati\u00e8re. La P<em>orte du baiser <\/em>reprend le th\u00e8me du <em>Baiser <\/em>de 1910, tout en d\u00e9multipliant les bustes accol\u00e9s, et en y ajoutant le motif de l'oeil central unique. Enfin, <em>la Colonne sans fin<\/em> reprend le mythe de l'Axis Mundi : un grand pilier soutenant la vo\u00fbte c\u00e9leste et faisant se rejoindre terre et ciel.<\/p>\r\n<p style=\"text-align: justify;\"><em>Cet artiste et ses oeuvres\u00a0ont tr\u00e8s librement inspir\u00e9\u00a0au MJ le personnage de Georg Stanis ainsi que le titre du sc\u00e9nario o\u00f9 ce dernier appara\u00eet.<\/em><\/p>\r\n\r\n<h3><strong>- Alexei Ivanovitch Rykov (1881-1938), homme politique et diplomate russe.<\/strong><\/h3>\r\n<em>Il\u00a0appara\u00eet en tant que personnage historique ( donc avec des traits fictifs) dans le sc\u00e9nario Axis Mundi de Redux. De plus une description plus d\u00e9taill\u00e9e lui est consacr\u00e9 dans la partie de ce site consacr\u00e9e aux PNJs.<\/em>\r\n<h3><strong>- Gitta Mallasz (1907 -1992), \u00e9crivain.<\/strong><\/h3>\r\n<p style=\"text-align: justify;\">Gitta Mallasz est une jeune femme\u00a0n\u00e9e dans une famille aristocrate austro-hongroise au d\u00e9but du XX\u00e8me si\u00e8cle,\u00a0\u00a0son p\u00e8re \u00e9tait\u00a0un officier de haut rang dans l'arm\u00e9e. Elle entreprend des \u00e9tudes \u00e0 l'\u00e9cole des arts d\u00e9coratifs de Budapest. Tr\u00e8s dou\u00e9e pour la natation, elle devient championne de dos crawl\u00e9 \u00e0 la fin des ann\u00e9es 1920. Elle se lie avec un petit groupe d'amis dont les professions sont \u00e9galement li\u00e9s \u00e0 l'esth\u00e9tique.\u00a0Pendant la deuxi\u00e8me guerre mondiale, GItta doit prot\u00e9ger ses amis, qui sont de confession juive. Ils trouvent une maison\u00a0de confection install\u00e9e dans un couvent\u00a0dans les environs de Budapest.<\/p>\r\n<p style=\"text-align: justify;\">Lors d'une conversation au sujet de leurs difficult\u00e9s personnelles, li\u00e9es au contexte tragique de l'\u00e9poque,\u00a0 une de ses amies, Hanna, l'avertit qu'elle ne ma\u00eetrise plus ses paroles et qu'un \"Ange\" parle \u00e0 sa place. S'en suivent pendant dix-sept mois des dialogues, entre \"l'Ange\" et les\u00a0membres du petit groupe,\u00a0d'une port\u00e9e spirituelle universelle, o\u00f9 apparaissent n\u00e9anmoins\u00a0des \u00e9lements de culture chr\u00e9tienne et juive.\u00a0Ils sont transcrits par Gitta dans des cahiers noirs.<\/p>\r\n<p style=\"text-align: justify;\">L'arm\u00e9e nazie d\u00e9couvre le couvent, les amis de Gitta ainsi que les autres Juifs r\u00e9fugi\u00e9s dans ce couvent sont d\u00e9port\u00e9s et extermin\u00e9s. Gitta, rest\u00e9e en Hongrie,\u00a0subit le r\u00e9gime diactatorial russe.<\/p>\r\n<p style=\"text-align: justify;\">Elle s'enfuit pour la France en 1960, o\u00f9 elle trouve un mari. Elle s'att\u00e8le, entour\u00e9e d'un nouveau groupe, \u00e0 la traduction des Dialogues, qui sont publi\u00e9s en fran\u00e7ais en 1976. L'int\u00e9r\u00eat du public pour son parcours et ce texte est tr\u00e8s important.<\/p>\r\n\r\n<em>L'aventure spirituelle de Gitta Mallasz a inspir\u00e9 en partie le personnage de Luminita Carnatar. <\/em>\r\n<h3><strong>- \u00a0Gilberte de Courgenay (1896 - 1957), serveuse.<\/strong><\/h3>\r\n<p style=\"text-align: justify;\">Elle est serveuse dans le restaurant de ses parents, dans la petite ville suisse de Courgenay, dans le canton du Jura suisse pendant la premi\u00e8re guerre mondiale. Sa connaissance de l'allemand lui permet de servir de traductrice entre les\u00a0troupes\u00a0parlant l'allemand et les autorit\u00e9s\u00a0communales. \u00a0Comme elle est mignonne et sympathique, un soldat ayant des talents de compositeur lui \u00e9crit une chanson qui deviendra c\u00e9l\u00e8bre.<\/p>\r\n\r\n<em>Elle repr\u00e9sente pas mal l'atmosph\u00e8re de l'auberge encore inconnue\u00a0die stille Nacht, quelque part en Suisse. <\/em>\r\n<h3><strong>- Pyotr Lazarevitch Voykov (1888 - 1927), diplomate sovi\u00e8tique.<\/strong><\/h3>\r\nFils d'un ing\u00e9nieur des mines russe, Voykov\u00a0est attir\u00e9 tr\u00e8s jeune par les id\u00e9aux r\u00e9volutionnaires de son \u00e9poque, et rejoint le parti des Mensheviks d\u00e8s l'\u00e2ge de 15 ans. Son comportement brutal ainsi que ses positions politiques radicales le condamnent \u00e0 l'exil, mais il ne tarde pas \u00e0 revenir en Russie apr\u00e8s un court s\u00e9jour universitaire en Suisse. Il devient alors membre du parti Bolchevique et se voit confier le titre de Commissaire du Peuple Charg\u00e9 de l'Approvisionnement Gouvernemental pour la r\u00e9gion de l'Oural, sous le nom de code 'L'Intellectuel'.\r\n\r\nDevenu un membre important du Soviet de l'Oural, il participe \u00e0 la gestion des fermes de la r\u00e9gion, et use de son influence apr\u00e8s la R\u00e9volution d'Octobre afin de fournir \u00e0 ses sup\u00e9rieurs les moyens d'ex\u00e9cuter le Tsar et sa famille. Il r\u00e9quisitionne notamment 500 litres d'essence et 800 kg d'acide sulfurique, qui l'aideront \u00e0 se d\u00e9barrasser des cadavres. Une fois ce forfait accompli, il retourne \u00e0 Moscou en 1920, o\u00f9 on le r\u00e9compense en lui faisant pr\u00e9sider les ench\u00e8res destin\u00e9es \u00e0 revendre les possessions de la couronne russe, dont une bonne partie de l'immense collection d'Oeufs de Faberg\u00e9 qu'Alexandre III et Nicolas II avaient accumul\u00e9e au fil des ann\u00e9es.\r\n\r\nNomm\u00e9 'repr\u00e9sentant pl\u00e9nipotentiaire' de l'URSS\u00a0en Pologne en 1924,\u00a0il finit par \u00eatre assassin\u00e9 en 1927, sa mort provoquant un terrible incident diplomatique entre les deux pays. Bien que l'identit\u00e9 de son assassin ait \u00e9t\u00e9 modifi\u00e9e dans le cadre de ReDux, la raison m\u00eame de sa mort demeure presque la m\u00eame que dans la r\u00e9alit\u00e9. En effet,\u00a0FimbulVetr souhaitant\u00a0venger l'ex\u00e9cution de la famille imp\u00e9riale tout en semant le trouble au sein de l'\u00e9chiquier politique europ\u00e9en.","protected":false},"excerpt":{"rendered":"<p>Cette page rend hommage aux personnages historiques\u00a0ayant r\u00e9ellement exist\u00e9\u00a0au cours du XIX\u00e8me si\u00e8cle\u00a0et dans la premi\u00e8re moiti\u00e9 du XX\u00e8me et qui ont servi d&#8217;inspiration \u00e0 certains personnages. Comme vous \u00eates des grandes personnes, on suppose que vous\u00a0consulterez un moteur de recherche pour voir de plus pr\u00e8s \u00e0 quoi ressemblent les oeuvres et les personnages\u00a0cit\u00e9s ici. [&hellip;]<\/p>\n","protected":false},"author":3,"featured_media":0,"parent":6,"menu_order":2,"comment_status":"open","ping_status":"open","template":"","meta":{"footnotes":""},"class_list":["post-281","page","type-page","status-publish","hentry"],"_links":{"self":[{"href":"http:\/\/www.yzabel.net\/mage\/wp-json\/wp\/v2\/pages\/281","targetHints":{"allow":["GET"]}}],"collection":[{"href":"http:\/\/www.yzabel.net\/mage\/wp-json\/wp\/v2\/pages"}],"about":[{"href":"http:\/\/www.yzabel.net\/mage\/wp-json\/wp\/v2\/types\/page"}],"author":[{"embeddable":true,"href":"http:\/\/www.yzabel.net\/mage\/wp-json\/wp\/v2\/users\/3"}],"replies":[{"embeddable":true,"href":"http:\/\/www.yzabel.net\/mage\/wp-json\/wp\/v2\/comments?post=281"}],"version-history":[{"count":6,"href":"http:\/\/www.yzabel.net\/mage\/wp-json\/wp\/v2\/pages\/281\/revisions"}],"predecessor-version":[{"id":366,"href":"http:\/\/www.yzabel.net\/mage\/wp-json\/wp\/v2\/pages\/281\/revisions\/366"}],"up":[{"embeddable":true,"href":"http:\/\/www.yzabel.net\/mage\/wp-json\/wp\/v2\/pages\/6"}],"wp:attachment":[{"href":"http:\/\/www.yzabel.net\/mage\/wp-json\/wp\/v2\/media?parent=281"}],"curies":[{"name":"wp","href":"https:\/\/api.w.org\/{rel}","templated":true}]}}