{"id":283,"date":"2008-10-13T14:30:02","date_gmt":"2008-10-13T12:30:02","guid":{"rendered":"http:\/\/www.yzabel.net\/mage\/?page_id=283"},"modified":"2008-10-13T15:51:56","modified_gmt":"2008-10-13T13:51:56","slug":"alexei-rykov","status":"publish","type":"page","link":"http:\/\/www.yzabel.net\/mage\/principaux-personnages\/les-personnages-de-redux\/alexei-rykov","title":{"rendered":"Alexei Rykov"},"content":{"rendered":"<div><img decoding=\"async\" src=\"http:\/\/www.yzabel.net\/mage\/wp-content\/uploads\/2008\/10\/alexei_rykov.jpg\" alt=\"Alexei Rykov\" align=\"right\" hspace=\"5\"\/><em>Troubl\u00e9 - Tol\u00e9rant - Na\u00eff<\/em><\/div>\r\n<div><em> <\/em><\/div>\r\n<em> <\/em>\r\n\r\n<em><\/em>\r\n\r\nAlexei Rykov, avec son allure l\u00e9g\u00e8rement nonchalante, et son air faussement d\u00e9bonnaire, pourrait ais\u00e8ment laisser croire aux personnes qui l\u2019entourent qu\u2019il n\u2019est qu\u2019un pur produit de la machine politique sovi\u00e8tique. D\u00e9vou\u00e9 au Parti et ob\u00e9issant aveugl\u00e9ment aux consignes. Mais quiconque penserait une chose pareille commettrait une grave erreur de jugement.\r\n\r\nComme tout homme politique qui se respecte, Rykov sait jouer sur les apparences, d\u2019autant plus lorsque cela lui permet de garder sa position, ainsi que sa t\u00eate. Il a vu beaucoup trop de sang couler pour avoir vraiment envie de changer les choses dans son pays, surtout si cela veut dire risquer ses pr\u00e9cieux acquis. En cela il est l\u00e2che et m\u00e9prisable, et il le sait.\r\n\r\nAussi, afin de racheter sa conscience, le nouvellement nomm\u00e9 Secr\u00e9taire du Peuple au Travail et \u00e0 la D\u00e9fense a d\u00e9cid\u00e9 de consacrer tous ses efforts \u00e0 la r\u00e9alisation de progr\u00e8s sociaux au sein de sa M\u00e8re Patrie, privil\u00e9giant la discussion aux troubles d\u2019une R\u00e9volution Permanente. A l\u2019id\u00e9ologie trotskiste, qui le pr\u00e9occupe grandement, Rykov pr\u00e9f\u00e8re le charisme autoritaire de Staline, s\u2019imaginant ainsi pr\u00e9server la Russie d\u2019un nouveau bain de sang. En cela, il se trompe, et cette ultime erreur va sceller sa perte, comme l\u2019Histoire le prouvera dans quelques ann\u00e9es.\r\n\r\nLes membres de la Fondation Errante feront sa connaissance au d\u00e9but <em>d\u2019Axis Mundi<\/em>, o\u00f9 ils d\u00e9couvriront avec stupeur que le Secr\u00e9taire d\u2019Etat sovi\u00e8tique semble entretenir, et cela sans le savoir, des rapports assez intimes avec l\u2019un des membres de FimbulVetr. Apr\u00e8s un trajet plut\u00f4t mouvement\u00e9 jusqu\u2019en Roumanie, leurs chemins se s\u00e9parent bri\u00e8vement, Jan Peter acceptant n\u00e9anmoins de rejoindre Rykov \u00e0 Istanbul afin de prot\u00e9ger sa personne ainsi que sa mission diplomatique d\u2019un possible attentat foment\u00e9 par les anciens comparses de l\u2019Akashite.","protected":false},"excerpt":{"rendered":"<p>Troubl\u00e9 &#8211; Tol\u00e9rant &#8211; Na\u00eff Alexei Rykov, avec son allure l\u00e9g\u00e8rement nonchalante, et son air faussement d\u00e9bonnaire, pourrait ais\u00e8ment laisser croire aux personnes qui l\u2019entourent qu\u2019il n\u2019est qu\u2019un pur produit de la machine politique sovi\u00e8tique. D\u00e9vou\u00e9 au Parti et ob\u00e9issant aveugl\u00e9ment aux consignes. Mais quiconque penserait une chose pareille commettrait une grave erreur de jugement. [&hellip;]<\/p>\n","protected":false},"author":3,"featured_media":0,"parent":21,"menu_order":19,"comment_status":"open","ping_status":"open","template":"","meta":{"footnotes":""},"class_list":["post-283","page","type-page","status-publish","hentry"],"_links":{"self":[{"href":"http:\/\/www.yzabel.net\/mage\/wp-json\/wp\/v2\/pages\/283","targetHints":{"allow":["GET"]}}],"collection":[{"href":"http:\/\/www.yzabel.net\/mage\/wp-json\/wp\/v2\/pages"}],"about":[{"href":"http:\/\/www.yzabel.net\/mage\/wp-json\/wp\/v2\/types\/page"}],"author":[{"embeddable":true,"href":"http:\/\/www.yzabel.net\/mage\/wp-json\/wp\/v2\/users\/3"}],"replies":[{"embeddable":true,"href":"http:\/\/www.yzabel.net\/mage\/wp-json\/wp\/v2\/comments?post=283"}],"version-history":[{"count":0,"href":"http:\/\/www.yzabel.net\/mage\/wp-json\/wp\/v2\/pages\/283\/revisions"}],"up":[{"embeddable":true,"href":"http:\/\/www.yzabel.net\/mage\/wp-json\/wp\/v2\/pages\/21"}],"wp:attachment":[{"href":"http:\/\/www.yzabel.net\/mage\/wp-json\/wp\/v2\/media?parent=283"}],"curies":[{"name":"wp","href":"https:\/\/api.w.org\/{rel}","templated":true}]}}