{"id":289,"date":"2008-11-03T13:16:51","date_gmt":"2008-11-03T11:16:51","guid":{"rendered":"http:\/\/www.yzabel.net\/mage\/?page_id=289"},"modified":"2008-11-03T13:18:20","modified_gmt":"2008-11-03T11:18:20","slug":"annexe-les-textes-prophetiques","status":"publish","type":"page","link":"http:\/\/www.yzabel.net\/mage\/lintrigue\/redux\/annexe-les-textes-prophetiques","title":{"rendered":"Annexe: Les textes proph\u00e9tiques"},"content":{"rendered":"Deux textes se faisant r\u00e9ciproquement \u00e9cho sont apparus au cours de la Chronique <em>ReDux<\/em>. Pour le moment surnomm\u00e9s \"proph\u00e9ties\", \u00e0 d\u00e9faut de mieux, ils apportent quelques confirmations troublantes, et beaucoup de questions plus troublantes encore.\r\n\r\nLa premi\u00e8re proph\u00e9tie, dite \"proph\u00e9tie de Jakob\", a \u00e9t\u00e9 prononc\u00e9e par la statue de l'ange situ\u00e9e dans le mausol\u00e9e de Jakob Melvany \u00e0 Vienne:\r\n<p style=\"text-align: center;\"><em>En qu\u00eate du Dragon du Cr\u00e9puscule<\/em><br style=\"font-style: italic;\" \/><em>L\u2019homme sans ombre est parti<\/em><br style=\"font-style: italic;\" \/><em>Sans espoir de retour.<\/em><br style=\"font-style: italic;\" \/><br style=\"font-style: italic;\" \/><em>D\u00e9vor\u00e9e par la curiosit\u00e9<\/em><br style=\"font-style: italic;\" \/><em>Et le chagrin,<\/em><br style=\"font-style: italic;\" \/><em>La sombre reine Helga<\/em><br style=\"font-style: italic;\" \/><em>Rassemble son arm\u00e9e.<\/em><br style=\"font-style: italic;\" \/><br style=\"font-style: italic;\" \/><em>Balder, messager d\u2019une lumi\u00e8re \u00e9teinte<\/em><br style=\"font-style: italic;\" \/><em>Nott, \u00e9g\u00e9rie d\u2019une \u00e9poque qui la rejette<\/em><br style=\"font-style: italic;\" \/><em>Ainsi que Hoenir, t\u00e9moin d\u2019un drame mill\u00e9naire,<\/em><br style=\"font-style: italic;\" \/><em>La recherchent sans le savoir.<\/em><br style=\"font-style: italic;\" \/><br style=\"font-style: italic;\" \/><em>La P\u00e9nombre abominable s\u2019\u00e9tend sur le monde<\/em><br style=\"font-style: italic;\" \/><em>Et bient\u00f4t, m\u00eame le gardien d\u2019Elysion tombera.<\/em><br style=\"font-style: italic;\" \/><br style=\"font-style: italic;\" \/><em>Le lac d\u2019Alba se mettra \u00e0 bouillir,<\/em><br style=\"font-style: italic;\" \/><em>Et le dernier rejeton d\u2019Ygg br\u00fblera.<\/em><br style=\"font-style: italic;\" \/><br style=\"font-style: italic;\" \/><em>La venue du Miroir des \u00c2mes sera le premier signe.<\/em><br style=\"font-style: italic;\" \/><em>La mort des Archontes le dernier.<\/em><br style=\"font-style: italic;\" \/><br style=\"font-style: italic;\" \/><em>Ne pleurez pas le d\u00e9part<\/em><br style=\"font-style: italic;\" \/><em>De cet \u00eatre indigne<\/em><br style=\"font-style: italic;\" \/><em>Certaines choses ne peuvent \u00eatre chang\u00e9es.<\/em><\/p>\r\n\r\nLe deuxi\u00e8me texte, dit \"de Shem-su Heru\" (du nom du temple, ou peut-\u00eatre de la tombe, dans laquelle il a \u00e9t\u00e9 trouv\u00e9), semble \u00eatre beaucoup plus proche d'un po\u00e8me comm\u00e9moratif que d'une proph\u00e9tie en soi:\r\n<p style=\"text-align: center;\"><em>Et voil\u00e0 soudain que s'\u00e9l\u00e8ve au firmament\r\nLa terrible menace sans nom,\r\nSes \u00e9cailles ruisselant du sang des innocents.<\/em>\r\n\r\n<p style=\"text-align: center;\"><em>Prions, mes enfants,\r\nPour que cette infernale vision\r\nNe demeure qu'un cauchemar.<\/em>\r\n\r\n<p style=\"text-align: center;\"><em>Et rendons gr\u00e2ce aux dieux,\r\nQui dans leur infinie bont\u00e9\r\nNous envoy\u00e8rent autrefois leur descendance\r\nAfin de conjurer notre horrible destin.<\/em>\r\n\r\n<p style=\"text-align: center;\"><em>Jusaaset, sombre tigresse \u00e0 la rage meurtri\u00e8re,\r\nSoth, pensive lumi\u00e8re des temps pass\u00e9s,\r\nGebharat, au coeur et \u00e0 la volont\u00e9 inflexible,\r\nNekhbet, l'enchanteresse aux yeux d'opale.<\/em>\r\n\r\n<p style=\"text-align: center;\"><em>Puissent leurs noms ne jamais \u00eatre oubli\u00e9s,\r\nEt puisse l'engeance d'Apep \u00eatre bannie \u00e0 jamais\r\nAu plus profond de Duat,\r\nL\u00e0 o\u00f9 r\u00e8gne la plus grande des Ombres.<\/em>\r\n\r\n<p style=\"text-align: center;\"><span style=\"font-size: 7pt; line-height: 1.3em;\"><em>Salafi a grav\u00e9 ici ces mots,\r\nen l'an 73 de la nouvelle \u00e8re.<\/em><\/span>\r\n<p style=\"text-align: center;\"><span style=\"font-size: 7pt; line-height: 1.3em;\"><em>R\u00e9-Faram voit et entend.<\/em><\/span><\/p>\r\n\r\nFait troublant, les deux textes \u00e9taient l'un prononc\u00e9, l'autre r\u00e9dig\u00e9 en hyperbor\u00e9en; ils ont \u00e9t\u00e9 traduits en allemand par Irena Van den Haag, bien que celle-ci ne soit pas certaine de l'exactitude de la proph\u00e9tie de Jakob (en effet, elle n'a pu en noter une transcription compl\u00e8te dans le mausol\u00e9e, \u00e9tant donn\u00e9e la nature orale de la chose).","protected":false},"excerpt":{"rendered":"<p>Deux textes se faisant r\u00e9ciproquement \u00e9cho sont apparus au cours de la Chronique ReDux. Pour le moment surnomm\u00e9s &#8220;proph\u00e9ties&#8221;, \u00e0 d\u00e9faut de mieux, ils apportent quelques confirmations troublantes, et beaucoup de questions plus troublantes encore. La premi\u00e8re proph\u00e9tie, dite &#8220;proph\u00e9tie de Jakob&#8221;, a \u00e9t\u00e9 prononc\u00e9e par la statue de l&#8217;ange situ\u00e9e dans le mausol\u00e9e de [&hellip;]<\/p>\n","protected":false},"author":2,"featured_media":0,"parent":7,"menu_order":3,"comment_status":"open","ping_status":"open","template":"","meta":{"footnotes":""},"class_list":["post-289","page","type-page","status-publish","hentry"],"_links":{"self":[{"href":"http:\/\/www.yzabel.net\/mage\/wp-json\/wp\/v2\/pages\/289","targetHints":{"allow":["GET"]}}],"collection":[{"href":"http:\/\/www.yzabel.net\/mage\/wp-json\/wp\/v2\/pages"}],"about":[{"href":"http:\/\/www.yzabel.net\/mage\/wp-json\/wp\/v2\/types\/page"}],"author":[{"embeddable":true,"href":"http:\/\/www.yzabel.net\/mage\/wp-json\/wp\/v2\/users\/2"}],"replies":[{"embeddable":true,"href":"http:\/\/www.yzabel.net\/mage\/wp-json\/wp\/v2\/comments?post=289"}],"version-history":[{"count":0,"href":"http:\/\/www.yzabel.net\/mage\/wp-json\/wp\/v2\/pages\/289\/revisions"}],"up":[{"embeddable":true,"href":"http:\/\/www.yzabel.net\/mage\/wp-json\/wp\/v2\/pages\/7"}],"wp:attachment":[{"href":"http:\/\/www.yzabel.net\/mage\/wp-json\/wp\/v2\/media?parent=289"}],"curies":[{"name":"wp","href":"https:\/\/api.w.org\/{rel}","templated":true}]}}