{"id":29,"date":"2007-08-15T15:19:20","date_gmt":"2007-08-15T20:19:20","guid":{"rendered":"http:\/\/www.yzabel.net\/mage\/principaux-personnages\/les-personnages-de-lpda\/marie-hernard"},"modified":"2007-08-27T07:03:09","modified_gmt":"2007-08-27T12:03:09","slug":"marie-hernard","status":"publish","type":"page","link":"http:\/\/www.yzabel.net\/mage\/principaux-personnages\/les-personnages-de-lpda\/marie-hernard","title":{"rendered":"Marie Hernard"},"content":{"rendered":"Mage-enfant, victime de Sardenia qui se sert d'elle\u00a0afin d'alimenter\u00a0et de contr\u00f4ler le\u00a0syst\u00e8me DEVA, la petite Marie est \u00e0 sa mani\u00e8re le fil rouge que ne cessent de suivre les protagonistes de la Pierre de l'Ange. Rien ne pouvait la pr\u00e9parer \u00e0 l'horrible destin auquel l'a condamn\u00e9 un Sardenia ravag\u00e9 par la folie des grandeurs. A la fois prisonni\u00e8re de sa ge\u00f4le intemporelle et propuls\u00e9e au rang de quasi-Oracle, la jeune fille attend desesp\u00e8rement que quelqu'un lui vienne en aide et lui rende sa vie de mortelle. Une existence\u00a0qu'elle n'a pas eu le temps d'appr\u00e9cier \u00e0 sa juste valeur.\r\n\r\nMais un tel miracle est-il encore possible, m\u00eame pour des Mages?","protected":false},"excerpt":{"rendered":"<p>Mage-enfant, victime de Sardenia qui se sert d&#8217;elle\u00a0afin d&#8217;alimenter\u00a0et de contr\u00f4ler le\u00a0syst\u00e8me DEVA, la petite Marie est \u00e0 sa mani\u00e8re le fil rouge que ne cessent de suivre les protagonistes de la Pierre de l&#8217;Ange. Rien ne pouvait la pr\u00e9parer \u00e0 l&#8217;horrible destin auquel l&#8217;a condamn\u00e9 un Sardenia ravag\u00e9 par la folie des grandeurs. A [&hellip;]<\/p>\n","protected":false},"author":2,"featured_media":0,"parent":18,"menu_order":11,"comment_status":"open","ping_status":"open","template":"","meta":{"footnotes":""},"class_list":["post-29","page","type-page","status-publish","hentry"],"_links":{"self":[{"href":"http:\/\/www.yzabel.net\/mage\/wp-json\/wp\/v2\/pages\/29","targetHints":{"allow":["GET"]}}],"collection":[{"href":"http:\/\/www.yzabel.net\/mage\/wp-json\/wp\/v2\/pages"}],"about":[{"href":"http:\/\/www.yzabel.net\/mage\/wp-json\/wp\/v2\/types\/page"}],"author":[{"embeddable":true,"href":"http:\/\/www.yzabel.net\/mage\/wp-json\/wp\/v2\/users\/2"}],"replies":[{"embeddable":true,"href":"http:\/\/www.yzabel.net\/mage\/wp-json\/wp\/v2\/comments?post=29"}],"version-history":[{"count":0,"href":"http:\/\/www.yzabel.net\/mage\/wp-json\/wp\/v2\/pages\/29\/revisions"}],"up":[{"embeddable":true,"href":"http:\/\/www.yzabel.net\/mage\/wp-json\/wp\/v2\/pages\/18"}],"wp:attachment":[{"href":"http:\/\/www.yzabel.net\/mage\/wp-json\/wp\/v2\/media?parent=29"}],"curies":[{"name":"wp","href":"https:\/\/api.w.org\/{rel}","templated":true}]}}