{"id":3,"date":"2007-07-30T12:44:11","date_gmt":"2007-07-30T17:44:11","guid":{"rendered":"http:\/\/www.yzabel.net\/mage\/le-monde-des-tenebres"},"modified":"2008-09-05T07:26:06","modified_gmt":"2008-09-05T05:26:06","slug":"strasbourg-by-night","status":"publish","type":"page","link":"http:\/\/www.yzabel.net\/mage\/les-lieux-de-lintrigue\/strasbourg-by-night","title":{"rendered":"Strasbourg by Night &#8211; 1997"},"content":{"rendered":"<blockquote><em><\/em>\r\n<p style=\"text-align: center\"><em><a title=\"Citadelle \u00e9t\u00e9\" rel=\"attachment wp-att-56\" href=\"http:\/\/www.yzabel.net\/mage\/?attachment_id=56\"><\/a><\/em><\/p>\r\n<p style=\"text-align: center\"><em><a title=\"Esplanade\" rel=\"lightbox[pics3]\" href=\"http:\/\/www.yzabel.net\/mage\/wp-content\/uploads\/2007\/08\/vue-espla.jpg\"><\/a><\/em><\/p>\r\n<p style=\"text-align: center\"><em><a title=\"pierre-philemon-6.JPG\" rel=\"lightbox[pics3]\" href=\"http:\/\/www.yzabel.net\/mage\/wp-content\/uploads\/2007\/09\/pierre-philemon-6.JPG\"><\/a><\/em><\/p>\r\n<p align=\"justify\"><em><a title=\"La Pierre Noire restaur\u00e9e par un \u00e9tudiant anonyme\" rel=\"lightbox[pics3]\" href=\"http:\/\/www.yzabel.net\/mage\/wp-content\/uploads\/2007\/10\/la-pierre-noire-restauration.JPG\"><\/a>Strasbourg est une ville presque ordinaire, avec un pass\u00e9 commun \u00e0 beaucoup d\u2019autres villes de l\u2019espace sud-germanique. Elle constitue aujourd\u2019hui une agglom\u00e9ration de communes de 430 000 habitants.<\/em><\/p>\r\n\r\n<em><\/em><\/blockquote>\r\n<p align=\"justify\"><strong>Les lieux de Strasbourg <\/strong><\/p>\r\n<p align=\"justify\">Afin de mettre en place le cadre du r\u00e9cit de <em>La Pierre de l'Ange<\/em>, revenons sur quelques lieux importants de Strasbourg :<\/p>\r\n<p align=\"justify\"><span style=\"text-decoration: underline;\">Des lieux de transit :<\/span> la place de l\u2019Etoile, immense parking permettant de stationner son v\u00e9hicule avant d\u2019entrer dans la petite ceinture, la place de la Gare, et ses h\u00f4tels de voyageurs, place de Haguenau et son \u00e9changeur autoroutier.<\/p>\r\n<p align=\"justify\"><span style=\"text-decoration: underline;\">Son centre-ville et ses places :<\/span> la place de la Cath\u00e9drale, et autour d\u2019elle la place de l\u2019Homme de Fer, la place Kl\u00e9ber, et la place Broglie. Ah oui, la Petite France... Le centre-ville est entour\u00e9 des deux bras d\u2019une rivi\u00e8re, appel\u00e9e l\u2019Ill, qui forment une \u00ab petite ceinture \u00bb d\u2019eau. Lieux de rendez-vous avant d'aller faire du shopping ou boire un verre.<\/p>\r\n<p align=\"justify\"><img loading=\"lazy\" decoding=\"async\" src=\"http:\/\/www.yzabel.net\/mage\/wp-content\/uploads\/2007\/10\/rosace-cathedrale.JPG\" alt=\"rosace-cathedrale.JPG\" width=\"300\" height=\"225\" \/><\/p>\r\n<p align=\"justify\"><em>L'umbilicus Mundi\u00a0des Strasbourgeois. <\/em><\/p>\r\n<p align=\"justify\"><span style=\"text-decoration: underline;\">Les places de la vie urbaine :<\/span> la place de la R\u00e9publique, o\u00f9 l\u2019on trouvera la Biblioth\u00e8que Nationale, la Pr\u00e9fecture et le Th\u00e9\u00e2tre, la place de Bordeaux, orn\u00e9e d\u2019un immense tortillon de fer, et desservant l\u2019antenne de t\u00e9l\u00e9vision France 3 et le Palais des Congr\u00e8s. La population y est assez compass\u00e9e.<\/p>\r\n<p align=\"justify\"><img loading=\"lazy\" decoding=\"async\" class=\"clear\" style=\"width: 300px; height: 225px;\" src=\"http:\/\/www.yzabel.net\/mage\/wp-content\/uploads\/2007\/10\/tortillon-place-de-bordeaux.JPG\" alt=\"Place de Bordeaux\" width=\"300\" height=\"225\" \/><\/p>\r\n<p align=\"justify\"><em>La place de Bordeaux <\/em><\/p>\r\n<p align=\"justify\"><em> <\/em><span style=\"text-decoration: underline;\">La grande ceinture \/ le p\u00e9riph\u00e9rique :<\/span> Elle passe par la place de Haguenau, et la place de Bordeaux, longeant divers jardins et parcs municipaux ( la Citadelle, l'Orangerie), et rejoint la place de l\u2019Etoile et menant aux ports industriels, les canaux de la grande ceinture.<\/p>\r\n<p align=\"justify\"><img loading=\"lazy\" decoding=\"async\" style=\"width: 360px; height: 240px;\" src=\"http:\/\/www.yzabel.net\/mage\/wp-content\/uploads\/2007\/10\/citadelle-hiver.JPG\" alt=\"Le parc de la Citadelle en Hiver\" width=\"360\" height=\"240\" \/><\/p>\r\n<p align=\"justify\"><em>Le parc de la Citadelle en hiver<\/em><\/p>\r\n<p align=\"justify\"><a title=\"Citadelle \u00e9t\u00e9\" rel=\"attachment wp-att-56\" href=\"http:\/\/www.yzabel.net\/mage\/?attachment_id=56\"><\/a><\/p>\r\n<p align=\"justify\"><span style=\"text-decoration: underline;\">Ses quartiers riches :<\/span> l\u2019Orangerie et le quartier des XV, situ\u00e9s au nord-est de la ville.<\/p>\r\n<p align=\"justify\"><span style=\"text-decoration: underline;\">Ses\u00a0banlieues :<\/span> Hautepierre, Neuhof. Lieux de rencontre, de cr\u00e9ation, de souffrance. Rien ne se r\u00e9sume \u00e0 ce qu'en disent les journaux. Y \u00eates-vous d\u00e9j\u00e0 all\u00e9s ?<\/p>\r\n<p align=\"justify\"><span style=\"text-decoration: underline;\">Son quartier \u00e9tudiant :<\/span> l\u2019Esplanade, ainsi que la place de Zurich et la rue de la Krutenau, extensions bobo du quartier \u00e9tudiant.<\/p>\r\n<p align=\"justify\"><img loading=\"lazy\" decoding=\"async\" style=\"width: 320px; height: 219px;\" src=\"http:\/\/www.yzabel.net\/mage\/wp-content\/uploads\/2007\/10\/krut.jpg\" alt=\"Le quartier de la Krutenau\" width=\"320\" height=\"219\" \/><\/p>\r\n<p align=\"justify\"><em>Le quartier de la Krutenau, depuis les berges de l'Ill. <\/em><\/p>\r\n<p align=\"justify\"><a title=\"Esplanade\" rel=\"lightbox[pics3]\" href=\"http:\/\/www.yzabel.net\/mage\/wp-content\/uploads\/2007\/08\/vue-espla.jpg\"><\/a><\/p>\r\n<p align=\"justify\">La majorit\u00e9 des universit\u00e9s et des \u00e9tablissements d\u2019enseignement sup\u00e9rieur sont implant\u00e9s dans le quartier de l\u2019Esplanade, - au sud-est du centre-ville-. Ce quartier est litt\u00e9ralement sorti de terre, \u00e0 de rares exceptions pr\u00e8s, \u00e0 partir des ann\u00e9es 1950.Il poss\u00e8de une particularit\u00e9 architecturale facilement rep\u00e9rable pour qui contemple la ville depuis le sommet de la cath\u00e9drale : il s\u2019h\u00e9risse de hauts immeubles et de HLM blancs et forme un ensemble massif, tranchant sur les humbles maisons alsaciennes en briques ou en colombages garnis de chaux. Les grandes art\u00e8res de ce quartier \u00e9taient en place depuis longtemps, suite \u00e0 la reconstruction allemande dans les ann\u00e9es 1880 si bien que d\u2019imposants h\u00f4tels particuliers et palais de style imp\u00e9rial bordent ses grandes art\u00e8res et abritent encore quelques facult\u00e9s (histoire, religion, chimie supra-mol\u00e9culaire, etc\u2026).<\/p>\r\n<p align=\"justify\"><\/p>\r\n<p align=\"justify\"><strong><span style=\"text-decoration: underline;\">La Pierre Noire<\/span><\/strong><\/p>\r\n<p align=\"justify\">Au sein du campus de lettres, \u00e0 proximit\u00e9 du Portique, se trouve le square Hoeffner, o\u00f9 l\u2019on peut voir fl\u00e2ner des \u00e9tudiants d\u00e8s les beaux jours de mai. Une all\u00e9e circulaire ensabl\u00e9e, entour\u00e9e de bouleaux, de m\u00e9l\u00e8zes et de jeunes peupliers, quelques bancs, une pelouse vert tendre, un jardin de petites fleurs violettes et jaunes, et en son centre, un monument.<\/p>\r\n<p align=\"justify\">Pour le professeur d\u2019histoire locale, \u00ab alsatique \u00bb, qui a tenu \u00e0 publier dans le journal de la fac une petite monographie sur les \u00ab curiosit\u00e9s \u00bb du Campus, il s\u2019agit d\u2019 <em>\u00ab un ob\u00e9lisque de 2,33 m de hauteur, et de 2,56 m de circonf\u00e9rence, taill\u00e9e dans du basalte graniteux. La pierre est \u00e9rod\u00e9e et s\u2019orne de motifs g\u00e9om\u00e9triques \u00e0 moiti\u00e9 effac\u00e9s (id\u00e9ogrammes ?). Cet objet historique a \u00e9t\u00e9 mis hors de terre en 1885 au cours de fouilles arch\u00e9ologiques \u00e0 Koenigshoffen, quartier bien connu pour son quartier commer\u00e7ant romain et sa riche histoire m\u00e9di\u00e9vale. Les fouilles concernaient une n\u00e9cropole alamane et avaient \u00e9t\u00e9 dirig\u00e9es par Heinrich Hoeffner, un \u00e9diteur f\u00e9ru d\u2019histoire locale.\u00bb<\/em> Par curiosit\u00e9 professionnelle, le savant avait demand\u00e9 une datation au carbone 14, qui avait fourni le chiffre de \u2013 14 000 avant J.C., ce qui est un r\u00e9sultat suffisamment aberrant pour qu\u2019un bon scientifique la passe sous silence.<\/p>\r\n<p align=\"justify\"><a title=\"pierre-philemon-6.JPG\" rel=\"lightbox[pics3]\" href=\"http:\/\/www.yzabel.net\/mage\/wp-content\/uploads\/2007\/09\/pierre-philemon-6.JPG\"><\/a><\/p>\r\n<p align=\"justify\">Et le texte du professeur de continuer : \u00ab <em>L\u2019identit\u00e9 et l\u2019histoire du monument ainsi que sa fonction premi\u00e8re restent ind\u00e9termin\u00e9es, suite \u00e0 la pr\u00e9cipitation et aux m\u00e9thodes de fouilles peu scientifiques de l\u2019\u00e9poque. Un travail de recherches men\u00e9 par un \u00e9tudiant ma\u00eetrisant l\u2019\u00e9criture gothique permettrait sans doute de nous \u00e9clairer. Il pourrait d\u00e9gager des hypoth\u00e8ses sur les circonstances des fouilles et les objets d\u00e9couverts dans la n\u00e9cropole alamane, \u00e0 la lumi\u00e8re des catalogues de l\u2019\u00e9diteur et de sa correspondance qui se trouvent aujourd\u2019hui dans les fonds alsatiques de la BNUS. L\u2019ob\u00e9lisque fut install\u00e9e en 1907 sur une place proche de la Facult\u00e9 d\u2019Histoire, en guise de curiosit\u00e9 arch\u00e9ologique, comme on en trouve encore \u00e0 l\u2019heure actuelle dans les jardins du Palais du Rhin. \u00bb<\/em><\/p>\r\n<p align=\"justify\">L\u2019ob\u00e9lisque a \u00e9t\u00e9 class\u00e9e \u00e0 l\u2019inventaire suppl\u00e9mentaire des Monuments Historiques en 1923 sous la nomenclature \u00ab \u00e9l\u00e9ment architectural d\u2019\u00e9poque barbare \u00bb . Il existe deux noms donn\u00e9s \u00e0 ce monument : la Pierre Noire ou la Pierre de l\u2019Ange, mais vous pourriez cherchez longtemps avant de trouver une personne qui puisse vous expliquer le pourquoi et le comment de ce patronage ang\u00e9lique.<\/p>\r\n<p align=\"justify\"><a title=\"La Pierre Noire restaur\u00e9e par un \u00e9tudiant anonyme\" rel=\"lightbox[pics3]\" href=\"http:\/\/www.yzabel.net\/mage\/wp-content\/uploads\/2007\/10\/la-pierre-noire-restauration.JPG\"><img loading=\"lazy\" decoding=\"async\" src=\"http:\/\/www.yzabel.net\/mage\/wp-content\/uploads\/2007\/10\/la-pierre-noire-restauration.JPG\" alt=\"La Pierre Noire restaur\u00e9e par un \u00e9tudiant anonyme\" width=\"225\" height=\"300\" \/><\/a><\/p>\r\n<p align=\"justify\">Pour les Mages, cette vieille pierre a une histoire un peu diff\u00e9rente. C\u2019est en effet la confr\u00e9rie Herm\u00e9tiste strasbourgeoise de La Lune Chantante, dirig\u00e9e par Heinrich Hoeffner, notre petit \u00e9diteur m\u00e9connu, qui est \u00e0 l\u2019origine des \u00ab fouilles arch\u00e9ologiques \u00bb ayant permis sa d\u00e9couverte. Les circonstances de celle-ci sont depuis rest\u00e9es incertaines et floues pour les autres Traditions de la Ville. Demandez donc \u00e0 un Herm\u00e9tiste d\u2019ouvrir son fond d\u2019archives !!<\/p>\r\n<p align=\"justify\">Les Mages des Traditions aiment \u00e0 s\u2019y retrouver, ou m\u00eame \u00e0 s\u2019installer tout pr\u00e8s : c\u2019est un endroit s\u00fbr et accueillant pour eux. L\u2019ob\u00e9lisque a en effet pour particularit\u00e9 de stimuler leurs avatars et de favoriser des \u00e9veils spontan\u00e9s. C\u2019est d\u2019ailleurs pourquoi nos amis de l\u2019ordre d\u2019Herm\u00e8s l\u2019appellent aussi Fontaine d\u2019Epiphanie.<\/p>\r\n<p align=\"justify\">Un sortil\u00e8ge lanc\u00e9 \u00e0 proximit\u00e9 de la pierre aura des effets plus puissants, plus longs, plus marqu\u00e9s\u2026 et moins contr\u00f4lables. Elle semble poss\u00e9der un paradygme propre, dans lequel on peut n\u00e9anmoins entrer et sortir sans le moindre probl\u00e8me.<\/p>\r\n<p align=\"justify\"><strong><span style=\"text-decoration: underline;\">Le node de l\u2019Esplanade<\/span><\/strong><\/p>\r\n<p align=\"justify\">Gr\u00e2ce \u00e0 la proximit\u00e9 de la Pierre, un node est apparu spontan\u00e9ment dans le quartier au courant des ann\u00e9es 1910-1920 : il s\u2019agit d\u2019une sorte de caverne naturelle, situ\u00e9e en-dessous de la facult\u00e9 de Maths-Informatique. Rapidement exploit\u00e9e par les Mages, ce node est devenu une pi\u00e8ce importante de l\u2019organisation magyque \u00e0 Strasbourg.<\/p>\r\n<p align=\"justify\">Un mage de permanence, le Veilleur, g\u00e8re son utilisation d\u2019urgence en cas de coup dur ou d\u2019Eveil en fanfare (merci la Pierre), \u00e9value ensuite si le \u00ab candidat \u00bb peut \u00eatre une recrue pour les Traditions, surveille enfin et surtout l\u2019activit\u00e9 technomancienne aux alentours. Simon Kopa\u0161ek, Adepte du Virtuel, est \u00e0 ce poste depuis 1985, jusqu\u2019\u00e0 ce jour de novembre 1997. Il est \u00e9galement le chef d\u2019un covenant de mages (Eveill\u00e9s sur le campus) et est relativement bien accept\u00e9 par les Herm\u00e9tistes gr\u00e2ce \u00e0 son efficacit\u00e9 et sa loyaut\u00e9 envers le Conseil des Neuf Traditions.<\/p>\r\n<p align=\"justify\">Simon Kopa\u0161ek a pour couverture et comp\u00e9tence d\u2019\u00eatre professeur titulaire de l\u2019UFR Maths-Info. Le node est accessible depuis son bureau. Derri\u00e8re cette pi\u00e8ce se situe une salle de travail, verrouill\u00e9e par un digicode \u00ab trompe-l\u2019\u0153il \u00bb. Pour ouvrir la porte, il faut plaquer sa main sur l\u2019appareil et y insuffler de la quintessence, ce talisman v\u00e9rifiant l\u2019\u00e9tat de mage des personnes qui se pr\u00e9sentent. Le doyen (Dormeur) de l\u2019UFR poss\u00e8de une combinaison qui est bien cens\u00e9e ouvrir l\u2019entr\u00e9e\u2026 mais en r\u00e9alit\u00e9 aucune combinaison num\u00e9rique ne fonctionne. L\u2019entr\u00e9e du node se trouve sous une trappe dissimul\u00e9e au sol par un tapis. Puis on descend une \u00e9chelle pour aboutir 4-5 m en dessous du Campus.<\/p>","protected":false},"excerpt":{"rendered":"<p>Strasbourg est une ville presque ordinaire, avec un pass\u00e9 commun \u00e0 beaucoup d\u2019autres villes de l\u2019espace sud-germanique. Elle constitue aujourd\u2019hui une agglom\u00e9ration de communes de 430 000 habitants. Les lieux de Strasbourg Afin de mettre en place le cadre du r\u00e9cit de La Pierre de l&#8217;Ange, revenons sur quelques lieux importants de Strasbourg : Des [&hellip;]<\/p>\n","protected":false},"author":2,"featured_media":0,"parent":59,"menu_order":1,"comment_status":"closed","ping_status":"open","template":"","meta":{"footnotes":""},"class_list":["post-3","page","type-page","status-publish","hentry"],"_links":{"self":[{"href":"http:\/\/www.yzabel.net\/mage\/wp-json\/wp\/v2\/pages\/3","targetHints":{"allow":["GET"]}}],"collection":[{"href":"http:\/\/www.yzabel.net\/mage\/wp-json\/wp\/v2\/pages"}],"about":[{"href":"http:\/\/www.yzabel.net\/mage\/wp-json\/wp\/v2\/types\/page"}],"author":[{"embeddable":true,"href":"http:\/\/www.yzabel.net\/mage\/wp-json\/wp\/v2\/users\/2"}],"replies":[{"embeddable":true,"href":"http:\/\/www.yzabel.net\/mage\/wp-json\/wp\/v2\/comments?post=3"}],"version-history":[{"count":3,"href":"http:\/\/www.yzabel.net\/mage\/wp-json\/wp\/v2\/pages\/3\/revisions"}],"predecessor-version":[{"id":205,"href":"http:\/\/www.yzabel.net\/mage\/wp-json\/wp\/v2\/pages\/3\/revisions\/205"}],"up":[{"embeddable":true,"href":"http:\/\/www.yzabel.net\/mage\/wp-json\/wp\/v2\/pages\/59"}],"wp:attachment":[{"href":"http:\/\/www.yzabel.net\/mage\/wp-json\/wp\/v2\/media?parent=3"}],"curies":[{"name":"wp","href":"https:\/\/api.w.org\/{rel}","templated":true}]}}