{"id":33,"date":"2007-08-15T14:44:29","date_gmt":"2007-08-15T19:44:29","guid":{"rendered":"http:\/\/www.yzabel.net\/mage\/principaux-personnages\/les-personnages-de-lpda\/les-pierres"},"modified":"2008-02-17T15:45:31","modified_gmt":"2008-02-17T14:45:31","slug":"les-pierres","status":"publish","type":"page","link":"http:\/\/www.yzabel.net\/mage\/principaux-personnages\/les-personnages-de-lpda\/les-pierres","title":{"rendered":"Les Pierres"},"content":{"rendered":"A l'heure actuelle, les personnages de la Pierre de l'Ange ont d\u00e9couvert:\r\n<ul>\r\n\t<li>La <strong>Pierre du Scorpion<\/strong>, au d\u00e9but plac\u00e9e sous la garde d'une organisation de Mages Strasbourgeois, et cela dans une Ga\u00efa alternative o\u00f9 les Nephandis sont en passe de gagner la guerre de l'Ascension. Sardenia la vole et l'emporte avec lui jusqu'\u00e0 Doissetep, une immense Fondation Herm\u00e9tiste dissimul\u00e9e dans l'Umbra M\u00e9diane de Mercure. La Pierre se met \u00e0 r\u00e9agir brutalement lorsque Sardenia d\u00e9cide de s'en servir pour annihiler les personnages, le statufiant sans que personne ne puisse intervenir. N\u00e9anmoins, peu de temps plus tard, Kyo, apr\u00e8s avoir d\u00e9livr\u00e9 son partenaire des ge\u00f4les Herm\u00e9tistes, finit par r\u00e9cup\u00e9rer \u00e9galement le Scorpion, et quitte Mercure avec Guido pour une destination encore inconnue.<\/li>\r\n\t<li>La <strong>Pierre du Cancer<\/strong>, quant \u00e0 elle, \u00e9tait enferm\u00e9e dans une Poche Umbrale se trouvant au niveau des sous-sols de la ville de New-York. Cependant, celle-ci semble s'\u00eatre effondr\u00e9e peu de temps apr\u00e8s que la Fondation Errante ait trouv\u00e9 un moyen d'y p\u00e9n\u00e9trer, lors des \u00e9v\u00e8nements d\u00e9crits dans <em>Genesis<\/em>. De fait, personne \u00e0 l'heure actuelle ne pourrait dire si la Pierre a pu r\u00e9sister \u00e0 la destruction de sa prison dimensionnelle, ou si elle a disparu pour toujours.<\/li>\r\n<\/ul>\r\nLes personnages de Redux, quant \u00e0 eux, ont trouv\u00e9 :\r\n<ul>\r\n\t<li>La <strong>Pierre du Verseau<\/strong>, aussi appel\u00e9e \"Amulette d'Anubis\", \u00e0 la couleur clairement aigue-marine. Celle-ci est d\u00e9couverte par Jan et Irena, dissimul\u00e9e dans une des lampes du bureau de travail de Jakob Melvany. Port\u00e9e ensuite en pendentif par Irena, la Pierre lui imprime sur la peau de la poitrine son signe zodiacal alors que l'Hermetiste tente avec un sort d'Entropie de sauver ses camarades d'un destin funeste. L' Amulette est vol\u00e9e peu de temps apr\u00e8s par Grygor, et cela malgr\u00e9 le fait qu'elle ait \u00e9t\u00e9 cach\u00e9e par Helga \u00e0 l'int\u00e9rieur du mausol\u00e9e de son mari. Plus tard, nos trois comp\u00e8res d\u00e9couvrent, dissimul\u00e9e dans une ancienne sculpture de Jakob,  ce qui pourrait bien \u00eatre la partie centrale de l'amulette, et la cl\u00e9 de son contr\u00f4le. D\u00e9termin\u00e9s \u00e0 ne pas laisser Grygor mettre la main dessus, ils confient cette nouvelle pierre \u00e0 Lhop-Lhop, dans l'espoir qu'elle sera l\u00e0 gard\u00e9e en lieu s\u00fbr. Toutefois, il semblerait que la pierre en question ait trouv\u00e9 un autre moyen de r\u00e9appara\u00eetre dans le monde des humains, aux d\u00e9pens d'une certaine Herm\u00e9tiste dont le temps est d\u00e9sormais compt\u00e9, en implantant en elle l'un de ses \"enfants\".<\/li>\r\n<\/ul>","protected":false},"excerpt":{"rendered":"<p>A l&#8217;heure actuelle, les personnages de la Pierre de l&#8217;Ange ont d\u00e9couvert: La Pierre du Scorpion, au d\u00e9but plac\u00e9e sous la garde d&#8217;une organisation de Mages Strasbourgeois, et cela dans une Ga\u00efa alternative o\u00f9 les Nephandis sont en passe de gagner la guerre de l&#8217;Ascension. Sardenia la vole et l&#8217;emporte avec lui jusqu&#8217;\u00e0 Doissetep, une [&hellip;]<\/p>\n","protected":false},"author":3,"featured_media":0,"parent":18,"menu_order":24,"comment_status":"open","ping_status":"open","template":"","meta":{"footnotes":""},"class_list":["post-33","page","type-page","status-publish","hentry"],"_links":{"self":[{"href":"http:\/\/www.yzabel.net\/mage\/wp-json\/wp\/v2\/pages\/33","targetHints":{"allow":["GET"]}}],"collection":[{"href":"http:\/\/www.yzabel.net\/mage\/wp-json\/wp\/v2\/pages"}],"about":[{"href":"http:\/\/www.yzabel.net\/mage\/wp-json\/wp\/v2\/types\/page"}],"author":[{"embeddable":true,"href":"http:\/\/www.yzabel.net\/mage\/wp-json\/wp\/v2\/users\/3"}],"replies":[{"embeddable":true,"href":"http:\/\/www.yzabel.net\/mage\/wp-json\/wp\/v2\/comments?post=33"}],"version-history":[{"count":0,"href":"http:\/\/www.yzabel.net\/mage\/wp-json\/wp\/v2\/pages\/33\/revisions"}],"up":[{"embeddable":true,"href":"http:\/\/www.yzabel.net\/mage\/wp-json\/wp\/v2\/pages\/18"}],"wp:attachment":[{"href":"http:\/\/www.yzabel.net\/mage\/wp-json\/wp\/v2\/media?parent=33"}],"curies":[{"name":"wp","href":"https:\/\/api.w.org\/{rel}","templated":true}]}}