{"id":34,"date":"2007-08-15T14:45:25","date_gmt":"2007-08-15T19:45:25","guid":{"rendered":"http:\/\/www.yzabel.net\/mage\/porthos"},"modified":"2007-08-22T05:00:17","modified_gmt":"2007-08-22T10:00:17","slug":"porthos","status":"publish","type":"page","link":"http:\/\/www.yzabel.net\/mage\/principaux-personnages\/les-personnages-de-lpda\/porthos","title":{"rendered":"Porthos"},"content":{"rendered":"Porthos est un Archimage Herm\u00e9tiste, bani Tytalus, \u00e2g\u00e9 de 386 ans. Sorcier au pass\u00e9 aur\u00e9ol\u00e9 de myst\u00e8res, il dirige Doissetep d'une main de fer gant\u00e9e de velours.\u00a0\u00catre nomm\u00e9 \u00e0 la t\u00eate de\u00a0la plus grande fondation des Traditions, apr\u00e8s Horizon,\u00a0\u00a0est tr\u00e8s certainement un grand honneur, mais il ne semble en tirer aucune gloire, loin de l\u00e0. Et lorsqu'on r\u00e9alise la quantit\u00e9 impressionnante d'egos qu'il a d\u00f9 froisser pour arriver \u00e0 son poste actuel, la raison pour laquelle il semble perp\u00e9tuellement renfrogn\u00e9 devient rapidement \u00e9vidente.\r\n\r\nOn ne sait rien de sa famille, bien que les plus mauvaises langues affirment que Kaeron \u00e0 fini, au fil des si\u00e8cles, par devenir au fil son\u00a0amant ainsi que son confident. \u00a0Bien entendu, rien n'\u00e9chappe tr\u00e8s longtemps \u00e0 l'attention de deux Mages aussi puissants, et ce genre de rumeur ne circule que tr\u00e8s difficilement.\u00a0De plus,\u00a0le fait que Porthos adore transformer ceux qui l'ennuient en cr\u00e9atures \u00e0 la fois minuscules et universellement detest\u00e9es pousse bien souvent ses d\u00e9tracteurs \u00e0 tenir leur langue, de peur de finir \u00e9cras\u00e9 sous le talon d'une de ses bottes.","protected":false},"excerpt":{"rendered":"<p>Porthos est un Archimage Herm\u00e9tiste, bani Tytalus, \u00e2g\u00e9 de 386 ans. Sorcier au pass\u00e9 aur\u00e9ol\u00e9 de myst\u00e8res, il dirige Doissetep d&#8217;une main de fer gant\u00e9e de velours.\u00a0\u00catre nomm\u00e9 \u00e0 la t\u00eate de\u00a0la plus grande fondation des Traditions, apr\u00e8s Horizon,\u00a0\u00a0est tr\u00e8s certainement un grand honneur, mais il ne semble en tirer aucune gloire, loin de l\u00e0. [&hellip;]<\/p>\n","protected":false},"author":3,"featured_media":0,"parent":18,"menu_order":25,"comment_status":"closed","ping_status":"open","template":"","meta":{"footnotes":""},"class_list":["post-34","page","type-page","status-publish","hentry"],"_links":{"self":[{"href":"http:\/\/www.yzabel.net\/mage\/wp-json\/wp\/v2\/pages\/34","targetHints":{"allow":["GET"]}}],"collection":[{"href":"http:\/\/www.yzabel.net\/mage\/wp-json\/wp\/v2\/pages"}],"about":[{"href":"http:\/\/www.yzabel.net\/mage\/wp-json\/wp\/v2\/types\/page"}],"author":[{"embeddable":true,"href":"http:\/\/www.yzabel.net\/mage\/wp-json\/wp\/v2\/users\/3"}],"replies":[{"embeddable":true,"href":"http:\/\/www.yzabel.net\/mage\/wp-json\/wp\/v2\/comments?post=34"}],"version-history":[{"count":0,"href":"http:\/\/www.yzabel.net\/mage\/wp-json\/wp\/v2\/pages\/34\/revisions"}],"up":[{"embeddable":true,"href":"http:\/\/www.yzabel.net\/mage\/wp-json\/wp\/v2\/pages\/18"}],"wp:attachment":[{"href":"http:\/\/www.yzabel.net\/mage\/wp-json\/wp\/v2\/media?parent=34"}],"curies":[{"name":"wp","href":"https:\/\/api.w.org\/{rel}","templated":true}]}}