{"id":36,"date":"2007-08-15T16:49:33","date_gmt":"2007-08-15T21:49:33","guid":{"rendered":"http:\/\/www.yzabel.net\/mage\/principaux-personnages\/les-personnages-de-redux\/pere-richard-knecht"},"modified":"2007-08-25T10:51:28","modified_gmt":"2007-08-25T15:51:28","slug":"pere-richard-knecht","status":"publish","type":"page","link":"http:\/\/www.yzabel.net\/mage\/principaux-personnages\/les-personnages-de-redux\/pere-richard-knecht","title":{"rendered":"P\u00e8re Richard Knecht"},"content":{"rendered":"<em>m\u00e9fiant - curieux - inspir\u00e9 <\/em>\r\n\r\nLe vieil homme qui prot\u00e8ge \u00e0 pr\u00e9sent le Node se trouvant \u00e0 l'int\u00e9rieur du Stefansdom, est un \u00eatre compliqu\u00e9, dont les pr\u00e9occupations sont loin de plaire \u00e0 la majorit\u00e9 des Viennois.\r\n\r\nSon arriv\u00e9e \u00e0 Vienne, il y a quarante ans de cela, plongea la ville dans une p\u00e9riode tourment\u00e9e et sanglante,\u00a0qui se solda par la perte de nombreux Mages, Traditionnalistes et Technocrates confondus. Cette\u00a0\u00e9preuve traumatisante fut h\u00e9las bient\u00f4t suivie\u00a0de la Premi\u00e8re Guerre Mondiale et de son cort\u00e8ge de calamit\u00e9s.\r\n\r\nLe P\u00e8re Knecht, de guerre lasse, s'abandonna alors dans les bras du fatalisme, pr\u00e9f\u00e9rant pr\u00e9server le statut quo plut\u00f4t que de voir de pareilles trag\u00e9dies se produire \u00e0 nouveau dans sa ville. Son int\u00e9r\u00eat pour l'astrologie en est la preuve la plus apparente. Mais qui peut affirmer avec certitude qu'il sait ce qui se cache derri\u00e8re le visage perpetuellement ferm\u00e9 de ce v\u00e9n\u00e9rable Choriste?","protected":false},"excerpt":{"rendered":"<p>m\u00e9fiant &#8211; curieux &#8211; inspir\u00e9 Le vieil homme qui prot\u00e8ge \u00e0 pr\u00e9sent le Node se trouvant \u00e0 l&#8217;int\u00e9rieur du Stefansdom, est un \u00eatre compliqu\u00e9, dont les pr\u00e9occupations sont loin de plaire \u00e0 la majorit\u00e9 des Viennois. Son arriv\u00e9e \u00e0 Vienne, il y a quarante ans de cela, plongea la ville dans une p\u00e9riode tourment\u00e9e et [&hellip;]<\/p>\n","protected":false},"author":3,"featured_media":0,"parent":21,"menu_order":20,"comment_status":"open","ping_status":"open","template":"","meta":{"footnotes":""},"class_list":["post-36","page","type-page","status-publish","hentry"],"_links":{"self":[{"href":"http:\/\/www.yzabel.net\/mage\/wp-json\/wp\/v2\/pages\/36","targetHints":{"allow":["GET"]}}],"collection":[{"href":"http:\/\/www.yzabel.net\/mage\/wp-json\/wp\/v2\/pages"}],"about":[{"href":"http:\/\/www.yzabel.net\/mage\/wp-json\/wp\/v2\/types\/page"}],"author":[{"embeddable":true,"href":"http:\/\/www.yzabel.net\/mage\/wp-json\/wp\/v2\/users\/3"}],"replies":[{"embeddable":true,"href":"http:\/\/www.yzabel.net\/mage\/wp-json\/wp\/v2\/comments?post=36"}],"version-history":[{"count":0,"href":"http:\/\/www.yzabel.net\/mage\/wp-json\/wp\/v2\/pages\/36\/revisions"}],"up":[{"embeddable":true,"href":"http:\/\/www.yzabel.net\/mage\/wp-json\/wp\/v2\/pages\/21"}],"wp:attachment":[{"href":"http:\/\/www.yzabel.net\/mage\/wp-json\/wp\/v2\/media?parent=36"}],"curies":[{"name":"wp","href":"https:\/\/api.w.org\/{rel}","templated":true}]}}