{"id":37,"date":"2007-08-15T16:58:34","date_gmt":"2007-08-15T21:58:34","guid":{"rendered":"http:\/\/www.yzabel.net\/mage\/principaux-personnages\/les-personnages-de-redux\/hector-malleaux"},"modified":"2007-08-26T07:56:49","modified_gmt":"2007-08-26T12:56:49","slug":"hector-malleaux","status":"publish","type":"page","link":"http:\/\/www.yzabel.net\/mage\/principaux-personnages\/les-personnages-de-redux\/hector-malleaux","title":{"rendered":"Hector Malleaux"},"content":{"rendered":"<em>courageux - fid\u00e8le - partag\u00e9<\/em>\r\n\r\nPour les personnes qui le fr\u00e9quentent, Hector est le gentilhomme par excellence. Toujours bien habill\u00e9, il est poli, cultiv\u00e9, et\u00a0son esprit est aussi affut\u00e9 que sa canne-\u00e9p\u00e9e. De plus, son regard chaleureux ainsi que son sourire enj\u00f4leur ont charm\u00e9 bien des auditoires. C'est pour toutes ces raisons qu'il\u00a0a \u00e9t\u00e9\u00a0choisi, il y a bien longtemps de cela, par Damien, afin d'\u00eatre son fid\u00e8le et z\u00e9l\u00e9 serviteur. Pouss\u00e9 par une soudaine et incompr\u00e9hensible impulsion, Hector ne tarda pas \u00e0 c\u00e9der aux avances de celui qui allait devenir son ma\u00eetre et son amant...\r\n\r\nMais ce que le Tremere avait pourtant n\u00e9glig\u00e9\u00a0 de prendre en compte, c'est que l'incroyable humanit\u00e9 et la g\u00e9n\u00e9rosit\u00e9 de ce jeune Fran\u00e7ais survivrait au passage des d\u00e9cennies. Est-ce de la na\u00efvet\u00e9, du d\u00e9sespoir, de la folie, qui poussent ainsi Hector \u00e0 braver r\u00e9guli\u00e8rement les Liens du sang qui l'unissent \u00e0 son ma\u00eetre ? Il est, dans bien des domaines, devenu la \"Conscience\" du Marquis, qui, \u00e0 la grande surprise de ses semblables, semble r\u00e9pondre de plus en plus souvent \u00e0 l'affection que\u00a0son serviteur\u00a0lui porte. Certains m\u00eame n'h\u00e9sitent pas \u00e0 dire que cette relation si \u00e9trange et si inattendue\u00a0ne peut d\u00e9boucher que\u00a0sur une terrible\u00a0trag\u00e9die...","protected":false},"excerpt":{"rendered":"<p>courageux &#8211; fid\u00e8le &#8211; partag\u00e9 Pour les personnes qui le fr\u00e9quentent, Hector est le gentilhomme par excellence. Toujours bien habill\u00e9, il est poli, cultiv\u00e9, et\u00a0son esprit est aussi affut\u00e9 que sa canne-\u00e9p\u00e9e. De plus, son regard chaleureux ainsi que son sourire enj\u00f4leur ont charm\u00e9 bien des auditoires. C&#8217;est pour toutes ces raisons qu&#8217;il\u00a0a \u00e9t\u00e9\u00a0choisi, il [&hellip;]<\/p>\n","protected":false},"author":3,"featured_media":0,"parent":21,"menu_order":13,"comment_status":"open","ping_status":"open","template":"","meta":{"footnotes":""},"class_list":["post-37","page","type-page","status-publish","hentry"],"_links":{"self":[{"href":"http:\/\/www.yzabel.net\/mage\/wp-json\/wp\/v2\/pages\/37","targetHints":{"allow":["GET"]}}],"collection":[{"href":"http:\/\/www.yzabel.net\/mage\/wp-json\/wp\/v2\/pages"}],"about":[{"href":"http:\/\/www.yzabel.net\/mage\/wp-json\/wp\/v2\/types\/page"}],"author":[{"embeddable":true,"href":"http:\/\/www.yzabel.net\/mage\/wp-json\/wp\/v2\/users\/3"}],"replies":[{"embeddable":true,"href":"http:\/\/www.yzabel.net\/mage\/wp-json\/wp\/v2\/comments?post=37"}],"version-history":[{"count":0,"href":"http:\/\/www.yzabel.net\/mage\/wp-json\/wp\/v2\/pages\/37\/revisions"}],"up":[{"embeddable":true,"href":"http:\/\/www.yzabel.net\/mage\/wp-json\/wp\/v2\/pages\/21"}],"wp:attachment":[{"href":"http:\/\/www.yzabel.net\/mage\/wp-json\/wp\/v2\/media?parent=37"}],"curies":[{"name":"wp","href":"https:\/\/api.w.org\/{rel}","templated":true}]}}