{"id":382,"date":"2010-05-10T19:21:35","date_gmt":"2010-05-10T17:21:35","guid":{"rendered":"http:\/\/www.yzabel.net\/mage\/?page_id=382"},"modified":"2010-05-10T20:26:36","modified_gmt":"2010-05-10T18:26:36","slug":"selene-galford","status":"publish","type":"page","link":"http:\/\/www.yzabel.net\/mage\/principaux-personnages\/les-personnages-de-redux\/selene-galford","title":{"rendered":"Selene Galford"},"content":{"rendered":"<span style=\"text-decoration: underline;\"><strong>Fiche de personnage:<\/strong><\/span>\r\n\r\n<strong>Nom:<\/strong> Selene Galford\/Sirius Oakley\r\n<strong>Nature:<\/strong> Deviant\r\n<strong>Comportement: <\/strong>Curmudgeon\r\n<strong>Essence: <\/strong>Dynamique\r\n<strong>Tradition:<\/strong> Verbena\r\n<strong>Concept:<\/strong> Chienne Infr\u00e9quentable\r\n<strong>Cabale:<\/strong> Ce qui reste du Cercle de Kensington?\r\n<strong>Mentor:<\/strong> Liam Oakley\r\n\r\n<strong>Physique:<\/strong> Force 3, Dext\u00e9rit\u00e9 (Perfect Balance) 4, Vigueur 3\r\n<strong>Social:<\/strong> Charisme 3, Manipulation 2, Apparence 2\r\n<strong>Mental:<\/strong> Perception (Keen Senses) 4, Intelligence 2, Astuce 3\r\n\r\n<strong>Talents: <\/strong>Athl\u00e9tisme 2, Bagarre 2, Connaissance de la Rue 1, Conscience 1, Empathie 2, Esquive 2,\u00a0 Intimidation 2, Subterfuge 2, Vigilance 3\r\n<strong>Comp\u00e9tences: <\/strong>Furtivit\u00e9 3, M\u00e9ditation 2, M\u00eal\u00e9e 1, Survie 3\r\n<strong>Connaissances:<\/strong> Cosmologie 2, Investigation 3\r\n\r\n<strong>Sph\u00e8res:<\/strong> Correspondance 1, Esprit 1, Prime 1, Vie 3\r\n\r\n<strong>Historiques: <\/strong>Arcane 3\/5 (forme humaine\/forme canine), Avatar 2, Contacts 1, Ressources 1, R\u00eaves 1, Talisman (Kibeth) 4\r\n\r\n<strong>Dons: <\/strong>Sense Wyrm, Forest Friend, Summon the Weasel Spirit\r\n\r\n<strong>Arete:<\/strong> 3\r\n<strong>Volont\u00e9:<\/strong> 8\r\n\r\n<strong>Atouts:<\/strong> Sens aiguis\u00e9s (3), Kinfolk (4)\r\n<strong>Handicaps:<\/strong> Geas (4), Compulsion (1)\r\n\r\n<strong>Foci:<\/strong> Pisser sur sa cible (Correspondance), l\u00e9cher les gens (Vie).\r\n\r\n<strong>Apparence:<\/strong> Selene est une grande femme au corps svelte mais tout en muscles; beaucoup de gens, en fait, ont tendance \u00e0 la prendre de prime abord pour un homme, \u00e0 cause de ses v\u00eatements masculins et de son attitude quelque peu cavali\u00e8re et sans-g\u00eane. Sa peau p\u00e2le contraste beaucoup avec ses cheveux d'un noir de jais, qu'elle porte le plus souvent en queue-de-cheval attach\u00e9e sur sa nuque, et ses yeux sont d'un curieux brun ambr\u00e9 aux reflets quelque peu jaunes. De profil, on se rend compte que son nez est assez busqu\u00e9 \u2014 un trait h\u00e9rit\u00e9, tout comme la couleur de ses cheveux, de son p\u00e8re.\r\n\r\nSous sa forme canine, elle appara\u00eet comme un tr\u00e8s gros chien au poil noir, aux oreilles pointues, aux yeux jaunes et \u00e0 la queue fournie, muni d'un collier \u00e0 pointes qui, \u00e9tant donn\u00e9 sa taille, passe remarquablement inaper\u00e7u. Ses exp\u00e9ditions dans la campagne environnant Bushy Park ont d'ailleurs donn\u00e9 naissance \u00e0 la rumeur du \"Chien D\u00e9mon\", qui terrorise un certain nombre de villageois.\r\n\r\n<!--nextpage--><strong>Histoire:<\/strong> Durant sa prime enfance, Selene Galford a \u00e9t\u00e9 \u00e9lev\u00e9e par des loups \u2014 litt\u00e9ralement, puisque sa m\u00e8re n'\u00e9tait autre que l'un des guerriers Ahroun d'un Sept de Fils de Fenris. Quant \u00e0 son p\u00e8re, il s'agissait ni plus ni moins que de l'in\u00e9narrable <a href=\"http:\/\/shadow-nexus.paradygma.com\/les-pjs\/liam-oakley\" target=\"_blank\">Liam Oakley<\/a>, Verbena de son \u00e9tat, et surtout marqu\u00e9 par la pr\u00e9sence de la d\u00e9esse Badb jusque dans son apparence physique. C'est cela qui a attir\u00e9 la fi\u00e8re guerri\u00e8re Garou, qui d\u00e9sirait avoir un enfant b\u00e9ni non seulement par son propre Totem, mais aussi par celui du Corbeau. Si elle n'avait pas \u00e9t\u00e9 aussi aveugl\u00e9e par son hubris, sans doute se serait-elle rendue compte que Liam n'avait aucun lien en soi avec les Corax, et qu'il s'agissait en fait d'un mage... Et donc, un soir de pleine lune, elle s'attaqua au Verbena, le for\u00e7a \u00e0 avoir avec elle des relations sexuelles plus que violentes, et le laissa sur le carreau une fois ses oeuvres accomplies. Neuf mois plus tard naissait une petite fille que l'on pr\u00e9nomma Selene. Quant \u00e0 Oakley, il surv\u00e9cut gr\u00e2ce \u00e0 sa magye et \u00e0 l'aide de <a href=\"http:\/\/shadow-nexus.paradygma.com\/les-pjs\/floyd-alexander\" target=\"_blank\">Floyd Alexander<\/a>, mais conserva bien entendu un souvenir tr\u00e8s peu plaisant de la chose.\r\n\r\nLes ann\u00e9es pass\u00e8rent. Le Sept gardait un oeil attentif sur la fillette, attendant impatiemment le moment de son Changement, le moment o\u00f9 ses h\u00e9ritages lupins et corvid\u00e9s m\u00eal\u00e9s se r\u00e9v\u00e9leraient enfin. Lorsque Selene eut huit ans, ce fut bien un changement qui se produisit en elle, mais pas celui escompt\u00e9: elle s'Eveilla \u00e0 son Avatar, r\u00e9v\u00e9lant ainsi une ascendance non pas de Changeforme, mais de Mage. Le courroux du Sept fut terrible; celui de sa m\u00e8re le fut plus encore. On condamna la petite \u00e0 mort, et il n'\u00e9tait pas certain que m\u00eame cela suff\u00eet \u00e0 r\u00e9parer la honte de la faute commise par sa m\u00e8re.\r\n\r\nC'est alors que Liam intervint, second\u00e9 par Floyd. Apr\u00e8s avoir d\u00e9couvert l'existence de cette enfant et ce qui allait lui arriver, il avait pris la d\u00e9cision de ne pas laisser les Garous agir \u00e0 leur guise. Retournant contre eux les r\u00e8gles du Sept, il d\u00e9fia en duel la m\u00e8re de Selene, et, cette fois bien pr\u00e9par\u00e9, parvint \u00e0 la vaincre. Conform\u00e9ment \u00e0 la promesse faite par le Sept en cas de victoire de Liam, la guerri\u00e8re et sa fille furent bannies, et Liam emmena Selene avec lui pour l'\u00e9lever parmi les humains. Cette derni\u00e8re t\u00e2che s'av\u00e9ra tout d'abord ardue, et il fallut pas moins que la main de Liam <em>et <\/em>de Floyd pour parvenir \u00e0 faire rentrer en Selene les mani\u00e8res de base \u00e0 adopter dans la soci\u00e9t\u00e9 humaine. M\u00eame devenue adulte, Selene ne s'est pas d\u00e9partie d'un comportement cavalier, pour ne pas dire parfois grossier.\r\n\r\nA l'heure actuelle, elle se charge de la surveillance de Bushy Park et de son Node en l'absence de Liam. Pour ce faire, son identit\u00e9 officielle est celle de \"Sirius Oakley\", garde forestier rattach\u00e9 au parc qui est terre de la Couronne (car, bien entendu, qui en 1927 irait employer une <em>femme<\/em> pour ce faire?). Elle a \u00e9tabli ses quartiers dans le grand ch\u00eane situ\u00e9 au centre du parc, celui-l\u00e0 m\u00eame au pied duquel, jadis, en 1880,\u00a0 Liam et Floyd, ses deux papas, et \"Tonton Charles\" Amberville, enterr\u00e8rent le corps de Sarah Valentine qu'ils confi\u00e8rent aux Esprits. Depuis ce temps, la magye de Liam a donn\u00e9 une vie fort particuli\u00e8re \u00e0 l'arbre, qui abrite d\u00e9sormais une cabane des plus \u00e9tranges, aux pi\u00e8ces qui poussent selon les besoins et aux serviteurs spirituels un peu caract\u00e9riels, tels Calcifer, l'esprit du Feu li\u00e9 au po\u00eale. C'est par ailleurs dans l'une de ces pi\u00e8ces que Charles conserve tout un stock d'alcools en tous genres, dont sa fameuse liqueur de haggis sauvage.","protected":false},"excerpt":{"rendered":"<p>Fiche de personnage: Nom: Selene Galford\/Sirius Oakley Nature: Deviant Comportement: Curmudgeon Essence: Dynamique Tradition: Verbena Concept: Chienne Infr\u00e9quentable Cabale: Ce qui reste du Cercle de Kensington? Mentor: Liam Oakley Physique: Force 3, Dext\u00e9rit\u00e9 (Perfect Balance) 4, Vigueur 3 Social: Charisme 3, Manipulation 2, Apparence 2 Mental: Perception (Keen Senses) 4, Intelligence 2, Astuce 3 Talents: [&hellip;]<\/p>\n","protected":false},"author":2,"featured_media":0,"parent":21,"menu_order":7,"comment_status":"open","ping_status":"open","template":"","meta":{"footnotes":""},"class_list":["post-382","page","type-page","status-publish","hentry"],"_links":{"self":[{"href":"http:\/\/www.yzabel.net\/mage\/wp-json\/wp\/v2\/pages\/382","targetHints":{"allow":["GET"]}}],"collection":[{"href":"http:\/\/www.yzabel.net\/mage\/wp-json\/wp\/v2\/pages"}],"about":[{"href":"http:\/\/www.yzabel.net\/mage\/wp-json\/wp\/v2\/types\/page"}],"author":[{"embeddable":true,"href":"http:\/\/www.yzabel.net\/mage\/wp-json\/wp\/v2\/users\/2"}],"replies":[{"embeddable":true,"href":"http:\/\/www.yzabel.net\/mage\/wp-json\/wp\/v2\/comments?post=382"}],"version-history":[{"count":12,"href":"http:\/\/www.yzabel.net\/mage\/wp-json\/wp\/v2\/pages\/382\/revisions"}],"predecessor-version":[{"id":418,"href":"http:\/\/www.yzabel.net\/mage\/wp-json\/wp\/v2\/pages\/382\/revisions\/418"}],"up":[{"embeddable":true,"href":"http:\/\/www.yzabel.net\/mage\/wp-json\/wp\/v2\/pages\/21"}],"wp:attachment":[{"href":"http:\/\/www.yzabel.net\/mage\/wp-json\/wp\/v2\/media?parent=382"}],"curies":[{"name":"wp","href":"https:\/\/api.w.org\/{rel}","templated":true}]}}