{"id":392,"date":"2010-05-09T21:31:32","date_gmt":"2010-05-09T19:31:32","guid":{"rendered":"http:\/\/www.yzabel.net\/mage\/?page_id=392"},"modified":"2010-08-04T10:08:17","modified_gmt":"2010-08-04T08:08:17","slug":"tropes","status":"publish","type":"page","link":"http:\/\/www.yzabel.net\/mage\/lintrigue\/tropes","title":{"rendered":"Tropes galore!"},"content":{"rendered":"Parce que nous sommes de grands accros de TV Tropes, et que \u00e7a fait toujours bien rire... voici les tropes divers et vari\u00e9s que nous avons rep\u00each\u00e9s au cours de la Chronique!\r\n<ul>\r\n\t<li><strong><a href=\"http:\/\/tvtropes.org\/pmwiki\/pmwiki.php\/Main\/AbsurdlySpaciousSewer\" target=\"_blank\">Absurdly Spacious Sewers<\/a>:<\/strong> On sait qu'une bonne centaine de Nosferatus sont cens\u00e9s vivre sous Vienne, mais quand m\u00eame...<\/li>\r\n\t<li><strong><a href=\"http:\/\/tvtropes.org\/pmwiki\/pmwiki.php\/Main\/ActionGirl\" target=\"_blank\">Action Girl<\/a><\/strong>:  Un certain nombre, que ce soit chez les PJs ou dans les PNJs,  d'ailleurs.<\/li>\r\n\t<li><strong><a href=\"http:\/\/tvtropes.org\/pmwiki\/pmwiki.php\/Main\/AffablyEvil\" target=\"_blank\">Affably Evil<\/a>:<\/strong> Spin, qui semble pour le moment \u00eatre le membre le  plus fr\u00e9quentable de FimbulVetr. Il se consid\u00e8re toujours comme \u00e9tant  l'ami de Jan, et \u00e0 ce titre, tente \u00e0 deux reprises de l'emp\u00eacher de  g\u00eaner le bon d\u00e9roulement de sa mission, notamment en tentant de lui  faire peur, puis en le droguant.<\/li>\r\n\t<li><strong><a href=\"http:\/\/tvtropes.org\/pmwiki\/pmwiki.php\/Main\/AkashicRecords\" target=\"_blank\">Akashic Records<\/a>:<\/strong> Tout \u00e0 fait cr\u00e9dible, puisqu'au moins une  Tradition porte le nom de cet endroit myst\u00e9rieux et ineffable, et  pr\u00e9tend m\u00eame y avoir acc\u00e8s de temps \u00e0 autre...<\/li>\r\n\t<li><strong><a href=\"http:\/\/tvtropes.org\/pmwiki\/pmwiki.php\/Main\/AllMythsAreTrue\" target=\"_blank\">All Myths Are True<\/a>:<\/strong> Cette simple phrase r\u00e9sume assez bien l'\u00e9tat  d'esprit d'une partie de la communaut\u00e9 mystique et surnaturelle d'Europe, m\u00eame  si <em>chaque <\/em>faction et soci\u00e9t\u00e9 secr\u00e8te semble avoir sa propre version de  l'Histoire, avec tous les malentendus que cela implique...<\/li>\r\n\t<li><strong><a href=\"http:\/\/tvtropes.org\/pmwiki\/pmwiki.php\/Main\/AlternativeCharacterInterpretation?from=Main.AlternateCharacterInterpretation\" target=\"_blank\">Alternative Character Interpretation<\/a>:<\/strong> Melville G\u00e4nt, qui selon  le Conteur, est un assassin TRES perturb\u00e9 psychologiquement et qui  semble avoir plac\u00e9 Jan au centre de sa psychose meutri\u00e8re... Ou qui,  selon plusieurs joueurs, n'est qu'une esp\u00e8ce de t\u00eate \u00e0 claque vaguement  comique ainsi que le maillon faible de FimbulVetr. Je n'ose m\u00eame pas  parler de Pyriel, que vous n'avez pas encore rencontr\u00e9 directement... <em>(NDIrena: \"On s'en fout, on lui fait un shrine quand m\u00eame!\")<\/em><\/li>\r\n\t<li><strong><a href=\"http:\/\/tvtropes.org\/pmwiki\/pmwiki.php\/Main\/AmbiguouslyGay\" target=\"_blank\">Ambiguously Gay<\/a>:<\/strong> Galford, et dans une moindre mesure, Peach.  Toutes les deux ont tendance \u00e0 se comporter de telle mani\u00e8re qu'il est  tr\u00e8s ais\u00e8 de les prendre pour des hommes ; n\u00e9anmoins cette habitude  semble particuli\u00e8rement pronon\u00e7\u00e9e dans le cas de Galford.<\/li>\r\n\t<li><strong><a href=\"http:\/\/tvtropes.org\/pmwiki\/pmwiki.php\/Main\/AntiMagic\" target=\"_blank\">Anti Magic<\/a>:<\/strong> Le postulat de base du D\u00e9cor de Campagne qu'est  ReDux avec <a href=\"http:\/\/tvtropes.org\/pmwiki\/pmwiki.php\/Main\/ClapYourHandsIfYouBelieve\" target=\"_blank\"><strong>Clap Your Hands If You Believe<\/strong><\/a>. Un Mage n'est vraiment  puissant que si les Dormeurs lui en laissent la possibilit\u00e9. Nier ses  pouvoirs peut donc avoir des effets... plut\u00f4t impressionnants.<\/li>\r\n\t<li><strong><a href=\"http:\/\/tvtropes.org\/pmwiki\/pmwiki.php\/Main\/ArbitrarySkepticism\" target=\"_blank\">Arbitrary Skepticism<\/a>:<\/strong> Allan Quatermain, qui, et cela malgr\u00e9 sa longue  exp\u00e9rience du surnaturel, professe toujours ses doutes concernant l'existence de  la Magye. Partiellement d\u00e9tourn\u00e9, cependant, puisqu'il se peut qu'il agisse en  ce sens afin de para\u00eetre inoffensif aux yeux des Agents de la Couronne  Britannique.<\/li>\r\n\t<li><strong><a href=\"http:\/\/tvtropes.org\/pmwiki\/pmwiki.php\/Main\/ArcWords\" target=\"_blank\">Arc Words<\/a>:<\/strong> <em>'Une Mar\u00e9e de P\u00e9nombre' <\/em> pour l'Arc I.<em> 'La  Roue de la Fatalit\u00e9' <\/em> pour l'Acte II. Pas tr\u00e8s encourageant, je le  reconnais...<\/li>\r\n\t<li><strong><a href=\"http:\/\/tvtropes.org\/pmwiki\/pmwiki.php\/Main\/ArchEnemy\" target=\"_blank\">Arch Enemy<\/a>:<\/strong> Helga et Grygor. Irena et Malik. Jan et Gerad Volkov, Melville G\u00e4nt, Thoersten Hoerwick...<\/li>\r\n\t<li><strong><a href=\"http:\/\/tvtropes.org\/pmwiki\/pmwiki.php\/Main\/ArtifactOfDoom\" target=\"_blank\">Artifact of Doom<\/a>: <\/strong> L'Opale d'Anubis. Shamkiij (qui semble \u00eatre \u00e9galement un <a href=\"http:\/\/tvtropes.org\/pmwiki\/pmwiki.php\/Main\/ArtifactOfDeath\" target=\"_blank\"><strong>Artifact of Death<\/strong><\/a>). Le Miroir des Mondes (?).<\/li>\r\n\t<li><strong><a href=\"http:\/\/tvtropes.org\/pmwiki\/pmwiki.php\/Main\/Asexuality\" target=\"_blank\">Asexuality<\/a>:<\/strong> Aster, probablement \u00e0 cause de son jeune \u00e2ge.<\/li>\r\n\t<li><strong><a href=\"http:\/\/tvtropes.org\/pmwiki\/pmwiki.php\/Main\/AsLongAsThereIsEvil\" target=\"_blank\">As Long As There Is Evil<\/a>:<\/strong> La d\u00e9finition de la P\u00e9nombre selon Georg :  <em>\"Cette <strong>'chose'<\/strong> semble hanter les r\u00eaves de l'humanit\u00e9 toute enti\u00e8re, et  cela depuis la nuit des temps. Elle se nourrit de haine, de desespoir et de  terreur, et malgr\u00e9 des si\u00e8cles de combats incessants, la menace qu'elle  repr\u00e9sente n'a jamais \u00e9t\u00e9 totalement \u00e9radiqu\u00e9e.\"<\/em><\/li>\r\n\t<li><strong><a href=\"http:\/\/tvtropes.org\/pmwiki\/pmwiki.php\/Main\/AssholeVictim\" target=\"_blank\">Asshole Victim<\/a>:<\/strong> Ivanoly, qui de par son comportement durant la br\u00e8ve  journ\u00e9e qu'il a eu \u00e0 partager avec les PJs, aurait pu se retrouver avec une  cible tatou\u00e9e sur son front... Malheureusement, son d\u00e9c\u00e8s pr\u00e9matur\u00e9 prouvera  qu'il leur \u00e9tait bien plus utile vivant.<\/li>\r\n\t<li><strong><a href=\"http:\/\/tvtropes.org\/pmwiki\/pmwiki.php\/Main\/AuraVision\" target=\"_blank\">Aura Vision<\/a>:<\/strong> Deux versions existent pour le moment, et elles  sont assez sp\u00e9cialis\u00e9es. Helga peut discerner les auras vitales de toute  cr\u00e9ature vivante, ainsi que conna\u00eetre leur \u00e9tat de sant\u00e9 ; Irena quant \u00e0  elle, est capable de percevoir 'les vents du changement' et de sentir  les flux entropiques affectant une personne ou un endroit donn\u00e9.<\/li>\r\n\t<li><strong><a href=\"http:\/\/tvtropes.org\/pmwiki\/pmwiki.php\/Main\/AwesomenessByAnalysis\" target=\"_blank\">Awesomeness By Analysis<\/a>:<\/strong> Lucia et Irena sont tr\u00e8s certainement  capables d'accomplir de telles prouesses, ainsi que Nikola Tesla et  plusieurs autres PNJs dont les noms doivent encore rester secret pour le  moment...<\/li>\r\n\t<li><strong><a href=\"http:\/\/tvtropes.org\/pmwiki\/pmwiki.php\/Main\/AxCrazy\" target=\"_blank\">Ax Crazy<\/a>:<\/strong> Lars Kriczek apr\u00e8s son Etreinte. Malik apr\u00e8s le passage de Gizolf.<\/li>\r\n\t<li><strong><a href=\"http:\/\/tvtropes.org\/pmwiki\/pmwiki.php\/Main\/Badass\" target=\"_blank\">Bad Ass<\/a>:<\/strong> La plupart des protagonistes principaux de ReDux, bien  qu'une mention sp\u00e9ciale puisse \u00eatre decern\u00e9e \u00e0 Jan, et Helga.<\/li>\r\n\t<li><strong><a href=\"http:\/\/tvtropes.org\/pmwiki\/pmwiki.php\/Main\/BadassLongcoat\" target=\"_blank\">Badass Longcoat<\/a>: <\/strong> Tous les membres de FimbulVetr; Floyd Alexander.<\/li>\r\n\t<li><a href=\"http:\/\/tvtropes.org\/pmwiki\/pmwiki.php\/Main\/BadassNormal\" target=\"_blank\"><strong>BadAss Normal<\/strong>:<\/a> Boris Teichmann, Agent du CPCI \u00e0 Vienne, et  ancien participant aux Jeux Olympiques, principalement en Lutte  Gr\u00e9co-Romaine. Il d\u00e9fonce des portes en ch\u00eane d'un seul pied, soul\u00e8ve  des plaques de t\u00f4les sans sourciller, et lance des grenades fumig\u00e8nes en  plein visage d'un Serafim pass\u00e9 en mode <strong>Ax Crazy<\/strong>.<\/li>\r\n\t<li><a href=\"http:\/\/tvtropes.org\/pmwiki\/pmwiki.php\/Main\/BattleButler\" target=\"_blank\"><strong>Battle Butler<\/strong><\/a>: Nasir, Andrew et Peach tout  dans le m\u00eame panier, non?<\/li>\r\n\t<li><strong><a href=\"http:\/\/tvtropes.org\/pmwiki\/pmwiki.php\/Main\/BerserkButton\" target=\"_blank\">Berserk Button<\/a>:<\/strong> Helga face \u00e0 Malik, pour le plus grand malheur  de ce dernier ; Jan d\u00e8s que l'on mentionne que Thoersten Hoerwick  pourrait \u00eatre dans les environs.<\/li>\r\n\t<li><strong><a href=\"http:\/\/tvtropes.org\/pmwiki\/pmwiki.php\/Main\/BigBadassWolf\" target=\"_blank\">Big Badass Wolf<\/a><\/strong>: Galford, qui a d'ailleurs \u00e9t\u00e9 <strong><a href=\"http:\/\/tvtropes.org\/pmwiki\/pmwiki.php\/Main\/RaisedByWolves\" target=\"_blank\">Raised By Wolves<\/a><\/strong>, d'abord litt\u00e9ralement avec sa m\u00e8re, puis m\u00e9taphoriquement avec son p\u00e8re.<\/li>\r\n\t<li><strong><a href=\"http:\/\/tvtropes.org\/pmwiki\/pmwiki.php\/Main\/BigBrotherComplex\" target=\"_blank\">Big Brother Complex<\/a>:<\/strong> Johannes Van Den Haag, qui durant l'enfance  de sa soeur Irena, fut quasiment le seul membre de sa famille \u00e0 lui  exprimer ouvertement son affection. Malheureusement, ce sont toujours  les meilleurs d'entre nous qui partent les premiers...<\/li>\r\n\t<li><strong><a href=\"http:\/\/tvtropes.org\/pmwiki\/pmwiki.php\/Main\/BigBrotherMentor\" target=\"_blank\">Big Brother Mentor<\/a>:<\/strong> Jan pour Gerad Volkov, en tout cas durant  leurs ann\u00e9es pass\u00e9es \u00e0 servir dans l'arm\u00e9e allemande. La situation  devient un peu plus compliqu\u00e9e lorsque Jan finit par rencontrer la soeur  de Gerad, et que celui-ci d\u00e9cide de le rendre responsable de sa mort  quelques mois plus tard.<\/li>\r\n\t<li><strong><a href=\"http:\/\/tvtropes.org\/pmwiki\/pmwiki.php\/Main\/BigDamnHeroes\" target=\"_blank\">Big Damn Heroes<\/a>: <\/strong> Helga, Irena et Jan durant leur infiltration du temple d'Enneakephalos (<a href=\"http:\/\/tvtropes.org\/pmwiki\/pmwiki.php\/Main\/HighOctaneNightmareFuel\" target=\"_blank\"><strong>High Octane Nightmare Fuel<\/strong><\/a> soon follows); Tim d\u00e9samor\u00e7ant la bombe laiss\u00e9e par Pyriel \u00e0 S\u00fcdbahnhof.<\/li>\r\n\t<li><strong><a href=\"http:\/\/tvtropes.org\/pmwiki\/pmwiki.php\/Main\/Bishoujo\" target=\"_blank\">Bishoujo<\/a>:<\/strong> Vorzheva pour les antagonistes, et Tatiana pour les joueurs (avec une bonne dose de <a href=\"http:\/\/tvtropes.org\/pmwiki\/pmwiki.php\/Main\/MostCommonSuperPower\" target=\"_blank\"><strong>Most Common Superpower<\/strong><\/a> en plus).<\/li>\r\n\t<li><strong><a href=\"http:\/\/tvtropes.org\/pmwiki\/pmwiki.php\/Main\/Bishonen?from=Main.Bishounen\" target=\"_blank\">Bishounen<\/a>:<\/strong> Damien, Marquis de Laplace. Bizarrement, son fr\u00e8re  Hugues quant \u00e0 lui, ressemble plus \u00e0 un bourgeois bedonnant qu'autre  chose. Comme quoi il ne faut vraiment pas se fier aux apparences...<\/li>\r\n\t<li><a href=\"http:\/\/tvtropes.org\/pmwiki\/pmwiki.php\/Main\/BlackEyesOfEvil\" target=\"_blank\"><strong>Black Eyes of Evil<\/strong><\/a>: Gizolf (Gizolfi, Von Gizolf, \u00e7a d\u00e9pend des \u00e9poques), en tous cas si je me souviens bien du fight \u00e0 New-York, si, si, celui avec la toge.<\/li>\r\n\t<li><strong><a href=\"http:\/\/tvtropes.org\/pmwiki\/pmwiki.php\/Main\/BoisterousBruiser\" target=\"_blank\">Boisterous Bruiser<\/a>:<\/strong> Serafim, ainsi que Jan Peter, dans certaines  circonstances.<\/li>\r\n\t<li><strong><a href=\"http:\/\/tvtropes.org\/pmwiki\/pmwiki.php\/Main\/BrainySpecs\" target=\"_blank\">Brainy Specs<\/a><\/strong>: Emel Iskan, avec son focus de Mind.<\/li>\r\n\t<li><a href=\"http:\/\/tvtropes.org\/pmwiki\/pmwiki.php\/Main\/CatchPhrase\" target=\"_blank\"><strong>Catch Phrase<\/strong><\/a>: Nathana\u00ebl : <em>'Salut...'<\/em> Qu'il le fasse sous  sa forme humaine ou f\u00e9erique, ces mots laissent toujours une marque  ind\u00e9l\u00e9bile dans l'esprit de ceux qui le rencontrent pour la premi\u00e8re  fois.<\/li>\r\n\t<li><strong><a href=\"http:\/\/tvtropes.org\/pmwiki\/pmwiki.php\/Main\/ChaoticGood\" target=\"_blank\">Chaotic Good<\/a>: <\/strong> Irena, Nathana\u00ebl, Jan (bien que ce dernier ait eu tendance \u00e0 glisser de temps en temps vers le <a href=\"http:\/\/tvtropes.org\/pmwiki\/pmwiki.php\/Main\/ChaoticNeutral\"><strong>Chaotic Neutral<\/strong><\/a>), Serafim, et Georg Stanis (dans la cat\u00e9gorie 'Vieux Ermites').<\/li>\r\n\t<li><strong><a href=\"http:\/\/tvtropes.org\/pmwiki\/pmwiki.php\/Main\/ChaoticNeutral\" target=\"_blank\">Chaotic Neutral<\/a>:<\/strong> Serafim. Il pisse sur les murs de riches  propri\u00e9t\u00e9s Viennoises, se fait renverser par des voitures et aime \u00e7a,  lit des cartes de cadastres \u00e0 l'envers et essaie de faire croire qu'il  les a comprises, provoque d\u00e9lib\u00e9r\u00e9ment des crises de spasmophilie \u00e0 des  vieux archivistes sous pr\u00e9texte que \u00e7a le fait rire.<\/li>\r\n\t<li><strong><a href=\"http:\/\/tvtropes.org\/pmwiki\/pmwiki.php\/Main\/CharlesAtlasSuperpower\" target=\"_blank\">Charles Atlas Superpower<\/a>:<\/strong> Jan Peter, m\u00eame si celui-ci pourrait \u00e9galement \u00eatre cat\u00e9goris\u00e9 comme <a href=\"http:\/\/tvtropes.org\/pmwiki\/pmwiki.php\/Main\/BadassAbnormal\" target=\"_blank\"><strong>BadAss Abnormal<\/strong><\/a>, \u00e9tant donn\u00e9 qu'il est aussi et avant tout un Akashite.<\/li>\r\n\t<li><strong><a href=\"http:\/\/tvtropes.org\/pmwiki\/pmwiki.php\/Main\/CheshireCatGrin\" target=\"_blank\">Cheshire Cat Grin<\/a><\/strong>: Turpin! (Voire m\u00eame <strong><a href=\"http:\/\/tvtropes.org\/pmwiki\/pmwiki.php\/Main\/SlasherSmile\" target=\"_blank\">Slasher Smile<\/a><\/strong>, tiens tiens...)<\/li>\r\n\t<li><strong><a href=\"http:\/\/tvtropes.org\/pmwiki\/pmwiki.php\/Main\/CoatHatMask\" target=\"_blank\">Coat Hat Mask<\/a>:<\/strong> Partiellement d\u00e9tourn\u00e9 puisqu'il s'agit plus  d'une queue-de-pie que d'un trenchcoat. Cependant, ce trope semble  parfaitement adapt\u00e9 \u00e0 un certain myst\u00e9rieux personnage au comportement  plus ou moins incoh\u00e9rent, qui pourrait bien \u00eatre Phil\u00e9mon.<\/li>\r\n\t<li><strong><a href=\"http:\/\/tvtropes.org\/pmwiki\/pmwiki.php\/Main\/DarkAndTroubledPast\" target=\"_blank\">Dark and Troubled Past<\/a>: <\/strong>Quasiment TOUS les personnages principaux.<\/li>\r\n\t<li><strong><a href=\"http:\/\/tvtropes.org\/pmwiki\/pmwiki.php\/Main\/DeathIsCheap\" target=\"_blank\">Death is Cheap<\/a>:<\/strong> Enneakephalos (il a fallu une bonne douzaine de  Tremere pour le tuer, dont trois \u00e9taient des Anciens. Et devinez qui  revient \u00e0 la vie moins d'un si\u00e8cle plus tard...? Quelque chose me dit  qu'une m\u00e9thode plus radicale va devoir \u00eatre mise au point afin de s'en  d\u00e9barrasser et le rendre <a href=\"http:\/\/tvtropes.org\/pmwiki\/pmwiki.php\/Main\/DeaderThanDead\" target=\"_blank\"><strong>Deader than Dead<\/strong><\/a>).<\/li>\r\n\t<li><strong><a href=\"http:\/\/tvtropes.org\/pmwiki\/pmwiki.php\/Main\/EldritchAbomination\" target=\"_blank\">Eldritch Abomination<\/a>:<\/strong> Lh\u00f6p-Lh\u00f6p, bien qu'il soit l'alli\u00e9 de la  Fondation Errante pour le moment (D'un autre c\u00f4t\u00e9, il a \u00e9t\u00e9 plusieurs  fois sous-entendu qu'il est tout aussi dangereux qu'Enneakephalos).<\/li>\r\n\t<li><strong><a href=\"http:\/\/tvtropes.org\/pmwiki\/pmwiki.php\/Main\/EvenTheGuysWantHim\" target=\"_blank\">Even The Guys Want Him<\/a>:<\/strong> Jan notamment \u00e0 cause des rapports qu'il entretient avec Nathana\u00ebl et Melville G\u00e4nt (<strong><a href=\"http:\/\/tvtropes.org\/pmwiki\/pmwiki.php\/Main\/FoeYay\" target=\"_blank\">Foe Yay<\/a> <\/strong> pour ce dernier). Quel dommage qu'il soit \u00e9galement un <a href=\"http:\/\/tvtropes.org\/pmwiki\/pmwiki.php\/Main\/CelibateHero\" target=\"_blank\"><strong>Celibate Hero<\/strong><\/a>...<\/li>\r\n\t<li><strong><a href=\"http:\/\/tvtropes.org\/pmwiki\/pmwiki.php\/Main\/FanNickname\" target=\"_blank\">Fan Nickname<\/a>:<\/strong> Fr\u00e8re Piotr ----&gt; Fier Pote ou Pi\u00e8tre Fiote ;  Tim ----&gt; TimTim ; Helga ----&gt; Sombre Reine au Gourdin ; Zyah  Abalan ----&gt; L'Homme aux Loukoums.<\/li>\r\n\t<li><strong><a href=\"http:\/\/tvtropes.org\/pmwiki\/pmwiki.php\/Main\/GhibliHills\" target=\"_blank\">Ghibli Hills<\/a><\/strong>: Bushy Park, et particuli\u00e8rement les alentours du sanctuaire de Liam. D'ailleurs, Arnaud, on r\u00e9p\u00e8te: <strong><a href=\"http:\/\/tvtropes.org\/pmwiki\/pmwiki.php\/Main\/WhenTreesAttack\" target=\"_blank\">PAS de feu \u00e0 Bushy Park<\/a><\/strong>. Non, <a href=\"http:\/\/tvtropes.org\/pmwiki\/pmwiki.php\/Main\/Ptitle0b588116\" target=\"_blank\"><strong>s\u00e9rieusement<\/strong>.<\/a><\/li>\r\n\t<li><strong><a href=\"http:\/\/tvtropes.org\/pmwiki\/pmwiki.php\/Main\/Golem\" target=\"_blank\">Golem<\/a><\/strong>: Londres, ses rues obscures, son m\u00e9tro inond\u00e9, sa Tamise qui pue, ses Golems qui poursuivent des Herm\u00e9tistes en taxi...<\/li>\r\n\t<li><strong><a href=\"http:\/\/tvtropes.org\/pmwiki\/pmwiki.php\/Main\/HermitGuru\" target=\"_blank\">Hermit Guru<\/a>: <\/strong> Georg Stanis ; Ma\u00eetre Loh-Ni.<\/li>\r\n\t<li><a href=\"http:\/\/tvtropes.org\/pmwiki\/pmwiki.php\/Main\/HeroicAlbino\" target=\"_blank\"><strong>Heroic Albino<\/strong><\/a>: Irena Van den Haag, bien  \u00e9videmment. Et je me demande si on verra passer le Evil Albino aussi  (mais pas en sniper, j'insiste).<\/li>\r\n\t<li><strong><a href=\"http:\/\/tvtropes.org\/pmwiki\/pmwiki.php\/Main\/HighOctaneNightmareFuel\" target=\"_blank\">High Octane Nightmare Fuel<\/a>:<\/strong> Enneakephalos et son antre souterrain ; Lh\u00f6p-Lh\u00f6p d\u00e9chiquetant, ou d\u00e9vorant, la larve du m\u00eame Enneakephalos.<\/li>\r\n\t<li><strong><a href=\"http:\/\/tvtropes.org\/pmwiki\/pmwiki.php\/Main\/HotBlooded\" target=\"_blank\">Hot-Blooded<\/a>:<\/strong> Melville G\u00e4nt, m\u00eame s'il a parfois tendance \u00e0 \u00eatre pris pour un <a href=\"http:\/\/tvtropes.org\/pmwiki\/pmwiki.php\/Main\/ButtMonkey\" target=\"_blank\"><strong>Butt Monkey<\/strong><\/a>.<\/li>\r\n\t<li><strong><a href=\"http:\/\/tvtropes.org\/pmwiki\/pmwiki.php\/Main\/MadeOfExplodium\" target=\"_blank\">Made of Explodium<\/a>:<\/strong> Pyriel semble disposer de talents lui permettant de faire exploser n'importe quoi en le touchant. <strong><a href=\"http:\/\/tvtropes.org\/pmwiki\/pmwiki.php\/Main\/SoYeah\" target=\"_blank\">So Yeah<\/a>...<\/strong><\/li>\r\n\t<li><strong>Mixed Archetyes (Heroic-Seeker): <\/strong> Parfaitement adapt\u00e9 \u00e0 Helga, je pense. Elle veut la v\u00e9rit\u00e9... et la t\u00eate de Grygor au passage.<\/li>\r\n\t<li><strong><a href=\"http:\/\/tvtropes.org\/pmwiki\/pmwiki.php\/Main\/Nakama\" target=\"_blank\">Nakama<\/a>:<\/strong> La Fondation Errante, m\u00eame si cela n'est pas encore tr\u00e8s visible pour le moment.<\/li>\r\n\t<li><strong><a href=\"http:\/\/tvtropes.org\/pmwiki\/pmwiki.php\/Main\/NoblewomansLaugh\" target=\"_blank\">Noblewoman's Laugh<\/a>:<\/strong> Irena, et dans une moindre mesure, Helga d\u00e8s que celle-ci passe ses nerfs sur quelque chose, ou quelqu'un...<\/li>\r\n\t<li><strong><a href=\"http:\/\/tvtropes.org\/pmwiki\/pmwiki.php\/Main\/RunningGag\" target=\"_blank\">Running Gag<\/a>: <\/strong> Jan et ses probl\u00e8mes de dents vagabondes ; Serafim et ses saucisses.<\/li>\r\n\t<li><strong>Sealed Evil in a Can:<\/strong> L'Opale d'Anubis, son rejeton devant lui \u00eatre plac\u00e9 dans la cat\u00e9gorie <strong>Sealed Inside A Person Shaped Can <\/strong> (heureusement, la gemme a pu \u00eatre extraite avant qu'il ne soit trop tard).<\/li>\r\n\t<li><strong>The Ace:<\/strong> Partiellement d\u00e9tourn\u00e9 dans le cas de Tim, puisqu'il  pense en \u00eatre un. La R\u00e9alit\u00e9, cependant, ne cesse de le confronter \u00e0 des  situations plut\u00f4t embarrassantes...<\/li>\r\n\t<li><strong>The Big Guy:<\/strong> Tim, qui repr\u00e9sente \u00e0 sa mani\u00e8re un m\u00e9lange entre Tintin et la classe 4 de cette famille \u00f4 combien <span style=\"text-decoration: line-through;\">t\u00e2chante<\/span><del><\/del> attachante...<\/li>\r\n\t<li><strong>The Chick:<\/strong> Nathana\u00ebl, avec ses merveilleux tambourins, ainsi que  son d\u00e9sir d'\u00eatre un Troubadour des temps modernes. De plus, n'oublions  pas qu'il a promis aux esprits qui veillent sur lui de ne tuer personne  au cours de sa vie. Quel dommage que les Trolls aient une existence  aussi longue...<\/li>\r\n\t<li><strong>TheGwenStacy:<\/strong> Jan se sent toujours responsable de la mort de la  seule femme qu'il ait jamais aim\u00e9, Katya Volkov. Qui \u00e9tait aussi la  soeur de son <strong>Arch Enemy<\/strong>. <a href=\"http:\/\/tvtropes.org\/pmwiki\/pmwiki.php\/Main\/SoYeah\" target=\"_blank\"><strong>So Yeah<\/strong><\/a>.<\/li>\r\n\t<li><strong>The Hero:<\/strong> Helga, bien que sa position soit encore assez contest\u00e9e. N\u00e9anmoins, n'oublions pas qu'elle est cens\u00e9e \u00eatre la <em>Sombre Reine<\/em> de la Fondation Errante, un titre qui vaut tous les discours du monde...<\/li>\r\n\t<li><strong>The Lancer:<\/strong> Jan Peter, bien s\u00fbr.<\/li>\r\n\t<li><strong>The Smart Guy:<\/strong> Partiellement d\u00e9tourn\u00e9, puisqu'Irena Van den  Haag, et cela malgr\u00e9 l'impressionnant contenu de sa bo\u00eete cr\u00e2nienne,  dispose \u00e9galement du douteux privil\u00e8ge d'avoir caus\u00e9 indirectement la  mort de quasiment tous ceux ayant voulu attenter \u00e0 sa vie.\r\n(NDIrena: \"Ben quoi? Je les ai m\u00eame pas touch\u00e9s...\")<\/li>\r\n\t<li><strong><a href=\"http:\/\/tvtropes.org\/pmwiki\/pmwiki.php\/Main\/TheVoiceless\" target=\"_blank\">The Voiceless<\/a><\/strong>: Aster.<\/li>\r\n\t<li><strong>The Woobie:<\/strong> Gianfranco, qui semble avoir un \u00e9norme boulet karmique accroch\u00e9 \u00e0 ses chevilles.<\/li>\r\n\t<li><strong><a href=\"http:\/\/tvtropes.org\/pmwiki\/pmwiki.php\/Main\/WrenchWench\" target=\"_blank\">Wrench Wench<\/a><\/strong>: Lucia, tr\u00e8s clairement. Et en tant que <strong><a href=\"http:\/\/tvtropes.org\/pmwiki\/pmwiki.php\/Main\/MadScientist\" target=\"_blank\">Mad Scientist<\/a><\/strong>, elle a tendance \u00e0 hurler <a href=\"http:\/\/tvtropes.org\/pmwiki\/pmwiki.php\/Main\/ForScience\" target=\"_blank\"><strong>for Science!<\/strong><\/a> assez souvent. (Ou <strong><a href=\"http:\/\/tvtropes.org\/pmwiki\/pmwiki.php\/Main\/BattleCry\" target=\"_blank\">LUDDIIITES !<\/a><\/strong>, si on l'\u00e9nerve suffisamment. D'ailleurs, dans ce genre de cas, la wrench se retrouvera probablement in your face.)<\/li>\r\n<\/ul>","protected":false},"excerpt":{"rendered":"<p>Parce que nous sommes de grands accros de TV Tropes, et que \u00e7a fait toujours bien rire&#8230; voici les tropes divers et vari\u00e9s que nous avons rep\u00each\u00e9s au cours de la Chronique! Absurdly Spacious Sewers: On sait qu&#8217;une bonne centaine de Nosferatus sont cens\u00e9s vivre sous Vienne, mais quand m\u00eame&#8230; Action Girl: Un certain nombre, [&hellip;]<\/p>\n","protected":false},"author":2,"featured_media":0,"parent":6,"menu_order":4,"comment_status":"open","ping_status":"open","template":"","meta":{"footnotes":""},"class_list":["post-392","page","type-page","status-publish","hentry"],"_links":{"self":[{"href":"http:\/\/www.yzabel.net\/mage\/wp-json\/wp\/v2\/pages\/392","targetHints":{"allow":["GET"]}}],"collection":[{"href":"http:\/\/www.yzabel.net\/mage\/wp-json\/wp\/v2\/pages"}],"about":[{"href":"http:\/\/www.yzabel.net\/mage\/wp-json\/wp\/v2\/types\/page"}],"author":[{"embeddable":true,"href":"http:\/\/www.yzabel.net\/mage\/wp-json\/wp\/v2\/users\/2"}],"replies":[{"embeddable":true,"href":"http:\/\/www.yzabel.net\/mage\/wp-json\/wp\/v2\/comments?post=392"}],"version-history":[{"count":11,"href":"http:\/\/www.yzabel.net\/mage\/wp-json\/wp\/v2\/pages\/392\/revisions"}],"predecessor-version":[{"id":397,"href":"http:\/\/www.yzabel.net\/mage\/wp-json\/wp\/v2\/pages\/392\/revisions\/397"}],"up":[{"embeddable":true,"href":"http:\/\/www.yzabel.net\/mage\/wp-json\/wp\/v2\/pages\/6"}],"wp:attachment":[{"href":"http:\/\/www.yzabel.net\/mage\/wp-json\/wp\/v2\/media?parent=392"}],"curies":[{"name":"wp","href":"https:\/\/api.w.org\/{rel}","templated":true}]}}