{"id":433,"date":"2010-08-03T09:46:48","date_gmt":"2010-08-03T07:46:48","guid":{"rendered":"http:\/\/www.yzabel.net\/mage\/?page_id=433"},"modified":"2011-06-11T09:51:36","modified_gmt":"2011-06-11T07:51:36","slug":"the-uncannies","status":"publish","type":"page","link":"http:\/\/www.yzabel.net\/mage\/principaux-personnages\/les-personnages-de-redux\/the-uncannies","title":{"rendered":"The Uncannies"},"content":{"rendered":"\"The Uncannies\" est le surnom que s'est gagn\u00e9 au cours des ann\u00e9es 20 l'agence de d\u00e9tectives new-yorkaise <em>Matthews &amp; Brown<\/em>. Fond\u00e9e \u00e0 l'origine en 1919 par Amelia Matthews et Emmeline Brown, deux jeunes femmes bien d\u00e9cid\u00e9es \u00e0 faire de leur vie ce qu'elles voulaient et non ce que leurs familles d\u00e9siraient, l'agence s'est tr\u00e8s rapidement gagn\u00e9 le concours d'autres membres: Matt Springer, Angus O'Donnell et Sonny Rousseau.\r\n<h2>Amelia Matthews (\"Valkyrie\"):<\/h2>\r\nIssue de la richissime famille Matthews de Bedford, famille domin\u00e9e par un patriarche caract\u00e9riel \u00e0 qui son grand \u00e2ge n'a rien \u00f4t\u00e9 de sa pugnacit\u00e9, Amelia a rapidement cherch\u00e9 \u00e0 couper les ponts autant que faire se pouvait afin d'\u00e9chapper non seulement \u00e0 un mariage arrang\u00e9, mais aussi de fonder son agence de d\u00e9tectives en compagnie de son amie Emmeline, avec qui elle avait suivi des \u00e9tudes universitaires.\r\n\r\nJeune femme volontaire dot\u00e9e d'une tendance certaine \u00e0 se jeter \u00e0 corps perdu dans l'action avant de vraiment r\u00e9fl\u00e9chir aux implications, Am\u00e9lia n'a rien perdu de sa fougue en 1927, ni de son charisme et de ses atouts f\u00e9minins, d'ailleurs. Ses r\u00e9flexes d'une rapidit\u00e9 telle qu'ils sont pour ainsi dire inhumains ne le disputent qu'\u00e0 ses talents \u00e0 faire des entr\u00e9es fracassantes et impressionnantes et \u00e0 crucifier sur place quiconque l'importune d'un regard d'acier. Elle se bat principalement \u00e0 l'arme \u00e0 feu, utilisant toujours son fid\u00e8le Savage 1917 (ainsi que, pour les cas les plus \"surnaturels\", une paire de colts \u00e0 crosse en ivoire et \u00e0 balles d'argent, qui lui ont \u00e9t\u00e9 remis par son grand-p\u00e8re en 1920 lorsqu'il a engag\u00e9 l'agence \u00e0 son corps d\u00e9fendant pour r\u00e9gler une sombre affaire de meurtre familiale). Toutefois, le fait qu'elle poss\u00e8de \u00e9galement une claymore, offerte par Lord Amberville suite \u00e0 une affaire rondement men\u00e9e, lui a \u00e9galement valu le surnom de \"Valkyrie\".\r\n\r\n<em>[Dramatic Entrance \u2014 Lie Detector \u2014 Lightning Reflexes \u2014 Steely Gaze]<\/em>\r\n<h2>Emmeline Brown (\"Widget\"):<\/h2>\r\nEmmeline a rencontr\u00e9 Amelia \u00e0 l'universit\u00e9, toutes deux y ayant \u00e9t\u00e9  autoris\u00e9es par leurs familles bourgeoises \u00e0 faire des \u00e9tudes afin de  pouvoir \u00e9pouser un meilleur parti encore. Emmeline, fille unique d'un  savant plut\u00f4t renomm\u00e9, avait de tout temps admir\u00e9 les travaux de son  p\u00e8re, et d\u00e9sirait ardemment de lancer elle aussi dans les sciences.  H\u00e9las pour sa famille, ce que son p\u00e8re avait au d\u00e9part consid\u00e9r\u00e9 d'un  bon oeil, comme une lubie d'adolescente, s'est r\u00e9v\u00e9l\u00e9 plus qu'un  passe-temps: une v\u00e9ritable passion. Les relations d'Emmeline avec les  siens se sont tendues au point que son p\u00e8re finisse par la d\u00e9sh\u00e9riter,  l'agence Matthews &amp; Brown devenant ainsi sa seule v\u00e9ritable  \"famille\".\r\n\r\nAu fil des ans, Emmeline s'est sp\u00e9cialis\u00e9e en  ing\u00e9nierie v\u00e9hiculaire, am\u00e9liorant encore et toujours amoureusement ce  qu'elle surnomme la \"Misery Machine\", la fid\u00e8le camionnette de l'agence,  mais elle continue \u00e0 s'int\u00e9resser \u00e0 tous types de sciences, notamment  la physique-chimie et les travaux du professeur Nikola Tesla. Elle fait  montre de talents particuliers pour tout ce qui concerne l'assemblage et  la cr\u00e9ation de gadgets de toutes sortes, talents qui lui ont d'ailleurs  valu le surnom de \"Widget\" depuis 1926. De plus, et fort bizarrement,\u00a0 \u00e0 chaque fois qu'elle prend le volant, malheur finit toujours par arriver \u00e0 ses poursuivants (elle est m\u00eame parvenue \u00e0 faire s'\u00e9chouer un sous-marin en pilotant un hydravion!) \u2014 tandis qu'elle-m\u00eame, \u00e0 plusieurs reprises, a litt\u00e9ralement d\u00e9fi\u00e9 la mort en se tirant de situations o\u00f9 ses co\u00e9quipiers l'avaient clairement vue y rester. H\u00e9las, il semblerait \u00e9galement qu'Emmeline soit en  train de basculer dans une\u00a0 forme de folie certaine, refl\u00e9t\u00e9e dans ses  fa\u00e7ons de faire peu orthodoxes par moments lorsqu'il s'agit de projets et d'exp\u00e9riences scientifiques.\r\n\r\n<em>[Death Defiance <\/em><em>\u2014 <\/em><em>Gadgeteer <\/em><em>\u2014 <\/em><em> Instant Expert <\/em><em>\u2014 <\/em><em> Mad Scientist <\/em><em>\u2014 <\/em><em> Navigation Hazard]<\/em>\r\n<h2>Matt Springer (\"Pummeler\"):<\/h2>\r\nMatt est le colosse de l'agence, mais un colosse au style\u00a0 vestimentaire impeccable, m\u00eame au sortir des pires combats. Ses deux m\u00e8tres dix et ses cent cinquante kilos de muscles lui permettent de faire montre de capacit\u00e9s stup\u00e9fiantes en close-combat, ainsi que d'une r\u00e9sistance physique extr\u00eame \u2014 et \u00e0 plusieurs reprises, sa force et son courage ont sauv\u00e9 la vie \u00e0 ses patronnes. Son petit p\u00e9ch\u00e9 mignon (que le reste de l'agence conna\u00eet fort bien, mais fait semblant de totalement ignorer!) est de lire des romans \u00e0 l'eau de rose \u2014 il en garde toujours un dans la poche int\u00e9rieure de son veston.\r\n\r\nMatt est ami de longue date avec Angus O'Donnell, avec qui il a combattu en France en 1917. Tous deux y ont vu leur bataillon d\u00e9cim\u00e9 par une horreur sans nom que Matt essaie d\u00e9sesp\u00e9r\u00e9ment d'oublier depuis ce temps-l\u00e0.\r\n\r\n<em>[Body of Bronze <\/em><em>\u2014 <\/em><em> One-Man Army <\/em><em>\u2014 <\/em><em> Perfect Poise <\/em><em>\u2014 <\/em><em> Piledriver]<\/em>\r\n<h2>Angus O'Donnell (\"Trickshot\/Shadow\/Darkling\"):<\/h2>\r\nIrlandais \u00e9migr\u00e9 aux Etats-Unis, Angus a \u00e9t\u00e9 envoy\u00e9 sur le front en m\u00eame temps que Matt en 1917, o\u00f9 tous deux ont sympathis\u00e9, mais aussi v\u00e9cu des moments cauchemardesques. C'est fin 1919 qu'il a \u00e9t\u00e9 embauch\u00e9 par l'agence Matthews &amp; Brown, afin que ses talents leur servent de puissance de feu. Ce travail \u00e0 l'agence lui a permis de peu \u00e0 peu se sortir du milieu o\u00f9 il avait gliss\u00e9, effectuant de plus en plus de jobs en tant que tueur \u00e0 gages, et de ne pas devenir une \u00e9ni\u00e8me recrue parmi d'autres de la Mafia. Angus a peu \u00e0 peu commenc\u00e9 \u00e0 \"se ranger\", comme on dit, au point m\u00eame d'\u00e9pouser une jeune femme du nom de Bianca et d'ouvrir avec elle un petit fond de commerce, le <em>Blazing Dixie<\/em>, en 1926. Malheureusement, quelques semaines plus tard, alors que le reste de l'agence \u00e9tait en mission en Afrique, ce bar-casino qu'il dirigeait avec sa femme a \u00e9t\u00e9 incendi\u00e9, tr\u00e8s certainement du fait de la Mafia, et tous deux ont p\u00e9ri.\r\n\r\nPeu de temps apr\u00e8s, un \u00e9trange personnage a fait son apparition, une sorte de <em>vigilante<\/em> surnomm\u00e9 \"the Shadow\" \u2014 un homme en longue cape noire, portant chapeau, \u00e9charpe et \u00e9paisse lunettes de moto, qui ne s'attaquait qu'\u00e0 des membres de la Mafia, les tuant syst\u00e9matiquement de fa\u00e7on fort efficace. Les quatre <em>Uncannies<\/em> restants ont fini par d\u00e9couvrir qu'il s'agissait d'Angus, qu'ils croyaient pourtant d\u00e9c\u00e9d\u00e9... mais un Angus fort chang\u00e9, plus semblable \u00e0 une ombre qu'\u00e0 un \u00eatre humain, et qui affirmait \u00eatre effectivement bel et bien mort. Et n\u00e9anmoins, suite \u00e0 leur passage dans l'Autre New York, il se pourrait bien que l'\u00e9tat d'Angus ait chang\u00e9 \u2014 ce qui s'est av\u00e9r\u00e9 vrai par la suite, lorsque les PJs, prisonniers d'un cauchemar r\u00e9p\u00e9tant la mort d'Angus dans l'incendie de son \u00e9tablissement, ont sauv\u00e9 leur ami, cr\u00e9ant sans doute ainsi une sorte de paradoxe temporel... mais avec pour effet de tout de m\u00eame ramener Angus (certes fort amoch\u00e9) \u00e0 la vie.\r\n\r\n<em>[Trick Shot \u2014 Threat Awareness \u2014 Universally Deadly \u2014 Lightning Reflexes]<\/em>\r\n<h2>Sonny Rousseau (\"Gipsy\"):<\/h2>\r\nContrairement \u00e0 ses co\u00e9quipiers, Sonny n'est pas un Inspir\u00e9, mais un mage, \u00e0 priori de la Tradition des Onirologues. Originaire de Ha\u00efti, il s'inspire fortement des pratiques vaudou pour pratiquer sa magye, et est un sp\u00e9cialiste du monde des Esprits et, d'une certaine mani\u00e8re, des Morts \u00e9galement. La plupart du temps, Sonny aide l'agence en effectuant son m\u00e9tier de chauffeur de taxi, qui lui permet de conna\u00eetre toute la ville comme sa poche et de glaner bien des informations \u00e0 droite et \u00e0 gauche. Bizarrement, il se trouve toujours au bon endroit au bon moment, surtout lorsqu'il s'agit d'aider ses amis de l'agence.","protected":false},"excerpt":{"rendered":"<p>&#8220;The Uncannies&#8221; est le surnom que s&#8217;est gagn\u00e9 au cours des ann\u00e9es 20 l&#8217;agence de d\u00e9tectives new-yorkaise Matthews &amp; Brown. Fond\u00e9e \u00e0 l&#8217;origine en 1919 par Amelia Matthews et Emmeline Brown, deux jeunes femmes bien d\u00e9cid\u00e9es \u00e0 faire de leur vie ce qu&#8217;elles voulaient et non ce que leurs familles d\u00e9siraient, l&#8217;agence s&#8217;est tr\u00e8s rapidement [&hellip;]<\/p>\n","protected":false},"author":2,"featured_media":0,"parent":21,"menu_order":11,"comment_status":"open","ping_status":"open","template":"","meta":{"footnotes":""},"class_list":["post-433","page","type-page","status-publish","hentry"],"_links":{"self":[{"href":"http:\/\/www.yzabel.net\/mage\/wp-json\/wp\/v2\/pages\/433","targetHints":{"allow":["GET"]}}],"collection":[{"href":"http:\/\/www.yzabel.net\/mage\/wp-json\/wp\/v2\/pages"}],"about":[{"href":"http:\/\/www.yzabel.net\/mage\/wp-json\/wp\/v2\/types\/page"}],"author":[{"embeddable":true,"href":"http:\/\/www.yzabel.net\/mage\/wp-json\/wp\/v2\/users\/2"}],"replies":[{"embeddable":true,"href":"http:\/\/www.yzabel.net\/mage\/wp-json\/wp\/v2\/comments?post=433"}],"version-history":[{"count":11,"href":"http:\/\/www.yzabel.net\/mage\/wp-json\/wp\/v2\/pages\/433\/revisions"}],"predecessor-version":[{"id":442,"href":"http:\/\/www.yzabel.net\/mage\/wp-json\/wp\/v2\/pages\/433\/revisions\/442"}],"up":[{"embeddable":true,"href":"http:\/\/www.yzabel.net\/mage\/wp-json\/wp\/v2\/pages\/21"}],"wp:attachment":[{"href":"http:\/\/www.yzabel.net\/mage\/wp-json\/wp\/v2\/media?parent=433"}],"curies":[{"name":"wp","href":"https:\/\/api.w.org\/{rel}","templated":true}]}}