{"id":50,"date":"2007-08-18T05:34:56","date_gmt":"2007-08-18T10:34:56","guid":{"rendered":"http:\/\/www.yzabel.net\/mage\/principaux-personnages\/les-personnages-de-lpda\/pepe-carapace"},"modified":"2007-08-25T07:42:43","modified_gmt":"2007-08-25T12:42:43","slug":"pepe-carapace","status":"publish","type":"page","link":"http:\/\/www.yzabel.net\/mage\/principaux-personnages\/les-personnages-de-lpda\/pepe-carapace","title":{"rendered":"P\u00e9p\u00e9 Carapace"},"content":{"rendered":"P\u00e9p\u00e9 Carapace est un personnage mineur apparaissant lors du Sc\u00e9nario \"Odyss\u00e9e Spectrale\".\r\n<p align=\"justify\">Ce vieux m\u00e9d\u00e9cin bougon vit\u00a0sur la Terre-Miroir, une version alternative de notre plan\u00e8te\u00a0qu'une v\u00e9ritable horde\u00a0d'Esprits du N\u00e9ant a envahi peu de temps apr\u00e8s la fin de la Seconde Guerre Mondiale. Les Esprits non corrompus et ainsi que les rares survivants habitent \u00e0 pr\u00e9sent dans des \"D\u00f4mes\", des territoires minoritaires et \u00a0prot\u00e9g\u00e9s magyquement qui ont r\u00e9ussi \u00e0 subsister face\u00a0aux attaques constantes de ces monstres, aussi appell\u00e9s 'Mavericks'.<\/p>\r\n<p align=\"justify\">Afin de\u00a0survivre \u00e0 l'in\u00e9vitable corruption qui les attendait, un certain nombre d'Esprits choisirent de\u00a0s'allier avec des \u00eatres humains, et cela en fusionnant avec eux.\u00a0\u00a0Cela a fini par\u00a0cr\u00e9er une population tr\u00e8s minoritaire d'Esprits Incarn\u00e9s, \u00eatres fabuleux\u00a0faisant coexister\u00a0leurs souvenirs, ainsi que leurs consciences humaines et animales au sein d'un m\u00eame corps. Cette cohabitation n'est cependant pas sans cons\u00e9quences pour ceux qui l'acceptent, la moindre d'entre elles \u00e9tant le fait que l'h\u00f4te finit toujours par d\u00e9velopper autant de traits humains que de traits surnaturels.<\/p>\r\nPeu de temps apr\u00e8s les \u00e9v\u00e8nements d\u00e9crits dans \"Genesis\", Philippe et Rapha\u00ebl\u00a0sont myst\u00e8rieusement propuls\u00e9s au travers de la barri\u00e8re dimensionelle s\u00e9parant leur monde de la\u00a0Terre-Miroir, et finissent par se retrouver\u00a0dans\u00a0le D\u00f4me de l'\u00eele du Poisson-Diable, situ\u00e9 non loin de l'archipel des A\u00e7ores. Ils y rencontrent P\u00e9p\u00e9 Carapace,\u00a0Esprit Incarn\u00e9\u00a0 et gu\u00e9risseur de l'\u00eele, qui a recueilli dans sa chair l'essence\u00a0 d'un\u00a0Esprit ancestral repr\u00e9sentant\u00a0les Tortues de\u00a0Mer.\u00a0\r\n\r\nGr\u00e2ce \u00e0\u00a0sa fonction, P\u00e9p\u00e9 Carapace s'est autoproclam\u00e9 seul ma\u00eetre\u00a0de son\u00a0dispensaire, un modeste mais solide batiment de torchis dont il a \u00e9labor\u00e9 les plans lui-m\u00eame. Il est aussi l'un des trois notables de l'\u00eele, avec Rheinard, le \"Sheriff\" et Gustavo, le \"Maire\/Repr\u00e9sentant des villageois\". Malgr\u00e9 son aspect d\u00e9bonnaire ce vieux\u00a0m\u00e9decin est un homme relativement solitaire, qui s'absorbe volontiers dans\u00a0son travail et qui\u00a0se montre aussi\u00a0exigeant\u00a0vis-\u00e0-vis de\u00a0lui-m\u00eame qu'il peut l'\u00eatre vis-\u00e0-vis des autres.\u00a0Il finit n\u00e9anmoins par se lier d'amiti\u00e9 avec Rapha\u00ebl, et d\u00e9cide de lui enseigner tout ce qu'il sait en mati\u00e8re d'herboristerie.\r\n\r\n\u00a0\u00a0","protected":false},"excerpt":{"rendered":"<p>P\u00e9p\u00e9 Carapace est un personnage mineur apparaissant lors du Sc\u00e9nario &#8220;Odyss\u00e9e Spectrale&#8221;. Ce vieux m\u00e9d\u00e9cin bougon vit\u00a0sur la Terre-Miroir, une version alternative de notre plan\u00e8te\u00a0qu&#8217;une v\u00e9ritable horde\u00a0d&#8217;Esprits du N\u00e9ant a envahi peu de temps apr\u00e8s la fin de la Seconde Guerre Mondiale. Les Esprits non corrompus et ainsi que les rares survivants habitent \u00e0 pr\u00e9sent [&hellip;]<\/p>\n","protected":false},"author":3,"featured_media":0,"parent":18,"menu_order":22,"comment_status":"open","ping_status":"open","template":"","meta":{"footnotes":""},"class_list":["post-50","page","type-page","status-publish","hentry"],"_links":{"self":[{"href":"http:\/\/www.yzabel.net\/mage\/wp-json\/wp\/v2\/pages\/50","targetHints":{"allow":["GET"]}}],"collection":[{"href":"http:\/\/www.yzabel.net\/mage\/wp-json\/wp\/v2\/pages"}],"about":[{"href":"http:\/\/www.yzabel.net\/mage\/wp-json\/wp\/v2\/types\/page"}],"author":[{"embeddable":true,"href":"http:\/\/www.yzabel.net\/mage\/wp-json\/wp\/v2\/users\/3"}],"replies":[{"embeddable":true,"href":"http:\/\/www.yzabel.net\/mage\/wp-json\/wp\/v2\/comments?post=50"}],"version-history":[{"count":0,"href":"http:\/\/www.yzabel.net\/mage\/wp-json\/wp\/v2\/pages\/50\/revisions"}],"up":[{"embeddable":true,"href":"http:\/\/www.yzabel.net\/mage\/wp-json\/wp\/v2\/pages\/18"}],"wp:attachment":[{"href":"http:\/\/www.yzabel.net\/mage\/wp-json\/wp\/v2\/media?parent=50"}],"curies":[{"name":"wp","href":"https:\/\/api.w.org\/{rel}","templated":true}]}}