{"id":54,"date":"2007-08-18T14:22:22","date_gmt":"2007-08-18T19:22:22","guid":{"rendered":"http:\/\/www.yzabel.net\/mage\/principaux-personnages\/les-personnages-de-redux\/fyodor-paniouchkine"},"modified":"2007-08-30T12:04:00","modified_gmt":"2007-08-30T17:04:00","slug":"fyodor-paniouchkine","status":"publish","type":"page","link":"http:\/\/www.yzabel.net\/mage\/principaux-personnages\/les-personnages-de-redux\/fyodor-paniouchkine","title":{"rendered":"Fyodor Paniouchkine"},"content":{"rendered":"<em>manipulateur - ambitieux - passionn\u00e9<\/em>\r\n\r\nCe fort dangereux Vampire laisse g\u00e9n\u00e9ralement \u00e0 ceux qui ont le malheur de le croiser une d\u00e9plaisante impression de d\u00e9go\u00fbt m\u00eal\u00e9e d'exaltation.\r\n\r\nD\u00e9daignant les inconv\u00e9nients d'une apparence que beaucoup de ses pairs qualifieraient de monstrueuse, ce Tremere \u00e0 l'humeur aussi changeante que la lune pr\u00e9f\u00e8re s'absorber dans ses recherches ainsi que dans sa foi. Le fait qu'il soit le descendant d'un membre particuli\u00e8rement craint et detest\u00e9 du clan des sorciers a fini par l'isoler progressivement vis-\u00e0-vis de ses pairs, et cela malgr\u00e9 son statut de 'Ma\u00eetre des Homoncules'...\r\n\r\nAucun vampire Viennois ne peut h\u00e9las oublier le pass\u00e9 blasph\u00e9matoire du Sire de Fyodor, et comment il fut condamn\u00e9 \u00e0 la Mort Finale \u00e0 cause de cela. Mais au lieu de l'affranchir de son influence, la spectaculaire et sanglante disparition de Mateus ne fit que renforcer l'attachement quasi obsessionnel que lui portait son descendant.\r\n\r\nPuis, il y a de cela plusieurs dizaines d'ann\u00e9es, Fyodor a fini\u00a0 par d\u00e9couvrir la V\u00e9rit\u00e9 sous sa forme la plus primitive et le choc de cette rencontre le transforma \u00e0 jamais. Apr\u00e8s avoir finalement r\u00e9cup\u00e9r\u00e9 le fief de Mateus, le Thaumaturge\u00a0se lan\u00e7a sur les traces de son ma\u00eetre \u00e0 penser, et fit revivre petit \u00e0 petit le culte macabre qui lui avait\u00a0jadis co\u00fbt\u00e9 si cher.\u00a0S'enfon\u00e7ant chaque jour davantage dans\u00a0sa psychose, il continue \u00e0 v\u00e9n\u00e9rer\u00a0Enneakephalos, qu'il croit \u00eatre la R\u00e9incarnation de son Sire, et tout cela sans que\u00a0ses camarades vampires\u00a0ne puissent se douter que cette d\u00e9votion aveugle\u00a0risque bien de les tous les mener \u00e0 leur perte un jour.\r\n\r\nFyodor finira par \u00eatre chass\u00e9 de Vienne peu de temps apr\u00e8s les \u00e9v\u00e8nements d\u00e9crits dans \"La Source du Dragon\". Ayant \u00e9chou\u00e9 dans sa double tentative d'obtenir l'Amulette d'Anubis tout en faisant executer Damien, qu'il consid\u00e8re comme son pire ennemi, il quitte la ville avant que ses anciens pairs ne puissent s'emparer de lui pour le mettre \u00e0 mort.","protected":false},"excerpt":{"rendered":"<p>manipulateur &#8211; ambitieux &#8211; passionn\u00e9 Ce fort dangereux Vampire laisse g\u00e9n\u00e9ralement \u00e0 ceux qui ont le malheur de le croiser une d\u00e9plaisante impression de d\u00e9go\u00fbt m\u00eal\u00e9e d&#8217;exaltation. D\u00e9daignant les inconv\u00e9nients d&#8217;une apparence que beaucoup de ses pairs qualifieraient de monstrueuse, ce Tremere \u00e0 l&#8217;humeur aussi changeante que la lune pr\u00e9f\u00e8re s&#8217;absorber dans ses recherches ainsi [&hellip;]<\/p>\n","protected":false},"author":3,"featured_media":0,"parent":21,"menu_order":15,"comment_status":"open","ping_status":"open","template":"","meta":{"footnotes":""},"class_list":["post-54","page","type-page","status-publish","hentry"],"_links":{"self":[{"href":"http:\/\/www.yzabel.net\/mage\/wp-json\/wp\/v2\/pages\/54","targetHints":{"allow":["GET"]}}],"collection":[{"href":"http:\/\/www.yzabel.net\/mage\/wp-json\/wp\/v2\/pages"}],"about":[{"href":"http:\/\/www.yzabel.net\/mage\/wp-json\/wp\/v2\/types\/page"}],"author":[{"embeddable":true,"href":"http:\/\/www.yzabel.net\/mage\/wp-json\/wp\/v2\/users\/3"}],"replies":[{"embeddable":true,"href":"http:\/\/www.yzabel.net\/mage\/wp-json\/wp\/v2\/comments?post=54"}],"version-history":[{"count":0,"href":"http:\/\/www.yzabel.net\/mage\/wp-json\/wp\/v2\/pages\/54\/revisions"}],"up":[{"embeddable":true,"href":"http:\/\/www.yzabel.net\/mage\/wp-json\/wp\/v2\/pages\/21"}],"wp:attachment":[{"href":"http:\/\/www.yzabel.net\/mage\/wp-json\/wp\/v2\/media?parent=54"}],"curies":[{"name":"wp","href":"https:\/\/api.w.org\/{rel}","templated":true}]}}