{"id":58,"date":"2007-08-28T13:32:47","date_gmt":"2007-08-28T18:32:47","guid":{"rendered":"http:\/\/www.yzabel.net\/mage\/wien-by-night-1927"},"modified":"2008-08-03T14:40:53","modified_gmt":"2008-08-03T12:40:53","slug":"wien-by-night-1927","status":"publish","type":"page","link":"http:\/\/www.yzabel.net\/mage\/les-lieux-de-lintrigue\/wien-by-night-1927","title":{"rendered":"Wien by Night &#8211; 1927"},"content":{"rendered":"<a rel=\"attachment wp-att-174\" href=\"http:\/\/www.yzabel.net\/mage\/les-lieux-de-lintrigue\/wien-by-night-1927\/riesenradjpg\/\" title=\"riesenrad.JPG\"><\/a>\r\n<h5><a rel=\"attachment wp-att-177\" href=\"http:\/\/www.yzabel.net\/mage\/les-lieux-de-lintrigue\/wien-by-night-1927\/le-palais-du-hofburg\/\" title=\"Le palais du Hofburg\"><\/a>\u00a0\u00a0<\/h5>\r\n<h5>Pour se retrouver dans la ville \u00a0<\/h5>\r\nVienne se trouve \u00e0 un noeud de communications \u00e0 la charni\u00e8re de l'Europe occidentale et centrale.\u00a0Elle est situ\u00e9e en plaine, sur la rive droite du Danube, dont le cours a \u00e9t\u00e9 r\u00e9cemment canalis\u00e9, ce qui a permis une certaine extension urbaine, encore limit\u00e9e,\u00a0sur la rive gauche. \u00a0\r\n\r\nEn 1927, Vienne et sa banlieue comptent environ 1,9 million d'habitants. 300 000 Viennois\u00a0ont quitt\u00e9 la capitale\u00a0apr\u00e8s la\u00a0premi\u00e8re mondiale et la chute de l'Empire, ce qui donne une impression de ville d\u00e9peupl\u00e9e.\r\n\r\nLe <u>centre-ville<\/u> (Innere Stadt) comporte le palais imp\u00e9rial, la Hofburg, reconverti apr\u00e8s 1918 en r\u00e9sidence de la Pr\u00e9sidence autrichienne, ainsi que la cath\u00e9drale, le Stephansdom\u00a0 et ses catacombes impressionnantes. Il est entour\u00e9 du <em>Ring, <\/em>c'est-\u00e0-dire les grands boulevards ombrag\u00e9s construits \u00e0 l'emplacement des anciens remparts de la cit\u00e9 m\u00e9di\u00e9vale.\r\n\r\n\u00a0<a rel=\"attachment wp-att-177\" href=\"http:\/\/www.yzabel.net\/mage\/les-lieux-de-lintrigue\/wien-by-night-1927\/le-palais-du-hofburg\/\" title=\"Le palais du Hofburg\"><img loading=\"lazy\" decoding=\"async\" width=\"400\" src=\"http:\/\/www.yzabel.net\/mage\/wp-content\/uploads\/2008\/08\/hofburg.JPG\" alt=\"Le palais du Hofburg\" height=\"300\" \/><\/a>\r\n\r\n<a rel=\"attachment wp-att-177\" href=\"http:\/\/www.yzabel.net\/mage\/les-lieux-de-lintrigue\/wien-by-night-1927\/le-palais-du-hofburg\/\" title=\"Le palais du Hofburg\"><\/a><u>\u00a0Le centre urbain<\/u><em> :<\/em> il comprend une s\u00e9rie d'arrondissements rayonnant autour de <em>l'Innere Stadt.<\/em> On y acc\u00e8de en passant par le Ring, o\u00f9 passent voitures tir\u00e9es par des chevaux et trolleybus. Dans le second arrondissement (Leopoldstadt), on trouvera, enserr\u00e9 dans un canal reli\u00e9 au Danube, un grand\u00a0parc de loisirs, ancien lieu de l'exposition universelle de 1873, le Prater, et son fleuron, le Riesenrad, une grande roue de fer. Helga\u00a0 habite \u00e0 Wieden (4\u00e8 arrondissement), un quartier relativement r\u00e9cent o\u00f9 de nombreuses familles de la noblesse ont \u00e9rig\u00e9 des h\u00f4tels particuliers.\u00a0\u00a0Le centre est entour\u00e9 d'une seconde ceinture de boulevards, appel\u00e9e la<em> G\u00fcrtel.<\/em>\r\n\r\n<a rel=\"attachment wp-att-174\" href=\"http:\/\/www.yzabel.net\/mage\/les-lieux-de-lintrigue\/wien-by-night-1927\/riesenradjpg\/\" title=\"riesenrad.JPG\"><img loading=\"lazy\" decoding=\"async\" width=\"292\" src=\"http:\/\/www.yzabel.net\/mage\/wp-content\/uploads\/2008\/07\/riesenrad.JPG\" alt=\"riesenrad.JPG\" height=\"440\" style=\"width: 292px; height: 440px\" title=\"Le Riesenrad, vers 1925\" \/><\/a>\u00a0\r\n\r\n<u>l'outre-Danube<\/u>\u00a0\u00a0: les arrondissements 21 (Floridsdorf) et 22 (Donaustadt),\u00a0qui sont des villages annex\u00e9s,\u00a0se trouvent de l'autre c\u00f4t\u00e9 du Danube, au nord de la ville. On y acc\u00e8de par des ponts depuis Leopoldstadt ( 2\u00e8 arrondissement)\r\n\r\n<a rel=\"attachment wp-att-179\" href=\"http:\/\/www.yzabel.net\/mage\/les-lieux-de-lintrigue\/wien-by-night-1927\/outre-danube\/\" title=\"Outre-Danube\"><img loading=\"lazy\" decoding=\"async\" width=\"440\" src=\"http:\/\/www.yzabel.net\/mage\/wp-content\/uploads\/2008\/08\/vue-sur-leopoldsberg.JPG\" alt=\"Outre-Danube\" height=\"330\" style=\"width: 440px; height: 330px\" title=\"vers l'\u00eele des Veuves\" \/><\/a>\r\n\r\n\u00a0<span style=\"font-size: 8pt\">\u00a0<\/span><em><span style=\"font-size: 8pt\">NB<\/span> les photographies sont tir\u00e9es d'un recueil datant des ann\u00e9es 1900-1910.<\/em>\r\n<h5>\u00a0\u00a0<\/h5>\r\n<h5>\u00a0\u00a0<\/h5>\r\n<h5>La Grande Histoire<\/h5>\r\n<em>Attirons l'attention de nos lecteurs sur le fait que cette courte chronologie est une adaptation de la r\u00e9alit\u00e9 historique au sc\u00e9nario concoct\u00e9 par le MJ, sp\u00e9cialement pour les \u00e9vements\u00a0post\u00e9rieurs \u00e0 la premi\u00e8re\u00a0guerre mondiale.<\/em>\r\n\r\nLes premi\u00e8res traces d'occupation du site viennois remontent au VI\u00e8. s. avant J.-C. : un campement celte y avait \u00e9t\u00e9\u00a0\u00e9tabli, sous le nom de Vedunia ( la ville blanche).\u00a0Un camp romain et un embryon de cit\u00e9, nomm\u00e9e Vindobona le rempla\u00e7\u00e8rent, sous l'impulsion\u00a0de l'empereur Marc-Aur\u00e8le, afin de faciliter les communications dans cette partie frontali\u00e8re de son empire.\u00a0Celui-ci y mourut en 180.\r\n\r\nD\u00e8s le XIII\u00e8 si\u00e8cle, la ville s'affirma comme\u00a0la ville\u00a0des Habsbourg\u00a0et devint la capitale du Saint-Empire puis de l'Autriche-Hongrie.\u00a0De 1848 \u00e0 1916,\u00a0le long r\u00e8gne de Fran\u00e7ois-Joseph transforma\u00a0Vienne en\u00a0m\u00e9tropole europ\u00e9enne\u00a0: grands travaux du Ring ( boulevards de p\u00e9riph\u00e9rie, rempla\u00e7ant les remparts mis \u00e0 bas), vie intellectuelle et culturelle\u00a0intense...\u00a0...\u00a0alors que\u00a0l'Empire se d\u00e9sagr\u00e9geait de toutes parts.\r\n\r\nLa premi\u00e8re guerre mondiale pla\u00e7a la ville en \u00e9tat de si\u00e8ge, sans que celle-ci ne f\u00fbt physiquement atteinte. L'inflation fit monter les prix \u00e0 des niveaux extraordinaires. En 1918, avec le trait\u00e9 de Versailles, la R\u00e9publique est instaur\u00e9e. Beaucoup d'\u00e9crivains regrett\u00e8rent alors l'\u00e9poque des Habsbourg, et l'aspect cosmopolite qu'elle donnait \u00e0 la ville.\u00a0\u00a0\r\n\r\nD\u00e8s 1921, Vienne fut\u00a0dirig\u00e9e par une coalition de socio-d\u00e9mocratres et de\u00a0d\u00e9mocrates chr\u00e9tiens, \u00a0ce qui lui valut son surnom de \"Vienne la Rouge\". En 1927, c'est un pr\u00eatre catholique, docteur en th\u00e9ologie, Ignaz Seipel, membre du parti des chr\u00e9tiens sociaux qui est chancellier (premier ministre) de l'Autriche.\r\n\r\nLes difficult\u00e9s \u00e9conomiques exacerb\u00e8rent les tensions et en 1923\/4 apparurent des groupes de miliciens organis\u00e9s en paramilitaires : d'un c\u00f4t\u00e9, la Schutzbund,\u00a0\u00e9manant des socio-d\u00e9mocrates\u00a0, sorte de bande arm\u00e9e,\u00a0charg\u00e9e de prot\u00e9ger les ouvriers,\u00a0et de l'autre,\u00a0la Heimwehr, regroupement de\u00a0\"Patriotes\" des chr\u00e9tiens sociaux,\u00a0ayant pour mot d'ordre de prot\u00e9ger les int\u00e9r\u00eats de l'Autriche, ce qui amena certains incidents \u00e0 forts relents x\u00e9nophobes et antis\u00e9mites.\r\n\r\nEn 1927, Vienne se trouve dans une situation politique instable.\r\n\r\n<a rel=\"attachment wp-att-178\" href=\"http:\/\/www.yzabel.net\/mage\/les-lieux-de-lintrigue\/wien-by-night-1927\/le-stephansdom\/\" title=\"Le Stephansdom\"><\/a>\r\n\r\n<a rel=\"attachment wp-att-174\" href=\"http:\/\/www.yzabel.net\/mage\/les-lieux-de-lintrigue\/wien-by-night-1927\/riesenradjpg\/\" title=\"riesenrad.JPG\"><\/a>\r\n<h5>\u00a0\u00a0<\/h5>\r\n<h5>\u00a0\u00a0<\/h5>\r\n<h5>La communaut\u00e9 magyque \u00e0 Vienne<\/h5>\r\n- la Technocratie domine en ville. Un de ses repr\u00e9sentants est\u00a0Dieter van Rupprecht. \u00a0\r\n\r\n- le covenant de\u00a0Choristes de la cath\u00e9drale. Dirig\u00e9 d'une main de fer par le vieux doyen Knecht, qui pratique le Tarot astral \u00e0 ses heures, il est compos\u00e9 d'une dizaine de membres : son secr\u00e9taire, Quantaesteallae, le Frater Abjurationis, ... tous sont per\u00e7us comme de respectables chanoines. Ils sont les ennemis des Magist\u00e8res.\r\n\r\n<a rel=\"attachment wp-att-178\" href=\"http:\/\/www.yzabel.net\/mage\/les-lieux-de-lintrigue\/wien-by-night-1927\/le-stephansdom\/\" title=\"Le Stephansdom\"><img loading=\"lazy\" decoding=\"async\" width=\"330\" src=\"http:\/\/www.yzabel.net\/mage\/wp-content\/uploads\/2008\/08\/imgp2479.JPG\" alt=\"Le Stephansdom\" height=\"440\" \/><\/a>\r\n\r\n- les Magist\u00e8res. Vampires Tremere qui r\u00e8gnent de mani\u00e8re occulte sur la ville et ont pass\u00e9 des alliances entre autre avec Helga, pour\u00a0maintenir leur domination. Leurs rangs ne sont pas unis : on trouvera d'un c\u00f4t\u00e9 la faction mod\u00e9r\u00e9e du marquis de La Place, de l'autre, celle de Grygor Paniochkine, qui a en lui le sang d'un monstre, EnneaKephalos. Certains Nosf\u00e9ratu hantent les \u00e9gouts.","protected":false},"excerpt":{"rendered":"<p>\u00a0\u00a0 Pour se retrouver dans la ville \u00a0 Vienne se trouve \u00e0 un noeud de communications \u00e0 la charni\u00e8re de l&#8217;Europe occidentale et centrale.\u00a0Elle est situ\u00e9e en plaine, sur la rive droite du Danube, dont le cours a \u00e9t\u00e9 r\u00e9cemment canalis\u00e9, ce qui a permis une certaine extension urbaine, encore limit\u00e9e,\u00a0sur la rive gauche. \u00a0 [&hellip;]<\/p>\n","protected":false},"author":3,"featured_media":0,"parent":59,"menu_order":0,"comment_status":"closed","ping_status":"open","template":"","meta":{"footnotes":""},"class_list":["post-58","page","type-page","status-publish","hentry"],"_links":{"self":[{"href":"http:\/\/www.yzabel.net\/mage\/wp-json\/wp\/v2\/pages\/58","targetHints":{"allow":["GET"]}}],"collection":[{"href":"http:\/\/www.yzabel.net\/mage\/wp-json\/wp\/v2\/pages"}],"about":[{"href":"http:\/\/www.yzabel.net\/mage\/wp-json\/wp\/v2\/types\/page"}],"author":[{"embeddable":true,"href":"http:\/\/www.yzabel.net\/mage\/wp-json\/wp\/v2\/users\/3"}],"replies":[{"embeddable":true,"href":"http:\/\/www.yzabel.net\/mage\/wp-json\/wp\/v2\/comments?post=58"}],"version-history":[{"count":0,"href":"http:\/\/www.yzabel.net\/mage\/wp-json\/wp\/v2\/pages\/58\/revisions"}],"up":[{"embeddable":true,"href":"http:\/\/www.yzabel.net\/mage\/wp-json\/wp\/v2\/pages\/59"}],"wp:attachment":[{"href":"http:\/\/www.yzabel.net\/mage\/wp-json\/wp\/v2\/media?parent=58"}],"curies":[{"name":"wp","href":"https:\/\/api.w.org\/{rel}","templated":true}]}}