{"id":6,"date":"2007-07-30T12:45:14","date_gmt":"2007-07-30T17:45:14","guid":{"rendered":"http:\/\/www.yzabel.net\/mage\/lintrigue"},"modified":"2008-10-14T07:28:12","modified_gmt":"2008-10-14T05:28:12","slug":"lintrigue","status":"publish","type":"page","link":"http:\/\/www.yzabel.net\/mage\/lintrigue","title":{"rendered":"L&#8217;intrigue"},"content":{"rendered":"<h3><span style=\"text-decoration: underline;\">Quelques chiffres sur les sc\u00e9narii et la pratique des r\u00f4listes<\/span><\/h3>\r\n<strong><span style=\"text-decoration: underline;\">Les joueurs<\/span><\/strong>\r\n\r\n- Le MJ a fait jouer \u00e0 ce jour 19 PJ, repr\u00e9sentant 16 joueurs r\u00e9els de trois nationalit\u00e9s diff\u00e9rentes.\r\n\r\n<span style=\"text-decoration: underline;\"><strong>La dur\u00e9e<\/strong> <\/span>\r\n\r\n- La premi\u00e8re partie a \u00e9t\u00e9 jou\u00e9e en f\u00e9vrier 1997. Il y avait cinq personnages joueurs : Christophe Schmidt, Duncan Idaho, Carter Marcellin, Rhiannon, Hisao Yamasaki.\r\n\r\n- La prochaine partie aura lieu le\u00a018 octobre 2008.\r\n\r\n- Certaines parties de 1998\/99 ont dur\u00e9 plus de 12 heures d'affil\u00e9e. Les joueurs dormaient ou discutaient dans la chambre du MJ apr\u00e8s la fin de la partie aux alentours de 3\/4 h du matin et repartaient \u00e0 l'aube, apr\u00e8s avoir salu\u00e9 la maman du MJ en peignoir et bigoudis. Certains d\u00e9briefings de s\u00e9ance de 2006\/2007 ont dur\u00e9 un peu plus d'une heure. Certaines \u00e9vacuation de lourdium aussi.\r\n\r\n<strong><span style=\"text-decoration: underline;\">Le Manger<\/span><\/strong>\r\n\r\n- Les joueurs ont d\u00e9cid\u00e9 d'amener leur propre pitance aux parties le jour o\u00f9 la m\u00e8re du MJ leur a apport\u00e9 \u00e0 chacun un cheeseburger Mutant 1er prix r\u00e9chauff\u00e9 au micro-ondes.\r\n\r\n- Philippe Nerval a \u00e9t\u00e9 le centre d'int\u00e9r\u00eat le jour o\u00f9 il a ramen\u00e9 un paquet de go\u00fbters au chocolat orn\u00e9 d'une magical girl fort peu v\u00eatue, paquet renomm\u00e9 sur le champ Viagra-BN.\r\n(<em>NDI:<\/em> Si vous trouvez donc un jour des biscuits de la marque \"Jessica\", ramenez-les nous!)\r\n\r\n- Anna Delay ramenait syst\u00e9matiquement un paquet de Z'Animo \u00e0 manger, parce qu'\u00e0 l'\u00e9poque, il y avait un mini-troll aux cheveux fluo offert avec et qu'elle en faisait la collection. Qu'elle a perdue ensuite, en plus, la gourde.\r\n\r\n- Maintenant, Irena ram\u00e8ne des sachets de deux kilos de pommes qu'elle va expr\u00e8s chercher en Allemagne et qu'elle et Helga sont les seules \u00e0 manger.\r\n\r\n- Le MJ ne mange pas et ne boit pas pendant <span style=\"text-decoration: line-through;\">le service<\/span> heu... les parties.\r\n(<em>NDI:<\/em> Sauf si c'est des malicettes.]\r\n\r\n<strong><span style=\"text-decoration: underline;\">S'installer <\/span><\/strong>\r\n\r\n- Les premi\u00e8res parties se sont d\u00e9roul\u00e9es sur des coussins... pas pratique pour se d\u00e9gourdir les jambes au bout de 12 heures... Aujourd'hui, on a des chaises, une table et m\u00eame un canap\u00e9 !\r\n\r\n- Philippe Nerval avait tendance \u00e0 prendre possession d'une peluche, appel\u00e9e le tigre \u00e0 cinq pattes, pour dormir dessus.\r\n\r\n<strong><span style=\"text-decoration: underline;\">L'intrigue <\/span><\/strong>\r\n\r\n- Un des myst\u00e8res de l'intrigue est le r\u00f4le de douze artefacts appel\u00e9s les Pierres du Zodiaque, ayant chacune une \"personnalit\u00e9\" diff\u00e9rente et des effets magyques propres.\r\n\r\n- Quelques personnages-cl\u00e9s apparaissent \u00e0 la fois dans les sc\u00e9narii de <em>Redux 1927<\/em> et dans ceux de <em>La Pierre de l'Ange 1997<\/em>: Phil\u00e9mon, Kyo, et d'autres dont il serait pr\u00e9matur\u00e9 de r\u00e9v\u00e9ler l'identit\u00e9. Un lieu \"inaccessible\" est \u00e9voqu\u00e9 dans les deux s\u00e9ries de sc\u00e9narii : une cuvette naturelle entour\u00e9e de douze pitons rocheux.\r\n\r\n- Les lieux totalement imaginaires ou s'inspirant du r\u00e9el (et qui demandent de la doc au MJ \u00e0 chaque fois) que les PJ ont fr\u00e9quent\u00e9s :\r\n<ul>\r\n\t<li>dans la Ga\u00efa primordiale (id est la Terre) : Strasbourg, New-York, Vienne en Autriche, les Carpathes...<\/li>\r\n\t<li>dans des Umbras diff\u00e9rentes : Doissetep, la P\u00e9nombre, la Terre-Miroir, le royaume paradoxal, Umbra m\u00e9diane (id est la Terre des Esprits)<\/li>\r\n<\/ul>\r\n- En dix ans de jeu pour <em>La Pierre de l'Ange<\/em>, les personnages ont v\u00e9cu 4 MOIS d'\u00e9v\u00e9nements et en 1 an et demie de <em>Redux<\/em>, ils ont progress\u00e9 de trois semaines!\r\n\r\n<span style=\"text-decoration: underline;\"><strong>Le tableau de chasse:<\/strong><\/span>\r\n\r\n- Contrairement aux apparences et aux pr\u00e9visions, le <em>kill ratio<\/em> le plus \u00e9lev\u00e9 du groupe de ReDux appartient pour le moment \u00e0 l'Herm\u00e9tiste albinos rat de biblioth\u00e8que; il comprend entre autres quelques bandits dont les chutes les ont accidentellement envoy\u00e9s se fracasser le cr\u00e2ne contre une pierre ou se tirer dessus avec leurs propres arbal\u00e8tes au bord du Danube, et un policier hongrois accidentellement tomb\u00e9 dans le Danube suite \u00e0 une attaque martri\u00e8re. Entropie? Pas vu, pas pris, sauf quand on se retrouve \u00e0 puer le Jhor \u00e0 dix kilom\u00e8tres \u00e0 la ronde, bien s\u00fbr. Le mercenaire Akashite, lui, reste plut\u00f4t discret: il ne frappe jamais pour tuer (enfin, presque, mais en g\u00e9n\u00e9ral, quand il le fait, on lui met des noix ou du verglas dans les pattes). Quant \u00e0 la Verbena, elle ne tue que des trucs qui sont d\u00e9j\u00e0 morts, donc on la pardonne.\r\n\r\n- Les personnages ont r\u00e9guli\u00e8rement tendance \u00e0 effectuer leurs actions destructrices ou de diversion en utilisant les objets les plus bizarres possibles. La liste (non exhaustive) inclut:\r\n<ul>\r\n\t<li>Une bouteille de gn\u00f4le, un briquet et un pied de chaise<\/li>\r\n\t<li>Des couteaux \u00e0 beurre<\/li>\r\n\t<li>Une tringle \u00e0 rideaux<\/li>\r\n\t<li>Une outre d'huile<\/li>\r\n\t<li>Une pelle (\u00e7a d\u00e9capite bien les Goules)<\/li>\r\n\t<li>Une martre<\/li>\r\n\t<li>Un sac de noix<\/li>\r\n\t<li>Des tartines de p\u00e2t\u00e9<\/li>\r\n\t<li>Une plaque de verglas...<\/li>\r\n<\/ul>\r\n<a title=\"lourdium\" name=\"lourdium\"><\/a><span style=\"text-decoration: underline;\"><strong>Le lourdium:<\/strong><\/span>\r\n\r\nLe lourdium est l'\u00e9l\u00e9ment le plus lourd du tableau p\u00e9riodique. C'est d'ailleurs bien pour cela qu'il n'y est pas pr\u00e9sent: il est tellement lourd qu'il s'est vautr\u00e9 en route. N\u00e9anmoins, il est d'une importance cruciale qu'au d\u00e9but de chaque partie, les joueurs (et le MJ lui-m\u00eame selon les jours) \u00e9vacuent la quantit\u00e9 de lourdium naturellement pr\u00e9sente en eux, et qui malheureusement se recharge toujours entre les s\u00e9ances de fa\u00e7on exponentielle selon le degr\u00e9 de fatigue et d'ingurgitation de boissons alcoolis\u00e9es de chacun (moralit\u00e9: ne laissez jamais s'\u00e9couler quatre semaines sans partie, le prix \u00e0 payer est <em>tr\u00e8s<\/em> lourd). Le lourdium est entre autres responsable des vannes pourries du <a href=\"http:\/\/www.yzabel.net\/mage\/le-betisier\">b\u00eatisier<\/a>, ce qui tend \u00e0 prouver que malgr\u00e9 tous les efforts et la bonne volont\u00e9 des participants, il se recharge m\u00eame plus vite que pr\u00e9vu, et spontan\u00e9ment, en prime.\r\n\r\n<em>NB.<\/em> Seule Irena semble avoir la capacit\u00e9 d'\u00eatre bourr\u00e9e sans avoir bu une seule goutte d'alcool.\r\n\r\n<a title=\"plan_croquettes\" name=\"plan_croquettes\"><\/a><span style=\"text-decoration: underline;\"><strong>Le Plan Croquettes:<\/strong><\/span>\r\n\r\nUn \"plan croquettes\" d\u00e9signe un plan foireux, visant \u00e0 r\u00e9soudre une situation dont on sait d\u00e8s le d\u00e9part qu'elle nous d\u00e9passe, mais en lequel les joueurs croient dur comme fer.\r\n\r\nOrigine du plan croquettes: \"on dit aux Tremere qu'il y a des Choristes sous le Riesenrad, aux Choristes qu'il y a des Tremere sous le Riesenrad, ensuite on y place des croquettes pi\u00e9g\u00e9es en forme de Jan Peter pour attirer le gros serpent Enneakephalos, et une fois que tout ce petit monde s'est rencontr\u00e9 <em>comme par hasard<\/em> et entretu\u00e9, on ach\u00e8ve ce qui a surv\u00e9cu.\"","protected":false},"excerpt":{"rendered":"<p>Quelques chiffres sur les sc\u00e9narii et la pratique des r\u00f4listes Les joueurs &#8211; Le MJ a fait jouer \u00e0 ce jour 19 PJ, repr\u00e9sentant 16 joueurs r\u00e9els de trois nationalit\u00e9s diff\u00e9rentes. La dur\u00e9e &#8211; La premi\u00e8re partie a \u00e9t\u00e9 jou\u00e9e en f\u00e9vrier 1997. Il y avait cinq personnages joueurs : Christophe Schmidt, Duncan Idaho, Carter [&hellip;]<\/p>\n","protected":false},"author":2,"featured_media":0,"parent":0,"menu_order":0,"comment_status":"closed","ping_status":"open","template":"","meta":{"footnotes":""},"class_list":["post-6","page","type-page","status-publish","hentry"],"_links":{"self":[{"href":"http:\/\/www.yzabel.net\/mage\/wp-json\/wp\/v2\/pages\/6","targetHints":{"allow":["GET"]}}],"collection":[{"href":"http:\/\/www.yzabel.net\/mage\/wp-json\/wp\/v2\/pages"}],"about":[{"href":"http:\/\/www.yzabel.net\/mage\/wp-json\/wp\/v2\/types\/page"}],"author":[{"embeddable":true,"href":"http:\/\/www.yzabel.net\/mage\/wp-json\/wp\/v2\/users\/2"}],"replies":[{"embeddable":true,"href":"http:\/\/www.yzabel.net\/mage\/wp-json\/wp\/v2\/comments?post=6"}],"version-history":[{"count":0,"href":"http:\/\/www.yzabel.net\/mage\/wp-json\/wp\/v2\/pages\/6\/revisions"}],"wp:attachment":[{"href":"http:\/\/www.yzabel.net\/mage\/wp-json\/wp\/v2\/media?parent=6"}],"curies":[{"name":"wp","href":"https:\/\/api.w.org\/{rel}","templated":true}]}}