{"id":63,"date":"2007-08-28T13:40:27","date_gmt":"2007-08-28T18:40:27","guid":{"rendered":"http:\/\/www.yzabel.net\/mage\/damien-marquis-de-la-place"},"modified":"2008-07-22T17:43:20","modified_gmt":"2008-07-22T15:43:20","slug":"damien-marquis-de-la-place","status":"publish","type":"page","link":"http:\/\/www.yzabel.net\/mage\/principaux-personnages\/les-personnages-de-redux\/damien-marquis-de-la-place","title":{"rendered":"Damien, Marquis de Laplace"},"content":{"rendered":"<em>Myst\u00e9rieux - Ambitieux - Protecteur<\/em>\r\n\r\nD'un caract\u00e8re \u00e0 la fois fier et determin\u00e9, le vampire qui pr\u00e9tend \u00eatre le d\u00e9tenteur l\u00e9gitime du titre de 'Marquis de Laplace' donne souvent l'impression \u00e0 ceux qui le c\u00f4toient\u00a0d'\u00eatre l'incarnation parfaite d'un capitaine d'industrie arrogant et arriviste. En cela, il semble s'\u00eatre parfaitement adapt\u00e9 \u00e0 son \u00e9poque.\r\n\r\nCependant,\u00a0ne dit-on pas souvent que l'habit ne fait pas le moine? Etreint en un temps o\u00f9 la haute bourgeoisie n'\u00e9tait qu'une caste \u00e0 peine naissante, Damien continue d'\u00e9tonner ses pairs par sa fougue et son enthousiasme, qui sont autant de traits anachroniques pour un vampire de son \u00e2ge. Mais les trag\u00e9dies qu'il a v\u00e9cu, les horreurs sans nom auquelles il a d\u00fb assister durant sa jeunesse dans la nuit, ainsi que la relation complexe qu'il continue d'entretenir avec Hector, son unique Goule, l'ont pouss\u00e9 \u00e0\u00a0\u00e9pouser, au fil des ans, une id\u00e9ologie clairement r\u00e9formatrice.\u00a0\r\n\r\nSinc\u00e8rement convaincu qu'un syst\u00e8me de\u00a0cohabitation pacifique pourrait \u00eatre \u00e9tabli entre le clan Tremere et l'Ordre Hermetiste, Damien ne m\u00e9nage pas ses efforts afin d'arriver \u00e0 ses fins, sans r\u00e9aliser que de nombreux ennemis ont d\u00e9cid\u00e9 de se liguer contre lui afin de le r\u00e9duir \u00e0 l'impuissance. Le statu quo doit \u00eatre pr\u00e9serv\u00e9, et cela, quel qu'en soit le prix...","protected":false},"excerpt":{"rendered":"<p>Myst\u00e9rieux &#8211; Ambitieux &#8211; Protecteur D&#8217;un caract\u00e8re \u00e0 la fois fier et determin\u00e9, le vampire qui pr\u00e9tend \u00eatre le d\u00e9tenteur l\u00e9gitime du titre de &#8216;Marquis de Laplace&#8217; donne souvent l&#8217;impression \u00e0 ceux qui le c\u00f4toient\u00a0d&#8217;\u00eatre l&#8217;incarnation parfaite d&#8217;un capitaine d&#8217;industrie arrogant et arriviste. En cela, il semble s&#8217;\u00eatre parfaitement adapt\u00e9 \u00e0 son \u00e9poque. Cependant,\u00a0ne dit-on [&hellip;]<\/p>\n","protected":false},"author":3,"featured_media":0,"parent":21,"menu_order":12,"comment_status":"closed","ping_status":"open","template":"","meta":{"footnotes":""},"class_list":["post-63","page","type-page","status-publish","hentry"],"_links":{"self":[{"href":"http:\/\/www.yzabel.net\/mage\/wp-json\/wp\/v2\/pages\/63","targetHints":{"allow":["GET"]}}],"collection":[{"href":"http:\/\/www.yzabel.net\/mage\/wp-json\/wp\/v2\/pages"}],"about":[{"href":"http:\/\/www.yzabel.net\/mage\/wp-json\/wp\/v2\/types\/page"}],"author":[{"embeddable":true,"href":"http:\/\/www.yzabel.net\/mage\/wp-json\/wp\/v2\/users\/3"}],"replies":[{"embeddable":true,"href":"http:\/\/www.yzabel.net\/mage\/wp-json\/wp\/v2\/comments?post=63"}],"version-history":[{"count":0,"href":"http:\/\/www.yzabel.net\/mage\/wp-json\/wp\/v2\/pages\/63\/revisions"}],"up":[{"embeddable":true,"href":"http:\/\/www.yzabel.net\/mage\/wp-json\/wp\/v2\/pages\/21"}],"wp:attachment":[{"href":"http:\/\/www.yzabel.net\/mage\/wp-json\/wp\/v2\/media?parent=63"}],"curies":[{"name":"wp","href":"https:\/\/api.w.org\/{rel}","templated":true}]}}