{"id":7,"date":"2007-07-30T12:47:45","date_gmt":"2007-07-30T17:47:45","guid":{"rendered":"http:\/\/www.yzabel.net\/mage\/lintrigue\/redux"},"modified":"2008-12-13T21:37:41","modified_gmt":"2008-12-13T19:37:41","slug":"redux","status":"publish","type":"page","link":"http:\/\/www.yzabel.net\/mage\/lintrigue\/redux","title":{"rendered":"ReDux"},"content":{"rendered":"<em>ReDux<\/em> est une campagne un peu particuli\u00e8re, en ce sens qu'elle avait originellement pour but de \"d\u00e9gorger\" le corpus principal de <em>La Pierre de l'Ange<\/em> en permettant la d\u00e9couverte d'informations cruciales \u00e0 celle-ci qui pourraient ensuite \u00eatre transmises aux PJs du d\u00e9but du XXI\u00e8me si\u00e8cle (ceci afin de limiter le nombre de s\u00e9ances n\u00e9cessaires, car tous les joueurs ne pouvaient pas n\u00e9cessairement \u00eatre pr\u00e9sents suffisamment souvent). C'est donc bien pour cette raison que l'on y retrouve un certain nombre d'\u00e9l\u00e9ments ou de PNJs en commun, tels que les pierres du Zodiaque, par exemple.\r\n\r\n<em>ReDux<\/em> comprend pour le moment cinq sc\u00e9narii, dont le dernier est subdivis\u00e9 en trois parties:\r\n<ul>\r\n\t<li>[cref liminalite Liminalit\u00e9]<\/li>\r\n\t<li>[cref la-source-du-dragon La Source du Dragon]<\/li>\r\n\t<li>[cref orpheus-ex-machina Orpheus Ex Machina]<\/li>\r\n\t<li>[cref axis-mundi Axis Mundi]<\/li>\r\n\t<li>Triple trouble:\r\n<ul>\r\n\t<li>Jan Peter: Tribulations \u00e0 Istanbul<\/li>\r\n\t<li>Helga Melvany: Trouble in Vienna<\/li>\r\n\t<li>Irena Van den Haag: Retour \u00e0 la Soci\u00e9t\u00e9<\/li>\r\n<\/ul>\r\n<\/li>\r\n<\/ul>","protected":false},"excerpt":{"rendered":"<p>ReDux est une campagne un peu particuli\u00e8re, en ce sens qu&#8217;elle avait originellement pour but de &#8220;d\u00e9gorger&#8221; le corpus principal de La Pierre de l&#8217;Ange en permettant la d\u00e9couverte d&#8217;informations cruciales \u00e0 celle-ci qui pourraient ensuite \u00eatre transmises aux PJs du d\u00e9but du XXI\u00e8me si\u00e8cle (ceci afin de limiter le nombre de s\u00e9ances n\u00e9cessaires, car [&hellip;]<\/p>\n","protected":false},"author":2,"featured_media":0,"parent":6,"menu_order":0,"comment_status":"closed","ping_status":"open","template":"","meta":{"footnotes":""},"class_list":["post-7","page","type-page","status-publish","hentry"],"_links":{"self":[{"href":"http:\/\/www.yzabel.net\/mage\/wp-json\/wp\/v2\/pages\/7","targetHints":{"allow":["GET"]}}],"collection":[{"href":"http:\/\/www.yzabel.net\/mage\/wp-json\/wp\/v2\/pages"}],"about":[{"href":"http:\/\/www.yzabel.net\/mage\/wp-json\/wp\/v2\/types\/page"}],"author":[{"embeddable":true,"href":"http:\/\/www.yzabel.net\/mage\/wp-json\/wp\/v2\/users\/2"}],"replies":[{"embeddable":true,"href":"http:\/\/www.yzabel.net\/mage\/wp-json\/wp\/v2\/comments?post=7"}],"version-history":[{"count":2,"href":"http:\/\/www.yzabel.net\/mage\/wp-json\/wp\/v2\/pages\/7\/revisions"}],"predecessor-version":[{"id":189,"href":"http:\/\/www.yzabel.net\/mage\/wp-json\/wp\/v2\/pages\/7\/revisions\/189"}],"up":[{"embeddable":true,"href":"http:\/\/www.yzabel.net\/mage\/wp-json\/wp\/v2\/pages\/6"}],"wp:attachment":[{"href":"http:\/\/www.yzabel.net\/mage\/wp-json\/wp\/v2\/media?parent=7"}],"curies":[{"name":"wp","href":"https:\/\/api.w.org\/{rel}","templated":true}]}}