{"id":86,"date":"2007-10-06T01:06:34","date_gmt":"2007-10-06T06:06:34","guid":{"rendered":"http:\/\/www.yzabel.net\/mage\/principaux-personnages\/les-personnages-de-lpda\/ezechiel-darambau"},"modified":"2008-02-17T20:52:12","modified_gmt":"2008-02-17T19:52:12","slug":"ezechiel-darambau","status":"publish","type":"page","link":"http:\/\/www.yzabel.net\/mage\/principaux-personnages\/les-personnages-de-lpda\/ezechiel-darambau","title":{"rendered":"Ez\u00e9chiel Darambo"},"content":{"rendered":"Ez\u00e9chiel Darambo est un \u00e9tudiant strasbourgeois en th\u00e9ologie ; beau gosse t\u00e9n\u00e9breux, un peu mal ras\u00e9, avec trois grains de beaut\u00e9 formant un triangle au milieu de son front. Peu enclin \u00e0 faire des confidences sur lui, il affecte un air timide lorsqu'il le faut.\r\n\r\nMage Euthanatos, il utilise comme focus un jeu de cartes.\r\n\r\nIl habite dans le quartier \u00e9tudiant de la Krutenau, o\u00f9 il loue un petit appartement.","protected":false},"excerpt":{"rendered":"<p>Ez\u00e9chiel Darambo est un \u00e9tudiant strasbourgeois en th\u00e9ologie ; beau gosse t\u00e9n\u00e9breux, un peu mal ras\u00e9, avec trois grains de beaut\u00e9 formant un triangle au milieu de son front. Peu enclin \u00e0 faire des confidences sur lui, il affecte un air timide lorsqu&#8217;il le faut. Mage Euthanatos, il utilise comme focus un jeu de cartes. [&hellip;]<\/p>\n","protected":false},"author":3,"featured_media":0,"parent":18,"menu_order":1,"comment_status":"closed","ping_status":"open","template":"","meta":{"footnotes":""},"class_list":["post-86","page","type-page","status-publish","hentry"],"_links":{"self":[{"href":"http:\/\/www.yzabel.net\/mage\/wp-json\/wp\/v2\/pages\/86","targetHints":{"allow":["GET"]}}],"collection":[{"href":"http:\/\/www.yzabel.net\/mage\/wp-json\/wp\/v2\/pages"}],"about":[{"href":"http:\/\/www.yzabel.net\/mage\/wp-json\/wp\/v2\/types\/page"}],"author":[{"embeddable":true,"href":"http:\/\/www.yzabel.net\/mage\/wp-json\/wp\/v2\/users\/3"}],"replies":[{"embeddable":true,"href":"http:\/\/www.yzabel.net\/mage\/wp-json\/wp\/v2\/comments?post=86"}],"version-history":[{"count":0,"href":"http:\/\/www.yzabel.net\/mage\/wp-json\/wp\/v2\/pages\/86\/revisions"}],"up":[{"embeddable":true,"href":"http:\/\/www.yzabel.net\/mage\/wp-json\/wp\/v2\/pages\/18"}],"wp:attachment":[{"href":"http:\/\/www.yzabel.net\/mage\/wp-json\/wp\/v2\/media?parent=86"}],"curies":[{"name":"wp","href":"https:\/\/api.w.org\/{rel}","templated":true}]}}