{"id":99,"date":"2007-10-06T13:20:05","date_gmt":"2007-10-06T18:20:05","guid":{"rendered":"http:\/\/www.yzabel.net\/mage\/principaux-personnages\/les-personnages-de-redux\/enneak"},"modified":"2008-02-17T23:00:45","modified_gmt":"2008-02-17T22:00:45","slug":"enneakephalos","status":"publish","type":"page","link":"http:\/\/www.yzabel.net\/mage\/principaux-personnages\/les-personnages-de-redux\/enneakephalos","title":{"rendered":"Enneakephalos, monstre des profondeurs"},"content":{"rendered":"Enneakephalos, gigantesque cr\u00e9ature reptilienne \u00e0 la terrible aura de mort et de corruption, demeure dans les sous-sols de Vienne. Le parc d'attractions du Riesenrad abrite en r\u00e9alit\u00e9 une entr\u00e9e vers son temple souterrain o\u00f9 lui sont vou\u00e9s des sacrifices humains, et peut-\u00eatre plus encore. Nul ne sait d'o\u00f9 est venu cet \u00eatre digne des pires cauchemars, ni ce qu'il est exactement; il semblerait toutefois que le Tremere Mateus lui a vou\u00e9 un culte l'ayant pouss\u00e9 \u00e0 corrompre jusqu'\u00e0 sa propre essence, et que Fyodor, son rejeton dans les t\u00e9n\u00e8bres, a suivi les traces de son p\u00e8re dans cette adoration contre nature.\r\n\r\nEnviron un si\u00e8cle avant les \u00e9v\u00e9nements d\u00e9crits dans <em>La Source du Dragon<\/em>, le Clan Tremere a d\u00e9cid\u00e9 que Mateus \u00e9tait all\u00e9 trop loin, et a lance une Chasse au Sang contre lui avant de s'attaquer \u00e0 Enneakephalos. Bien des leurs ont p\u00e9ri dans cet affrontement, et si le Marquis de la Place en est revenu \"vivant\", c'est empli de terrifiants souvenirs quant \u00e0 la puissance de cette sombre divinit\u00e9.\r\n\r\nDans sa tentative de s'emparer de l'Opale d'Anubis, Fyodor a cherch\u00e9 \u00e0 sacrifier le petit groupe de mages venus d\u00e9livrer Francesca, la gouvernante employ\u00e9e par Helga Melvany. Par chance, nos h\u00e9ros sont parvenus \u00e0 lui \u00e9chapper. Toutefois, ils savent \u00e0 pr\u00e9sent ce qui se cache non loin des Catacombes, et ce n'est peut-\u00eatre qu'une question de temps avant qu'Enneakephalos ne finisse par rompre ses cha\u00eenes.\r\n\r\nDe tr\u00e8s lourds soup\u00e7ons sont \u00e9galement port\u00e9s sur Fyodor et Mateus avant lui quant \u00e0 un possible usage du sang d'Enneakephalos dans le cadre de pratiques thaumaturgiques. L'apparence reptilienne de Mateus, la Goule inhumaine affront\u00e9e dans le temple du serpent, et le regard aux pupilles fendues de Lars tendraient \u00e0 confirmer cette premi\u00e8re impression.","protected":false},"excerpt":{"rendered":"<p>Enneakephalos, gigantesque cr\u00e9ature reptilienne \u00e0 la terrible aura de mort et de corruption, demeure dans les sous-sols de Vienne. Le parc d&#8217;attractions du Riesenrad abrite en r\u00e9alit\u00e9 une entr\u00e9e vers son temple souterrain o\u00f9 lui sont vou\u00e9s des sacrifices humains, et peut-\u00eatre plus encore. Nul ne sait d&#8217;o\u00f9 est venu cet \u00eatre digne des pires [&hellip;]<\/p>\n","protected":false},"author":3,"featured_media":0,"parent":21,"menu_order":16,"comment_status":"closed","ping_status":"closed","template":"","meta":{"footnotes":""},"class_list":["post-99","page","type-page","status-publish","hentry"],"_links":{"self":[{"href":"http:\/\/www.yzabel.net\/mage\/wp-json\/wp\/v2\/pages\/99","targetHints":{"allow":["GET"]}}],"collection":[{"href":"http:\/\/www.yzabel.net\/mage\/wp-json\/wp\/v2\/pages"}],"about":[{"href":"http:\/\/www.yzabel.net\/mage\/wp-json\/wp\/v2\/types\/page"}],"author":[{"embeddable":true,"href":"http:\/\/www.yzabel.net\/mage\/wp-json\/wp\/v2\/users\/3"}],"replies":[{"embeddable":true,"href":"http:\/\/www.yzabel.net\/mage\/wp-json\/wp\/v2\/comments?post=99"}],"version-history":[{"count":0,"href":"http:\/\/www.yzabel.net\/mage\/wp-json\/wp\/v2\/pages\/99\/revisions"}],"up":[{"embeddable":true,"href":"http:\/\/www.yzabel.net\/mage\/wp-json\/wp\/v2\/pages\/21"}],"wp:attachment":[{"href":"http:\/\/www.yzabel.net\/mage\/wp-json\/wp\/v2\/media?parent=99"}],"curies":[{"name":"wp","href":"https:\/\/api.w.org\/{rel}","templated":true}]}}