{"id":123,"date":"2013-12-15T22:12:02","date_gmt":"2013-12-15T21:12:02","guid":{"rendered":"http:\/\/yzabel.net\/?page_id=123"},"modified":"2013-12-15T22:14:35","modified_gmt":"2013-12-15T21:14:35","slug":"library-of-dreams","status":"publish","type":"page","link":"https:\/\/www.yzabel.net\/test\/published\/library-of-dreams\/","title":{"rendered":"Library of Dreams"},"content":{"rendered":"<div class=\"ezcol ezcol-one-half\">Although I&#8217;m not this book&#8217;s primary author, the <a href=\"http:\/\/www.psgpublishing.com\/library-of-dreams\/\" target=\"_blank\"><em>Library of Dreams<\/em><\/a> project is nevertheless one I took pride in being part of.<\/p>\n<p>This anthology features 14 authors who gathered at first through Wattpad, and decided to help each other to better their craft. In the summer of 2013, the idea of publishing an anthology was born, and we decided to dedicate it (and donate all profits) to <a href=\"http:\/\/litworld.org\/\" target=\"_blank\">LitWorld.org<\/a>, a non-profit literacy organization fostering resilience, hope, and joy through the power of story. We chose to write stories on the theme of &#8220;dreams&#8221;. On December 15, 2013, <em>Library of Dreams<\/em> officially went live, with yours truly as one of its authors.<\/p>\n<p>You can order it from the following links:<\/div>\n<div class=\"ezcol ezcol-one-half ezcol-last\">Bien que n&#8217;\u00e9tant pas l&#8217;auteur principal de ce livre, il n&#8217;en demeure pas moins que je reste fi\u00e8re d&#8217;avoir particip\u00e9 au projet <a href=\"http:\/\/www.psgpublishing.com\/library-of-dreams\/\" target=\"_blank\"><em>Library of Dreams<\/em><\/a>.<\/p>\n<p>Cette anthologie rassemble 14 auteurs, rassembl\u00e9s au d\u00e9part par le biais du site Wattpad, et qui ont d\u00e9cid\u00e9 de partager conseils et aides pour am\u00e9liorer leurs travaux. Au cours de l&#8217;\u00e9t\u00e9 2012, fut lanc\u00e9e l&#8217;id\u00e9e de publier une anthologie, que nous avons d\u00e9cid\u00e9e de d\u00e9dier (ainsi que ses profits financiers) \u00e0 <a href=\"http:\/\/litworld.org\/\" target=\"_blank\">LitWorld.org<\/a>, une oeuvre caritative faisant la promotion de la lecture \u00e0 travers le monde. Nous avions choisi comme th\u00e8me central &#8220;les r\u00eaves&#8221;. Le 15 d\u00e9cembre 2013, <em>Library of Dreams<\/em> connut sa publication officielle \u2013 et votre servante ici pr\u00e9sente en est donc l&#8217;un des auteurs.<\/p>\n<p>Vous pouvez vous la procurer aux adresses suivantes:<\/div><div class=\"ezcol-divider\"><\/div>\n<p style=\"text-align: center;\">__________________________<\/p>\n<p><a href=\"http:\/\/www.amazon.com\/dp\/B00HBH1P6I\">http:\/\/www.amazon.com\/dp\/B00HBH1P6I<\/a> (Amazon.com ebook)<\/p>\n<p><a href=\"http:\/\/www.amazon.co.uk\/dp\/B00HBH1P6I\">http:\/\/www.amazon.co.uk\/dp\/B00HBH1P6I<\/a> (Amazon.co.uk ebook)<\/p>\n<p><a href=\"http:\/\/www.amazon.fr\/dp\/B00HBH1P6I\">http:\/\/www.amazon.fr\/dp\/B00HBH1P6I<\/a> (Amazon.fr ebook)<\/p>\n<p><a href=\"http:\/\/www.amazon.com\/dp\/0615934463\/\">http:\/\/www.amazon.com\/dp\/0615934463\/<\/a> (Amazon.com paperback\/version papier)<\/p>\n<p><a href=\"http:\/\/www.amazon.co.uk\/dp\/0615934463\">http:\/\/www.amazon.co.uk\/dp\/0615934463<\/a> (Amazon.co.uk paperback\/version papier)<\/p>\n<p><a href=\"http:\/\/www.smashwords.com\/books\/view\/386692\">http:\/\/www.smashwords.com\/books\/view\/386692<\/a> (Smashwords ebook)<\/p>\n<p><a href=\"http:\/\/www.createspace.com\/4526075\">http:\/\/www.createspace.com\/4526075<\/a> (Createspace paperback\/version papier)<\/p>\n","protected":false},"excerpt":{"rendered":"<p>__________________________ http:\/\/www.amazon.com\/dp\/B00HBH1P6I (Amazon.com ebook) http:\/\/www.amazon.co.uk\/dp\/B00HBH1P6I (Amazon.co.uk ebook) http:\/\/www.amazon.fr\/dp\/B00HBH1P6I (Amazon.fr ebook) http:\/\/www.amazon.com\/dp\/0615934463\/ (Amazon.com paperback\/version papier) http:\/\/www.amazon.co.uk\/dp\/0615934463 (Amazon.co.uk paperback\/version papier) http:\/\/www.smashwords.com\/books\/view\/386692 (Smashwords ebook) http:\/\/www.createspace.com\/4526075 (Createspace paperback\/version papier)<\/p>\n","protected":false},"author":1,"featured_media":0,"parent":28,"menu_order":1,"comment_status":"open","ping_status":"open","template":"","meta":{"footnotes":""},"class_list":["post-123","page","type-page","status-publish","hentry"],"_links":{"self":[{"href":"https:\/\/www.yzabel.net\/test\/wp-json\/wp\/v2\/pages\/123","targetHints":{"allow":["GET"]}}],"collection":[{"href":"https:\/\/www.yzabel.net\/test\/wp-json\/wp\/v2\/pages"}],"about":[{"href":"https:\/\/www.yzabel.net\/test\/wp-json\/wp\/v2\/types\/page"}],"author":[{"embeddable":true,"href":"https:\/\/www.yzabel.net\/test\/wp-json\/wp\/v2\/users\/1"}],"replies":[{"embeddable":true,"href":"https:\/\/www.yzabel.net\/test\/wp-json\/wp\/v2\/comments?post=123"}],"version-history":[{"count":4,"href":"https:\/\/www.yzabel.net\/test\/wp-json\/wp\/v2\/pages\/123\/revisions"}],"predecessor-version":[{"id":128,"href":"https:\/\/www.yzabel.net\/test\/wp-json\/wp\/v2\/pages\/123\/revisions\/128"}],"up":[{"embeddable":true,"href":"https:\/\/www.yzabel.net\/test\/wp-json\/wp\/v2\/pages\/28"}],"wp:attachment":[{"href":"https:\/\/www.yzabel.net\/test\/wp-json\/wp\/v2\/media?parent=123"}],"curies":[{"name":"wp","href":"https:\/\/api.w.org\/{rel}","templated":true}]}}