{"id":14,"date":"2013-12-10T09:47:42","date_gmt":"2013-12-10T09:47:42","guid":{"rendered":"http:\/\/yzabel.net\/?page_id=14"},"modified":"2014-02-20T23:16:27","modified_gmt":"2014-02-20T22:16:27","slug":"submissions-at","status":"publish","type":"page","link":"https:\/\/www.yzabel.net\/test\/submissions-at\/","title":{"rendered":"CFS \/ AT"},"content":{"rendered":"<p align=\"justify\"><div class=\"ezcol ezcol-one-half\">Here are the calls for submissions I plan on answering, or answered in the past, as well as the results.<\/p>\n<p align=\"justify\">I&#8217;m always eager to improve my texts, and to find beta-readers to help me in that regard. If interested, please leave me a message in the comments. I&#8217;m also willing to help with beta-reading in turn.<\/p>\n<p align=\"justify\"><a title=\"Submissions in English\" href=\"https:\/\/www.yzabel.net\/test\/submissions-at\/at-english\/\">List of calls for submission in English<\/a><\/div> <div class=\"ezcol ezcol-one-half ezcol-last\">Voici les appels \u00e0 textes sur lesquels je travaille ou ai travaill\u00e9, ainsi que leurs r\u00e9sultats.<\/p>\n<p align=\"justify\">Soucieuse de peaufiner mes textes au maximum, je suis toujours \u00e0 la recherche de b\u00eata-lecteurs. Si vous \u00eates int\u00e9ress\u00e9(e) pour prendre part aux relectures, vous pouvez me laisser un message via le formulaire de commentaires. Je peux bien entendu aussi renvoyer l&#8217;ascenseur en mati\u00e8re de relecture.<\/p>\n<p align=\"justify\"><a title=\"Appels \u00e0 textes en fran\u00e7ais\" href=\"https:\/\/www.yzabel.net\/test\/submissions-at\/at-francais\/\">Liste des appels \u00e0 textes en fran\u00e7ais<\/a><\/div><div class=\"ezcol-divider\"><\/div><\/p>\n","protected":false},"excerpt":{"rendered":"","protected":false},"author":1,"featured_media":0,"parent":0,"menu_order":5,"comment_status":"open","ping_status":"closed","template":"","meta":{"footnotes":""},"class_list":["post-14","page","type-page","status-publish","hentry"],"_links":{"self":[{"href":"https:\/\/www.yzabel.net\/test\/wp-json\/wp\/v2\/pages\/14","targetHints":{"allow":["GET"]}}],"collection":[{"href":"https:\/\/www.yzabel.net\/test\/wp-json\/wp\/v2\/pages"}],"about":[{"href":"https:\/\/www.yzabel.net\/test\/wp-json\/wp\/v2\/types\/page"}],"author":[{"embeddable":true,"href":"https:\/\/www.yzabel.net\/test\/wp-json\/wp\/v2\/users\/1"}],"replies":[{"embeddable":true,"href":"https:\/\/www.yzabel.net\/test\/wp-json\/wp\/v2\/comments?post=14"}],"version-history":[{"count":15,"href":"https:\/\/www.yzabel.net\/test\/wp-json\/wp\/v2\/pages\/14\/revisions"}],"predecessor-version":[{"id":40,"href":"https:\/\/www.yzabel.net\/test\/wp-json\/wp\/v2\/pages\/14\/revisions\/40"}],"wp:attachment":[{"href":"https:\/\/www.yzabel.net\/test\/wp-json\/wp\/v2\/media?parent=14"}],"curies":[{"name":"wp","href":"https:\/\/api.w.org\/{rel}","templated":true}]}}