{"id":18,"date":"2013-12-10T09:49:20","date_gmt":"2013-12-10T09:49:20","guid":{"rendered":"http:\/\/yzabel.net\/?page_id=18"},"modified":"2013-12-10T19:14:53","modified_gmt":"2013-12-10T18:14:53","slug":"projects","status":"publish","type":"page","link":"https:\/\/www.yzabel.net\/test\/projects\/","title":{"rendered":"Proje(c)ts"},"content":{"rendered":"<div class=\"ezcol ezcol-one-half\">The following pages contain short descriptions of the projects I&#8217;m currently working on, or plan on developing in the future.<\/div>\n<div class=\"ezcol ezcol-one-half ezcol-last\">Vous trouverez dans les pages qui suivent de courtes pr\u00e9sentations des projets sur lesquels je travaille, ou que j&#8217;ai l&#8217;intention de d\u00e9velopper \u00e0 l&#8217;avenir.<\/div><div class=\"ezcol-divider\"><\/div>\n<p style=\"text-align: center;\">__________________________<\/p>\n<ul>\n<li><em><a title=\"Was\" href=\"https:\/\/www.yzabel.net\/test\/projects\/was\/\">Was<\/a><\/em><\/li>\n<li><em>Our Darker Purpose<\/em><\/li>\n<\/ul>\n","protected":false},"excerpt":{"rendered":"<p>__________________________ Was Our Darker Purpose<\/p>\n","protected":false},"author":1,"featured_media":0,"parent":0,"menu_order":2,"comment_status":"open","ping_status":"open","template":"","meta":{"footnotes":""},"class_list":["post-18","page","type-page","status-publish","hentry"],"_links":{"self":[{"href":"https:\/\/www.yzabel.net\/test\/wp-json\/wp\/v2\/pages\/18","targetHints":{"allow":["GET"]}}],"collection":[{"href":"https:\/\/www.yzabel.net\/test\/wp-json\/wp\/v2\/pages"}],"about":[{"href":"https:\/\/www.yzabel.net\/test\/wp-json\/wp\/v2\/types\/page"}],"author":[{"embeddable":true,"href":"https:\/\/www.yzabel.net\/test\/wp-json\/wp\/v2\/users\/1"}],"replies":[{"embeddable":true,"href":"https:\/\/www.yzabel.net\/test\/wp-json\/wp\/v2\/comments?post=18"}],"version-history":[{"count":8,"href":"https:\/\/www.yzabel.net\/test\/wp-json\/wp\/v2\/pages\/18\/revisions"}],"predecessor-version":[{"id":83,"href":"https:\/\/www.yzabel.net\/test\/wp-json\/wp\/v2\/pages\/18\/revisions\/83"}],"wp:attachment":[{"href":"https:\/\/www.yzabel.net\/test\/wp-json\/wp\/v2\/media?parent=18"}],"curies":[{"name":"wp","href":"https:\/\/api.w.org\/{rel}","templated":true}]}}