{"id":27,"date":"2013-12-10T11:33:41","date_gmt":"2013-12-10T10:33:41","guid":{"rendered":"http:\/\/yzabel.net\/?page_id=27"},"modified":"2013-12-11T21:12:34","modified_gmt":"2013-12-11T20:12:34","slug":"was","status":"publish","type":"page","link":"https:\/\/www.yzabel.net\/test\/projects\/was\/","title":{"rendered":"Was"},"content":{"rendered":"<p style=\"text-align: center;\"><em>Paris, February 1989. With the help of his deadly minion, Necromancer Louis Valdemar is well on his way to awake dark forces no human being should ever play with. Abiding by treaties held up for centuries, the Anima Mundi, an organisation of mages, sends a team of hunters to put an end to this madness, and prevent the French capital from being destroyed.<\/em><\/p>\n<p style=\"text-align: center;\"><em>Bristol, May 2008. Louisa Keynes wakes up in a white hospital room, after a car crash left her in a coma for ten months, only to find that everything has changed, her nights are now plagued by weird dreams, and magic does exist. She has become a Technomancer, a mage able to bend Reality to her will using modern devices\u2014and she&#8217;s decided to walk that path as far as she needs to in order to learn more about herself.<\/em><\/p>\n<p style=\"text-align: center;\"><em>London, December 2009. Sys-op Echoes and Blood Witch Ring investigate a series of gruesome murders. At St Pancras railway station, Marek Van Cartier is wreaking havoc, a sweet smile on his lips. At Tottenham Court Road Tube station, Lyle Karlowitz is staring at a heartless woman in a colourless world. From beyond a wall of thorns, the hand of death is about to curb the fates of thousands of people. And Louisa is riding the Northern Line, unknowingly rushing towards the encounter that will turn her life to shambles.<\/em><\/p>\n<p style=\"text-align: center;\"><em>What was and what is shall now meet.<\/em><\/p>\n<p style=\"text-align: center;\">__________________________<\/p>\n<div class=\"ezcol ezcol-one-half\"><em>Was<\/em> is a novel in progress I started in November 2009 for <a href=\"http:\/\/nanowrimo.org\">NaNoWriMo<\/a>. Over the past few years, it&#8217;s been providing me with quite some fun.<\/p>\n<div>\n<p>The first volume, <em>Was<\/em> itself, weaves two major plotlines: one set in 2009 London, and the other in 1989 Paris. Light is also shed on several other events in 1654, 2008 and a few other significant dates (significant for the ones involved, that is). All the while, it follows the steps of several characters whose lives slowly become tangled after they witness strange occurrings closely linked to the world of the dead.<\/p>\n<p>The second volume, <em>Is<\/em>, focuses on the 2009 arc, its other main timeframe being 1943 and\u2014again\u2014a couple of others.<\/p>\n<p>This story only exists in English; for the time being, I have no plans of translating it. However, I do plan on self-publishing it as an ebook, since this is an experiment I definitely want to make. As a prelude to this, you can read the novel online <a href=\"http:\/\/www.wattpad.com\/story\/3836108-was\" target=\"_blank\">here<\/a>.<\/div>\n<\/div>\n<div class=\"ezcol ezcol-one-half ezcol-last\"><em>Was<\/em> est un roman en cours, commenc\u00e9 en 2009 pour <a href=\"http:\/\/nanowrimo.org\">NaNoWriMo<\/a>. Ces derni\u00e8res ann\u00e9es, il m&#8217;a fourni un certain nombre d&#8217;occasions de m&#8217;amuser.<\/p>\n<p>Le premier volume, <em>Was<\/em> lui-m\u00eame, tisse deux intrigues majeures: l&#8217;une \u00e0 Londres en 2009, et l&#8217;autre \u00e0 Paris en 1989. D&#8217;autres \u00e9v\u00e9nements se font jour \u00e9galement, en particulier en 1654, 2008 et autres dates significatives (pour les int\u00e9ress\u00e9s, s&#8217;entend). L&#8217;histoire suit les traces de plusieurs personnages dont les vies se retrouvent li\u00e9es apr\u00e8s qu&#8217;ils ont \u00e9t\u00e9 t\u00e9moins d&#8217;\u00e9tranges manifestations li\u00e9es de pr\u00e8s au monde des morts.<\/p>\n<p>Le second volume, <em>Is<\/em>, se concentre sur la partie 2009, son autre intrigue majeure se situant en 1943 et \u2013 l\u00e0 encore \u2013 quelques autres p\u00e9riodes.<\/p>\n<p>Cette histoire n&#8217;existe qu&#8217;en anglais; pour le moment, je n&#8217;ai pas l&#8217;intention de la traduire. Cependant, je compte la faire para\u00eetre en auto-publication sous forme d&#8217;ebook, car c&#8217;est une exp\u00e9rience que j&#8217;ai vraiment envie de tenter. En guise de pr\u00e9lude \u00e0 cela, le roman est en ligne <a href=\"http:\/\/www.wattpad.com\/story\/3836108-was\" target=\"_blank\">ici<\/a>.<\/div><div class=\"ezcol-divider\"><\/div>\n","protected":false},"excerpt":{"rendered":"<p>Paris, February 1989. With the help of his deadly minion, Necromancer Louis Valdemar is well on his way to awake dark forces no human being should ever play with. Abiding by treaties held up for centuries, the Anima Mundi, an &hellip; <a href=\"https:\/\/www.yzabel.net\/test\/projects\/was\/\">Continue reading <span class=\"meta-nav\">&rarr;<\/span><\/a><\/p>\n","protected":false},"author":1,"featured_media":0,"parent":18,"menu_order":0,"comment_status":"open","ping_status":"open","template":"","meta":{"footnotes":""},"class_list":["post-27","page","type-page","status-publish","hentry"],"_links":{"self":[{"href":"https:\/\/www.yzabel.net\/test\/wp-json\/wp\/v2\/pages\/27","targetHints":{"allow":["GET"]}}],"collection":[{"href":"https:\/\/www.yzabel.net\/test\/wp-json\/wp\/v2\/pages"}],"about":[{"href":"https:\/\/www.yzabel.net\/test\/wp-json\/wp\/v2\/types\/page"}],"author":[{"embeddable":true,"href":"https:\/\/www.yzabel.net\/test\/wp-json\/wp\/v2\/users\/1"}],"replies":[{"embeddable":true,"href":"https:\/\/www.yzabel.net\/test\/wp-json\/wp\/v2\/comments?post=27"}],"version-history":[{"count":6,"href":"https:\/\/www.yzabel.net\/test\/wp-json\/wp\/v2\/pages\/27\/revisions"}],"predecessor-version":[{"id":108,"href":"https:\/\/www.yzabel.net\/test\/wp-json\/wp\/v2\/pages\/27\/revisions\/108"}],"up":[{"embeddable":true,"href":"https:\/\/www.yzabel.net\/test\/wp-json\/wp\/v2\/pages\/18"}],"wp:attachment":[{"href":"https:\/\/www.yzabel.net\/test\/wp-json\/wp\/v2\/media?parent=27"}],"curies":[{"name":"wp","href":"https:\/\/api.w.org\/{rel}","templated":true}]}}