{"id":30,"date":"2013-12-10T11:35:15","date_gmt":"2013-12-10T10:35:15","guid":{"rendered":"http:\/\/yzabel.net\/?page_id=30"},"modified":"2013-12-15T22:00:51","modified_gmt":"2013-12-15T21:00:51","slug":"published-short-stories","status":"publish","type":"page","link":"https:\/\/www.yzabel.net\/test\/published\/published-short-stories\/","title":{"rendered":"Short stories \/ Nouvelles"},"content":{"rendered":"<div class=\"ezcol ezcol-one-half\">I haven&#8217;t published that many stories yet\u2014not officially, that is.<\/p>\n<p>However, these are the ones you can read:<\/div>\n<div class=\"ezcol ezcol-one-half ezcol-last\">Bien que n\u2019ayant que tr\u00e8s peu de publications \u00e0 mon actif pour le moment, voici tout de m\u00eame les quelques endroits ou vous pouvez les lire:<\/div><div class=\"ezcol-divider\"><\/div>\n<p style=\"text-align: center;\">__________________________<\/p>\n<p><a href=\"http:\/\/nuitsdalmor.over-blog.com\/article-10920933.html\" target=\"_blank\">Mon royaume pour une vie<\/a> (fran\u00e7ais) (webzine Nuits d\u2019Almor n\u00b01)<\/p>\n<p><a href=\"https:\/\/www.goodreads.com\/book\/show\/19214269-library-of-dreams\" target=\"_blank\">This Thing of Darkness<\/a> (English) (in the <em>Library of Dreams<\/em> anthology)<\/p>\n","protected":false},"excerpt":{"rendered":"<p>__________________________ Mon royaume pour une vie (fran\u00e7ais) (webzine Nuits d\u2019Almor n\u00b01) This Thing of Darkness (English) (in the Library of Dreams anthology)<\/p>\n","protected":false},"author":1,"featured_media":0,"parent":28,"menu_order":0,"comment_status":"open","ping_status":"closed","template":"","meta":{"footnotes":""},"class_list":["post-30","page","type-page","status-publish","hentry"],"_links":{"self":[{"href":"https:\/\/www.yzabel.net\/test\/wp-json\/wp\/v2\/pages\/30","targetHints":{"allow":["GET"]}}],"collection":[{"href":"https:\/\/www.yzabel.net\/test\/wp-json\/wp\/v2\/pages"}],"about":[{"href":"https:\/\/www.yzabel.net\/test\/wp-json\/wp\/v2\/types\/page"}],"author":[{"embeddable":true,"href":"https:\/\/www.yzabel.net\/test\/wp-json\/wp\/v2\/users\/1"}],"replies":[{"embeddable":true,"href":"https:\/\/www.yzabel.net\/test\/wp-json\/wp\/v2\/comments?post=30"}],"version-history":[{"count":9,"href":"https:\/\/www.yzabel.net\/test\/wp-json\/wp\/v2\/pages\/30\/revisions"}],"predecessor-version":[{"id":122,"href":"https:\/\/www.yzabel.net\/test\/wp-json\/wp\/v2\/pages\/30\/revisions\/122"}],"up":[{"embeddable":true,"href":"https:\/\/www.yzabel.net\/test\/wp-json\/wp\/v2\/pages\/28"}],"wp:attachment":[{"href":"https:\/\/www.yzabel.net\/test\/wp-json\/wp\/v2\/media?parent=30"}],"curies":[{"name":"wp","href":"https:\/\/api.w.org\/{rel}","templated":true}]}}