{"id":33,"date":"2013-12-10T12:38:42","date_gmt":"2013-12-10T11:38:42","guid":{"rendered":"http:\/\/yzabel.net\/?page_id=33"},"modified":"2013-12-13T18:35:52","modified_gmt":"2013-12-13T17:35:52","slug":"links","status":"publish","type":"page","link":"https:\/\/www.yzabel.net\/test\/links\/","title":{"rendered":"Links \/ Liens"},"content":{"rendered":"<div class=\"ezcol ezcol-one-half\">\n<h1>English:<\/h1>\n<p><strong>Authors<\/strong><\/p>\n<p><a href=\"http:\/\/journal.neilgaiman.com\/\" target=\"_blank\">Neil Gaiman<\/a><\/p>\n<p><a href=\"http:\/\/www.mayastarling.com\" target=\"_blank\">Maya Starling<\/a><\/p>\n<p><a href=\"http:\/\/cmrosens.blogspot.fr\/\" target=\"_blank\">C.M. Rosens<\/a><\/p>\n<p><a href=\"http:\/\/charlotteashley.wordpress.com\/\" target=\"_blank\">Charlotte Ashley<\/a><\/p>\n<p><a href=\"http:\/\/alysarden.com\" target=\"_blank\">Alys Arden<\/a><\/p>\n<p><a href=\"http:\/\/www.lennwebster.com\/\" target=\"_blank\">Len Webster<\/a><\/p>\n<p><strong>Publishing<\/strong><\/p>\n<p><a href=\"http:\/\/www.psgpublishing.com\/\" target=\"_blank\">PSG Publishing<\/a><\/p>\n<p><strong>Writing<\/strong><\/p>\n<p><a href=\"http:\/\/daringtolivefully.com\/tips-for-writers-from-writers\" target=\"_blank\">57 tips from writers by writers<\/a><\/p>\n<p><strong>Communities<\/strong><\/p>\n<p><a href=\"http:\/\/www.bookcountry.com\/\" target=\"_blank\">Book Country<\/a><\/p>\n<p><a href=\"http:\/\/www.wattpad.com\" target=\"_blank\">Wattpad<\/a><\/div>\n<div class=\"ezcol ezcol-one-half ezcol-last\">\n<h1>Fran\u00e7ais:<\/h1>\n<div>\n<p><strong>Auteurs<\/strong><\/p>\n<p><a href=\"http:\/\/www.lesenfantsdelo.com\/\" target=\"_blank\">Les Enfants de l\u2019\u00d4<\/a><\/p>\n<p>Une saga familiale m\u00e9langeant drame psychologique et science-fiction, \u00e9crite et publi\u00e9e\u00a0 par Vanessa du Frat.<\/p>\n<p><a href=\"http:\/\/histoiresdoph.blogspot.fr\/\" target=\"_blank\">Histoires d&#8217;Oph<\/a><\/p>\n<p>Le site d&#8217;Oph\u00e9lie Bruneau.<\/p>\n<p><a href=\"http:\/\/arlequin.over-blog.org\/\" target=\"_blank\">Ecrivain en herbe<\/a><\/p>\n<p>Le blog d\u2019Arlequin, un jeune aspirant-auteur qui en veut!<\/p>\n<p><a href=\"http:\/\/okissop.free.fr\/\" target=\"_blank\">Entre rires et larmes<\/a><\/p>\n<p>Le blog de Zabimaru.<\/p>\n<p><a href=\"http:\/\/zalifalcam.canalblog.com\/\" target=\"_blank\">Le Comeback du Dentifrice<\/a><\/p>\n<p>Le blog de Zali L. Falcam.<\/p>\n<p><a href=\"http:\/\/chroniquesnoghaard.over-blog.com\/\" target=\"_blank\">Les Chroniques de Noghaard<\/a><\/p>\n<p>Po\u00e8mes, nouvelles, et autres textes \u00e9crits de la main de Baldwulf, sans oublier ses commentaires sur ses lectures du moment.<\/p>\n<p><a href=\"http:\/\/syven-mondes.blogspot.com\/\" target=\"_blank\">Les Mondes de Syven<\/a><\/p>\n<p>Pour suivre les travaux de Syven, plong\u00e9e dans les litt\u00e9ratures de l\u2019imaginaire.<\/p>\n<p><strong>Maisons d\u2019\u00e9dition<\/strong><\/p>\n<p><a href=\"http:\/\/www.bragelonne.fr\/\" target=\"_blank\">Bragelonne<\/a><\/p>\n<p>Litt\u00e9ratures de l\u2019imaginaire (Fantasy, SF, Fantastique &amp; Terreur).<\/p>\n<p><a href=\"http:\/\/www.griffedencre.fr\/\" target=\"_blank\">Griffe d\u2019Encre<\/a><\/p>\n<p>Ouverture sur l\u2019imaginaire\u2026<\/p>\n<p><a href=\"http:\/\/www.nestiveqnen.com\/\" target=\"_blank\">Nestiveqnen<\/a><\/p>\n<p>Litt\u00e9rature fantastique, fantasy et science-fiction.<\/p>\n<p><a href=\"http:\/\/www.parcheminstraverses.com\/\" target=\"_blank\">Parchemins &amp; Traverses<\/a><\/p>\n<p>Maison d\u2019\u00e9dition et site des actualit\u00e9s de l\u2019imaginaire.<\/p>\n<p><strong>Ecriture<\/strong><\/p>\n<p><a href=\"http:\/\/cocyclics.org\/index.php\" target=\"_blank\">CoCyclics<\/a><\/p>\n<p>Un collectif de b\u00e9n\u00e9voles passionn\u00e9s par la litt\u00e9rature imaginaire qui vous propose un service unique : celui d\u2019apporter un regard neuf \u00e0 votre manuscrit, afin de vous donner les derniers conseils et derni\u00e8res corrections pour qu\u2019il soit le plusabouti possible.<\/p>\n<p><a href=\"http:\/\/www.derniermot.net\/\" target=\"_blank\">Jusqu\u2019au dernier mot<\/a><\/p>\n<p>Ressource francophone d\u00e9di\u00e9e \u00e0 l\u2019\u00e9criture de cr\u00e9ation, \u00e0 l\u2019intention de ceux qui prennent leur passion au s\u00e9rieux et sans condescendance.<\/p>\n<p><strong>Fanzines &amp; Webzines<\/strong><\/p>\n<p><a href=\"http:\/\/ananke.sombres-rets.fr\/\" target=\"_blank\">Ananke<\/a><\/p>\n<p>Un fanzine d\u00e9di\u00e9 aux nouvelles illustr\u00e9es et aux bandes dessin\u00e9es d\u2019inspiration <strong>Noire<\/strong>, <strong>Polar<\/strong>, <strong>Absurde<\/strong> et <strong>Etrange<\/strong>.<\/p>\n<p><a href=\"http:\/\/nuitsdalmor.over-blog.com\/article-10920933.html\" target=\"_blank\">Nuits d\u2019Almor<\/a><\/p>\n<p>Webzine gratuit semestriel dont le but est essentiellement de faire conna\u00eetre des artistes nouveaux qui, pour une raison ou une autre, sont rest\u00e9s jusque l\u00e0 dans l\u2019ombre.<\/p>\n<p><a href=\"http:\/\/www.outremonde.fr\/\" target=\"_blank\">OutreMonde<\/a><\/p>\n<p>SF\/F: Webzine \u201cUnivers\u201d et ses hors-s\u00e9ries. Nouvelles et romans \u00e0 t\u00e9l\u00e9charger.<\/p>\n<p><strong>Lire en ligne<\/strong><\/p>\n<p><a href=\"http:\/\/crowdagger.fr\/blog\/\" target=\"_blank\">R\u00eaveries<\/a><\/p>\n<p>Les \u00e9crits de Lizzie Crowdagger, disponibles \u00e0 la lecture en ligne et en PDF \u00e0 t\u00e9l\u00e9charger.<\/p>\n<p><strong>Blogs d&#8217;auteurs<br \/>\n<\/strong><\/p>\n<p><a href=\"http:\/\/dissectiondelecrivain.over-blog.com\/\" target=\"_blank\">Dissection de l\u2019Ecrivain<\/a><\/p>\n<p>Les p\u00e9rip\u00e9ties de l\u2019apprenti \u00e9crivain en dessins, par GabrielleTrompeLaMort.<\/p>\n<p><a href=\"http:\/\/entrechats.over-blog.net\/\" target=\"_blank\">Entrechats<\/a><\/p>\n<p>Blog d\u2019\u00e9dition du roman <em>Entrechats<\/em> de C\u00e9cile Duquenne.<\/p>\n<p><a href=\"http:\/\/martlet-blog.blogspot.com\/\" target=\"_blank\">Martlet<\/a><\/p>\n<p>Critiques d\u2019ouvrages et courtes nouvelles par Martlet.<\/p>\n<p><a href=\"http:\/\/universiel.over-blog.net\/\" target=\"_blank\">UniverSiel<\/a><\/p>\n<p>Le blog de Siel et les aventures de Dhara.<\/p>\n<p><strong>Autres r\u00eaves<\/strong><\/p>\n<p><a href=\"http:\/\/www.leslieboulay.com\/\" target=\"_blank\">Leslie Boulay<\/a><\/p>\n<p>Le portfolio en ligne de Leslie Boulay, graphiste et illustratrice.<\/p>\n<\/div>\n<\/div><div class=\"ezcol-divider\"><\/div>\n","protected":false},"excerpt":{"rendered":"","protected":false},"author":1,"featured_media":0,"parent":0,"menu_order":6,"comment_status":"open","ping_status":"open","template":"","meta":{"footnotes":""},"class_list":["post-33","page","type-page","status-publish","hentry"],"_links":{"self":[{"href":"https:\/\/www.yzabel.net\/test\/wp-json\/wp\/v2\/pages\/33","targetHints":{"allow":["GET"]}}],"collection":[{"href":"https:\/\/www.yzabel.net\/test\/wp-json\/wp\/v2\/pages"}],"about":[{"href":"https:\/\/www.yzabel.net\/test\/wp-json\/wp\/v2\/types\/page"}],"author":[{"embeddable":true,"href":"https:\/\/www.yzabel.net\/test\/wp-json\/wp\/v2\/users\/1"}],"replies":[{"embeddable":true,"href":"https:\/\/www.yzabel.net\/test\/wp-json\/wp\/v2\/comments?post=33"}],"version-history":[{"count":17,"href":"https:\/\/www.yzabel.net\/test\/wp-json\/wp\/v2\/pages\/33\/revisions"}],"predecessor-version":[{"id":119,"href":"https:\/\/www.yzabel.net\/test\/wp-json\/wp\/v2\/pages\/33\/revisions\/119"}],"wp:attachment":[{"href":"https:\/\/www.yzabel.net\/test\/wp-json\/wp\/v2\/media?parent=33"}],"curies":[{"name":"wp","href":"https:\/\/api.w.org\/{rel}","templated":true}]}}