{"id":50,"date":"2013-12-10T14:33:24","date_gmt":"2013-12-10T13:33:24","guid":{"rendered":"http:\/\/yzabel.net\/?page_id=50"},"modified":"2014-02-16T00:13:40","modified_gmt":"2014-02-15T23:13:40","slug":"at-francais","status":"publish","type":"page","link":"https:\/\/www.yzabel.net\/test\/submissions-at\/at-francais\/","title":{"rendered":"Appels \u00e0 textes en fran\u00e7ais"},"content":{"rendered":"<table width=\"96%\" border=\"1\" cellspacing=\"2\" cellpadding=\"2\" align=\"center\">\n<tbody>\n<tr>\n<td>\n<p align=\"center\"><span style=\"color: #49addf;\"><strong>Titre<\/strong><\/span><\/p>\n<\/td>\n<td>\n<p align=\"center\"><span style=\"color: #49addf;\"><strong>Appel \u00e0 textes<\/strong><\/span><\/p>\n<\/td>\n<td>\n<p align=\"center\"><span style=\"color: #49addf;\"><strong>Date-butoir<\/strong><\/span><\/p>\n<\/td>\n<td>\n<p align=\"center\"><span style=\"color: #49addf;\"><strong>Commentaires<\/strong><\/span><\/p>\n<\/td>\n<\/tr>\n<tr>\n<td>\n<p align=\"left\"><strong>Kitty<\/strong><\/p>\n<p>Post-apocalyptique<\/td>\n<td>\n<p align=\"left\">AT Griffe d&#8217;Encre<\/p>\n<p>\u201cZombies\u201d<\/td>\n<td>\n<p align=\"center\">30\/09\/2013<\/p>\n<\/td>\n<td>\n<p align=\"left\"><span style=\"color: #cc0000;\"><strong>Refus\u00e9e.<\/strong><\/span><\/p>\n<\/td>\n<\/tr>\n<tr>\n<td>\n<p align=\"left\"><strong>Pour un peu de temps<\/strong><\/p>\n<p>Steampunk<\/td>\n<td>\n<p align=\"left\">AT Editions du Chat Noir<\/p>\n<p>\u201cMontres Enchant\u00e9es\u201d<\/td>\n<td>\n<p align=\"center\">30\/04\/2013<\/p>\n<\/td>\n<td>\n<p align=\"left\"><span style=\"color: #cc0000;\"><strong>Refus\u00e9e.<\/strong><\/span><\/p>\n<\/td>\n<\/tr>\n<tr>\n<td>\n<p align=\"left\"><strong>La main du Diable<\/strong><\/p>\n<p>SFF<\/td>\n<td>\n<p align=\"left\">AT Itin\u00e9raires n\u00b03<\/p>\n<p>\u201cBourreaux et Assassins\u201d<\/td>\n<td>\n<p align=\"center\">15\/08\/2007<\/p>\n<\/td>\n<td>\n<p align=\"left\"><span style=\"color: #cc0000;\"><strong>Refus\u00e9e.<\/strong><\/span><\/p>\n<\/td>\n<\/tr>\n<tr>\n<td>\n<p align=\"left\"><strong>Cristal qui chante<\/strong><\/p>\n<p>Fantasy<\/td>\n<td>\n<p align=\"left\">AT Griffe d\u2019Encre<\/p>\n<p>\u201cLes El\u00e9ments &#8211; La Terre\u201d<\/td>\n<td>\n<p align=\"center\">31\/03\/2007<\/p>\n<\/td>\n<td>\n<p align=\"left\"><span style=\"color: #cc0000;\"><strong>Refus\u00e9e.<\/strong><\/span><\/p>\n<p>Attente de r\u00e9ponse d\u00e9taill\u00e9e pour possible correction personnelle.<\/td>\n<\/tr>\n<tr>\n<td>\n<p align=\"left\"><strong>Mon royaume pour une vie<\/strong><\/p>\n<p>Fantastique<\/td>\n<td>\n<p align=\"left\">AT Nuits d\u2019Almor n\u00b01<\/p>\n<p>\u201cL\u2019enfant\u201d<\/td>\n<td>\n<p align=\"center\">05\/03\/2007<\/p>\n<\/td>\n<td>\n<p align=\"left\"><span style=\"color: #009900;\"><strong>Accept\u00e9e.<\/strong><\/span><\/p>\n<p>Publi\u00e9e dans <a href=\"http:\/\/nuitsdalmor.over-blog.com\/article-10920933.html\" target=\"_blank\">Nuits d\u2019Almor n\u00b01<\/a>.<\/td>\n<\/tr>\n<tr>\n<td>\n<p align=\"left\"><strong>La D\u00e9vorante<\/strong><\/p>\n<p>Fantasy<\/td>\n<td>\n<p align=\"left\">AT ath\u00e9matique Solstice<\/p>\n<\/td>\n<td>\n<p align=\"center\">01\/03\/2007<\/p>\n<\/td>\n<td>\n<p align=\"left\"><span style=\"color: #cc0000;\"><strong>Refus\u00e9e.<\/strong><\/span><\/p>\n<p>Note: Certaines choses \u00e0 expliciter. Sera retravaill\u00e9e d\u00e8s que possible.<\/td>\n<\/tr>\n<tr>\n<td>\n<p align=\"left\"><strong>Au sein de la nuit<\/strong><\/p>\n<p>Fantasy<\/td>\n<td>\n<p align=\"left\">AT ath\u00e9matique Solstice<\/p>\n<\/td>\n<td>\n<p align=\"center\">01\/03\/2007<\/p>\n<\/td>\n<td><span style=\"color: #cc0000;\"><strong>Refus\u00e9e.<\/strong><\/span><\/p>\n<p>Note: A raccourcir par endroits. Sera retravaill\u00e9e d\u00e8s que possible.<\/td>\n<\/tr>\n<\/tbody>\n<\/table>\n<p><span style=\"color: #49addf;\"><strong>24\/12\/2007:<\/strong><\/span> Refus pour <em>La Main du Diable<\/em>. Je retravaillerai cette derni\u00e8re \u00e0 l\u2019occasion, car les points qu\u2019on m\u2019a fait remarquer sont pertinents.<\/p>\n<p><span style=\"color: #49addf;\"><strong>02\/06\/2007:<\/strong><\/span> Un tout petit peu en retard, j\u2019annonce cette fois un refus pour l\u2019AT La Terre. Mais qu\u2019\u00e0 cela ne tienne, je compte bien participer \u00e0 nouveau \u00e0 un prochain AT Griffe d\u2019Encre, en esp\u00e9rant cette fois avoir l\u2019occasion de m\u2019am\u00e9liorer plus!<\/p>\n<p><span style=\"color: #49addf;\"><strong>04\/04\/2007:<\/strong><\/span> Cette fois, c\u2019est un refus, ou plut\u00f4t deux en l\u2019occurrence, puisque j\u2019avais envoy\u00e9 deux nouvelles \u00e0 5\u00e8me Saison pour leur AT \u00e0 th\u00e8me libre. Le bon point, c\u2019est que les commentaires re\u00e7us ont beaucoup de sens \u00e0 mes yeux, et que par cons\u00e9quent, je vois quoi retravailler, et peut-\u00eatre m\u00eame d\u00e9j\u00e0 comment. Un gadin, c\u2019est comme une victoire, dans ce domaine, cela se f\u00eate aussi!<\/p>\n<p><span style=\"color: #49addf;\"><strong>29\/03\/2007:<\/strong><\/span> R\u00e9ponse re\u00e7ue pour l\u2019AT <em>L\u2019Enfant<\/em> de Nuits d\u2019Almor. J\u2019ai \u00e9t\u00e9 surprise, non seulement par la rapidit\u00e9 de ladite r\u00e9ponse (moins d\u2019un mois, mine de rien), mais aussi par sa positivit\u00e9, dirons-nous. Chose dont je ne me plaindrai \u00e9videmment pas, car cela fait chaud au coeur, d\u2019autant plus que cette nouvelle-l\u00e0 fut difficile \u00e0 \u00e9crire, au vu de son th\u00e8me et de la crainte constante \u201cd\u2019aller trop loin\u201d.<\/p>\n","protected":false},"excerpt":{"rendered":"<p>Titre Appel \u00e0 textes Date-butoir Commentaires Kitty Post-apocalyptique AT Griffe d&#8217;Encre \u201cZombies\u201d 30\/09\/2013 Refus\u00e9e. Pour un peu de temps Steampunk AT Editions du Chat Noir \u201cMontres Enchant\u00e9es\u201d 30\/04\/2013 Refus\u00e9e. La main du Diable SFF AT Itin\u00e9raires n\u00b03 \u201cBourreaux et Assassins\u201d &hellip; <a href=\"https:\/\/www.yzabel.net\/test\/submissions-at\/at-francais\/\">Continue reading <span class=\"meta-nav\">&rarr;<\/span><\/a><\/p>\n","protected":false},"author":1,"featured_media":0,"parent":14,"menu_order":0,"comment_status":"open","ping_status":"open","template":"","meta":{"footnotes":""},"class_list":["post-50","page","type-page","status-publish","hentry"],"_links":{"self":[{"href":"https:\/\/www.yzabel.net\/test\/wp-json\/wp\/v2\/pages\/50","targetHints":{"allow":["GET"]}}],"collection":[{"href":"https:\/\/www.yzabel.net\/test\/wp-json\/wp\/v2\/pages"}],"about":[{"href":"https:\/\/www.yzabel.net\/test\/wp-json\/wp\/v2\/types\/page"}],"author":[{"embeddable":true,"href":"https:\/\/www.yzabel.net\/test\/wp-json\/wp\/v2\/users\/1"}],"replies":[{"embeddable":true,"href":"https:\/\/www.yzabel.net\/test\/wp-json\/wp\/v2\/comments?post=50"}],"version-history":[{"count":7,"href":"https:\/\/www.yzabel.net\/test\/wp-json\/wp\/v2\/pages\/50\/revisions"}],"predecessor-version":[{"id":52,"href":"https:\/\/www.yzabel.net\/test\/wp-json\/wp\/v2\/pages\/50\/revisions\/52"}],"up":[{"embeddable":true,"href":"https:\/\/www.yzabel.net\/test\/wp-json\/wp\/v2\/pages\/14"}],"wp:attachment":[{"href":"https:\/\/www.yzabel.net\/test\/wp-json\/wp\/v2\/media?parent=50"}],"curies":[{"name":"wp","href":"https:\/\/api.w.org\/{rel}","templated":true}]}}